{"id":73694,"date":"2025-07-29T00:18:07","date_gmt":"2025-07-29T00:18:07","guid":{"rendered":"https:\/\/fv6qoy3ls0.wpdns.site\/product\/seawag-bolsa-impermeable-para-smartphone-negro-verde\/"},"modified":"2026-01-09T16:30:31","modified_gmt":"2026-01-09T16:30:31","slug":"seawag-bolsa-impermeable-para-smartphone-negro-verde","status":"publish","type":"product","link":"https:\/\/hi-techwonder.com\/es\/producto\/seawag-bolsa-impermeable-para-smartphone-negro-verde\/","title":{"rendered":"SEAWAG Bolsa impermeable para smartphone &#8211; Negro\/Verde"},"content":{"rendered":"<p><strong>Funda impermeable universal para smartphone SEAWAG &#8211; <\/strong><strong>Negro\/Verde<\/strong><\/p>\n<p>Modelo: SEAWAG_B4X<\/p>\n<p style=\"margin-bottom: 0cm;\"><strong>Funciones:<\/strong><\/p>\n<ul>\n<li>Compatible con tel\u00e9fonos inteligentes de hasta 6.26 \u00ab<\/li>\n<li>100% resistente al agua para una inmersi\u00f3n total, probado IPX8 hasta 25 m<\/li>\n<li>Protege tu tel\u00e9fono de la nieve<\/li>\n<li>Protege tu tel\u00e9fono del polvo, la arena y la suciedad<\/li>\n<li>Te permite hacer llamadas con tu tel\u00e9fono m\u00f3vil en tu bolsa<\/li>\n<li>Permite la accesibilidad a las funciones y la pantalla t\u00e1ctil<\/li>\n<li>Te permite tomar fotos y videos bajo el agua<\/li>\n<\/ul>\n<p style=\"margin-bottom: 0cm;\"><strong>Contenido del paquete:<\/strong><\/p>\n<ul>\n<li>Bolsa impermeable universal para smartphone &#8211; Negro\/Verde<\/li>\n<li>Correa para el cuello<\/li>\n<\/ul>\n<p style=\"margin-bottom: 0cm;\">La funda impermeable Seawag ser\u00e1 la compa\u00f1era ideal durante las sesiones acu\u00e1ticas, protegiendo tu smartphone. Esta bolsa es herm\u00e9tica y probada a 25 m de profundidad, es 100% impermeable para una inmersi\u00f3n total.  Para que tu smartphone est\u00e9 protegido dondequiera que vayas.<\/p>\n<p style=\"margin-bottom: 0cm;\">Su dise\u00f1o y apariencia transparentes permite un f\u00e1cil acceso a todas las funciones del tel\u00e9fono sin tener que sacarlo de la bolsa.<\/p>\n<p style=\"margin-bottom: 0cm;\">Puede usar todas las funciones de su tel\u00e9fono y hacer llamadas con normalidad. La pantalla t\u00e1ctil sigue siendo accesible incluso dentro de la carcasa. \u00dasalo bajo el agua y toma fotos y videos incre\u00edbles.  <\/p>\n","protected":false},"excerpt":{"rendered":"<p>Funda impermeable universal para smartphone SEAWAG &#8211; Negro\/Verde Modelo: SEAWAG_B4X Funciones: Compatible con tel\u00e9fonos inteligentes de hasta 6.26 \u00ab 100%<\/p>\n","protected":false},"featured_media":37521,"comment_status":"closed","ping_status":"open","template":"","meta":{"_acf_changed":false},"product_brand":[2656],"product_cat":[913],"product_tag":[],"class_list":{"0":"post-73694","1":"product","2":"type-product","3":"status-publish","4":"has-post-thumbnail","6":"product_brand-seawag-es","7":"product_cat-para-smartphone-es","9":"first","10":"instock","11":"taxable","12":"shipping-taxable","13":"purchasable","14":"product-type-simple"},"bundled_by":[],"bundle_stock_status":"instock","bundle_stock_quantity":4,"bundle_virtual":false,"bundle_layout":"","bundle_add_to_cart_form_location":"","bundle_editable_in_cart":false,"bundle_sold_individually_context":"","bundle_item_grouping":"","bundle_min_size":"","bundle_max_size":"","bundle_price":[],"bundled_items":[],"bundle_sell_ids":[],"acf":[],"_links":{"self":[{"href":"https:\/\/hi-techwonder.com\/es\/wp-json\/wp\/v2\/product\/73694","targetHints":{"allow":["GET"]}}],"collection":[{"href":"https:\/\/hi-techwonder.com\/es\/wp-json\/wp\/v2\/product"}],"about":[{"href":"https:\/\/hi-techwonder.com\/es\/wp-json\/wp\/v2\/types\/product"}],"replies":[{"embeddable":true,"href":"https:\/\/hi-techwonder.com\/es\/wp-json\/wp\/v2\/comments?post=73694"}],"wp:featuredmedia":[{"embeddable":true,"href":"https:\/\/hi-techwonder.com\/es\/wp-json\/wp\/v2\/media\/37521"}],"wp:attachment":[{"href":"https:\/\/hi-techwonder.com\/es\/wp-json\/wp\/v2\/media?parent=73694"}],"wp:term":[{"taxonomy":"product_brand","embeddable":true,"href":"https:\/\/hi-techwonder.com\/es\/wp-json\/wp\/v2\/product_brand?post=73694"},{"taxonomy":"product_cat","embeddable":true,"href":"https:\/\/hi-techwonder.com\/es\/wp-json\/wp\/v2\/product_cat?post=73694"},{"taxonomy":"product_tag","embeddable":true,"href":"https:\/\/hi-techwonder.com\/es\/wp-json\/wp\/v2\/product_tag?post=73694"}],"curies":[{"name":"wp","href":"https:\/\/api.w.org\/{rel}","templated":true}]}}