{"id":73703,"date":"2025-07-28T23:34:45","date_gmt":"2025-07-28T23:34:45","guid":{"rendered":"https:\/\/fv6qoy3ls0.wpdns.site\/product\/fotometro-expometer-sekonic-l-308x-flashmate\/"},"modified":"2026-03-21T00:40:28","modified_gmt":"2026-03-21T00:40:28","slug":"sekonic-fotometro-expometer-sekonic-l-308x-flashmate","status":"publish","type":"product","link":"https:\/\/hi-techwonder.com\/es\/producto\/sekonic-fotometro-expometer-sekonic-l-308x-flashmate\/","title":{"rendered":"Fot\u00f3metro \/ Expometer SEKONIC L-308X Flashmate"},"content":{"rendered":"<p><span style=\"font-size: small\"><strong>RES\u00daMENES<\/strong><\/p>\n<p><\/span><\/p>\n<ul>\n<li><span style=\"font-size: small\">Medici\u00f3n de luz incidente, ambiente y flash<\/span><\/li>\n<li><span style=\"font-size: small\">Medici\u00f3n de luz reflejada 40\u00b0<\/span><\/li>\n<li><span style=\"font-size: small\">Modos de medici\u00f3n de foto, cine y cine HD (DSLR\/DSLM)<\/span><\/li>\n<li><span style=\"font-size: small\">LCD personalizable con retroiluminaci\u00f3n autom\u00e1tica<\/span><\/li>\n<li><span style=\"font-size: small\">Rango: 0 a 19,9 EV a ISO 100<\/span><\/li>\n<li><span style=\"font-size: small\">Rango de flash: f\/1.0 a f\/90.9 a ISO 100<\/span><\/li>\n<li><span style=\"font-size: small\">Tiempo de exposici\u00f3n: 1\/8000 a 60 segundos<\/span><\/li>\n<li><span style=\"font-size: small\">Precisi\u00f3n de repetici\u00f3n: \u00b1 0,1 EV o menos<\/span><\/li>\n<li><span style=\"font-size: small\">Terminal de temporizaci\u00f3n de PC<\/span><\/li>\n<li><span style=\"font-size: small\">Funciona con una bater\u00eda AA<\/span><\/li>\n<\/ul>\n<p><object><\/object><\/p>\n<p><span style=\"font-size: small\">&nbsp;<\/span><\/p>\n<p><span style=\"font-size: small\">Nuevo fot\u00f3metro y expometro Sekonic L-308X, compacto e intuitivo con sistema de medici\u00f3n de luz incidente y reflejada para luz ambiental y flash.<\/p>\n<p>El Sekonic L-308X es un fot\u00f3metro multifuncional para fotograf\u00eda y v\u00eddeo. Con 3 sistemas de medici\u00f3n de luz:<br \/>&#8211; Modo foto, con medici\u00f3n de luz ambiental incidente, luz reflejada y con funci\u00f3n de fot\u00f3metro, para medici\u00f3n de flash.<br \/>&#8211; Modo Cine HD, para vide\u00f3grafos DSLR.<br \/>&#8211; Modo cine para cine digital, con medici\u00f3n de luz ambiental y versatilidad de las unidades de medida: Lux y Candelas, especialmente \u00fatiles cuando se requiere un control preciso de la luminosidad de la fuente de luz (iluminaci\u00f3n de cine, teatro, etc.) <\/p>\n<p>Equipado con un lumisferio deslizante, el L-308X es capaz de medir la luz incidente o reflejada a trav\u00e9s de una lente con un \u00e1ngulo de recepci\u00f3n de 40\u00b0. Ofrece un amplio rango de medici\u00f3n de 0 a 19,9 EV a ISO 100, trabajando con tiempos de exposici\u00f3n tan bajos como 1\/8000 hasta 60 segundos; tambi\u00e9n tiene un rango de flash igualmente amplio de f\/1.0 a f\/90.9 en ISO 100. <\/p>\n<p>La pantalla LCD muestra los datos de exposici\u00f3n y la informaci\u00f3n relacionada utilizando caracteres grandes y f\u00e1ciles de leer, y los iconos son f\u00e1cilmente legibles, incluso en condiciones de poca luz. Adem\u00e1s, la pantalla LCD incorpora retroiluminaci\u00f3n autom\u00e1tica en condiciones de poca luz ambiental, por debajo de 5 EV. <\/p>\n<p>La compatibilidad total de este fot\u00f3metro lo convierte en la opci\u00f3n ideal para el profesional de la imagen de hoy, ya sea que se dedique a la fotograf\u00eda, al video o a ambos.<\/p>\n<p>Nota: Es el mismo modelo que el Sekonic L-308X-U. (L-308X = Certificaci\u00f3n Europea \/ Certificaci\u00f3n L-308X-U USA) <\/p>\n<p><strong>Contenido del paquete:<\/strong><br \/><\/span><\/p>\n<ul>\n<li><span style=\"font-size: small\">1x Fot\u00f3metro \/ Exponente Sekonic L-308X Flashmate<\/span><\/li>\n<li><span style=\"font-size: small\">1x Bolsa<\/span><\/li>\n<li><span style=\"font-size: small\">1x Correa<\/span><\/li>\n<li><span style=\"font-size: small\">1x Cubierta de terminal de distribuci\u00f3n<\/span><\/li>\n<\/ul>\n","protected":false},"excerpt":{"rendered":"<p>RES\u00daMENES Medici\u00f3n de luz incidente, ambiente y flash Medici\u00f3n de luz reflejada 40\u00b0 Modos de medici\u00f3n de foto, cine y<\/p>\n","protected":false},"featured_media":24329,"comment_status":"closed","ping_status":"open","template":"","meta":{"_acf_changed":false},"product_brand":[2584],"product_cat":[946],"product_tag":[],"class_list":{"0":"post-73703","1":"product","2":"type-product","3":"status-publish","4":"has-post-thumbnail","6":"product_brand-sekonic-es","7":"product_cat-fotometros-es","9":"first","10":"instock","11":"taxable","12":"shipping-taxable","13":"purchasable","14":"product-type-simple"},"bundled_by":[],"bundle_stock_status":"instock","bundle_stock_quantity":1,"bundle_virtual":false,"bundle_layout":"","bundle_add_to_cart_form_location":"","bundle_editable_in_cart":false,"bundle_sold_individually_context":"","bundle_item_grouping":"","bundle_min_size":"","bundle_max_size":"","bundle_price":[],"bundled_items":[],"bundle_sell_ids":[],"acf":[],"_links":{"self":[{"href":"https:\/\/hi-techwonder.com\/es\/wp-json\/wp\/v2\/product\/73703","targetHints":{"allow":["GET"]}}],"collection":[{"href":"https:\/\/hi-techwonder.com\/es\/wp-json\/wp\/v2\/product"}],"about":[{"href":"https:\/\/hi-techwonder.com\/es\/wp-json\/wp\/v2\/types\/product"}],"replies":[{"embeddable":true,"href":"https:\/\/hi-techwonder.com\/es\/wp-json\/wp\/v2\/comments?post=73703"}],"wp:featuredmedia":[{"embeddable":true,"href":"https:\/\/hi-techwonder.com\/es\/wp-json\/wp\/v2\/media\/24329"}],"wp:attachment":[{"href":"https:\/\/hi-techwonder.com\/es\/wp-json\/wp\/v2\/media?parent=73703"}],"wp:term":[{"taxonomy":"product_brand","embeddable":true,"href":"https:\/\/hi-techwonder.com\/es\/wp-json\/wp\/v2\/product_brand?post=73703"},{"taxonomy":"product_cat","embeddable":true,"href":"https:\/\/hi-techwonder.com\/es\/wp-json\/wp\/v2\/product_cat?post=73703"},{"taxonomy":"product_tag","embeddable":true,"href":"https:\/\/hi-techwonder.com\/es\/wp-json\/wp\/v2\/product_tag?post=73703"}],"curies":[{"name":"wp","href":"https:\/\/api.w.org\/{rel}","templated":true}]}}