{"id":73704,"date":"2025-07-28T23:32:14","date_gmt":"2025-07-28T23:32:14","guid":{"rendered":"https:\/\/fv6qoy3ls0.wpdns.site\/product\/sennheiser-cargador-usb-dual-l-70-para-baterias-ba-70\/"},"modified":"2025-11-27T15:07:17","modified_gmt":"2025-11-27T15:07:17","slug":"sennheiser-cargador-usb-dual-l-70-para-baterias-ba-70","status":"publish","type":"product","link":"https:\/\/hi-techwonder.com\/es\/producto\/sennheiser-cargador-usb-dual-l-70-para-baterias-ba-70\/","title":{"rendered":"SENNHEISER Cargador USB dual L 70 para bater\u00edas BA 70"},"content":{"rendered":"<p><strong>SENNHEISER Cargador USB dual L 70 para bater\u00edas BA 70<\/strong><\/p>\n<ul>\n<li>Para bater\u00eda recargable BA 70<\/li>\n<li>Carga dos bater\u00edas<\/li>\n<li>3,5 horas para carga completa<\/li>\n<li>NT 5-20 UCW Fuente de alimentaci\u00f3n universal<\/li>\n<\/ul>\n<p>El cargador USB Sennheiser L 70 le permite recargar simult\u00e1neamente dos bater\u00edas BA 70, que se utilizan en la petaca EW-D SK y los transmisores de mano EW-D SKM-S. Las bater\u00edas se cargan completamente en 3,5 horas. <\/p>\n<p>La fuente de alimentaci\u00f3n NT 5-20 UCW acepta cualquier voltaje de entrada de 100 a 240 VCA (50\/60 Hz) y viene con tres adaptadores de enchufe de CA (para EE. UU., REINO UNIDO, UE), por lo que puede viajar con \u00e9l en casi todos los pa\u00edses del mundo.<\/p>\n<p><strong>Caracter\u00edsticas t\u00e9cnicas:<\/strong><\/p>\n<ul>\n<li>Capacidad: 2 bater\u00edas recargables ?? Sennheiser BA 70<\/li>\n<li>Voltaje de entrada: 5 V (t\u00edpico)<\/li>\n<li>Corriente de entrada: 2 A (m\u00e1x.)<\/li>\n<li>Voltaje de carga: 4.35 VDC (nominal)<\/li>\n<li>Corriente de carga: 860 mA por bater\u00eda (m\u00e1x.)<\/li>\n<li>Tiempo de carga: 3,5 horas (m\u00e1x.)<\/li>\n<li>Fuente de alimentaci\u00f3n: NT 5-20 UCW: 100-240 VCA, 50\/60 Hz, universal (incluido)<\/li>\n<li>Temperatura de carga: 0 a 50 \u00b0C<\/li>\n<li>Temperatura de almacenamiento: -20 a 70 \u00b0C<\/li>\n<li>Humedad relativa: 10 a 95%, sin condensaci\u00f3n<\/li>\n<li>Dimensiones: 100 x 35 x 70 mm<\/li>\n<li>Peso aprox.: 86 g<\/li>\n<\/ul>\n","protected":false},"excerpt":{"rendered":"<p>SENNHEISER Cargador USB dual L 70 para bater\u00edas BA 70 Para bater\u00eda recargable BA 70 Carga dos bater\u00edas 3,5 horas<\/p>\n","protected":false},"featured_media":23497,"comment_status":"closed","ping_status":"open","template":"","meta":{"_acf_changed":false},"product_brand":[2567],"product_cat":[872],"product_tag":[],"class_list":{"0":"post-73704","1":"product","2":"type-product","3":"status-publish","4":"has-post-thumbnail","6":"product_brand-sennheiser-es","7":"product_cat-outros-cargadores","9":"first","10":"onbackorder","11":"taxable","12":"shipping-taxable","13":"purchasable","14":"product-type-simple"},"bundled_by":[],"bundle_stock_status":"onbackorder","bundle_stock_quantity":null,"bundle_virtual":false,"bundle_layout":"","bundle_add_to_cart_form_location":"","bundle_editable_in_cart":false,"bundle_sold_individually_context":"","bundle_item_grouping":"","bundle_min_size":"","bundle_max_size":"","bundle_price":[],"bundled_items":[],"bundle_sell_ids":[],"acf":[],"_links":{"self":[{"href":"https:\/\/hi-techwonder.com\/es\/wp-json\/wp\/v2\/product\/73704","targetHints":{"allow":["GET"]}}],"collection":[{"href":"https:\/\/hi-techwonder.com\/es\/wp-json\/wp\/v2\/product"}],"about":[{"href":"https:\/\/hi-techwonder.com\/es\/wp-json\/wp\/v2\/types\/product"}],"replies":[{"embeddable":true,"href":"https:\/\/hi-techwonder.com\/es\/wp-json\/wp\/v2\/comments?post=73704"}],"wp:featuredmedia":[{"embeddable":true,"href":"https:\/\/hi-techwonder.com\/es\/wp-json\/wp\/v2\/media\/23497"}],"wp:attachment":[{"href":"https:\/\/hi-techwonder.com\/es\/wp-json\/wp\/v2\/media?parent=73704"}],"wp:term":[{"taxonomy":"product_brand","embeddable":true,"href":"https:\/\/hi-techwonder.com\/es\/wp-json\/wp\/v2\/product_brand?post=73704"},{"taxonomy":"product_cat","embeddable":true,"href":"https:\/\/hi-techwonder.com\/es\/wp-json\/wp\/v2\/product_cat?post=73704"},{"taxonomy":"product_tag","embeddable":true,"href":"https:\/\/hi-techwonder.com\/es\/wp-json\/wp\/v2\/product_tag?post=73704"}],"curies":[{"name":"wp","href":"https:\/\/api.w.org\/{rel}","templated":true}]}}