{"id":73712,"date":"2025-07-28T23:50:25","date_gmt":"2025-07-28T23:50:25","guid":{"rendered":"https:\/\/fv6qoy3ls0.wpdns.site\/product\/sennheiser-avx-835-juego-de-microfonos-inalambricos\/"},"modified":"2025-09-04T07:51:47","modified_gmt":"2025-09-04T07:51:47","slug":"sennheiser-avx-835-juego-de-microfonos-inalambricos","status":"publish","type":"product","link":"https:\/\/hi-techwonder.com\/es\/producto\/sennheiser-avx-835-juego-de-microfonos-inalambricos\/","title":{"rendered":"SENNHEISER AVX 835 Juego de micr\u00f3fonos inal\u00e1mbricos"},"content":{"rendered":"<p><span style=\"font-size: small;\"><strong>ASPECTOS DESTACADOS DEL PRODUCTO<\/strong><\/p>\n<p><\/span><\/p>\n<ul>\n<li> <span style=\"font-size: small;\">Receptor EKP XLR<\/span><\/li>\n<li> <span style=\"font-size: small;\">AVX-835 Transmisor de micr\u00f3fono de mano<\/span><\/li>\n<li> <span style=\"font-size: small;\">Funcionalidad Plug and Record<\/span><\/li>\n<li> <span style=\"font-size: small;\">Ajuste autom\u00e1tico de sensibilidad<\/span><\/li>\n<li> <span style=\"font-size: small;\">Encendido\/apagado del receptor a trav\u00e9s de 48V<\/span><\/li>\n<li> <span style=\"font-size: small;\">Cifrado AES de 256 bits<\/span><\/li>\n<li> <span style=\"font-size: small;\">Carcasa de metal<\/span><\/li>\n<\/ul>\n<p> <span style=\"font-size: small;\"><br \/>Dise\u00f1ado para la operaci\u00f3n plug and record con una operaci\u00f3n digital totalmente autoconfigurable, el conjunto de micr\u00f3fonos inal\u00e1mbricos digitales de mano montables en c\u00e1mara AVX de Sennheiser es adecuado para la producci\u00f3n de pel\u00edculas y videos, as\u00ed como para la recopilaci\u00f3n de noticias electr\u00f3nicas (ENG) y casas de alquiler de A \/ V. El sistema consta de su receptor EKP y transmisor de micr\u00f3fono de mano AVX-835. El sistema AVX proporciona una variedad de funciones autom\u00e1ticas orientadas a la flexibilidad y la velocidad, incluida la configuraci\u00f3n autom\u00e1tica de rango din\u00e1mico, que ajusta autom\u00e1ticamente el nivel de audio a la sensibilidad de entrada de un dispositivo de grabaci\u00f3n, reduciendo la distorsi\u00f3n y eliminando la necesidad de ajustar el nivel del micr\u00f3fono. El sistema tambi\u00e9n ofrece protecci\u00f3n de enlace, una funci\u00f3n que verifica r\u00e1pidamente las frecuencias disponibles y cambiar\u00e1 autom\u00e1ticamente antes de que se escuche cualquier interferencia.   <\/span><\/p>\n<p> <span style=\"font-size: small;\"><br \/>El receptor EKP tiene un dise\u00f1o compacto que se conecta directamente a la entrada XLR de su c\u00e1mara o dispositivo de grabaci\u00f3n e incluye los adaptadores necesarios para su uso con c\u00e1maras DSLR. Se enciende y apaga autom\u00e1ticamente cuando detecta 48 V desde el destino de la grabaci\u00f3n, para una grabaci\u00f3n r\u00e1pida y un ahorro de bater\u00eda cuando no est\u00e1 en uso. El receptor tambi\u00e9n detecta el nivel de sensibilidad de su entrada de grabaci\u00f3n y se ajusta autom\u00e1ticamente, reduciendo la distorsi\u00f3n y eliminando la necesidad de ajustar el nivel de su micr\u00f3fono. El AVX-835 adapta el popular micr\u00f3fono de mano 835 de Sennheiser para su uso con el receptor EKP.   <\/span><\/p>\n<p> <span style=\"font-size: small;\"><br \/><strong>Receptor inal\u00e1mbrico digital enchufable para c\u00e1mara AVX EKP (canal 8: 1920 a 1930 MHz)<\/strong><\/span><\/p>\n<p> <span style=\"font-size: small;\"><br \/>Dise\u00f1ado en colaboraci\u00f3n con profesionales creativos para aplicaciones de filmaci\u00f3n y recopilaci\u00f3n de noticias electr\u00f3nicas (ENG), el receptor inal\u00e1mbrico digital enchufable para c\u00e1mara Sennheiser AVX EKP presenta un innovador dise\u00f1o giratorio para conectarse a la entrada de micr\u00f3fono XLR de una videoc\u00e1mara sin molestar a otros accesorios de la c\u00e1mara. El receptor gira en sentido horario y antihorario. Encajar\u00e1 en su lugar en lugar de un dise\u00f1o basado en la tensi\u00f3n.  <\/span><\/p>\n<p> <span style=\"font-size: small;\"><br \/>El receptor digital es totalmente autoconfigurable, lo que hace que la configuraci\u00f3n sea r\u00e1pida y f\u00e1cil, mientras que la protecci\u00f3n de enlace del sistema ayuda a garantizar una transmisi\u00f3n de audio confiable. La unidad se enciende y apaga autom\u00e1ticamente con la alimentaci\u00f3n fantasma de +48 V de la c\u00e1mara para ahorrar energ\u00eda de la bater\u00eda. Coincidir\u00e1 autom\u00e1ticamente con la sensibilidad de entrada de la c\u00e1mara sin tener que ajustar el nivel de audio en el micr\u00f3fono inal\u00e1mbrico.  <\/span><\/p>\n<p> <span style=\"font-size: small;\"><br \/>El receptor viene equipado con un conjunto de accesorios para el funcionamiento de la c\u00e1mara DSLR, que incluye un BA 20 Energy Pack, un soporte de zapata ligero, un adaptador XLR a 3,5 mm para usar con DSLR, un clip para el cintur\u00f3n, un cable USB y un cargador USB.<\/span><\/p>\n<p> <span style=\"font-size: small;\"><br \/><strong>Rango din\u00e1mico optimizado<\/strong><br \/> Gestiona la sobrecarga y las distorsiones<br \/> <strong>Conectar y grabar<\/strong><br \/> Permite una configuraci\u00f3n r\u00e1pida<br \/> <strong>Protecci\u00f3n de enlaces<\/strong><br \/> Mantiene la transmisi\u00f3n confiable<br \/> <strong>Se conecta directamente a la entrada de audio XLR<\/strong><br \/> Elimina los cables sueltos para una configuraci\u00f3n m\u00e1s simplificada<br \/> <strong>Receptor ultracompacto<\/strong><br \/> Ofrece menos peso con un mejor ahorro de espacio<br \/> <strong>Encendido\/apagado por alimentaci\u00f3n fantasma P48<\/strong><br \/> Maximiza el tiempo de actividad<br \/> <strong>Gesti\u00f3n autom\u00e1tica de asistencia<\/strong><br \/> Agiliza y simplifica el proceso de configuraci\u00f3n<br \/> <strong>Cifrado AES 256<\/strong><br \/> Protege el sistema de la interceptaci\u00f3n de se\u00f1ales por parte de partes no autorizadas<br \/> <strong>Funcionamiento sin licencia<\/strong><br \/> Proporciona una soluci\u00f3n de transmisi\u00f3n inal\u00e1mbrica conveniente<br \/> <strong>Carcasa de metal<\/strong><br \/> Permite el uso diario para aplicaciones profesionales<\/span><\/p>\n<p><span style=\"font-size: small;\"><br \/><\/span><\/p>\n<p style=\"margin-bottom: 0cm;\"> <span style=\"font-size: small;\">&nbsp;<\/span><\/p>\n<p><span style=\"font-size: small;\"> <\/span><\/p>\n<table style=\"width: 561px;\" border=\"0\" cellspacing=\"0\" cellpadding=\"2\">\n<colgroup>\n<col width=\"191\"><\/col>\n<\/colgroup>\n<colgroup>\n<col width=\"363\"><\/col>\n<\/colgroup>\n<tbody>\n<tr>\n<th colspan=\"2\" width=\"557\">\n<p style=\"border: medium none; padding: 0cm; font-style: normal; font-weight: normal;\"> <span style=\"font-size: small;\"><a name=\"44261\"><\/a><span style=\"font-size: x-large;\">Sistema<\/span><\/span><\/p>\n<\/th>\n<\/tr>\n<tr>\n<td width=\"191\">\n<p style=\"border: medium none; padding: 0cm;\"> <span style=\"font-size: small;\">Respuesta de frecuencia<\/span><\/p>\n<\/td>\n<td width=\"363\">\n<p style=\"border: medium none; padding: 0cm;\"> <span style=\"font-size: small;\">De 20 a 20.000 Hz<\/span><\/p>\n<\/td>\n<\/tr>\n<tr>\n<td width=\"191\">\n<p style=\"border: medium none; padding: 0cm;\"> <span style=\"font-size: small;\">Rango din\u00e1mico<\/span><\/p>\n<\/td>\n<td width=\"363\">\n<p style=\"border: medium none; padding: 0cm;\"> <span style=\"font-size: small;\">&gt;  120 dB(A)<\/span><\/p>\n<\/td>\n<\/tr>\n<tr>\n<td width=\"191\">\n<p style=\"border: medium none; padding: 0cm;\"> <span style=\"font-size: small;\">THD<\/span><\/p>\n<\/td>\n<td width=\"363\">\n<p style=\"border: medium none; padding: 0cm;\"> <span style=\"font-size: small;\">T\u00edpico 0.1%<\/span><\/p>\n<\/td>\n<\/tr>\n<tr>\n<td width=\"191\">\n<p style=\"border: medium none; padding: 0cm;\"> <span style=\"font-size: small;\">Muestreo de audio<\/span><\/p>\n<\/td>\n<td width=\"363\">\n<p style=\"border: medium none; padding: 0cm;\"> <span style=\"font-size: small;\">24 bits a 48 kHz<\/span><\/p>\n<\/td>\n<\/tr>\n<tr>\n<td width=\"191\">\n<p style=\"border: medium none; padding: 0cm;\"> <span style=\"font-size: small;\">La relaci\u00f3n se\u00f1al\/ruido<\/span><\/p>\n<\/td>\n<td width=\"363\">\n<p style=\"border: medium none; padding: 0cm;\"> <span style=\"font-size: small;\">&gt;  90 dB(A)<\/span><\/p>\n<\/td>\n<\/tr>\n<tr>\n<td width=\"191\">\n<p style=\"border: medium none; padding: 0cm;\"> <span style=\"font-size: small;\">Rango de frecuencia de RF<\/span><\/p>\n<\/td>\n<td width=\"363\">\n<p style=\"border: medium none; padding: 0cm;\"> <span style=\"font-size: small;\">1880 a 1930 MHz (espec\u00edfico del pa\u00eds)<\/span><\/p>\n<\/td>\n<\/tr>\n<tr>\n<td width=\"191\">\n<p style=\"border: medium none; padding: 0cm;\"> <span style=\"font-size: small;\">Modulaci\u00f3n<\/span><\/p>\n<\/td>\n<td width=\"363\">\n<p style=\"border: medium none; padding: 0cm;\"> <span style=\"font-size: small;\">GFSK con canal de retorno<\/span><\/p>\n<\/td>\n<\/tr>\n<tr>\n<td width=\"191\">\n<p style=\"border: medium none; padding: 0cm;\"> <span style=\"font-size: small;\">Diversidad<\/span><\/p>\n<\/td>\n<td width=\"363\">\n<p style=\"border: medium none; padding: 0cm;\"> <span style=\"font-size: small;\">Diversidad de antenas de conmutaci\u00f3n r\u00e1pida TDMA<\/span><\/p>\n<\/td>\n<\/tr>\n<tr>\n<td width=\"191\">\n<p style=\"border: medium none; padding: 0cm;\"> <span style=\"font-size: small;\">Latencia<\/span><\/p>\n<\/td>\n<td width=\"363\">\n<p style=\"border: medium none; padding: 0cm;\"> <span style=\"font-size: small;\">19 ms<\/span><\/p>\n<\/td>\n<\/tr>\n<tr>\n<td width=\"191\">\n<p style=\"border: medium none; padding: 0cm;\"> <span style=\"font-size: small;\">Rango de temperatura<\/span><\/p>\n<\/td>\n<td width=\"363\">\n<p style=\"border: medium none; padding: 0cm;\"> <span style=\"font-size: small;\">En funcionamiento: de 14 a 131 \u00b0F (de -10 a +55 \u00b0C)<br \/> Almacenamiento: -4 a 158 \u00b0F (-20 a +70 \u00b0C)<\/span><\/p>\n<\/td>\n<\/tr>\n<\/tbody>\n<\/table>\n<p><span style=\"font-size: small;\"> <\/span><\/p>\n<table style=\"width: 553px;\" border=\"0\" cellspacing=\"0\" cellpadding=\"2\">\n<colgroup>\n<col width=\"181\"><\/col>\n<\/colgroup>\n<colgroup>\n<col width=\"365\"><\/col>\n<\/colgroup>\n<tbody>\n<tr>\n<th colspan=\"2\" width=\"549\">\n<p style=\"border: medium none; padding: 0cm; font-style: normal; font-weight: normal;\"> <span style=\"font-size: small;\"><a name=\"73722\"><\/a><span style=\"font-size: x-large;\">Receptor<\/span><\/span><\/p>\n<\/th>\n<\/tr>\n<tr>\n<td width=\"181\">\n<p style=\"border: medium none; padding: 0cm;\"> <span style=\"font-size: small;\">Sensibilidad de RF<\/span><\/p>\n<\/td>\n<td width=\"365\">\n<p style=\"border: medium none; padding: 0cm;\"> <span style=\"font-size: small;\">&lt;-90 dBm<\/span><\/p>\n<\/td>\n<\/tr>\n<tr>\n<td width=\"181\">\n<p style=\"border: medium none; padding: 0cm;\"> <span style=\"font-size: small;\">Potencia de transmisi\u00f3n<\/span><\/p>\n<\/td>\n<td width=\"365\">\n<p style=\"border: medium none; padding: 0cm;\"> <span style=\"font-size: small;\">Pir\u00e1mide t\u00edpica de 15 dBm<\/span><\/p>\n<\/td>\n<\/tr>\n<tr>\n<td width=\"181\">\n<p style=\"border: medium none; padding: 0cm;\"> <span style=\"font-size: small;\">Salida de audio<\/span><\/p>\n<\/td>\n<td width=\"365\">\n<p style=\"border: medium none; padding: 0cm;\"> <span style=\"font-size: small;\">XLR macho, equilibrado<\/span><\/p>\n<\/td>\n<\/tr>\n<tr>\n<td width=\"181\">\n<p style=\"border: medium none; padding: 0cm;\"> <span style=\"font-size: small;\">Nivel de salida de audio<\/span><\/p>\n<\/td>\n<td width=\"365\">\n<p style=\"border: medium none; padding: 0cm;\"> <span style=\"font-size: small;\">-30 dBu a 0 dBu en 4 pasos<\/span><\/p>\n<\/td>\n<\/tr>\n<tr>\n<td width=\"181\">\n<p style=\"border: medium none; padding: 0cm;\"> <span style=\"font-size: small;\">Fuente de alimentaci\u00f3n<\/span><\/p>\n<\/td>\n<td width=\"365\">\n<p style=\"border: medium none; padding: 0cm;\"> <span style=\"font-size: small;\">BA 20 (Li-ION 3,7 VDC), USB alternativo<\/span><\/p>\n<\/td>\n<\/tr>\n<tr>\n<td width=\"181\">\n<p style=\"border: medium none; padding: 0cm;\"> <span style=\"font-size: small;\">Uptime<\/span><\/p>\n<\/td>\n<td width=\"365\">\n<p style=\"border: medium none; padding: 0cm;\"> <span style=\"font-size: small;\">&gt;  4 horas<\/span><\/p>\n<\/td>\n<\/tr>\n<tr>\n<td width=\"181\">\n<p style=\"border: medium none; padding: 0cm;\"> <span style=\"font-size: small;\">Peso<\/span><\/p>\n<\/td>\n<td width=\"365\">\n<p style=\"border: medium none; padding: 0cm;\"> <span style=\"font-size: small;\">85 g (3 oz)<\/span><\/p>\n<\/td>\n<\/tr>\n<\/tbody>\n<\/table>\n<p><span style=\"font-size: small;\"> <\/span><\/p>\n<table style=\"width: 395px;\" border=\"0\" cellspacing=\"0\" cellpadding=\"2\">\n<colgroup>\n<col width=\"231\"><\/col>\n<\/colgroup>\n<colgroup>\n<col width=\"157\"><\/col>\n<\/colgroup>\n<tbody>\n<tr>\n<th colspan=\"2\" width=\"391\">\n<p style=\"border: medium none; padding: 0cm; font-style: normal; font-weight: normal;\"> <span style=\"font-size: small;\"><a name=\"shipping\"><\/a><span style=\"font-size: x-large;\">Informaci\u00f3n de embalaje<\/span><\/span><\/p>\n<\/th>\n<\/tr>\n<tr>\n<td width=\"231\">\n<p style=\"border: medium none; padding: 0cm;\"> <span style=\"font-size: small;\">Dimensiones de la caja (LxWxH)<\/span><\/p>\n<\/td>\n<td width=\"157\">\n<p style=\"border: medium none; padding: 0cm;\"> <span style=\"font-size: small;\">12.7 x 6.7 x 2.9&#8243;<\/span><\/p>\n<\/td>\n<\/tr>\n<\/tbody>\n<\/table>\n<p><span style=\"font-size: small;\"> <\/span><\/p>\n<p style=\"margin-bottom: 0cm;\"><span style=\"font-size: small;\">&nbsp;<\/span><\/p>\n<p><span style=\"font-size: small;\"><br \/><\/span><\/p>\n<p> <span style=\"font-size: small;\"><br \/><strong>Transmisor de micr\u00f3fono de mano digital AVX (canal 8: 1920 a 1930 MHz)<\/strong><\/span><\/p>\n<p> <span style=\"font-size: small;\"><br \/>Dise\u00f1ado en colaboraci\u00f3n con profesionales creativos para aplicaciones electr\u00f3nicas de captura de pel\u00edculas y noticias (ENG), el transmisor de micr\u00f3fono de mano digital Sennheiser AVX (canal 8: 1920 a 1930 MHz) presenta un dise\u00f1o digital innovador que es totalmente autoconfigurable, lo que hace que la configuraci\u00f3n sea r\u00e1pida y f\u00e1cil. La protecci\u00f3n de enlaces del sistema ayuda a garantizar una transmisi\u00f3n de audio confiable, y el cifrado AES 256 ayuda a proteger su se\u00f1al de interceptaciones no autorizadas. <\/span><\/p>\n<p> <span style=\"font-size: small;\"><br \/>El transmisor de mano viene con una c\u00e1psula de micr\u00f3fono din\u00e1mica con una sensibilidad de 2,1 mV \/ Pa, patr\u00f3n de captaci\u00f3n cardioide y un SPL m\u00e1ximo de 154 dB.<\/span><\/p>\n<p> <span style=\"font-size: small;\"><br \/>La unidad est\u00e1 alimentada por la fuente de alimentaci\u00f3n BA 10 (Li-Ion 3.7V) y tiene un tiempo de funcionamiento de 15 horas con las bater\u00edas. El transmisor viene con la fuente de alimentaci\u00f3n BA 10 y un clip de micr\u00f3fono. <\/span><\/p>\n<p> <span style=\"font-size: small;\"><br \/><strong>Rango din\u00e1mico optimizado<\/strong><br \/> Gestiona la sobrecarga y las distorsiones<br \/> <strong>Protecci\u00f3n de enlaces<\/strong><br \/> Mantiene la transmisi\u00f3n confiable<br \/> <strong>Gesti\u00f3n autom\u00e1tica de asistencia<\/strong><br \/> Agiliza y simplifica el proceso de configuraci\u00f3n<br \/> <strong>Cifrado AES 256<\/strong><br \/> Protege el sistema de la interceptaci\u00f3n de se\u00f1ales por parte de partes no autorizadas<br \/> <strong>Funcionamiento sin licencia<\/strong><br \/> Proporciona una soluci\u00f3n de transmisi\u00f3n inal\u00e1mbrica conveniente<br \/> <strong>Carcasa de metal<\/strong><br \/> Permite el uso diario para aplicaciones profesionales<\/span><\/p>\n<p><span style=\"font-size: small;\"><br \/><\/span><\/p>\n<p style=\"margin-bottom: 0cm;\"> <span style=\"font-size: small;\">&nbsp;<\/span><\/p>\n<p><span style=\"font-size: small;\"> <\/span><\/p>\n<table style=\"width: 561px;\" border=\"0\" cellspacing=\"0\" cellpadding=\"2\">\n<colgroup>\n<col width=\"191\"><\/col>\n<\/colgroup>\n<colgroup>\n<col width=\"363\"><\/col>\n<\/colgroup>\n<tbody>\n<tr>\n<th colspan=\"2\" width=\"557\">\n<p style=\"border: medium none; padding: 0cm; font-style: normal; font-weight: normal;\"> <span style=\"font-size: small;\"><a name=\"44261\"><\/a><span style=\"font-size: x-large;\">Sistema<\/span><\/span><\/p>\n<\/th>\n<\/tr>\n<tr>\n<td width=\"191\">\n<p style=\"border: medium none; padding: 0cm;\"> <span style=\"font-size: small;\">Respuesta de frecuencia<\/span><\/p>\n<\/td>\n<td width=\"363\">\n<p style=\"border: medium none; padding: 0cm;\"> <span style=\"font-size: small;\">De 20 a 20.000 Hz<\/span><\/p>\n<\/td>\n<\/tr>\n<tr>\n<td width=\"191\">\n<p style=\"border: medium none; padding: 0cm;\"> <span style=\"font-size: small;\">Rango din\u00e1mico<\/span><\/p>\n<\/td>\n<td width=\"363\">\n<p style=\"border: medium none; padding: 0cm;\"> <span style=\"font-size: small;\">&gt;  120 dB(A)<\/span><\/p>\n<\/td>\n<\/tr>\n<tr>\n<td width=\"191\">\n<p style=\"border: medium none; padding: 0cm;\"> <span style=\"font-size: small;\">THD<\/span><\/p>\n<\/td>\n<td width=\"363\">\n<p style=\"border: medium none; padding: 0cm;\"> <span style=\"font-size: small;\">T\u00edpico 0.1%<\/span><\/p>\n<\/td>\n<\/tr>\n<tr>\n<td width=\"191\">\n<p style=\"border: medium none; padding: 0cm;\"> <span style=\"font-size: small;\">Muestreo de audio<\/span><\/p>\n<\/td>\n<td width=\"363\">\n<p style=\"border: medium none; padding: 0cm;\"> <span style=\"font-size: small;\">24 bits a 48 kHz<\/span><\/p>\n<\/td>\n<\/tr>\n<tr>\n<td width=\"191\">\n<p style=\"border: medium none; padding: 0cm;\"> <span style=\"font-size: small;\">La relaci\u00f3n se\u00f1al\/ruido<\/span><\/p>\n<\/td>\n<td width=\"363\">\n<p style=\"border: medium none; padding: 0cm;\"> <span style=\"font-size: small;\">&gt;  90 dB(A)<\/span><\/p>\n<\/td>\n<\/tr>\n<tr>\n<td width=\"191\">\n<p style=\"border: medium none; padding: 0cm;\"> <span style=\"font-size: small;\">Rango de frecuencia de RF<\/span><\/p>\n<\/td>\n<td width=\"363\">\n<p style=\"border: medium none; padding: 0cm;\"> <span style=\"font-size: small;\">1880 a 1930 MHz (espec\u00edfico del pa\u00eds)<\/span><\/p>\n<\/td>\n<\/tr>\n<tr>\n<td width=\"191\">\n<p style=\"border: medium none; padding: 0cm;\"> <span style=\"font-size: small;\">Modulaci\u00f3n<\/span><\/p>\n<\/td>\n<td width=\"363\">\n<p style=\"border: medium none; padding: 0cm;\"> <span style=\"font-size: small;\">GFSK con canal de retorno<\/span><\/p>\n<\/td>\n<\/tr>\n<tr>\n<td width=\"191\">\n<p style=\"border: medium none; padding: 0cm;\"> <span style=\"font-size: small;\">Diversidad<\/span><\/p>\n<\/td>\n<td width=\"363\">\n<p style=\"border: medium none; padding: 0cm;\"> <span style=\"font-size: small;\">Diversidad de antenas de conmutaci\u00f3n r\u00e1pida TDMA<\/span><\/p>\n<\/td>\n<\/tr>\n<tr>\n<td width=\"191\">\n<p style=\"border: medium none; padding: 0cm;\"> <span style=\"font-size: small;\">Latencia<\/span><\/p>\n<\/td>\n<td width=\"363\">\n<p style=\"border: medium none; padding: 0cm;\"> <span style=\"font-size: small;\">19 ms<\/span><\/p>\n<\/td>\n<\/tr>\n<tr>\n<td width=\"191\">\n<p style=\"border: medium none; padding: 0cm;\"> <span style=\"font-size: small;\">Rango de temperatura<\/span><\/p>\n<\/td>\n<td width=\"363\">\n<p style=\"border: medium none; padding: 0cm;\"> <span style=\"font-size: small;\">En funcionamiento: de 14 a 131 \u00b0F (de -10 a +55 \u00b0C)<br \/> Almacenamiento: -4 a 158 \u00b0F (-20 a +70 \u00b0C)<\/span><\/p>\n<\/td>\n<\/tr>\n<\/tbody>\n<\/table>\n<p><span style=\"font-size: small;\"> <\/span><\/p>\n<table style=\"width: 643px;\" border=\"0\" cellspacing=\"0\" cellpadding=\"2\">\n<colgroup>\n<col width=\"178\"><\/col>\n<\/colgroup>\n<colgroup>\n<col width=\"457\"><\/col>\n<\/colgroup>\n<tbody>\n<tr>\n<th colspan=\"2\" width=\"639\">\n<p style=\"border: medium none; padding: 0cm; font-style: normal; font-weight: normal;\"> <span style=\"font-size: small;\"><a name=\"44538\"><\/a><span style=\"font-size: x-large;\">Transmisor<\/span><\/span><\/p>\n<\/th>\n<\/tr>\n<tr>\n<td width=\"178\">\n<p style=\"border: medium none; padding: 0cm;\"> <span style=\"font-size: small;\">Potencia de transmisi\u00f3n<\/span><\/p>\n<\/td>\n<td width=\"457\">\n<p style=\"border: medium none; padding: 0cm;\"> <span style=\"font-size: small;\">100 mW promedio (250 mW pico), espec\u00edfico del pa\u00eds<\/span><\/p>\n<\/td>\n<\/tr>\n<tr>\n<td width=\"178\">\n<p style=\"border: medium none; padding: 0cm;\"> <span style=\"font-size: small;\">Respuesta de frecuencia<\/span><\/p>\n<\/td>\n<td width=\"457\">\n<p style=\"border: medium none; padding: 0cm;\"> <span style=\"font-size: small;\">De 50 a 20.000 Hz<\/span><\/p>\n<\/td>\n<\/tr>\n<tr>\n<td width=\"178\">\n<p style=\"border: medium none; padding: 0cm;\"> <span style=\"font-size: small;\">Sensibilidad de entrada<\/span><\/p>\n<\/td>\n<td width=\"457\">\n<p style=\"border: medium none; padding: 0cm;\"> <span style=\"font-size: small;\">Ajuste autom\u00e1tico de la sensibilidad<\/span><\/p>\n<\/td>\n<\/tr>\n<tr>\n<td width=\"178\">\n<p style=\"border: medium none; padding: 0cm;\"> <span style=\"font-size: small;\">Fuente de alimentaci\u00f3n<\/span><\/p>\n<\/td>\n<td width=\"457\">\n<p style=\"border: medium none; padding: 0cm;\"> <span style=\"font-size: small;\">Fuente de alimentaci\u00f3n BA 10 (Li-Ion 3,7 V)<\/span><\/p>\n<\/td>\n<\/tr>\n<tr>\n<td width=\"178\">\n<p style=\"border: medium none; padding: 0cm;\"> <span style=\"font-size: small;\">Tiempo de funcionamiento<\/span><\/p>\n<\/td>\n<td width=\"457\">\n<p style=\"border: medium none; padding: 0cm;\"> <span style=\"font-size: small;\">T\u00edpicas 15 horas con paquete de energ\u00eda<\/span><\/p>\n<\/td>\n<\/tr>\n<tr>\n<td width=\"178\">\n<p style=\"border: medium none; padding: 0cm;\"> <span style=\"font-size: small;\">Entrada<\/span><\/p>\n<\/td>\n<td width=\"457\">\n<p style=\"border: medium none; padding: 0cm;\"> <span style=\"font-size: small;\">Conector de 3,5 mm<\/span><\/p>\n<\/td>\n<\/tr>\n<tr>\n<td width=\"178\">\n<p style=\"border: medium none; padding: 0cm;\"> <span style=\"font-size: small;\">Peso<\/span><\/p>\n<\/td>\n<td width=\"457\">\n<p style=\"border: medium none; padding: 0cm;\"> <span style=\"font-size: small;\">9.9 onzas (280.0 gramos), incluido el cabezal de micr\u00f3fono y el paquete de energ\u00eda<\/span><\/p>\n<\/td>\n<\/tr>\n<\/tbody>\n<\/table>\n<p><span style=\"font-size: small;\"> <\/span><\/p>\n<table style=\"width: 290px;\" border=\"0\" cellspacing=\"0\" cellpadding=\"2\">\n<colgroup>\n<col width=\"186\"><\/col>\n<\/colgroup>\n<colgroup>\n<col width=\"96\"><\/col>\n<\/colgroup>\n<tbody>\n<tr>\n<th colspan=\"2\" width=\"286\">\n<p style=\"border: medium none; padding: 0cm; font-style: normal; font-weight: normal;\"> <span style=\"font-size: small;\"><a name=\"79023\"><\/a><span style=\"font-size: x-large;\">C\u00e1psula de micr\u00f3fono<\/span><\/span><\/p>\n<\/th>\n<\/tr>\n<tr>\n<td width=\"186\">\n<p style=\"border: medium none; padding: 0cm;\"> <span style=\"font-size: small;\">Principio del transductor<\/span><\/p>\n<\/td>\n<td width=\"96\">\n<p style=\"border: medium none; padding: 0cm;\"> <span style=\"font-size: small;\">Din\u00e1mico<\/span><\/p>\n<\/td>\n<\/tr>\n<tr>\n<td width=\"186\">\n<p style=\"border: medium none; padding: 0cm;\"> <span style=\"font-size: small;\">Sensibilidad<\/span><\/p>\n<\/td>\n<td width=\"96\">\n<p style=\"border: medium none; padding: 0cm;\"> <span style=\"font-size: small;\">2,1 mV\/Pa<\/span><\/p>\n<\/td>\n<\/tr>\n<tr>\n<td width=\"186\">\n<p style=\"border: medium none; padding: 0cm;\"> <span style=\"font-size: small;\">Directividad<\/span><\/p>\n<\/td>\n<td width=\"96\">\n<p style=\"border: medium none; padding: 0cm;\"> <span style=\"font-size: small;\">Cardioide<\/span><\/p>\n<\/td>\n<\/tr>\n<tr>\n<td width=\"186\">\n<p style=\"border: medium none; padding: 0cm;\"> <span style=\"font-size: small;\">Nivel m\u00e1ximo de SPL<\/span><\/p>\n<\/td>\n<td width=\"96\">\n<p style=\"border: medium none; padding: 0cm;\"> <span style=\"font-size: small;\">154 dB<\/span><\/p>\n<\/td>\n<\/tr>\n<\/tbody>\n<\/table>\n<p><span style=\"font-size: small;\"> <\/span><\/p>\n<p style=\"margin-bottom: 0cm;\"><span style=\"font-size: small;\">&nbsp;<\/span><\/p>\n<p><span style=\"font-size: small;\"><br \/><\/span><\/p>\n","protected":false},"excerpt":{"rendered":"<p>ASPECTOS DESTACADOS DEL PRODUCTO Receptor EKP XLR AVX-835 Transmisor de micr\u00f3fono de mano Funcionalidad Plug and Record Ajuste autom\u00e1tico de<\/p>\n","protected":false},"featured_media":28843,"comment_status":"closed","ping_status":"open","template":"","meta":{"_acf_changed":false},"product_brand":[2567],"product_cat":[895],"product_tag":[],"class_list":{"0":"post-73712","1":"product","2":"type-product","3":"status-publish","4":"has-post-thumbnail","6":"product_brand-sennheiser-es","7":"product_cat-kits-inalambricos","9":"first","10":"onbackorder","11":"taxable","12":"shipping-taxable","13":"purchasable","14":"product-type-simple"},"bundled_by":[],"bundle_stock_status":"onbackorder","bundle_stock_quantity":null,"bundle_virtual":false,"bundle_layout":"","bundle_add_to_cart_form_location":"","bundle_editable_in_cart":false,"bundle_sold_individually_context":"","bundle_item_grouping":"","bundle_min_size":"","bundle_max_size":"","bundle_price":[],"bundled_items":[],"bundle_sell_ids":[],"acf":[],"_links":{"self":[{"href":"https:\/\/hi-techwonder.com\/es\/wp-json\/wp\/v2\/product\/73712","targetHints":{"allow":["GET"]}}],"collection":[{"href":"https:\/\/hi-techwonder.com\/es\/wp-json\/wp\/v2\/product"}],"about":[{"href":"https:\/\/hi-techwonder.com\/es\/wp-json\/wp\/v2\/types\/product"}],"replies":[{"embeddable":true,"href":"https:\/\/hi-techwonder.com\/es\/wp-json\/wp\/v2\/comments?post=73712"}],"wp:featuredmedia":[{"embeddable":true,"href":"https:\/\/hi-techwonder.com\/es\/wp-json\/wp\/v2\/media\/28843"}],"wp:attachment":[{"href":"https:\/\/hi-techwonder.com\/es\/wp-json\/wp\/v2\/media?parent=73712"}],"wp:term":[{"taxonomy":"product_brand","embeddable":true,"href":"https:\/\/hi-techwonder.com\/es\/wp-json\/wp\/v2\/product_brand?post=73712"},{"taxonomy":"product_cat","embeddable":true,"href":"https:\/\/hi-techwonder.com\/es\/wp-json\/wp\/v2\/product_cat?post=73712"},{"taxonomy":"product_tag","embeddable":true,"href":"https:\/\/hi-techwonder.com\/es\/wp-json\/wp\/v2\/product_tag?post=73712"}],"curies":[{"name":"wp","href":"https:\/\/api.w.org\/{rel}","templated":true}]}}