{"id":73718,"date":"2025-07-28T23:52:25","date_gmt":"2025-07-28T23:52:25","guid":{"rendered":"https:\/\/fv6qoy3ls0.wpdns.site\/product\/kit-movil-sennheiser-mke-200\/"},"modified":"2026-01-31T03:25:08","modified_gmt":"2026-01-31T03:25:08","slug":"sennheiser-kit-movil-sennheiser-mke-200","status":"publish","type":"product","link":"https:\/\/hi-techwonder.com\/es\/producto\/sennheiser-kit-movil-sennheiser-mke-200\/","title":{"rendered":"Kit m\u00f3vil SENNHEISER MKE 200"},"content":{"rendered":"<p><strong>Kit de micr\u00f3fono direccional ultracompacto para smartphone<\/strong><br \/>Kit m\u00f3vil <strong>SENNHEISER <\/strong><strong>MKE 200<\/strong><\/p>\n<p>Agregue el micr\u00f3fono direccional Sennheiser MKE 200 ultracompacto y ultraligero a su tel\u00e9fono inteligente y su c\u00e1mara o equipo de grabaci\u00f3n para realizar una actualizaci\u00f3n f\u00e1cil en la calidad del sonido, incluso en entornos ruidosos, sin tener que cargar con un accesorio pesado.<\/p>\n<p>Viene equipado con un mini tr\u00edpode de Manfrotto Pixi y un soporte para tel\u00e9fono inteligente.<\/p>\n<p>________________________________________________________________________________________________________________________________________________________________________<\/p>\n<p>Caracter\u00edsticas principales<\/p>\n<p>Periodista m\u00f3vil, Vlogger, Run &amp; Gun<\/p>\n<p>Para c\u00e1maras y tel\u00e9fonos inteligentes<\/p>\n<p>Funcionamiento sin pilas mediante alimentaci\u00f3n enchufable<\/p>\n<p>Parabrisas integrado y soporte antivibratorio<\/p>\n<p>Bloqueo de salida TRS de 3,5 mm<\/p>\n<p>Cables de salida TRS y TRRS de 3,5 mm<\/p>\n<p>Captaci\u00f3n de sonido direccional<\/p>\n<p>Ultracompacto y ultraligero<\/p>\n<p>Parabrisas peludo para uso en exteriores<\/p>\n<p>Montaje en la zapata fr\u00eda de la c\u00e1mara<\/p>\n<p>En la caja<\/p>\n<p>Micr\u00f3fono direccional ultracompacto Sennheiser MKE 200 con montaje en c\u00e1mara<\/p>\n<p>Cable en espiral de bloqueo TRS de 3,5 mm a 3,5 mm<\/p>\n<p>Cable en espiral TRS de bloqueo de 3,5 mm a TRRS de 3,5 mm<\/p>\n<p>Parabrisas peludo MZH 200<\/p>\n<p>Mini tr\u00edpode y asa Manfrotto PIXI<\/p>\n<p>Brazalete para smartphone con soporte para zapata fr\u00eda<\/p>\n<p>Bolsa con cord\u00f3n<\/p>\n<p>Agregue el micr\u00f3fono direccional Sennheiser MKE 200 ultracompacto y ultraliviano a su equipo de filmaci\u00f3n basado en c\u00e1mara o tel\u00e9fono inteligente para realizar una actualizaci\u00f3n f\u00e1cil en la calidad del sonido, incluso en entornos ruidosos, sin tener que llevar un parabrisas pesado y un sistema de suspensi\u00f3n.<\/p>\n<p>Gracias a su parabrisas integral, absorci\u00f3n de impactos incorporada y funcionamiento sin bater\u00edas, el MKE 200 es una soluci\u00f3n plug-and-play realmente simple y que ahorra espacio para capturar audio, un compa\u00f1ero perfecto para vloggers, vide\u00f3grafos de armas de fuego y periodistas m\u00f3viles que necesitan un micr\u00f3fono de calidad montado en la c\u00e1mara que nunca se interponga en el camino de la escena.<\/p>\n<p>Para asegurarse de que est\u00e1 preparado para cualquier rodaje, el MKE 200 incluye dos cables de audio de 3,5 mm bloqueables: uno tiene un enchufe TRS est\u00e1ndar para compatibilidad con c\u00e1maras y DSLR, mientras que el otro utiliza un enchufe TRRS para conectarse con su tel\u00e9fono inteligente o tableta. Adem\u00e1s, el parabrisas peludo suministrado se puede deslizar sobre el MKE 200 para proporcionar una mayor protecci\u00f3n contra el ruido del viento al disparar al aire libre. <\/p>\n<p>Ultracompacto y ultraligero<\/p>\n<p>Con solo 2.7&#8243; de largo y un peso de solo 1.7 onzas, el MKE 200 es un compa\u00f1ero discreto para su c\u00e1mara o equipo de video basado en tel\u00e9fono inteligente; Nunca se entrometer\u00e1 en la foto y es tan ligero que olvidar\u00e1s que est\u00e1 ah\u00ed. , el soporte de zapata integral permite que el MKE 200 se conecte directamente a su c\u00e1mara, sin necesidad de hardware externo. <\/p>\n<p>Captaci\u00f3n de sonido direccional<\/p>\n<p>La mayor\u00eda de los micr\u00f3fonos integrados de la c\u00e1mara y los tel\u00e9fonos inteligentes son omnidireccionales para captar el sonido desde todas las direcciones, lo que genera un ruido y un ambiente indebidos. El MKE 200 utiliza un patr\u00f3n polar supercardioide para capturar fuentes frente al micr\u00f3fono mientras aten\u00faa el sonido de la entrada lateral y trasera. La electr\u00f3nica de bajo ruido y un elemento de condensador sensible le permiten ofrecer un audio m\u00e1s detallado que los micr\u00f3fonos que normalmente se encuentran en c\u00e1maras, dispositivos m\u00f3viles y grabadoras port\u00e1tiles.  <\/p>\n<p>Conexi\u00f3n r\u00e1pida y segura a la c\u00e1mara, el smartphone o la tableta<\/p>\n<p>El puerto de salida de 3,5 mm del MKE 200 se puede conectar a una variedad de dispositivos utilizando los dos cables en espiral suministrados, cada uno con un enchufe TRS de 3,5 mm de bloqueo en un extremo que evita la desconexi\u00f3n accidental del micr\u00f3fono.<\/p>\n<p>Un cable termina con un enchufe TRS est\u00e1ndar de 3,5 mm para una conexi\u00f3n compatible con su c\u00e1mara, DSLR o grabadora de audio port\u00e1til, mientras que el otro cable tiene un enchufe TRRS de 3,5 mm para permitir la conexi\u00f3n directa a dispositivos m\u00f3viles como tel\u00e9fonos inteligentes y tabletas.<\/p>\n<p>No requiere bater\u00edas<\/p>\n<p>Debido a que el MKE 200 funciona con alimentaci\u00f3n enchufable (2 a 10 V), no se requieren bater\u00edas para operar el micr\u00f3fono. Simplemente conecta el MKE 200 a tu c\u00e1mara o dispositivo m\u00f3vil y olv\u00eddate de la necesidad de revisar, cambiar o cargar las bater\u00edas. <\/p>\n<p>El montaje de la suspensi\u00f3n interna minimiza el ruido de manejo<\/p>\n<p>El MKE 200 incorpora un soporte de suspensi\u00f3n interno para rechazar la transferencia de vibraciones como el ruido de manejo de la c\u00e1mara \/ tel\u00e9fono inteligente. Adem\u00e1s, la parte inferior del MKE 200 cuenta con un soporte de zapata para c\u00e1mara, lo que garantiza una conexi\u00f3n sencilla a su c\u00e1mara o soporte o card\u00e1n equipado con zapata. <\/p>\n<p>El parabrisas incorporado minimiza el ruido del viento<\/p>\n<p>Sabiendo que el MKE 200 se puede usar en condiciones de disparo desafiantes, Sennheiser dise\u00f1\u00f3 el MKE 200 con parabrisas incorporado, lo que permite que el micr\u00f3fono disminuya el ruido del viento indeseable de parabrisas, ventiladores, calentadores y acondicionadores de aire sin necesidad de deslizar un parabrisas de espuma separado. Para una m\u00e1xima reducci\u00f3n del ruido del viento al aire libre, use el parabrisas peludo incluido. <\/p>\n<p>Tr\u00edpode de mesa mini PIXI de Manfrotto (negro)<\/p>\n<p>El tr\u00edpode de escritorio PIXI Mini negro de Manfrotto tambi\u00e9n funciona como tr\u00edpode de escritorio y soporte de mano para una videoc\u00e1mara DSLR, apuntar y disparar o compacta. Las patas est\u00e1n redondeadas en su lado exterior, por lo que el tr\u00edpode cerrado proporciona un agarre c\u00f3modo. Cuando se abren, el tr\u00edpode y la cabeza tienen una altura m\u00e1xima de 5,31&#8243;. Los pies de goma evitan el deslizamiento y protegen las superficies delicadas.   <\/p>\n<p>Hecho de acero inoxidable y pol\u00edmero Adapto negro, el PIXI soporta hasta 2.2 libras y pesa solo 6.7 onzas. Su cabeza esf\u00e9rica incorporada cuenta con un tornillo de c\u00e1mara de 1\/4&#8243;-20 y un dise\u00f1o \u00fanico que permite ajustes y bloqueos con un solo bot\u00f3n. Adem\u00e1s de las c\u00e1maras, PIXI tambi\u00e9n es ideal para iPhones equipados con el Manfrotto KLYP opcional y otros dispositivos peque\u00f1os.  <\/p>\n<p>Especificaciones de Sennheiser MKE-200<\/p>\n<p>Micr\u00f3fono<\/p>\n<p>Formato de montaje de c\u00e1mara<\/p>\n<p>Campo de sonido mono<\/p>\n<p>Principio de funcionamiento<\/p>\n<div class=\"group_3sxa25I0gg\" style=\"margin-bottom: 2.1875rem;font-family: OpenSans, 'Segoe UI', Helvetica, Roboto, Arial, sans-serif;font-size: 16px;background-color: #ffffff\">&nbsp;<\/div>\n","protected":false},"excerpt":{"rendered":"<p>Kit de micr\u00f3fono direccional ultracompacto para smartphoneKit m\u00f3vil SENNHEISER MKE 200 Agregue el micr\u00f3fono direccional Sennheiser MKE 200 ultracompacto y<\/p>\n","protected":false},"featured_media":29258,"comment_status":"closed","ping_status":"open","template":"","meta":{"_acf_changed":false},"product_brand":[2567],"product_cat":[901],"product_tag":[],"class_list":{"0":"post-73718","1":"product","2":"type-product","3":"status-publish","4":"has-post-thumbnail","6":"product_brand-sennheiser-es","7":"product_cat-canon-microfonos","9":"first","10":"onbackorder","11":"taxable","12":"shipping-taxable","13":"purchasable","14":"product-type-simple"},"bundled_by":[],"bundle_stock_status":"onbackorder","bundle_stock_quantity":null,"bundle_virtual":false,"bundle_layout":"","bundle_add_to_cart_form_location":"","bundle_editable_in_cart":false,"bundle_sold_individually_context":"","bundle_item_grouping":"","bundle_min_size":"","bundle_max_size":"","bundle_price":[],"bundled_items":[],"bundle_sell_ids":[],"acf":[],"_links":{"self":[{"href":"https:\/\/hi-techwonder.com\/es\/wp-json\/wp\/v2\/product\/73718","targetHints":{"allow":["GET"]}}],"collection":[{"href":"https:\/\/hi-techwonder.com\/es\/wp-json\/wp\/v2\/product"}],"about":[{"href":"https:\/\/hi-techwonder.com\/es\/wp-json\/wp\/v2\/types\/product"}],"replies":[{"embeddable":true,"href":"https:\/\/hi-techwonder.com\/es\/wp-json\/wp\/v2\/comments?post=73718"}],"wp:featuredmedia":[{"embeddable":true,"href":"https:\/\/hi-techwonder.com\/es\/wp-json\/wp\/v2\/media\/29258"}],"wp:attachment":[{"href":"https:\/\/hi-techwonder.com\/es\/wp-json\/wp\/v2\/media?parent=73718"}],"wp:term":[{"taxonomy":"product_brand","embeddable":true,"href":"https:\/\/hi-techwonder.com\/es\/wp-json\/wp\/v2\/product_brand?post=73718"},{"taxonomy":"product_cat","embeddable":true,"href":"https:\/\/hi-techwonder.com\/es\/wp-json\/wp\/v2\/product_cat?post=73718"},{"taxonomy":"product_tag","embeddable":true,"href":"https:\/\/hi-techwonder.com\/es\/wp-json\/wp\/v2\/product_tag?post=73718"}],"curies":[{"name":"wp","href":"https:\/\/api.w.org\/{rel}","templated":true}]}}