{"id":73719,"date":"2025-07-28T23:50:35","date_gmt":"2025-07-28T23:50:35","guid":{"rendered":"https:\/\/fv6qoy3ls0.wpdns.site\/product\/sennheiser-ew-dp-835-juego-de-microfonos-de-mano\/"},"modified":"2026-04-20T22:15:17","modified_gmt":"2026-04-20T21:15:17","slug":"sennheiser-ew-dp-835-juego-de-microfonos-de-mano","status":"publish","type":"product","link":"https:\/\/hi-techwonder.com\/es\/producto\/sennheiser-ew-dp-835-juego-de-microfonos-de-mano\/","title":{"rendered":"SENNHEISER EW-DP 835 Juego de micr\u00f3fonos de mano"},"content":{"rendered":"<p><strong>SENNHEISER EW-DP 835 Juego de micr\u00f3fonos de mano<\/strong><\/p>\n<ul>\n<li>Creadores de contenido, cineastas, periodistas<\/li>\n<li>MMD 835 C\u00e1psula de micr\u00f3fono cardioide din\u00e1mico<\/li>\n<li>Transmisor port\u00e1til con <em>interruptor de silencio<\/em><\/li>\n<li>Receptor de montaje en c\u00e1mara de verdadera diversidad<\/li>\n<li>Funciones profesionales con una configuraci\u00f3n r\u00e1pida y sencilla<\/li>\n<li>Rango din\u00e1mico de 134 dB, audio de 24 bits<\/li>\n<li>Ancho de banda de 56 MHz, 2240 frecuencias<\/li>\n<li>Configurar\/operar a trav\u00e9s de un tel\u00e9fono inteligente a trav\u00e9s de Bluetooth<\/li>\n<li>Micr\u00f3fono de mano de 12 horas\/receptor de 7 horas + alimentaci\u00f3n USB<\/li>\n<li>Ampliable a 58 canales de micr\u00f3fono\/100 m de alcance<\/li>\n<\/ul>\n<p><strong>En la caja:<\/strong><\/p>\n<ul>\n<li>Receptor inal\u00e1mbrico digital Sennheiser EW-DP EK para montaje de c\u00e1mara&nbsp;<\/li>\n<li>Transmisor de mano inal\u00e1mbrico digital Sennheiser EW-D SKM-S con interruptor de <em>silencio<\/em>, sin c\u00e1psula de micr\u00f3fono&nbsp;<\/li>\n<li>C\u00e1psula din\u00e1mica cardioide Sennheiser MMD 835 para transmisores de mano (negro)<\/li>\n<li>Cable en espiral Sennheiser CL 35 TRS con bloqueo TRS de 3,5 mm a TRS de 3,5 mm<\/li>\n<li>Sennheiser CL 35-XLR Cable de salida en espiral macho TRS a XLR de 3.5mm con bloqueo en \u00e1ngulo recto<\/li>\n<li>Cable de carga USB-C<\/li>\n<li>Bater\u00eda recargable Sennheiser BA 70 para transmisores de mano y petaca EW-D<\/li>\n<li>2 pilas AA<\/li>\n<li>Kit de montaje (placa de queso, zapata fr\u00eda, clip para cintur\u00f3n, tornillos)<\/li>\n<\/ul>\n<p><img loading=\"lazy\" decoding=\"async\" src=\"https:\/\/assets.sennheiser.com\/img\/30028\/x1_desktop_EW-DP_Product_Shot_In_Use_26.jpg\" alt=\"\" width=\"400\" height=\"350\"><\/p>\n<p><strong>Simplifique su audio con simplicidad de configuraci\u00f3n y claridad digital<\/strong><\/p>\n<p>Creado espec\u00edficamente para creadores de contenido de video, presentadores y periodistas que buscan una experiencia inal\u00e1mbrica sin estr\u00e9s, el EW-DP 835 SET de Sennheiser con micr\u00f3fono de mano es un sistema de micr\u00f3fono inal\u00e1mbrico totalmente digital montado en una c\u00e1mara que utiliza transmisi\u00f3n UHF profesional para entregar de manera confiable el audio puro y de calidad de transmisi\u00f3n de Sennheiser,  directamente a tu c\u00e1mara. Esta configuraci\u00f3n incluye un receptor de un solo canal montado en la c\u00e1mara EW-DP EK con kit de montaje, un transmisor de mano ligero EW-D SKM-S con interruptor de <em>silencio <\/em>y una c\u00e1psula de micr\u00f3fono cardioide din\u00e1mico MMD 835, adem\u00e1s de cables de salida de 3,5 mm y XLR para conectar el receptor a una c\u00e1mara DSLR\/mirrorless o grabadora o mezcladora. <\/p>\n<p>F\u00e1ciles de configurar y de operar, las funciones de nivel profesional de EW-DP brindan una experiencia de usuario intuitiva tanto para usuarios novatos como experimentados. Con un notable rango din\u00e1mico de 134 dB, el transmisor puede manejar casi cualquier nivel de entrada que le arroje sin tener que preocuparse por configurar la ganancia de entrada para evitar recortes. El amplio ancho de banda de 56 MHz del receptor, la recepci\u00f3n inteligente de diversidad de conmutaci\u00f3n con dos antenas y el escaneo autom\u00e1tico con frecuencias 2240 funcionan para proporcionar un rendimiento inal\u00e1mbrico s\u00f3lido, incluso en entornos de RF desafiantes. Las funciones de Bluetooth le permiten sincronizar componentes de forma remota y cambiar la configuraci\u00f3n en su tel\u00e9fono inteligente, utilizando la aplicaci\u00f3n Smart Assist, mientras que las notificaciones inteligentes brindan soluci\u00f3n de problemas y orientaci\u00f3n del sistema. La gesti\u00f3n inteligente de la bater\u00eda ofrece un tiempo de funcionamiento prolongado en el set con hasta 12 horas en el transmisor y 7 horas en el receptor.    <\/p>\n<p><strong>El legendario sonido digital de Sennheiser con un rango din\u00e1mico ultra amplio de 134 dB<\/strong><\/p>\n<ul>\n<li>Con un notable rango din\u00e1mico de 134 dB a la entrada del transmisor, los d\u00edas de preocuparse por sobrecargar su se\u00f1al han terminado. El EW-D puede manejar una amplia gama de fuentes de sonido, desde interluctores silenciosos hasta los sonidos m\u00e1s intensos, todo sin necesidad de ning\u00fan ajuste de ganancia en el transmisor. <\/li>\n<li>Con audio digital de 24 bits y una respuesta de frecuencia plana de 20 Hz a 20 kHz, el EW-DP ofrece una reproducci\u00f3n de audio clara y precisa.<\/li>\n<\/ul>\n<p><strong>Audio inal\u00e1mbrico UHF s\u00f3lido como una roca para un rendimiento profesional<\/strong><\/p>\n<ul>\n<li>Utilizada por profesionales de todo el mundo, la transmisi\u00f3n UHF aumenta considerablemente el alcance (hasta 100 metros) y la fiabilidad de la se\u00f1al, ya que el sistema no tiene que competir con dispositivos Wi-Fi y fuentes de interferencia cotidianas similares.<\/li>\n<li>La tecnolog\u00eda de diversidad de conmutaci\u00f3n inteligente compara las se\u00f1ales recibidas en las dos antenas independientes y los circuitos receptores para ayudar a eliminar interrupciones e interferencias. El receptor cambia entre antenas solo durante los datos del encabezado para que nunca afecte la informaci\u00f3n de audio. <\/li>\n<li>La cuadr\u00edcula de ajuste equidistante del sistema elimina la necesidad de coordinaci\u00f3n de frecuencias y le permite agregar transmisores y receptores adicionales, especialmente \u00fatil cuando se utilizan varios micr\u00f3fonos inal\u00e1mbricos. al mismo tiempo en un reality show o set de filmaci\u00f3n.<\/li>\n<li>Una latencia muy baja de solo 1,9 ms te ayuda a mantener f\u00e1cilmente tu audio y video sincronizados.<\/li>\n<\/ul>\n<p><strong>Receptor montado en la c\u00e1mara con pantalla OLED y m\u00faltiples opciones de alimentaci\u00f3n<\/strong><\/p>\n<ul>\n<li>En el coraz\u00f3n del sistema se encuentra el receptor port\u00e1til compacto de un solo canal EW-DP EK, hecho pensando en la simplicidad para cineastas, vide\u00f3grafos, creadores y periodistas que trabajan en el campo sin un equipo. Una pantalla OLED frontal permite una f\u00e1cil navegaci\u00f3n por el men\u00fa y una visualizaci\u00f3n r\u00e1pida del estado del sistema en cualquier \u00e1ngulo y con cualquier luz. <\/li>\n<li>Para garantizar la tranquilidad durante largas horas en el set, el receptor puede funcionar con dos pilas AA o una bater\u00eda recargable de iones de litio BA 70 (todas incluidas). La alimentaci\u00f3n tambi\u00e9n se puede suministrar a trav\u00e9s del puerto USB, lo que le permite funcionar durante varias horas con una fuente de alimentaci\u00f3n USB o indefinidamente con acceso a CA. <\/li>\n<\/ul>\n<p><img loading=\"lazy\" decoding=\"async\" src=\"https:\/\/assets.sennheiser.com\/img\/30029\/x1_desktop_EW-DP_Product_Shot_In_Use_09.jpg\" alt=\"\" width=\"400\" height=\"350\"><\/p>\n<p><strong>Opciones de montaje vers\u00e1tiles para el receptor<\/strong><\/p>\n<ul>\n<li>Adem\u00e1s del soporte de zapata fr\u00eda con una rosca de 1\/4&#8243;-20 en la parte inferior, el receptor viene con una placa magn\u00e9tica que ofrece opciones de montaje flexibles para jaulas de c\u00e1maras y brazos accesorios.<\/li>\n<li>El sistema de montaje magn\u00e9tico le permite apilar de forma segura un segundo transmisor en la parte superior cuando est\u00e1 filmando dos personalidades en la c\u00e1mara. Sennheiser ofrece un cable combinador que le permite grabar ambos receptores en una sola entrada de c\u00e1mara de 3,5 mm. <\/li>\n<\/ul>\n<p><img loading=\"lazy\" decoding=\"async\" src=\"https:\/\/assets.sennheiser.com\/img\/30030\/x1_desktop_EW-DP_Product_Shot_In_Use_15.jpg\" alt=\"\" width=\"400\" height=\"350\"><\/p>\n<p><strong>Transmisor de mano con interruptor de silencio y c\u00e1psula<em> cardioide<\/em> MMD 835<\/strong><\/p>\n<ul>\n<li>La c\u00e1psula din\u00e1mica MMD 835 presenta un patr\u00f3n polar cardioide que ayuda a minimizar el ruido de fondo, ideal para entrevistas en c\u00e1mara y captura de di\u00e1logos aislados en entornos ruidosos.<\/li>\n<li>El robusto transmisor totalmente met\u00e1lico est\u00e1 equipado con un bot\u00f3n <em>de silencio <\/em>que se puede bloquear y reemplazar en el receptor o en un tel\u00e9fono inteligente \/ tableta durante una sesi\u00f3n.<\/li>\n<li>El transmisor se empareja r\u00e1pidamente con el receptor a trav\u00e9s de Bluetooth a una distancia de hasta 36 metros con solo presionar un bot\u00f3n.<\/li>\n<li>El transmisor de mano proporciona hasta 8 horas de funcionamiento con dos pilas AA o 12 horas con el paquete de bater\u00edas recargables de iones de litio BA 70.<\/li>\n<li>El dise\u00f1o de c\u00e1psula intercambiable del transmisor le permite utilizar una variedad de c\u00e1psulas de micr\u00f3fono din\u00e1mico y condensador opcionales, con patrones de captaci\u00f3n que van desde omnidireccional ancho hasta supercardioide estrecho: las c\u00e1psulas incluyen MMD 845, MME 865, MMD 935, MMD 945, MMD 42, MM 435, ME 9004, MD 5235, ME 5004 y Neumann KK204.  por nombrar algunos.<\/li>\n<\/ul>\n<p><strong>Controla desde tu smartphone con la aplicaci\u00f3n Smart Assist, sin necesidad de conocimientos inal\u00e1mbricos<\/strong><\/p>\n<ul>\n<li>La aplicaci\u00f3n EW-D Smart Assist (descarga gratuita disponible por separado) proporciona configuraci\u00f3n, operaci\u00f3n y monitoreo automatizados utilizando cualquier dispositivo iOS o Android a trav\u00e9s de Bluetooth. \u00bfLa coordinaci\u00f3n autom\u00e1tica de frecuencias crea conexiones inal\u00e1mbricas confiables? Para hasta 16 sistemas, no se requiere experiencia inal\u00e1mbrica.<\/li>\n<li>El acceso remoto a la configuraci\u00f3n del sistema, ya sea en la c\u00e1mara o en el dispositivo, permite realizar ajustes r\u00e1pidos y discretos en tiempo real, sin necesidad de acercar el transmisor al receptor. Si su tel\u00e9fono inteligente no est\u00e1 disponible, puede operar su sistema completamente usando los botones del receptor. <\/li>\n<\/ul>\n<p><img loading=\"lazy\" decoding=\"async\" src=\"https:\/\/assets.sennheiser.com\/img\/30031\/x1_desktop_EW-DP_Product_Shot_In_Use_47.jpg\" alt=\"\" width=\"400\" height=\"350\"><\/p>\n<p><strong>Orientaci\u00f3n cuando m\u00e1s la necesita<\/strong><\/p>\n<ul>\n<li>EW-DP es un sistema inal\u00e1mbrico que identifica problemas. Las notificaciones inteligentes proporcionan sugerencias de errores que se producen durante la configuraci\u00f3n o el funcionamiento del sistema. Si el audio tiene  &nbsp;<em>clips<\/em>, las notificaciones inteligentes sugerir\u00e1n reducir la ganancia. Cuando la bater\u00eda est\u00e9 baja, el sistema le avisar\u00e1. <\/li>\n<li>Si intenta operar con una frecuencia bloqueada, se le pedir\u00e1 que seleccione una diferente. Si el transmisor y el receptor no est\u00e1n conectados, se le pedir\u00e1 que presione sincronizar. Y si el reportero\/orador silencia accidentalmente su transmisor, se le notificar\u00e1 y tendr\u00e1 la opci\u00f3n de desactivar el  &nbsp;<em>Silenciar<\/em> de forma remota.<\/li>\n<\/ul>\n<p><strong>Descripci\u00f3n general de EW-DP ME 2 SEP<\/strong><\/p>\n<ul>\n<li>Sistema de micr\u00f3fono inal\u00e1mbrico UHF totalmente digital para aplicaciones de video<\/li>\n<li>EW-DP EK Receptor port\u00e1til de un solo canal<\/li>\n<li>Transmisor de mano EW-D SKM-S con bot\u00f3n de silencio<\/li>\n<li>C\u00e1psula de micr\u00f3fono cardioide din\u00e1mico MMD 835 intercambiable<\/li>\n<li>Ancho de banda de 56 MHz con 2240 frecuencias disponibles para flexibilidad en cualquier entorno de RF<\/li>\n<li>Rango din\u00e1mico de 134 dB l\u00edder en la industria para una transmisi\u00f3n sin distorsiones<\/li>\n<li>Latencia excepcionalmente baja (1,9 ms)<\/li>\n<li>Aplicaci\u00f3n Smart Assist para monitoreo y control (iOS\/Android)<\/li>\n<li>Bluetooth incorporado para sincronizaci\u00f3n y control<\/li>\n<li>Notificaciones inteligentes para la resoluci\u00f3n de problemas y la gu\u00eda del sistema<\/li>\n<li>Salida de auriculares de 3,5 mm en el transmisor<\/li>\n<li>La gesti\u00f3n inteligente de la bater\u00eda proporciona un tiempo de actividad optimizado<\/li>\n<li>Duraci\u00f3n prolongada de la bater\u00eda: hasta 12 horas en el transmisor, 7 horas en el receptor<\/li>\n<li>Carga externa y alimentaci\u00f3n a trav\u00e9s de USB-C (solo receptor)<\/li>\n<li>Componentes apilables magn\u00e9ticamente para un montaje vers\u00e1til<\/li>\n<\/ul>\n<p><strong>Especificaciones<\/strong>:&nbsp;<\/p>\n<p><em>Sistema<\/em><\/p>\n<ul>\n<li>Tecnolog\u00eda inal\u00e1mbrica: UHF digital<\/li>\n<li>N\u00famero de frecuencias de canal de RF: 2240<\/li>\n<li>Transmisores incluidos: 1 x micr\u00f3fono de mano<\/li>\n<li>Diversidad: Diversidad de conmutaci\u00f3n inteligente<\/li>\n<li>Ancho de banda de RF: 56 MHz<\/li>\n<li>Tama\u00f1o del paso de frecuencia: 25 kHz<\/li>\n<li>Escaneo de canales de RF: Autom\u00e1tico<\/li>\n<li>Alcance m\u00e1ximo de funcionamiento: 100 m (l\u00ednea de visi\u00f3n)<\/li>\n<li>M\u00e1ximo de transmisores por banda: 58<\/li>\n<li>Grabadora incorporada: No<\/li>\n<li>&#8211; Compatible con aplicaciones m\u00f3viles: S\u00ed: Android e iOS<\/li>\n<li>Nombre de la aplicaci\u00f3n: Sennheiser Smart Assist\n<ul>\n<li>Funcionalidad: Ajustar la configuraci\u00f3n, el control remoto, la configuraci\u00f3n<\/li>\n<li>A partir de marzo de 2023: consulte con el fabricante para obtener la compatibilidad m\u00e1s actualizada<\/li>\n<\/ul>\n<\/li>\n<\/ul>\n<ul>\n<li>Bluetooth: 5.1 LE<\/li>\n<li>Distancia de funcionamiento de Bluetooth: 36,6 m (sincronizaci\u00f3n del transmisor, control de aplicaciones)<\/li>\n<li>Frecuencia de muestreo\/resoluci\u00f3n: 24 bits<\/li>\n<li>Latencia: 1,9 ms<\/li>\n<li>Rango din\u00e1mico: 134 dB<\/li>\n<li>Cifrado: Ninguno<\/li>\n<\/ul>\n<p><em>Receptor<\/em><\/p>\n<ul>\n<li>Tipo de receptor: Soporte de c\u00e1mara<\/li>\n<li>Opciones de montaje: Clip para cintur\u00f3n, montaje en zapata, hembra de 1\/4&#8243;-20 (con hardware incluido)<\/li>\n<li>Antena: 2 varillas de onda de 1\/4, fijas<\/li>\n<li>N\u00famero de canales de audio: 1<\/li>\n<li>E\/S de audio:\n<ul>\n<li>1 x 1\/8&#8243;\/3.5mm TRS Hembra Salida No Balanceada (Bloqueable)<\/li>\n<li>1 salida de auriculares no balanceada TRS hembra de 1\/8&#8243; \/ 3,5 mm (bloqueable)<\/li>\n<\/ul>\n<\/li>\n<li>Nivel de salida de audio: 1\/8&#8243; \/ 3,5 mm Salida: 2 dBV (m\u00e1x., no balanceado)<\/li>\n<li>Respuesta en frecuencia: 20 Hz a 20 kHz \u00b13 dB<\/li>\n<li>E\/S de red: Ninguna<\/li>\n<li>E\/S de Word Clock: Ninguno<\/li>\n<li>Conectividad USB\/Lightning: 1 x USB-C hembra (alimentaci\u00f3n por bus, carga)<\/li>\n<li>Potencia de salida de RF: 10 mW (EIRP)<\/li>\n<li>Requisitos de alimentaci\u00f3n: bater\u00eda, bus de alimentaci\u00f3n (USB)<\/li>\n<li>Tipo de bater\u00eda:\n<ul>\n<li>2 x AA (incluido)<\/li>\n<li>1 x Bater\u00eda Sennheiser (incluida)<\/li>\n<\/ul>\n<\/li>\n<li>Duraci\u00f3n aproximada de la bater\u00eda: 7 horas<\/li>\n<li>Pantalla e indicadores: 1 x OLED retroiluminado (nivel de AF, frecuencia, silencio, nivel de RF, estado de la bater\u00eda del transmisor)<\/li>\n<li>Temperatura de funcionamiento: -10 a 55 \u00b0C<\/li>\n<li>Humedad de funcionamiento: 5 a 95%<\/li>\n<li>Dimensiones: 86 x 67 x 28 mm<\/li>\n<li>Peso: 140 g<\/li>\n<\/ul>\n<p><em>Transmisor<\/em><\/p>\n<ul>\n<li>Tipo de transmisor: Transmisor de mano<\/li>\n<li>Potencia de salida de RF:\n<ul>\n<li>10 mW (ERP)<\/li>\n<li>Hasta 10 mW (EIRP)<\/li>\n<\/ul>\n<\/li>\n<li>E\/S de audio: 1 entrada hembra TRS de 1\/8&#8243;\/3,5 mm (bloqueable)<\/li>\n<li>Silenciamiento: interruptor de silencio&nbsp;<\/li>\n<li>Nivel de entrada de audio: 2 a 4,35 V RMS<\/li>\n<li>Control autom\u00e1tico de nivel: No<\/li>\n<li>Respuesta de frecuencia: 20 Hz a 20 kHz<\/li>\n<li>M\u00e9todo de sincronizaci\u00f3n: Bluetooth<\/li>\n<li>Antena: Interior (de mano)<\/li>\n<li>Requisitos de energ\u00eda: Bater\u00eda<\/li>\n<li>Tipo de bater\u00eda:\n<ul>\n<li>2 x AA (incluido)<\/li>\n<li>1 x bater\u00eda Sennheiser (incluida, reemplazable)<\/li>\n<\/ul>\n<\/li>\n<li>Duraci\u00f3n aproximada de la bater\u00eda:\n<ul>\n<li>8 horas (alcalina)<\/li>\n<li>12 horas (bater\u00eda Sennheiser)<\/li>\n<\/ul>\n<\/li>\n<li>Pantalla e indicadores:\n<ul>\n<li>1 x LED (silencio)<\/li>\n<li>1 x LED (sincronizaci\u00f3n)<\/li>\n<\/ul>\n<\/li>\n<li>Caja: metal<\/li>\n<li>Dimensiones: 50 x 268 mm<\/li>\n<li>Peso: 304 g (sin pilas)<\/li>\n<\/ul>\n<p><em>Micr\u00f3fono<\/em><\/p>\n<ul>\n<li>Tipo de micr\u00f3fono: C\u00e1psula de mano<\/li>\n<li>Color: Negro<\/li>\n<li>Campo de sonido: Mono<\/li>\n<li>C\u00e1psula: Din\u00e1mica<\/li>\n<li>Patr\u00f3n polar: Cardiode&nbsp;<\/li>\n<li>Nivel de ruido equivalente: 32 dB<\/li>\n<li>SPL m\u00e1ximo: 154 dB SPL<\/li>\n<li>Sensibilidad: 2,1 mV\/Pa<\/li>\n<\/ul>\n","protected":false},"excerpt":{"rendered":"<p>SENNHEISER EW-DP 835 Juego de micr\u00f3fonos de mano Creadores de contenido, cineastas, periodistas MMD 835 C\u00e1psula de micr\u00f3fono cardioide din\u00e1mico<\/p>\n","protected":false},"featured_media":28894,"comment_status":"closed","ping_status":"open","template":"","meta":{"_acf_changed":false},"product_brand":[2567],"product_cat":[895],"product_tag":[],"class_list":{"0":"post-73719","1":"product","2":"type-product","3":"status-publish","4":"has-post-thumbnail","6":"product_brand-sennheiser-es","7":"product_cat-kits-inalambricos","9":"first","10":"instock","11":"taxable","12":"shipping-taxable","13":"purchasable","14":"product-type-simple"},"bundled_by":[],"bundle_stock_status":"instock","bundle_stock_quantity":1,"bundle_virtual":false,"bundle_layout":"","bundle_add_to_cart_form_location":"","bundle_editable_in_cart":false,"bundle_sold_individually_context":"","bundle_item_grouping":"","bundle_min_size":"","bundle_max_size":"","bundle_price":[],"bundled_items":[],"bundle_sell_ids":[],"acf":[],"_links":{"self":[{"href":"https:\/\/hi-techwonder.com\/es\/wp-json\/wp\/v2\/product\/73719","targetHints":{"allow":["GET"]}}],"collection":[{"href":"https:\/\/hi-techwonder.com\/es\/wp-json\/wp\/v2\/product"}],"about":[{"href":"https:\/\/hi-techwonder.com\/es\/wp-json\/wp\/v2\/types\/product"}],"replies":[{"embeddable":true,"href":"https:\/\/hi-techwonder.com\/es\/wp-json\/wp\/v2\/comments?post=73719"}],"wp:featuredmedia":[{"embeddable":true,"href":"https:\/\/hi-techwonder.com\/es\/wp-json\/wp\/v2\/media\/28894"}],"wp:attachment":[{"href":"https:\/\/hi-techwonder.com\/es\/wp-json\/wp\/v2\/media?parent=73719"}],"wp:term":[{"taxonomy":"product_brand","embeddable":true,"href":"https:\/\/hi-techwonder.com\/es\/wp-json\/wp\/v2\/product_brand?post=73719"},{"taxonomy":"product_cat","embeddable":true,"href":"https:\/\/hi-techwonder.com\/es\/wp-json\/wp\/v2\/product_cat?post=73719"},{"taxonomy":"product_tag","embeddable":true,"href":"https:\/\/hi-techwonder.com\/es\/wp-json\/wp\/v2\/product_tag?post=73719"}],"curies":[{"name":"wp","href":"https:\/\/api.w.org\/{rel}","templated":true}]}}