{"id":73722,"date":"2025-07-28T23:49:02","date_gmt":"2025-07-28T23:49:02","guid":{"rendered":"https:\/\/fv6qoy3ls0.wpdns.site\/product\/sennheiser-me-2-ii-microfono-de-solapa\/"},"modified":"2026-03-27T15:30:52","modified_gmt":"2026-03-27T15:30:52","slug":"sennheiser-me-2-ii-microfono-de-solapa","status":"publish","type":"product","link":"https:\/\/hi-techwonder.com\/es\/producto\/sennheiser-me-2-ii-microfono-de-solapa\/","title":{"rendered":"SENNHEISER ME 2-II Micr\u00f3fono de solapa"},"content":{"rendered":"<p><span style=\"font-size: small;\"><strong>ASPECTOS DESTACADOS DEL PRODUCTO<\/strong><\/p>\n<p><\/span><\/p>\n<ul>\n<li><span style=\"font-size: small;\">Micr\u00f3fono de solapa omnidireccional<\/span><\/li>\n<li><span style=\"font-size: small;\">Dise\u00f1o mejorado con respecto al ME 2 original<\/span><\/li>\n<li><span style=\"font-size: small;\">Carcasa m\u00e1s ligera que ME 2<\/span><\/li>\n<li><span style=\"font-size: small;\">Parabrisas integrado<\/span><\/li>\n<li><span style=\"font-size: small;\">100% compatible con sistemas de RF digitales<\/span><\/li>\n<li><span style=\"font-size: small;\">Respuesta de frecuencia de 50 Hz a 18 kHz<\/span><\/li>\n<li><span style=\"font-size: small;\">Longitud del cable de 5,2&#8242;<\/span><\/li>\n<li><span style=\"font-size: small;\">Conexi\u00f3n EW roscada de 3,5 mm<\/span><\/li>\n<li><span style=\"font-size: small;\">Para usar con AVX, XS Wireless 1 y m\u00e1s<\/span><\/li>\n<\/ul>\n<p><span style=\"font-size: small;\">&nbsp;<\/span><\/p>\n<p><span style=\"font-size: small;\">Disponible en negro, el ME 2-II de Sennheiser es un micr\u00f3fono de solapa omnidireccional dise\u00f1ado para capturar el habla y las voces. Toma conceptos que se encuentran en el ME-2 original y los ampl\u00eda, centr\u00e1ndose en la respuesta de frecuencia y ofreciendo compatibilidad total con los sistemas de transmisi\u00f3n de RF digital. Mientras que el ME-2 podr\u00eda introducir ruido si la c\u00e1psula y la antena transmisora estuvieran a m\u00e1s de 7,9&#8243; de distancia entre s\u00ed, el ME 2-II es 100% compatible con sistemas de RF digitales como el sistema inal\u00e1mbrico digital SpeechLine.  <\/p>\n<p>Adem\u00e1s, donde el ME-2 proporciona una respuesta de frecuencia de 30 Hz a 20 kHz, esta iteraci\u00f3n reduce el rango de 50 Hz a 18 kHz. El enfoque permite que la c\u00e1psula mejore a\u00fan m\u00e1s las tonalidades apropiadas, minimizando la captura de frecuencias agudamente altas e innecesariamente bajas en el contexto de la grabaci\u00f3n vocal. <\/p>\n<p>Este modelo cuenta con una carcasa m\u00e1s ligera en comparaci\u00f3n con el original, as\u00ed como un clip mejorado y un parabrisas integrado. Una longitud de cable de 5.2 pies proporciona suficiente espacio para casi cualquier situaci\u00f3n, al final de la cual se encuentra un conector EW roscado de 3.5 mm para sistemas compatibles como AVX, XS Wireless 1, XS Wireless 2 y m\u00e1s. <\/span><\/p>\n<p><span style=\"font-size: small;\">&nbsp;<\/span><\/p>\n<table style=\"box-sizing: border-box; margin: 0px 0px 35px; padding: 0px; border: 0px none; font-style: normal; font-variant-ligatures: normal; font-variant-caps: normal; font-variant-numeric: inherit; font-variant-east-asian: inherit; font-weight: 400; font-stretch: inherit; font-size: 12px; line-height: inherit; vertical-align: baseline; border-collapse: separate; border-spacing: 0px; clear: both; width: 647px; color: #595959; letter-spacing: normal; text-align: start; text-indent: 0px; text-transform: none; white-space: normal; word-spacing: 0px; -webkit-text-stroke-width: 0px; text-decoration-style: initial; text-decoration-color: initial;\" border=\"0\">\n<tbody style=\"box-sizing: border-box; margin: 0px; padding: 0px; border: 0px none; font-style: inherit; font-variant: inherit; font-weight: inherit; font-stretch: inherit; font-size: inherit; line-height: inherit; vertical-align: baseline;\">\n<tr style=\"box-sizing: border-box; margin: 0px; padding: 0px; border: 0px none; font-style: inherit; font-variant: inherit; font-weight: inherit; font-stretch: inherit; font-size: inherit; line-height: inherit; vertical-align: baseline;\">\n<td style=\"box-sizing: border-box; margin: 0px; padding: 0px 0px 20px; border-image: initial; font-style: inherit; font-variant: inherit; font-weight: inherit; font-stretch: inherit; line-height: 22px; vertical-align: baseline; text-align: left; width: 245px; border: medium 0px 1px none none solid currentcolor currentcolor #e6e7e8;\"><span style=\"font-size: small;\">Compatibilidad<\/span><\/td>\n<td style=\"box-sizing: border-box; margin: 0px; padding: 0px 0px 20px 40px; border-image: initial; font-style: inherit; font-variant: inherit; font-weight: inherit; font-stretch: inherit; line-height: 22px; vertical-align: baseline; text-align: left; border: medium 0px 1px none none solid currentcolor currentcolor #e6e7e8;\"><span style=\"font-size: small;\">AVX, evolution wireless D1, SpeechLine Digital Wireless, XS Wireless 1, XS Wireless 2<\/span><\/td>\n<\/tr>\n<tr style=\"box-sizing: border-box; margin: 0px; padding: 0px; border: 0px none; font-style: inherit; font-variant: inherit; font-weight: inherit; font-stretch: inherit; font-size: inherit; line-height: inherit; vertical-align: baseline;\">\n<td style=\"box-sizing: border-box; margin: 0px; padding: 20px 0px; border-image: initial; font-style: inherit; font-variant: inherit; font-weight: inherit; font-stretch: inherit; line-height: 22px; vertical-align: baseline; text-align: left; width: 245px; border: medium 0px 1px none none solid currentcolor currentcolor #e6e7e8;\"><span style=\"font-size: small;\">Transductor<\/span><\/td>\n<td style=\"box-sizing: border-box; margin: 0px; padding: 20px 0px 20px 40px; border-image: initial; font-style: inherit; font-variant: inherit; font-weight: inherit; font-stretch: inherit; line-height: 22px; vertical-align: baseline; text-align: left; border: medium 0px 1px none none solid currentcolor currentcolor #e6e7e8;\"><span style=\"font-size: small;\">Condensador polarizado permanente<\/span><\/td>\n<\/tr>\n<tr style=\"box-sizing: border-box; margin: 0px; padding: 0px; border: 0px none; font-style: inherit; font-variant: inherit; font-weight: inherit; font-stretch: inherit; font-size: inherit; line-height: inherit; vertical-align: baseline;\">\n<td style=\"box-sizing: border-box; margin: 0px; padding: 20px 0px; border-image: initial; font-style: inherit; font-variant: inherit; font-weight: inherit; font-stretch: inherit; line-height: 22px; vertical-align: baseline; text-align: left; width: 245px; border: medium 0px 1px none none solid currentcolor currentcolor #e6e7e8;\"><span style=\"font-size: small;\">Patr\u00f3n<\/span><\/td>\n<p> polar<\/p>\n<td style=\"box-sizing: border-box; margin: 0px; padding: 20px 0px 20px 40px; border-image: initial; font-style: inherit; font-variant: inherit; font-weight: inherit; font-stretch: inherit; line-height: 22px; vertical-align: baseline; text-align: left; border: medium 0px 1px none none solid currentcolor currentcolor #e6e7e8;\"><span style=\"font-size: small;\">Omnidireccional<\/span><\/td>\n<\/tr>\n<tr style=\"box-sizing: border-box; margin: 0px; padding: 0px; border: 0px none; font-style: inherit; font-variant: inherit; font-weight: inherit; font-stretch: inherit; font-size: inherit; line-height: inherit; vertical-align: baseline;\">\n<td style=\"box-sizing: border-box; margin: 0px; padding: 20px 0px; border-image: initial; font-style: inherit; font-variant: inherit; font-weight: inherit; font-stretch: inherit; line-height: 22px; vertical-align: baseline; text-align: left; width: 245px; border: medium 0px 1px none none solid currentcolor currentcolor #e6e7e8;\"><span style=\"font-size: small;\">Sensibilidad<\/span><\/td>\n<td style=\"box-sizing: border-box; margin: 0px; padding: 20px 0px 20px 40px; border-image: initial; font-style: inherit; font-variant: inherit; font-weight: inherit; font-stretch: inherit; line-height: 22px; vertical-align: baseline; text-align: left; border: medium 0px 1px none none solid currentcolor currentcolor #e6e7e8;\"><span style=\"font-size: small;\">20 mV\/Pa<\/span><\/td>\n<\/tr>\n<tr style=\"box-sizing: border-box; margin: 0px; padding: 0px; border: 0px none; font-style: inherit; font-variant: inherit; font-weight: inherit; font-stretch: inherit; font-size: inherit; line-height: inherit; vertical-align: baseline;\">\n<td style=\"box-sizing: border-box; margin: 0px; padding: 20px 0px; border-image: initial; font-style: inherit; font-variant: inherit; font-weight: inherit; font-stretch: inherit; line-height: 22px; vertical-align: baseline; text-align: left; width: 245px; border: medium 0px 1px none none solid currentcolor currentcolor #e6e7e8;\"><span style=\"font-size: small;\">EIN<\/span><\/td>\n<td style=\"box-sizing: border-box; margin: 0px; padding: 20px 0px 20px 40px; border-image: initial; font-style: inherit; font-variant: inherit; font-weight: inherit; font-stretch: inherit; line-height: 22px; vertical-align: baseline; text-align: left; border: medium 0px 1px none none solid currentcolor currentcolor #e6e7e8;\"><span style=\"font-size: small;\">36 dB<\/span><\/td>\n<\/tr>\n<tr style=\"box-sizing: border-box; margin: 0px; padding: 0px; border: 0px none; font-style: inherit; font-variant: inherit; font-weight: inherit; font-stretch: inherit; font-size: inherit; line-height: inherit; vertical-align: baseline;\">\n<td style=\"box-sizing: border-box; margin: 0px; padding: 20px 0px; border-image: initial; font-style: inherit; font-variant: inherit; font-weight: inherit; font-stretch: inherit; line-height: 22px; vertical-align: baseline; text-align: left; width: 245px; border: medium 0px 1px none none solid currentcolor currentcolor #e6e7e8;\"><span style=\"font-size: small;\">SPL m\u00e1ximo<\/span><\/td>\n<td style=\"box-sizing: border-box; margin: 0px; padding: 20px 0px 20px 40px; border-image: initial; font-style: inherit; font-variant: inherit; font-weight: inherit; font-stretch: inherit; line-height: 22px; vertical-align: baseline; text-align: left; border: medium 0px 1px none none solid currentcolor currentcolor #e6e7e8;\"><span style=\"font-size: small;\">130 dB<\/span><\/td>\n<\/tr>\n<tr style=\"box-sizing: border-box; margin: 0px; padding: 0px; border: 0px none; font-style: inherit; font-variant: inherit; font-weight: inherit; font-stretch: inherit; font-size: inherit; line-height: inherit; vertical-align: baseline;\">\n<td style=\"box-sizing: border-box; margin: 0px; padding: 20px 0px; border-image: initial; font-style: inherit; font-variant: inherit; font-weight: inherit; font-stretch: inherit; line-height: 22px; vertical-align: baseline; text-align: left; width: 245px; border: medium 0px 1px none none solid currentcolor currentcolor #e6e7e8;\"><span style=\"font-size: small;\">Voltaje de funcionamiento<\/span><\/td>\n<td style=\"box-sizing: border-box; margin: 0px; padding: 20px 0px 20px 40px; border-image: initial; font-style: inherit; font-variant: inherit; font-weight: inherit; font-stretch: inherit; line-height: 22px; vertical-align: baseline; text-align: left; border: medium 0px 1px none none solid currentcolor currentcolor #e6e7e8;\"><span style=\"font-size: small;\">7,5 V<\/span><\/td>\n<\/tr>\n<tr style=\"box-sizing: border-box; margin: 0px; padding: 0px; border: 0px none; font-style: inherit; font-variant: inherit; font-weight: inherit; font-stretch: inherit; font-size: inherit; line-height: inherit; vertical-align: baseline;\">\n<td style=\"box-sizing: border-box; margin: 0px; padding: 20px 0px; border-image: initial; font-style: inherit; font-variant: inherit; font-weight: inherit; font-stretch: inherit; line-height: 22px; vertical-align: baseline; text-align: left; width: 245px; border: medium 0px 1px none none solid currentcolor currentcolor #e6e7e8;\"><span style=\"font-size: small;\">Respuesta de<\/span><\/td>\n<p> frecuencia<\/p>\n<td style=\"box-sizing: border-box; margin: 0px; padding: 20px 0px 20px 40px; border-image: initial; font-style: inherit; font-variant: inherit; font-weight: inherit; font-stretch: inherit; line-height: 22px; vertical-align: baseline; text-align: left; border: medium 0px 1px none none solid currentcolor currentcolor #e6e7e8;\"><span style=\"font-size: small;\">De 50 Hz a 18 kHz<\/span><\/td>\n<\/tr>\n<tr style=\"box-sizing: border-box; margin: 0px; padding: 0px; border: 0px none; font-style: inherit; font-variant: inherit; font-weight: inherit; font-stretch: inherit; font-size: inherit; line-height: inherit; vertical-align: baseline;\">\n<td style=\"box-sizing: border-box; margin: 0px; padding: 20px 0px; border-image: initial; font-style: inherit; font-variant: inherit; font-weight: inherit; font-stretch: inherit; line-height: 22px; vertical-align: baseline; text-align: left; width: 245px; border: medium 0px 1px none none solid currentcolor currentcolor #e6e7e8;\"><span style=\"font-size: small;\">Conector<\/span><\/td>\n<td style=\"box-sizing: border-box; margin: 0px; padding: 20px 0px 20px 40px; border-image: initial; font-style: inherit; font-variant: inherit; font-weight: inherit; font-stretch: inherit; line-height: 22px; vertical-align: baseline; text-align: left; border: medium 0px 1px none none solid currentcolor currentcolor #e6e7e8;\"><span style=\"font-size: small;\">Conector roscado EW de 3,5 mm<\/span><\/td>\n<\/tr>\n<tr style=\"box-sizing: border-box; margin: 0px; padding: 0px; border: 0px none; font-style: inherit; font-variant: inherit; font-weight: inherit; font-stretch: inherit; font-size: inherit; line-height: inherit; vertical-align: baseline;\">\n<td style=\"box-sizing: border-box; margin: 0px; padding: 20px 0px; border-image: initial; font-style: inherit; font-variant: inherit; font-weight: inherit; font-stretch: inherit; line-height: 22px; vertical-align: baseline; text-align: left; width: 245px; border: medium 0px 1px none none solid currentcolor currentcolor #e6e7e8;\"><span style=\"font-size: small;\">Parabrisas<\/span><\/td>\n<td style=\"box-sizing: border-box; margin: 0px; padding: 20px 0px 20px 40px; border-image: initial; font-style: inherit; font-variant: inherit; font-weight: inherit; font-stretch: inherit; line-height: 22px; vertical-align: baseline; text-align: left; border: medium 0px 1px none none solid currentcolor currentcolor #e6e7e8;\"><span style=\"font-size: small;\">Integrado, fijo<\/span><\/td>\n<\/tr>\n<tr style=\"box-sizing: border-box; margin: 0px; padding: 0px; border: 0px none; font-style: inherit; font-variant: inherit; font-weight: inherit; font-stretch: inherit; font-size: inherit; line-height: inherit; vertical-align: baseline;\">\n<td style=\"box-sizing: border-box; margin: 0px; padding: 20px 0px; border-image: initial; font-style: inherit; font-variant: inherit; font-weight: inherit; font-stretch: inherit; line-height: 22px; vertical-align: baseline; text-align: left; width: 245px; border: medium 0px 1px none none solid currentcolor currentcolor #e6e7e8;\"><span style=\"font-size: small;\">RF<\/span><\/td>\n<td style=\"box-sizing: border-box; margin: 0px; padding: 20px 0px 20px 40px; border-image: initial; font-style: inherit; font-variant: inherit; font-weight: inherit; font-stretch: inherit; line-height: 22px; vertical-align: baseline; text-align: left; border: medium 0px 1px none none solid currentcolor currentcolor #e6e7e8;\"><span style=\"font-size: small;\">Compatibilidad con RF 100% compatible<\/span><\/td>\n<\/tr>\n<tr style=\"box-sizing: border-box; margin: 0px; padding: 0px; border: 0px none; font-style: inherit; font-variant: inherit; font-weight: inherit; font-stretch: inherit; font-size: inherit; line-height: inherit; vertical-align: baseline;\">\n<td style=\"box-sizing: border-box; margin: 0px; padding: 20px 0px; border-image: initial; font-style: inherit; font-variant: inherit; font-weight: inherit; font-stretch: inherit; line-height: 22px; vertical-align: baseline; text-align: left; width: 245px; border: medium 0px 1px none none solid currentcolor currentcolor #e6e7e8;\"><span style=\"font-size: small;\">Longitud del cable<\/span><\/td>\n<td style=\"box-sizing: border-box; margin: 0px; padding: 20px 0px 20px 40px; border-image: initial; font-style: inherit; font-variant: inherit; font-weight: inherit; font-stretch: inherit; line-height: 22px; vertical-align: baseline; text-align: left; border: medium 0px 1px none none solid currentcolor currentcolor #e6e7e8;\"><span style=\"font-size: small;\">5,2&#8242; \/ 1,6 m<\/span><\/td>\n<\/tr>\n<tr style=\"box-sizing: border-box; margin: 0px; padding: 0px; border: 0px none; font-style: inherit; font-variant: inherit; font-weight: inherit; font-stretch: inherit; font-size: inherit; line-height: inherit; vertical-align: baseline;\">\n<td style=\"box-sizing: border-box; margin: 0px; padding: 20px 0px; border-image: initial; font-style: inherit; font-variant: inherit; font-weight: inherit; font-stretch: inherit; line-height: 22px; vertical-align: baseline; text-align: left; width: 245px; border: medium 0px 1px none none solid currentcolor currentcolor #e6e7e8;\"><span style=\"font-size: small;\">Di\u00e1metro<\/span><\/td>\n<td style=\"box-sizing: border-box; margin: 0px; padding: 20px 0px 20px 40px; border-image: initial; font-style: inherit; font-variant: inherit; font-weight: inherit; font-stretch: inherit; line-height: 22px; vertical-align: baseline; text-align: left; border: medium 0px 1px none none solid currentcolor currentcolor #e6e7e8;\"><span style=\"font-size: small;\">0,4&#8243; \/ 10,5 mm<\/span><\/td>\n<\/tr>\n<\/tbody>\n<\/table>\n","protected":false},"excerpt":{"rendered":"<p>ASPECTOS DESTACADOS DEL PRODUCTO Micr\u00f3fono de solapa omnidireccional Dise\u00f1o mejorado con respecto al ME 2 original Carcasa m\u00e1s ligera que<\/p>\n","protected":false},"featured_media":28267,"comment_status":"closed","ping_status":"open","template":"","meta":{"_acf_changed":false},"product_brand":[2567],"product_cat":[896],"product_tag":[],"class_list":{"0":"post-73722","1":"product","2":"type-product","3":"status-publish","4":"has-post-thumbnail","6":"product_brand-sennheiser-es","7":"product_cat-solapa","9":"first","10":"onbackorder","11":"taxable","12":"shipping-taxable","13":"purchasable","14":"product-type-simple"},"bundled_by":[],"bundle_stock_status":"onbackorder","bundle_stock_quantity":null,"bundle_virtual":false,"bundle_layout":"","bundle_add_to_cart_form_location":"","bundle_editable_in_cart":false,"bundle_sold_individually_context":"","bundle_item_grouping":"","bundle_min_size":"","bundle_max_size":"","bundle_price":[],"bundled_items":[],"bundle_sell_ids":[],"acf":[],"_links":{"self":[{"href":"https:\/\/hi-techwonder.com\/es\/wp-json\/wp\/v2\/product\/73722","targetHints":{"allow":["GET"]}}],"collection":[{"href":"https:\/\/hi-techwonder.com\/es\/wp-json\/wp\/v2\/product"}],"about":[{"href":"https:\/\/hi-techwonder.com\/es\/wp-json\/wp\/v2\/types\/product"}],"replies":[{"embeddable":true,"href":"https:\/\/hi-techwonder.com\/es\/wp-json\/wp\/v2\/comments?post=73722"}],"wp:featuredmedia":[{"embeddable":true,"href":"https:\/\/hi-techwonder.com\/es\/wp-json\/wp\/v2\/media\/28267"}],"wp:attachment":[{"href":"https:\/\/hi-techwonder.com\/es\/wp-json\/wp\/v2\/media?parent=73722"}],"wp:term":[{"taxonomy":"product_brand","embeddable":true,"href":"https:\/\/hi-techwonder.com\/es\/wp-json\/wp\/v2\/product_brand?post=73722"},{"taxonomy":"product_cat","embeddable":true,"href":"https:\/\/hi-techwonder.com\/es\/wp-json\/wp\/v2\/product_cat?post=73722"},{"taxonomy":"product_tag","embeddable":true,"href":"https:\/\/hi-techwonder.com\/es\/wp-json\/wp\/v2\/product_tag?post=73722"}],"curies":[{"name":"wp","href":"https:\/\/api.w.org\/{rel}","templated":true}]}}