{"id":73724,"date":"2025-07-29T09:39:44","date_gmt":"2025-07-29T09:39:44","guid":{"rendered":"https:\/\/fv6qoy3ls0.wpdns.site\/product\/sigma-105mm-f-1-4-dg-hsm-art-sony-e\/"},"modified":"2026-04-08T18:00:12","modified_gmt":"2026-04-08T17:00:12","slug":"sigma-105mm-f-1-4-dg-hsm-art-sony-e","status":"publish","type":"product","link":"https:\/\/hi-techwonder.com\/es\/producto\/sigma-105mm-f-1-4-dg-hsm-art-sony-e\/","title":{"rendered":"SIGMA 105mm f\/1.4 DG HSM Art Sony E"},"content":{"rendered":"<p><span style=\"font-size: small;\"><strong>ASPECTOS DESTACADOS DEL PRODUCTO<\/strong><br \/><\/span><\/p>\n<p><span style=\"font-size: small;\"> <\/span><\/p>\n<ul>\n<li><span style=\"font-size: small;\">Lente con montura E\/formato de fotograma completo<\/span><\/li>\n<li> <span style=\"font-size: small;\">Rango de apertura: f\/1.4 a f\/16<\/span><\/li>\n<li> <span style=\"font-size: small;\">Tres elementos FLD, dos elementos SLD<\/span><\/li>\n<li> <span style=\"font-size: small;\">Un elemento asf\u00e9rico<\/span><\/li>\n<li> <span style=\"font-size: small;\">Recubrimiento s\u00faper multicapa<\/span><\/li>\n<li> <span style=\"font-size: small;\">Motor AF hipers\u00f3nico, anulaci\u00f3n manual<\/span><\/li>\n<li> <span style=\"font-size: small;\">Forro frontal protector resistente a la intemperie<\/span><\/li>\n<li> <span style=\"font-size: small;\">Diafragma redondeado de 9 hojas<\/span><\/li>\n<li> <span style=\"font-size: small;\">Pie de tr\u00edpode giratorio tipo Arca extra\u00edble<\/span><\/li>\n<li> <span style=\"font-size: small;\">Compatible con Sigma USB Dock<\/span><\/li>\n<\/ul>\n<p><span style=\"font-size: small;\"> <\/span><\/p>\n<div><span style=\"font-size: small;\"><br \/><\/span><\/div>\n<p><span style=\"font-size: small;\"> <\/span><\/p>\n<div><span style=\"font-size: small;\">Con un enfoque de dise\u00f1o sin restricciones, el Sony E-mount 105mm f\/1.4 DG HSM Art Lens de Sigma es un teleobjetivo corto de longitud vertical que se distingue por su brillante apertura m\u00e1xima y su dise\u00f1o \u00f3ptico avanzado. El r\u00e1pido dise\u00f1o de f\/1.4 beneficia enormemente el trabajo en condiciones de poca luz y tambi\u00e9n le brinda un amplio control sobre la profundidad de campo para aislar sujetos y trabajar con enfoque selectivo. Como parte de la l\u00ednea de lentes Art, esta lente tambi\u00e9n est\u00e1 dise\u00f1ada para una representaci\u00f3n de alta resoluci\u00f3n y utiliza vidrio FLD y SLD para controlar las aberraciones crom\u00e1ticas y las franjas de color para una claridad notable. Un recubrimiento s\u00faper multicapa tambi\u00e9n mejora la calidad de la imagen al suprimir el destello de la lente y las im\u00e1genes fantasma para mejorar el contraste y la fidelidad del color en condiciones de iluminaci\u00f3n intensa. Adem\u00e1s, un diafragma redondeado de nueve hojas contribuye a una agradable calidad de bokeh.    <\/p>\n<p>  Complementando las capacidades de imagen, el objetivo cuenta con un motor Hyper Sonic para producir un rendimiento de enfoque autom\u00e1tico r\u00e1pido, suave y silencioso con anulaci\u00f3n de enfoque manual a tiempo completo. El dise\u00f1o f\u00edsico utiliza material compuesto t\u00e9rmicamente estable para mayor durabilidad en una amplia variedad de entornos, y un montaje de bayoneta de lat\u00f3n tambi\u00e9n ofrece rigidez y precisi\u00f3n de montaje. Para trabajar en la parte superior de un tr\u00edpode, tambi\u00e9n se incluye un collar de tr\u00edpode extra\u00edble y cuenta con un pie compatible con tipo Arka para una amplia compatibilidad de montaje.  <\/p>\n<p><\/span><\/p>\n<ul>\n<li> <span style=\"font-size: small;\">Como parte de la l\u00ednea Art dentro de la serie Global Vision de Sigma, este lenins est\u00e1 dise\u00f1ado para lograr un rendimiento \u00f3ptico verdaderamente notable y es ideal para aplicaciones creativas y art\u00edsticas.<\/span><\/li>\n<li> <span style=\"font-size: small;\">Teleobjetivo fijo corto, este objetivo de 105 mm f\/1,4 est\u00e1 dise\u00f1ado para c\u00e1maras mirrorless de fotograma completo con montura E de Sony, pero tambi\u00e9n se puede utilizar con los modelos APS-C, donde proporcionar\u00e1 una distancia focal equivalente a 157,5 mm.<\/span><\/li>\n<li> <span style=\"font-size: small;\">La impresionante apertura m\u00e1xima de f\/1.4 es adecuada para trabajar en condiciones de poca luz y tambi\u00e9n proporciona un mayor control sobre la posici\u00f3n de enfoque cuando se utilizan t\u00e9cnicas de poca profundidad de campo.<\/span><\/li>\n<li> <span style=\"font-size: small;\">Tres elementos F de baja dispersi\u00f3n (FLD) y dos elementos especiales de baja dispersi\u00f3n (SLD) se presentan en el dise\u00f1o \u00f3ptico y ayudan a reducir las franjas de color y las aberraciones crom\u00e1ticas para mejorar la claridad y precisi\u00f3n del color.<\/span><\/li>\n<li> <span style=\"font-size: small;\">Se utiliza un elemento asf\u00e9rico para ayudar a limitar la distorsi\u00f3n y las aberraciones esf\u00e9ricas, y tambi\u00e9n contribuye a una mayor nitidez general y una representaci\u00f3n precisa.<\/span><\/li>\n<li> <span style=\"font-size: small;\">El gran frente de 105 mm de di\u00e1metro contribuye a mejorar la iluminaci\u00f3n perif\u00e9rica para reducir el vi\u00f1eteado.<\/span><\/li>\n<li> <span style=\"font-size: small;\">Se ha aplicado un recubrimiento s\u00faper multicapa a los elementos de la lente para minimizar los destellos y las im\u00e1genes fantasma de la lente y contribuir a la producci\u00f3n de im\u00e1genes ricas en contraste y de color neutro, incluso en condiciones de contraluz.<\/span><\/li>\n<li> <span style=\"font-size: small;\">El diafragma redondeado de nueve hojas contribuye a una calidad de bokeh suave y agradable.<\/span><\/li>\n<li> <span style=\"font-size: small;\">El HSM (motor hipers\u00f3nico) incorporado ofrece un enfoque autom\u00e1tico r\u00e1pido y silencioso, que se complementa con un algoritmo AF optimizado para producir un rendimiento de enfoque m\u00e1s suave. El HSM tambi\u00e9n permite el control de enfoque manual a tiempo completo simplemente girando el anillo de enfoque en cualquier momento. <\/span><\/li>\n<li> <span style=\"font-size: small;\">El mecanismo de apertura electromagn\u00e9tico especializado proporciona una mayor estabilidad en el control de la exposici\u00f3n, lo que es especialmente beneficioso cuando se trabaja con altas velocidades de disparo continuo.<\/span><\/li>\n<li> <span style=\"font-size: small;\">La lente est\u00e1 construida con un material compuesto t\u00e9rmicamente estable (TSC), junto con metales tradicionales, para una mayor precisi\u00f3n y uso en amplios rangos de temperatura.<\/span><\/li>\n<li> <span style=\"font-size: small;\">La montura de bayoneta est\u00e1 construida de lat\u00f3n para garantizar precisi\u00f3n y durabilidad. Adem\u00e1s, el sello de goma est\u00e1 incorporado en el dise\u00f1o del soporte para hacerlo resistente al polvo y las salpicaduras. <\/span><\/li>\n<li> <span style=\"font-size: small;\">La capa protectora se ha aplicado al elemento frontal y es repelente al agua y al aceite para ayudar con la limpieza.<\/span><\/li>\n<li> <span style=\"font-size: small;\">El collar de tr\u00edpode giratorio incluido cuenta con un pie compatible con tipo Arca para un uso continuo en la parte superior de un tr\u00edpode o monopie. Este collar tambi\u00e9n se puede quitar de la lente y una cubierta protectora lo reemplaza, para un uso port\u00e1til m\u00e1s c\u00f3modo. <\/span><\/li>\n<li> <span style=\"font-size: small;\">El parasol est\u00e1 construido con un pl\u00e1stico reforzado con fibra de carbono para seguir siendo liviano y excepcionalmente duradero.<\/span><\/li>\n<li> <span style=\"font-size: small;\">Esta lente es compatible con la base USB Sigma opcional para ajustar diferentes caracter\u00edsticas de la lente y actualizar su firmware.<\/span><\/li>\n<\/ul>\n<\/div>\n<p><span style=\"font-size: small;\"> <\/span><\/p>\n<div><span style=\"font-size: small;\"><br \/><\/span><\/div>\n<p><span style=\"font-size: small;\"> <\/span><\/p>\n<div>\n<p style=\"margin-bottom: 0cm;\"><span style=\"font-size: small;\">&nbsp;<\/span><\/p>\n<p><span style=\"font-size: small;\"> <\/span><\/p>\n<table style=\"width: 463px;\" border=\"0\" cellspacing=\"0\" cellpadding=\"2\">\n<colgroup>\n<col width=\"241\"><\/col>\n<\/colgroup>\n<colgroup>\n<col width=\"214\"><\/col>\n<\/colgroup>\n<tbody>\n<tr>\n<th colspan=\"2\" width=\"459\">\n<p style=\"border: none; padding: 0cm; font-style: normal; font-weight: normal;\"> <span style=\"font-size: small;\"><a name=\"11011\"><\/a>interino<\/span> <\/p>\n<\/th>\n<\/tr>\n<tr>\n<td width=\"241\">\n<p style=\"border-top: none; border-bottom: 1px solid #e6e7e8; border-left: none; border-right: none; padding-top: 0cm; padding-bottom: 0.53cm; padding-left: 0cm; padding-right: 0cm;\"> <span style=\"font-size: small;\">Distancia focal<\/span> <\/p>\n<\/td>\n<td width=\"214\">\n<p style=\"border-top: none; border-bottom: 1px solid #e6e7e8; border-left: none; border-right: none; padding-top: 0cm; padding-bottom: 0.53cm; padding-left: 0cm; padding-right: 0cm;\"> <span style=\"font-size: small;\">105 mil\u00edmetros<\/span> <\/p>\n<\/td>\n<\/tr>\n<tr>\n<td width=\"241\">\n<p style=\"border-top: none; border-bottom: 1px solid #e6e7e8; border-left: none; border-right: none; padding-top: 0cm; padding-bottom: 0.53cm; padding-left: 0cm; padding-right: 0cm;\"> <span style=\"font-size: small;\">Abertura<\/span> <\/p>\n<\/td>\n<td width=\"214\">\n<p style=\"border-top: none; border-bottom: 1px solid #e6e7e8; border-left: none; border-right: none; padding-top: 0cm; padding-bottom: 0.53cm; padding-left: 0cm; padding-right: 0cm;\"> <span style=\"font-size: small;\">M\u00e1ximo: f\/1.4<br \/> M\u00ednimo: f\/16<\/span> <\/p>\n<\/td>\n<\/tr>\n<tr>\n<td width=\"241\">\n<p style=\"border-top: none; border-bottom: 1px solid #e6e7e8; border-left: none; border-right: none; padding-top: 0cm; padding-bottom: 0.53cm; padding-left: 0cm; padding-right: 0cm;\"> <span style=\"font-size: small;\">Tipo de montaje de la c\u00e1mara<\/span><\/p>\n<\/td>\n<td width=\"214\"> <span style=\"font-size: small;\">Sony E<\/span> <\/td>\n<\/tr>\n<tr>\n<td width=\"241\">\n<p style=\"border-top: none; border-bottom: 1px solid #e6e7e8; border-left: none; border-right: none; padding-top: 0cm; padding-bottom: 0.53cm; padding-left: 0cm; padding-right: 0cm;\"> <span style=\"font-size: small;\">Compatibilidad de formatos<\/span> <\/p>\n<\/td>\n<td width=\"214\">\n<p style=\"border-top: none; border-bottom: 1px solid #e6e7e8; border-left: none; border-right: none; padding-top: 0cm; padding-bottom: 0.53cm; padding-left: 0cm; padding-right: 0cm;\"> <span style=\"font-size: small;\">Pel\u00edcula de 35 mm \/ sensor digital de fotograma completo<\/span> <\/p>\n<\/td>\n<\/tr>\n<tr>\n<td width=\"241\">\n<p style=\"border-top: none; border-bottom: 1px solid #e6e7e8; border-left: none; border-right: none; padding-top: 0cm; padding-bottom: 0.53cm; padding-left: 0cm; padding-right: 0cm;\"> <span style=\"font-size: small;\">\u00c1ngulo<\/span> <\/p>\n<\/td>\n<td width=\"214\">\n<p style=\"border-top: none; border-bottom: 1px solid #e6e7e8; border-left: none; border-right: none; padding-top: 0cm; padding-bottom: 0.53cm; padding-left: 0cm; padding-right: 0cm;\"> <span style=\"font-size: small;\">23,3\u00b0<\/span> <\/p>\n<\/td>\n<\/tr>\n<tr>\n<td width=\"241\">\n<p style=\"border-top: none; border-bottom: 1px solid #e6e7e8; border-left: none; border-right: none; padding-top: 0cm; padding-bottom: 0.53cm; padding-left: 0cm; padding-right: 0cm;\"> <span style=\"font-size: small;\">Distancia m\u00ednima de enfoque<\/span> <\/p>\n<\/td>\n<td width=\"214\">\n<p style=\"border-top: none; border-bottom: 1px solid #e6e7e8; border-left: none; border-right: none; padding-top: 0cm; padding-bottom: 0.53cm; padding-left: 0cm; padding-right: 0cm;\"> <span style=\"font-size: small;\">3,28&#8242; \/ 1 m<\/span> <\/p>\n<\/td>\n<\/tr>\n<tr>\n<td width=\"241\">\n<p style=\"border-top: none; border-bottom: 1px solid #e6e7e8; border-left: none; border-right: none; padding-top: 0cm; padding-bottom: 0.53cm; padding-left: 0cm; padding-right: 0cm;\"> <span style=\"font-size: small;\">Ampliaci\u00f3n<\/span> <\/p>\n<\/td>\n<td width=\"214\">\n<p style=\"border-top: none; border-bottom: 1px solid #e6e7e8; border-left: none; border-right: none; padding-top: 0cm; padding-bottom: 0.53cm; padding-left: 0cm; padding-right: 0cm;\"> <span style=\"font-size: small;\">0,12 veces<\/span> <\/p>\n<\/td>\n<\/tr>\n<tr>\n<td width=\"241\">\n<p style=\"border-top: none; border-bottom: 1px solid #e6e7e8; border-left: none; border-right: none; padding-top: 0cm; padding-bottom: 0.53cm; padding-left: 0cm; padding-right: 0cm;\"> <span style=\"font-size: small;\">Velocidad m\u00e1xima de reproducci\u00f3n<\/span> <\/p>\n<\/td>\n<td width=\"214\">\n<p style=\"border-top: none; border-bottom: 1px solid #e6e7e8; border-left: none; border-right: none; padding-top: 0cm; padding-bottom: 0.53cm; padding-left: 0cm; padding-right: 0cm;\"> <span style=\"font-size: small;\">1:8.3<\/span> <\/p>\n<\/td>\n<\/tr>\n<tr>\n<td width=\"241\">\n<p style=\"border-top: none; border-bottom: 1px solid #e6e7e8; border-left: none; border-right: none; padding-top: 0cm; padding-bottom: 0.53cm; padding-left: 0cm; padding-right: 0cm;\"> <span style=\"font-size: small;\">Dise\u00f1o \u00f3ptico<\/span> <\/p>\n<\/td>\n<td width=\"214\">\n<p style=\"border-top: none; border-bottom: 1px solid #e6e7e8; border-left: none; border-right: none; padding-top: 0cm; padding-bottom: 0.53cm; padding-left: 0cm; padding-right: 0cm;\"> <span style=\"font-size: small;\">17 elementos en 12 grupos<\/span> <\/p>\n<\/td>\n<\/tr>\n<tr>\n<td width=\"241\">\n<p style=\"border-top: none; border-bottom: 1px solid #e6e7e8; border-left: none; border-right: none; padding-top: 0cm; padding-bottom: 0.53cm; padding-left: 0cm; padding-right: 0cm;\"> <span style=\"font-size: small;\">Hojas de diafragma<\/span> <\/p>\n<\/td>\n<td width=\"214\">\n<p style=\"border-top: none; border-bottom: 1px solid #e6e7e8; border-left: none; border-right: none; padding-top: 0cm; padding-bottom: 0.53cm; padding-left: 0cm; padding-right: 0cm;\"> <span style=\"font-size: small;\">9, redondeado<\/span><\/p>\n<\/td>\n<\/tr>\n<\/tbody>\n<\/table>\n<p><span style=\"font-size: small;\"> <\/span><\/p>\n<table style=\"width: 324px;\" border=\"0\" cellspacing=\"0\" cellpadding=\"2\">\n<colgroup>\n<col width=\"107\"><\/col>\n<\/colgroup>\n<colgroup>\n<col width=\"209\"><\/col>\n<\/colgroup>\n<tbody>\n<tr>\n<th colspan=\"2\" width=\"320\">\n<p style=\"border: none; padding: 0cm; font-style: normal; font-weight: normal;\"> <span style=\"font-size: small;\"><a name=\"23001\"><\/a>Recursos<\/span> <\/p>\n<\/th>\n<\/tr>\n<tr>\n<td width=\"107\">\n<p style=\"border-top: none; border-bottom: 1px solid #e6e7e8; border-left: none; border-right: none; padding-top: 0cm; padding-bottom: 0.53cm; padding-left: 0cm; padding-right: 0cm;\"> <span style=\"font-size: small;\">Autom\u00e1tico<\/span> <\/p>\n<\/td>\n<td width=\"209\">\n<p style=\"border-top: none; border-bottom: 1px solid #e6e7e8; border-left: none; border-right: none; padding-top: 0cm; padding-bottom: 0.53cm; padding-left: 0cm; padding-right: 0cm;\"> <span style=\"font-size: small;\">S\u00ed<\/span> <\/p>\n<\/td>\n<\/tr>\n<tr>\n<td width=\"107\">\n<p style=\"border-top: none; border-bottom: 1px solid #e6e7e8; border-left: none; border-right: none; padding-top: 0cm; padding-bottom: 0.53cm; padding-left: 0cm; padding-right: 0cm;\"> <span style=\"font-size: small;\">Collar de tr\u00edpode<\/span> <\/p>\n<\/td>\n<td width=\"209\">\n<p style=\"border-top: none; border-bottom: 1px solid #e6e7e8; border-left: none; border-right: none; padding-top: 0cm; padding-bottom: 0.53cm; padding-left: 0cm; padding-right: 0cm;\"> <span style=\"font-size: small;\">S\u00ed Extra\u00edble &#8211; giratorio<\/span><\/p>\n<\/td>\n<\/tr>\n<\/tbody>\n<\/table>\n<p><span style=\"font-size: small;\"> <\/span><\/p>\n<table style=\"width: 482px;\" border=\"0\" cellspacing=\"0\" cellpadding=\"2\">\n<colgroup>\n<col width=\"147\"><\/col>\n<\/colgroup>\n<colgroup>\n<col width=\"327\"><\/col>\n<\/colgroup>\n<tbody>\n<tr>\n<th colspan=\"2\" width=\"478\">\n<p style=\"border: none; padding: 0cm; font-style: normal; font-weight: normal;\"> <span style=\"font-size: small;\"><a name=\"11501\"><\/a>F\u00edsico<\/span> <\/p>\n<\/th>\n<\/tr>\n<tr>\n<td width=\"147\">\n<p style=\"border-top: none; border-bottom: 1px solid #e6e7e8; border-left: none; border-right: none; padding-top: 0cm; padding-bottom: 0.53cm; padding-left: 0cm; padding-right: 0cm;\"> <span style=\"font-size: small;\">Tema de filtro<\/span> <\/p>\n<\/td>\n<td width=\"327\">\n<p style=\"border-top: none; border-bottom: 1px solid #e6e7e8; border-left: none; border-right: none; padding-top: 0cm; padding-bottom: 0.53cm; padding-left: 0cm; padding-right: 0cm;\"> <span style=\"font-size: small;\">Frontal: 105 mm<\/span> <\/p>\n<\/td>\n<\/tr>\n<tr>\n<td width=\"147\">\n<p style=\"border-top: none; border-bottom: 1px solid #e6e7e8; border-left: none; border-right: none; padding-top: 0cm; padding-bottom: 0.53cm; padding-left: 0cm; padding-right: 0cm;\"> <span style=\"font-size: small;\">Dimensiones (DxL)<\/span> <\/p>\n<\/td>\n<td width=\"327\">\n<p style=\"border-top: none; border-bottom: 1px solid #e6e7e8; border-left: none; border-right: none; padding-top: 0cm; padding-bottom: 0.53cm; padding-left: 0cm; padding-right: 0cm;\"> <span style=\"font-size: small;\">Aproximadamente. 4,56 x 5,18&#8243; \/ 115,9 x 131,5 mm <\/span> <\/p>\n<\/td>\n<\/tr>\n<tr>\n<td width=\"147\">\n<p style=\"border-top: none; border-bottom: 1px solid #e6e7e8; border-left: none; border-right: none; padding-top: 0cm; padding-bottom: 0.53cm; padding-left: 0cm; padding-right: 0cm;\"> <span style=\"font-size: small;\">Peso<\/span> <\/p>\n<\/td>\n<td width=\"327\">\n<p style=\"border-top: none; border-bottom: 1px solid #e6e7e8; border-left: none; border-right: none; padding-top: 0cm; padding-bottom: 0.53cm; padding-left: 0cm; padding-right: 0cm;\"> <span style=\"font-size: small;\">3,62 lb \/ 1,64 kg<\/span><\/p>\n<\/td>\n<\/tr>\n<\/tbody>\n<\/table>\n<p style=\"margin-bottom: 0cm;\"> <span style=\"font-size: small;\">&nbsp;<\/span><\/p>\n<\/div>\n<p><span style=\"font-size: small;\"> <\/span><\/p>\n<div><span style=\"font-size: small;\"><br \/><\/span><\/div>\n","protected":false},"excerpt":{"rendered":"<p>ASPECTOS DESTACADOS DEL PRODUCTO Lente con montura E\/formato de fotograma completo Rango de apertura: f\/1.4 a f\/16 Tres elementos FLD,<\/p>\n","protected":false},"featured_media":52013,"comment_status":"closed","ping_status":"open","template":"","meta":{"_acf_changed":false},"product_brand":[2647],"product_cat":[1062],"product_tag":[],"class_list":{"0":"post-73724","1":"product","2":"type-product","3":"status-publish","4":"has-post-thumbnail","6":"product_brand-sigma-es","7":"product_cat-mirrorless-objectivos","8":"pa_abertura-maxima-f-1-4-es","10":"first","11":"onbackorder","12":"taxable","13":"shipping-taxable","14":"purchasable","15":"product-type-simple"},"bundled_by":[],"bundle_stock_status":"onbackorder","bundle_stock_quantity":null,"bundle_virtual":false,"bundle_layout":"","bundle_add_to_cart_form_location":"","bundle_editable_in_cart":false,"bundle_sold_individually_context":"","bundle_item_grouping":"","bundle_min_size":"","bundle_max_size":"","bundle_price":[],"bundled_items":[],"bundle_sell_ids":[],"acf":[],"_links":{"self":[{"href":"https:\/\/hi-techwonder.com\/es\/wp-json\/wp\/v2\/product\/73724","targetHints":{"allow":["GET"]}}],"collection":[{"href":"https:\/\/hi-techwonder.com\/es\/wp-json\/wp\/v2\/product"}],"about":[{"href":"https:\/\/hi-techwonder.com\/es\/wp-json\/wp\/v2\/types\/product"}],"replies":[{"embeddable":true,"href":"https:\/\/hi-techwonder.com\/es\/wp-json\/wp\/v2\/comments?post=73724"}],"wp:featuredmedia":[{"embeddable":true,"href":"https:\/\/hi-techwonder.com\/es\/wp-json\/wp\/v2\/media\/52013"}],"wp:attachment":[{"href":"https:\/\/hi-techwonder.com\/es\/wp-json\/wp\/v2\/media?parent=73724"}],"wp:term":[{"taxonomy":"product_brand","embeddable":true,"href":"https:\/\/hi-techwonder.com\/es\/wp-json\/wp\/v2\/product_brand?post=73724"},{"taxonomy":"product_cat","embeddable":true,"href":"https:\/\/hi-techwonder.com\/es\/wp-json\/wp\/v2\/product_cat?post=73724"},{"taxonomy":"product_tag","embeddable":true,"href":"https:\/\/hi-techwonder.com\/es\/wp-json\/wp\/v2\/product_tag?post=73724"}],"curies":[{"name":"wp","href":"https:\/\/api.w.org\/{rel}","templated":true}]}}