{"id":73726,"date":"2025-07-29T10:29:28","date_gmt":"2025-07-29T10:29:28","guid":{"rendered":"https:\/\/fv6qoy3ls0.wpdns.site\/product\/sevenoak-sk-psc1-smart-grip-para-smartphone\/"},"modified":"2026-01-14T16:32:52","modified_gmt":"2026-01-14T16:32:52","slug":"sevenoak-sk-psc1-smart-grip-para-smartphone","status":"publish","type":"product","link":"https:\/\/hi-techwonder.com\/es\/producto\/sevenoak-sk-psc1-smart-grip-para-smartphone\/","title":{"rendered":"SEVENOAK SK-PSC1 Smart Grip para smartphone"},"content":{"rendered":"<p>Mejora la fotograf\u00eda de tu smartphone con el <strong>Sevenoak SK-PSC1<\/strong>. Esta empu\u00f1adura puede acomodar dispositivos de 5,7 a 9,7 cm de ancho, ofreciendo una plataforma de disparo estable. Tres roscas de 1\/4&#8243;-20 le permiten sujetar la empu\u00f1adura a tr\u00edpodes y monopi\u00e9s, as\u00ed como a accesorios. Un soporte para zapatas en la parte superior le permite equipar a\u00fan m\u00e1s accesorios. Un nivel de burbuja incorporado te ayuda a obtener una toma nivelada, y un organizador de cables mantiene los cables fuera del camino. El SK-PSC1 se puede usar como soporte y tiene una correa para la mu\u00f1eca.     <\/p>\n<p><img loading=\"lazy\" decoding=\"async\" src=\"https:\/\/images-na.ssl-images-amazon.com\/images\/I\/61mKoOSgYNL._AC_SL1500_.jpg\" alt=\"\" width=\"800\" height=\"400\"><\/p>\n<p><strong>Caracter\u00edsticas principales:<\/strong><\/p>\n<ul>\n<li>Se adapta a tel\u00e9fonos inteligentes de 5,7 a 9,7 cm de ancho<\/li>\n<li>3 x 1\/4&#8243;-20 orificios roscados<\/li>\n<li>Montaje de zapata fr\u00eda<\/li>\n<li>Nivel de burbuja integrado<\/li>\n<li>Gu\u00eda de cables<\/li>\n<li>Correa<\/li>\n<li>\u00daselo como soporte, empu\u00f1adura o soporte<\/li>\n<\/ul>\n<p>Mejora la fotograf\u00eda de tu smartphone con la empu\u00f1adura inteligente de mano Sevenoak SK-PSC1. Esta empu\u00f1adura puede contener dispositivos de 5,7 a 9,7 cm de ancho, lo que le brinda una plataforma de disparo estable. Tres orificios roscados de 1\/4&#8243;-20 le permiten fijar la empu\u00f1adura a tr\u00edpodes y monopi\u00e9s, as\u00ed como a accesorios. Un soporte de zapata fr\u00eda en la parte superior le permite equipar a\u00fan m\u00e1s su dispositivo. Un nivel de burbuja integrado te ayuda a obtener una toma nivelada, y una gu\u00eda de cables mantiene los cables fuera del camino. El SK-PSC1 se puede utilizar como soporte y tiene una mu\u00f1equera incorporada.     <\/p>\n<h2 class=\"title_1tNQ83iPOOgJ6m5fVkxmSw\" style=\"box-sizing: inherit; margin: 0px; padding: 2.8125rem 0px; text-transform: capitalize; font-size: 2.125rem; font-weight: 400; color: #333333; line-height: 3.1875rem; font-family: OpenSans, 'Segoe UI', Helvetica, Roboto, Arial, sans-serif; background-color: #ffffff;\" data-selenium=\"specsItemTitle\"><strong>Sevenoak SK-PSC1 Ficha Tecnica<\/strong><\/h2>\n<div class=\"group_K7YrQottgVsRZ4B6zAaGG\" style=\"box-sizing: inherit; margin-bottom: 2.1875rem; font-family: OpenSans, 'Segoe UI', Helvetica, Roboto, Arial, sans-serif; font-size: 16px; background-color: #ffffff;\">\n<table class=\"table_o418fscimQZEg1oshu4aX\" style=\"box-sizing: inherit; width: 726.667px;\" data-selenium=\"specsItemGroupTable\">\n<tbody style=\"box-sizing: inherit;\">\n<tr class=\"pair_3u9fnESIQrtuEu6ye_zM4k\" style=\"box-sizing: inherit; border-bottom: 0.0625rem solid #e7e7e7;\" data-selenium=\"specsItemGroupTableRow\">\n<td class=\"label_3bLwbW8ibvYc5tUwpKVQsL firstSpecWhenNoGroupName_2L9ob5rxYHNpmiwoNrY0FE\" style=\"box-sizing: inherit; width: 275.556px; padding: 0px 0px 1.25rem; border-top: none; vertical-align: baseline; font-size: 1.125rem; color: #666666; line-height: 1.375rem;\" data-selenium=\"specsItemGroupTableColumnLabel\">Compatibilidad<\/td>\n<td class=\"value_11Av1yGkVYn9TX48mQeu9v firstSpecWhenNoGroupName_2L9ob5rxYHNpmiwoNrY0FE\" style=\"box-sizing: inherit; padding: 0px 0px 1.25rem 2.5rem; vertical-align: baseline; font-size: 1.125rem; color: #666666; line-height: 1.375rem;\" data-selenium=\"specsItemGroupTableColumnValue\">Smartphones de 5,7 a 9,7 cm de ancho<\/td>\n<\/tr>\n<tr class=\"pair_3u9fnESIQrtuEu6ye_zM4k\" style=\"box-sizing: inherit; border-bottom: 0.0625rem solid #e7e7e7;\" data-selenium=\"specsItemGroupTableRow\">\n<td class=\"label_3bLwbW8ibvYc5tUwpKVQsL\" style=\"box-sizing: inherit; width: 275.556px; padding: 1.25rem 0px; border-top: none; vertical-align: baseline; font-size: 1.125rem; color: #666666; line-height: 1.375rem;\" data-selenium=\"specsItemGroupTableColumnLabel\">Soportes de zapata<\/td>\n<td class=\"value_11Av1yGkVYn9TX48mQeu9v\" style=\"box-sizing: inherit; padding: 1.25rem 0px 1.25rem 2.5rem; vertical-align: baseline; font-size: 1.125rem; color: #666666; line-height: 1.375rem;\" data-selenium=\"specsItemGroupTableColumnValue\">1 x Zapata fr\u00eda<\/td>\n<\/tr>\n<tr class=\"pair_3u9fnESIQrtuEu6ye_zM4k\" style=\"box-sizing: inherit; border-bottom: 0.0625rem solid #e7e7e7;\" data-selenium=\"specsItemGroupTableRow\">\n<td class=\"label_3bLwbW8ibvYc5tUwpKVQsL\" style=\"box-sizing: inherit; width: 275.556px; padding: 1.25rem 0px; border-top: none; vertical-align: baseline; font-size: 1.125rem; color: #666666; line-height: 1.375rem;\" data-selenium=\"specsItemGroupTableColumnLabel\">Conectores<\/td>\n<td class=\"value_11Av1yGkVYn9TX48mQeu9v\" style=\"box-sizing: inherit; padding: 1.25rem 0px 1.25rem 2.5rem; vertical-align: baseline; font-size: 1.125rem; color: #666666; line-height: 1.375rem;\" data-selenium=\"specsItemGroupTableColumnValue\">3 x rosca de 1\/4&#8243;-20, hembra<\/td>\n<\/tr>\n<tr class=\"pair_3u9fnESIQrtuEu6ye_zM4k\" style=\"box-sizing: inherit; border-bottom: 0.0625rem solid #e7e7e7;\" data-selenium=\"specsItemGroupTableRow\">\n<td class=\"label_3bLwbW8ibvYc5tUwpKVQsL\" style=\"box-sizing: inherit; width: 275.556px; padding: 1.25rem 0px; border-top: none; vertical-align: baseline; font-size: 1.125rem; color: #666666; line-height: 1.375rem;\" data-selenium=\"specsItemGroupTableColumnLabel\">Materiales<\/td>\n<td class=\"value_11Av1yGkVYn9TX48mQeu9v\" style=\"box-sizing: inherit; padding: 1.25rem 0px 1.25rem 2.5rem; vertical-align: baseline; font-size: 1.125rem; color: #666666; line-height: 1.375rem;\" data-selenium=\"specsItemGroupTableColumnValue\">Pl\u00e1stico, aluminio<\/td>\n<\/tr>\n<tr class=\"pair_3u9fnESIQrtuEu6ye_zM4k\" style=\"box-sizing: inherit; border-bottom: 0.0625rem solid #e7e7e7;\" data-selenium=\"specsItemGroupTableRow\">\n<td class=\"label_3bLwbW8ibvYc5tUwpKVQsL\" style=\"box-sizing: inherit; width: 275.556px; padding: 1.25rem 0px; border-top: none; vertical-align: baseline; font-size: 1.125rem; color: #666666; line-height: 1.375rem;\" data-selenium=\"specsItemGroupTableColumnLabel\">Largura<\/td>\n<td class=\"value_11Av1yGkVYn9TX48mQeu9v\" style=\"box-sizing: inherit; padding: 1.25rem 0px 1.25rem 2.5rem; vertical-align: baseline; font-size: 1.125rem; color: #666666; line-height: 1.375rem;\" data-selenium=\"specsItemGroupTableColumnValue\">12,9 cm<\/td>\n<\/tr>\n<tr class=\"pair_3u9fnESIQrtuEu6ye_zM4k\" style=\"box-sizing: inherit; border-bottom: 0.0625rem solid #e7e7e7;\" data-selenium=\"specsItemGroupTableRow\">\n<td class=\"label_3bLwbW8ibvYc5tUwpKVQsL\" style=\"box-sizing: inherit; width: 275.556px; padding: 1.25rem 0px; border-top: none; vertical-align: baseline; font-size: 1.125rem; color: #666666; line-height: 1.375rem;\" data-selenium=\"specsItemGroupTableColumnLabel\">Peso<\/td>\n<td class=\"value_11Av1yGkVYn9TX48mQeu9v\" style=\"box-sizing: inherit; padding: 1.25rem 0px 1.25rem 2.5rem; vertical-align: baseline; font-size: 1.125rem; color: #666666; line-height: 1.375rem;\" data-selenium=\"specsItemGroupTableColumnValue\">164,0 gramos<\/td>\n<\/tr>\n<\/tbody>\n<\/table>\n<\/div>\n","protected":false},"excerpt":{"rendered":"<p>Mejora la fotograf\u00eda de tu smartphone con el Sevenoak SK-PSC1. Esta empu\u00f1adura puede acomodar dispositivos de 5,7 a 9,7 cm<\/p>\n","protected":false},"featured_media":64046,"comment_status":"closed","ping_status":"open","template":"","meta":{"_acf_changed":false},"product_brand":[2701],"product_cat":[1085],"product_tag":[],"class_list":{"0":"post-73726","1":"product","2":"type-product","3":"status-publish","4":"has-post-thumbnail","6":"product_brand-sevenoak-es","7":"product_cat-para-smartphones-es","9":"first","10":"instock","11":"taxable","12":"shipping-taxable","13":"purchasable","14":"product-type-simple"},"bundled_by":[],"bundle_stock_status":"instock","bundle_stock_quantity":4,"bundle_virtual":false,"bundle_layout":"","bundle_add_to_cart_form_location":"","bundle_editable_in_cart":false,"bundle_sold_individually_context":"","bundle_item_grouping":"","bundle_min_size":"","bundle_max_size":"","bundle_price":[],"bundled_items":[],"bundle_sell_ids":[],"acf":[],"_links":{"self":[{"href":"https:\/\/hi-techwonder.com\/es\/wp-json\/wp\/v2\/product\/73726","targetHints":{"allow":["GET"]}}],"collection":[{"href":"https:\/\/hi-techwonder.com\/es\/wp-json\/wp\/v2\/product"}],"about":[{"href":"https:\/\/hi-techwonder.com\/es\/wp-json\/wp\/v2\/types\/product"}],"replies":[{"embeddable":true,"href":"https:\/\/hi-techwonder.com\/es\/wp-json\/wp\/v2\/comments?post=73726"}],"wp:featuredmedia":[{"embeddable":true,"href":"https:\/\/hi-techwonder.com\/es\/wp-json\/wp\/v2\/media\/64046"}],"wp:attachment":[{"href":"https:\/\/hi-techwonder.com\/es\/wp-json\/wp\/v2\/media?parent=73726"}],"wp:term":[{"taxonomy":"product_brand","embeddable":true,"href":"https:\/\/hi-techwonder.com\/es\/wp-json\/wp\/v2\/product_brand?post=73726"},{"taxonomy":"product_cat","embeddable":true,"href":"https:\/\/hi-techwonder.com\/es\/wp-json\/wp\/v2\/product_cat?post=73726"},{"taxonomy":"product_tag","embeddable":true,"href":"https:\/\/hi-techwonder.com\/es\/wp-json\/wp\/v2\/product_tag?post=73726"}],"curies":[{"name":"wp","href":"https:\/\/api.w.org\/{rel}","templated":true}]}}