{"id":73727,"date":"2025-07-29T09:39:44","date_gmt":"2025-07-29T09:39:44","guid":{"rendered":"https:\/\/fv6qoy3ls0.wpdns.site\/product\/sigma-14mm-f-1-8-dg-hsm-art-sony-e\/"},"modified":"2026-04-20T15:07:23","modified_gmt":"2026-04-20T14:07:23","slug":"sigma-14mm-f-1-8-dg-hsm-art-sony-e","status":"publish","type":"product","link":"https:\/\/hi-techwonder.com\/es\/producto\/sigma-14mm-f-1-8-dg-hsm-art-sony-e\/","title":{"rendered":"SIGMA 14mm f\/1.8 DG HSM Art Sony E"},"content":{"rendered":"<p><span style=\"font-size: small;\"><strong>ASPECTOS DESTACADOS DEL PRODUCTO<\/strong><br \/><\/span><\/p>\n<ul>\n<li> <span style=\"font-size: small;\">Lente con montura E\/formato de fotograma completo<\/span><\/li>\n<li> <span style=\"font-size: small;\">Rango de apertura: f\/1.8 a f\/16<\/span><\/li>\n<li> <span style=\"font-size: small;\">Tres elementos FLD, cuatro elementos SLD<\/span><\/li>\n<li> <span style=\"font-size: small;\">Cuatro elementos asf\u00e9ricos<\/span><\/li>\n<li> <span style=\"font-size: small;\">Recubrimiento s\u00faper multicapa<\/span><\/li>\n<li> <span style=\"font-size: small;\">Motor AF hipers\u00f3nico, anulaci\u00f3n manual<\/span><\/li>\n<li> <span style=\"font-size: small;\">Diafragma redondeado de 9 hojas<\/span><\/li>\n<li> <span style=\"font-size: small;\">Material TSC, soporte de bayoneta de lat\u00f3n<\/span><\/li>\n<\/ul>\n<p> <span style=\"font-size: small;\">R\u00e1pido y ancho, el Sony E-mount 14mm f\/1.8 DG HSM de Sigma es un objetivo fijo gran angular \u00fanico dise\u00f1ado para producir im\u00e1genes de alta resoluci\u00f3n y bien corregidas. Como parte de la l\u00ednea de lentes Art, esta lente se enfoca en la calidad y la representaci\u00f3n de la imagen y utiliza elementos de vidrio FLD y SLD para controlar las aberraciones crom\u00e1ticas y las franjas de color para una claridad notable. Cuatro elementos asf\u00e9ricos, incluido el elemento frontal de vidrio moldeado con precisi\u00f3n de gran di\u00e1metro, tambi\u00e9n contribuyen a reducir la distorsi\u00f3n y las aberraciones esf\u00e9ricas para una mayor nitidez y precisi\u00f3n. Adem\u00e1s, se ha aplicado un revestimiento Super Multi-Layer a elementos individuales para suprimir los destellos de la lente y las im\u00e1genes fantasma para un mayor contraste cuando se trabaja con luz brillante. Adecuado para astrofotograf\u00eda y fotograf\u00eda al aire libre con poca luz, este objetivo presenta una combinaci\u00f3n \u00fanica de perspectiva amplia y rendimiento r\u00e1pido y flexible.    <\/p>\n<p>  Completando el rendimiento \u00f3ptico hay un motor Hyper Sonic igualmente adecuado, que proporciona un rendimiento de enfoque autom\u00e1tico r\u00e1pido, suave y casi silencioso. Este motor de enfoque tambi\u00e9n permite la anulaci\u00f3n del enfoque manual a tiempo completo en cualquier momento, simplemente girando el anillo de enfoque para un control manual de grano fino y enfocando a una distancia de hasta 10.6&#8243;. variedad de temperaturas y condiciones, y la montura de la lente est\u00e1 construida de lat\u00f3n para mayor durabilidad y precisi\u00f3n de montaje a largo plazo.  <\/p>\n<p><\/span><\/p>\n<ul>\n<li> <span style=\"font-size: small;\">Como parte de la l\u00ednea Art dentro de la serie Global Vision de Sigma, esta lente est\u00e1 dise\u00f1ada para lograr un rendimiento \u00f3ptico verdaderamente sobresaliente y es ideal para aplicaciones creativas y art\u00edsticas.<\/span><\/li>\n<li> <span style=\"font-size: small;\">La lente gran angular principal est\u00e1 dise\u00f1ada para c\u00e1maras sin espejo de fotograma completo con montura E de Sony, pero tambi\u00e9n se puede usar con modelos APS-C, donde proporcionar\u00e1 una distancia focal equivalente a 21 mm.<\/span><\/li>\n<li> <span style=\"font-size: small;\">La brillante apertura m\u00e1xima de f\/1.8 es adecuada para trabajar en condiciones de poca luz y dif\u00edciles.<\/span><\/li>\n<li> <span style=\"font-size: small;\">Tres elementos F de baja dispersi\u00f3n (FLD) y cuatro elementos especiales de baja dispersi\u00f3n (SLD) se presentan en el dise\u00f1o \u00f3ptico y ayudan a reducir las franjas de color y las aberraciones crom\u00e1ticas para mejorar la claridad y la precisi\u00f3n del color.<\/span><\/li>\n<li> <span style=\"font-size: small;\">Cuatro elementos asf\u00e9ricos, incluido un gran elemento asf\u00e9rico de vidrio moldeado con precisi\u00f3n de 80 mm de di\u00e1metro, ayudan a minimizar la distorsi\u00f3n y las aberraciones esf\u00e9ricas para una mayor claridad.<\/span><\/li>\n<li> <span style=\"font-size: small;\">Se ha aplicado un recubrimiento s\u00faper multicapa a los elementos de la lente para minimizar los destellos y las im\u00e1genes fantasma de la lente y contribuir a la producci\u00f3n de im\u00e1genes ricas en contraste y de color neutro, incluso en condiciones de contraluz.<\/span><\/li>\n<li> <span style=\"font-size: small;\">El HSM (motor hipers\u00f3nico) incorporado ofrece un enfoque autom\u00e1tico r\u00e1pido y silencioso, que se complementa con un algoritmo AF optimizado para producir un rendimiento de enfoque m\u00e1s suave. El HSM tambi\u00e9n permite el control de enfoque manual a tiempo completo simplemente girando el anillo de enfoque en cualquier momento. <\/span><\/li>\n<li> <span style=\"font-size: small;\">La lente est\u00e1 construida con un material compuesto t\u00e9rmicamente estable (TSC), junto con metales tradicionales, para una mayor precisi\u00f3n y uso en amplios rangos de temperatura.<\/span><\/li>\n<li> <span style=\"font-size: small;\">La montura de bayoneta est\u00e1 construida de lat\u00f3n para garantizar precisi\u00f3n y durabilidad. Adem\u00e1s, el sello de goma est\u00e1 incorporado en el dise\u00f1o del soporte para hacerlo resistente al polvo y las salpicaduras. <\/span><\/li>\n<\/ul>\n<div> <span style=\"font-size: small;\">&nbsp;<\/span><\/div>\n<div>\n<p style=\"margin-bottom: 0cm;\"> <span style=\"font-size: small;\">&nbsp;<\/span> <\/p>\n<table style=\"width: 563px;\" border=\"0\" cellspacing=\"0\" cellpadding=\"2\">\n<colgroup>\n<col width=\"241\"><\/colgroup>\n<colgroup>\n<col width=\"314\"><\/colgroup>\n<tbody>\n<tr>\n<th colspan=\"2\" width=\"559\">\n<p style=\"border: none; padding: 0cm; font-style: normal; font-weight: normal;\"> <span style=\"font-size: small;\"><a name=\"11011\"><\/a><span style=\"font-size: x-large;\">interino<\/span><\/span> <\/p>\n<\/th>\n<\/tr>\n<tr>\n<td width=\"241\">\n<p style=\"border-top: none; border-bottom: 1px solid #e6e7e8; border-left: none; border-right: none; padding: 0cm 0cm 0.53cm 0cm;\"> <span style=\"font-size: small;\">Distancia focal<\/span> <\/p>\n<\/td>\n<td width=\"314\">\n<p style=\"border-top: none; border-bottom: 1px solid #e6e7e8; border-left: none; border-right: none; padding: 0cm 0cm 0.53cm 0cm;\"> <span style=\"font-size: small;\">14 mil\u00edmetros<\/span> <\/p>\n<\/td>\n<\/tr>\n<tr>\n<td width=\"241\">\n<p style=\"border-top: none; border-bottom: 1px solid #e6e7e8; border-left: none; border-right: none; padding: 0cm 0cm 0.53cm 0cm;\"> <span style=\"font-size: small;\">Abertura<\/span> <\/p>\n<\/td>\n<td width=\"314\">\n<p style=\"border-top: none; border-bottom: 1px solid #e6e7e8; border-left: none; border-right: none; padding: 0cm 0cm 0.53cm 0cm;\"> <span style=\"font-size: small;\">M\u00e1ximo: f\/1.8<br \/> M\u00ednimo: f\/16<\/span> <\/p>\n<\/td>\n<\/tr>\n<tr>\n<td width=\"241\">\n<p style=\"border-top: none; border-bottom: 1px solid #e6e7e8; border-left: none; border-right: none; padding: 0cm 0cm 0.53cm 0cm;\"> <span style=\"font-size: small;\">Tipo de montaje de la c\u00e1mara<\/span> <\/p>\n<\/td>\n<td width=\"314\">\n<p style=\"border-top: none; border-bottom: 1px solid #e6e7e8; border-left: none; border-right: none; padding: 0cm 0cm 0.53cm 0cm;\"> <span style=\"font-size: small;\">Sony E<\/span> <\/p>\n<\/td>\n<\/tr>\n<tr>\n<td width=\"241\">\n<p style=\"border-top: none; border-bottom: 1px solid #e6e7e8; border-left: none; border-right: none; padding: 0cm 0cm 0.53cm 0cm;\"> <span style=\"font-size: small;\">Compatibilidad de formatos<\/span> <\/p>\n<\/td>\n<td width=\"314\">\n<p style=\"border-top: none; border-bottom: 1px solid #e6e7e8; border-left: none; border-right: none; padding: 0cm 0cm 0.53cm 0cm;\"> <span style=\"font-size: small;\">Pel\u00edcula de 35 mm \/ sensor digital de fotograma completo<\/span> <\/p>\n<\/td>\n<\/tr>\n<tr>\n<td width=\"241\">\n<p style=\"border-top: none; border-bottom: 1px solid #e6e7e8; border-left: none; border-right: none; padding: 0cm 0cm 0.53cm 0cm;\"> <span style=\"font-size: small;\">\u00c1ngulo<\/span> <\/p>\n<\/td>\n<td width=\"314\">\n<p style=\"border-top: none; border-bottom: 1px solid #e6e7e8; border-left: none; border-right: none; padding: 0cm 0cm 0.53cm 0cm;\"> <span style=\"font-size: small;\">114,2\u00b0<\/span> <\/p>\n<\/td>\n<\/tr>\n<tr>\n<td width=\"241\">\n<p style=\"border-top: none; border-bottom: 1px solid #e6e7e8; border-left: none; border-right: none; padding: 0cm 0cm 0.53cm 0cm;\"> <span style=\"font-size: small;\">Distancia m\u00ednima de enfoque<\/span> <\/p>\n<\/td>\n<td width=\"314\">\n<p style=\"border-top: none; border-bottom: 1px solid #e6e7e8; border-left: none; border-right: none; padding: 0cm 0cm 0.53cm 0cm;\"> <span style=\"font-size: small;\">10,63&#8243; \/ 27 cm<\/span> <\/p>\n<\/td>\n<\/tr>\n<tr>\n<td width=\"241\">\n<p style=\"border-top: none; border-bottom: 1px solid #e6e7e8; border-left: none; border-right: none; padding: 0cm 0cm 0.53cm 0cm;\"> <span style=\"font-size: small;\">Velocidad m\u00e1xima de reproducci\u00f3n<\/span> <\/p>\n<\/td>\n<td width=\"314\">\n<p style=\"border-top: none; border-bottom: 1px solid #e6e7e8; border-left: none; border-right: none; padding: 0cm 0cm 0.53cm 0cm;\"> <span style=\"font-size: small;\">1:9,8<\/span> <\/p>\n<\/td>\n<\/tr>\n<tr>\n<td width=\"241\">\n<p style=\"border-top: none; border-bottom: 1px solid #e6e7e8; border-left: none; border-right: none; padding: 0cm 0cm 0.53cm 0cm;\"> <span style=\"font-size: small;\">Dise\u00f1o \u00f3ptico<\/span> <\/p>\n<\/td>\n<td width=\"314\">\n<p style=\"border-top: none; border-bottom: 1px solid #e6e7e8; border-left: none; border-right: none; padding: 0cm 0cm 0.53cm 0cm;\"> <span style=\"font-size: small;\">16 elementos en 11 grupos<\/span> <\/p>\n<\/td>\n<\/tr>\n<tr>\n<td width=\"241\">\n<p style=\"border-top: none; border-bottom: 1px solid #e6e7e8; border-left: none; border-right: none; padding: 0cm 0cm 0.53cm 0cm;\"> <span style=\"font-size: small;\">Hojas de diafragma<\/span> <\/p>\n<\/td>\n<td width=\"314\">\n<p style=\"border-top: none; border-bottom: 1px solid #e6e7e8; border-left: none; border-right: none; padding: 0cm 0cm 0.53cm 0cm;\"> <span style=\"font-size: small;\">9, redondeado<\/span> <\/p>\n<\/td>\n<\/tr>\n<\/tbody>\n<\/table>\n<table style=\"width: 137px;\" border=\"0\" cellspacing=\"0\" cellpadding=\"2\">\n<colgroup>\n<col width=\"90\"><\/colgroup>\n<colgroup>\n<col width=\"40\"><\/colgroup>\n<tbody>\n<tr>\n<th colspan=\"2\" width=\"133\">\n<p style=\"border: none; padding: 0cm; font-style: normal; font-weight: normal;\"> <span style=\"font-size: small;\"><a name=\"23001\"><\/a><span style=\"font-size: x-large;\">Recursos<\/span><\/span> <\/p>\n<\/th>\n<\/tr>\n<tr>\n<td width=\"90\">\n<p style=\"border-top: none; border-bottom: 1px solid #e6e7e8; border-left: none; border-right: none; padding: 0cm 0cm 0.53cm 0cm;\"> <span style=\"font-size: small;\">Autom\u00e1tico<\/span> <\/p>\n<\/td>\n<td width=\"40\">\n<p style=\"border-top: none; border-bottom: 1px solid #e6e7e8; border-left: none; border-right: none; padding: 0cm 0cm 0.53cm 0cm;\"> <span style=\"font-size: small;\">S\u00ed<\/span> <\/p>\n<\/td>\n<\/tr>\n<\/tbody>\n<\/table>\n<table style=\"width: 457px;\" border=\"0\" cellspacing=\"0\" cellpadding=\"2\">\n<colgroup>\n<col width=\"147\"><\/colgroup>\n<colgroup>\n<col width=\"302\"><\/colgroup>\n<tbody>\n<tr>\n<th colspan=\"2\" width=\"453\">\n<p style=\"border: none; padding: 0cm; font-style: normal; font-weight: normal;\"> <span style=\"font-size: small;\"><a name=\"11501\"><\/a><span style=\"font-size: x-large;\">F\u00edsico<\/span><\/span> <\/p>\n<\/th>\n<\/tr>\n<tr>\n<td width=\"147\">\n<p style=\"border-top: none; border-bottom: 1px solid #e6e7e8; border-left: none; border-right: none; padding: 0cm 0cm 0.53cm 0cm;\"> <span style=\"font-size: small;\">Tema de filtro<\/span><\/p>\n<\/td>\n<td width=\"302\">\n<p style=\"border: none; padding: 0cm;\"> <span style=\"font-size: small;\"><em>Ninguno<\/em><\/span> <\/p>\n<\/td>\n<\/tr>\n<tr>\n<td width=\"147\">\n<p style=\"border-top: none; border-bottom: 1px solid #e6e7e8; border-left: none; border-right: none; padding: 0cm 0cm 0.53cm 0cm;\"> <span style=\"font-size: small;\">Dimensiones (DxL)<\/span> <\/p>\n<\/td>\n<td width=\"302\">\n<p style=\"border-top: none; border-bottom: 1px solid #e6e7e8; border-left: none; border-right: none; padding: 0cm 0cm 0.53cm 0cm;\"> <span style=\"font-size: small;\">Aproximadamente. 3,76 x 4,96&#8243; \/ 95,4 x 126 mm <\/span> <\/p>\n<\/td>\n<\/tr>\n<tr>\n<td width=\"147\">\n<p style=\"border-top: none; border-bottom: 1px solid #e6e7e8; border-left: none; border-right: none; padding: 0cm 0cm 0.53cm 0cm;\"> <span style=\"font-size: small;\">Peso<\/span> <\/p>\n<\/td>\n<td width=\"302\">\n<p style=\"border-top: none; border-bottom: 1px solid #e6e7e8; border-left: none; border-right: none; padding: 0cm 0cm 0.53cm 0cm;\"> <span style=\"font-size: small;\">2,57 libras \/ 1170 g<\/span><\/p>\n<\/td>\n<\/tr>\n<\/tbody>\n<\/table>\n<p style=\"margin-bottom: 0cm;\"> <span style=\"font-size: small;\">&nbsp;<\/span><\/p>\n<\/div>\n<div> <span style=\"font-size: small;\">&nbsp;<\/span><\/div>\n","protected":false},"excerpt":{"rendered":"<p>ASPECTOS DESTACADOS DEL PRODUCTO Lente con montura E\/formato de fotograma completo Rango de apertura: f\/1.8 a f\/16 Tres elementos FLD,<\/p>\n","protected":false},"featured_media":52008,"comment_status":"closed","ping_status":"closed","template":"","meta":{"_acf_changed":false},"product_brand":[2647],"product_cat":[1062],"product_tag":[],"class_list":{"0":"post-73727","1":"product","2":"type-product","3":"status-publish","4":"has-post-thumbnail","6":"product_brand-sigma-es","7":"product_cat-mirrorless-objectivos","8":"pa_abertura-maxima-f-1-8-es","10":"first","11":"onbackorder","12":"sale","13":"taxable","14":"shipping-taxable","15":"purchasable","16":"product-type-simple"},"bundled_by":[],"bundle_stock_status":"onbackorder","bundle_stock_quantity":null,"bundle_virtual":false,"bundle_layout":"","bundle_add_to_cart_form_location":"","bundle_editable_in_cart":false,"bundle_sold_individually_context":"","bundle_item_grouping":"","bundle_min_size":"","bundle_max_size":"","bundle_price":[],"bundled_items":[],"bundle_sell_ids":[],"acf":[],"_links":{"self":[{"href":"https:\/\/hi-techwonder.com\/es\/wp-json\/wp\/v2\/product\/73727","targetHints":{"allow":["GET"]}}],"collection":[{"href":"https:\/\/hi-techwonder.com\/es\/wp-json\/wp\/v2\/product"}],"about":[{"href":"https:\/\/hi-techwonder.com\/es\/wp-json\/wp\/v2\/types\/product"}],"replies":[{"embeddable":true,"href":"https:\/\/hi-techwonder.com\/es\/wp-json\/wp\/v2\/comments?post=73727"}],"wp:featuredmedia":[{"embeddable":true,"href":"https:\/\/hi-techwonder.com\/es\/wp-json\/wp\/v2\/media\/52008"}],"wp:attachment":[{"href":"https:\/\/hi-techwonder.com\/es\/wp-json\/wp\/v2\/media?parent=73727"}],"wp:term":[{"taxonomy":"product_brand","embeddable":true,"href":"https:\/\/hi-techwonder.com\/es\/wp-json\/wp\/v2\/product_brand?post=73727"},{"taxonomy":"product_cat","embeddable":true,"href":"https:\/\/hi-techwonder.com\/es\/wp-json\/wp\/v2\/product_cat?post=73727"},{"taxonomy":"product_tag","embeddable":true,"href":"https:\/\/hi-techwonder.com\/es\/wp-json\/wp\/v2\/product_tag?post=73727"}],"curies":[{"name":"wp","href":"https:\/\/api.w.org\/{rel}","templated":true}]}}