{"id":73730,"date":"2025-07-28T23:50:35","date_gmt":"2025-07-28T23:50:35","guid":{"rendered":"https:\/\/fv6qoy3ls0.wpdns.site\/product\/sennheiser-xsw-d-juego-de-solapa-portatil\/"},"modified":"2025-09-04T07:51:38","modified_gmt":"2025-09-04T07:51:38","slug":"sennheiser-xsw-d-juego-de-solapa-portatil","status":"publish","type":"product","link":"https:\/\/hi-techwonder.com\/es\/producto\/sennheiser-xsw-d-juego-de-solapa-portatil\/","title":{"rendered":"SENNHEISER XSW-D Juego de solapa port\u00e1til"},"content":{"rendered":"<p><strong> Kit <strong> <\/strong> <strong>de micr\u00f3fono de solapa inal\u00e1mbrico port\u00e1til <\/strong><\/strong><\/p>\n<p><strong>XS Wireless Digital &#8211; Juego de solapa port\u00e1til XSW-D<\/strong><\/p>\n<p>El JUEGO DE SOLAPA PORT\u00c1TIL XSW-D de Sennheiser es un micr\u00f3fono de solapa inal\u00e1mbrico para vloggers, vide\u00f3grafos y periodistas que buscan un sistema de montaje de c\u00e1mara que sea r\u00e1pido y f\u00e1cil de usar. Pone la calidad de sonido de renombre mundial de Sennheiser en un sistema digital plug-and-record de 1 bot\u00f3n que permite operar a cualquier usuario. Con\u00e9ctalo, con\u00e9ctalo y estar\u00e1 listo para funcionar de inmediato, para que puedas concentrarte en crear, aligerando instant\u00e1neamente tu carga de trabajo.  <\/p>\n<p>__________________________________________________________________________________________________________________________________________________________________________________________________<\/p>\n","protected":false},"excerpt":{"rendered":"<p>Kit de micr\u00f3fono de solapa inal\u00e1mbrico port\u00e1til XS Wireless Digital &#8211; Juego de solapa port\u00e1til XSW-D El JUEGO DE SOLAPA<\/p>\n","protected":false},"featured_media":28852,"comment_status":"closed","ping_status":"open","template":"","meta":{"_acf_changed":false},"product_brand":[2567],"product_cat":[895],"product_tag":[],"class_list":{"0":"post-73730","1":"product","2":"type-product","3":"status-publish","4":"has-post-thumbnail","6":"product_brand-sennheiser-es","7":"product_cat-kits-inalambricos","9":"first","10":"onbackorder","11":"taxable","12":"shipping-taxable","13":"purchasable","14":"product-type-simple"},"bundled_by":[],"bundle_stock_status":"onbackorder","bundle_stock_quantity":null,"bundle_virtual":false,"bundle_layout":"","bundle_add_to_cart_form_location":"","bundle_editable_in_cart":false,"bundle_sold_individually_context":"","bundle_item_grouping":"","bundle_min_size":"","bundle_max_size":"","bundle_price":[],"bundled_items":[],"bundle_sell_ids":[],"acf":[],"_links":{"self":[{"href":"https:\/\/hi-techwonder.com\/es\/wp-json\/wp\/v2\/product\/73730","targetHints":{"allow":["GET"]}}],"collection":[{"href":"https:\/\/hi-techwonder.com\/es\/wp-json\/wp\/v2\/product"}],"about":[{"href":"https:\/\/hi-techwonder.com\/es\/wp-json\/wp\/v2\/types\/product"}],"replies":[{"embeddable":true,"href":"https:\/\/hi-techwonder.com\/es\/wp-json\/wp\/v2\/comments?post=73730"}],"wp:featuredmedia":[{"embeddable":true,"href":"https:\/\/hi-techwonder.com\/es\/wp-json\/wp\/v2\/media\/28852"}],"wp:attachment":[{"href":"https:\/\/hi-techwonder.com\/es\/wp-json\/wp\/v2\/media?parent=73730"}],"wp:term":[{"taxonomy":"product_brand","embeddable":true,"href":"https:\/\/hi-techwonder.com\/es\/wp-json\/wp\/v2\/product_brand?post=73730"},{"taxonomy":"product_cat","embeddable":true,"href":"https:\/\/hi-techwonder.com\/es\/wp-json\/wp\/v2\/product_cat?post=73730"},{"taxonomy":"product_tag","embeddable":true,"href":"https:\/\/hi-techwonder.com\/es\/wp-json\/wp\/v2\/product_tag?post=73730"}],"curies":[{"name":"wp","href":"https:\/\/api.w.org\/{rel}","templated":true}]}}