{"id":73731,"date":"2025-07-29T09:40:02","date_gmt":"2025-07-29T09:40:02","guid":{"rendered":"https:\/\/fv6qoy3ls0.wpdns.site\/product\/montura-l-sigma-14-24mm-f-2-8-dg-dn-art\/"},"modified":"2026-04-08T18:00:41","modified_gmt":"2026-04-08T17:00:41","slug":"sigma-montura-l-sigma-14-24mm-f-2-8-dg-dn-art","status":"publish","type":"product","link":"https:\/\/hi-techwonder.com\/es\/producto\/sigma-montura-l-sigma-14-24mm-f-2-8-dg-dn-art\/","title":{"rendered":"Montura L SIGMA 14-24mm f\/2.8 DG DN Art"},"content":{"rendered":"<p><strong>SIGMA 14-24mm f\/2.8 DG DN Art Leica L<\/strong><\/p>\n<p><strong>Funciones:<\/strong><\/p>\n<ul>\n<li>Montura en L Montagem<\/li>\n<li>Formato de fotograma completo<\/li>\n<li>Rango de apertura: f\/2.8 a f\/22\n<\/li>\n<\/ul>\n<p><strong>Contenido del paquete:<\/strong><\/p>\n<ul>\n<li>Sigma 14-24mm f\/2.8 DG DN Art Leica L<\/li>\n<li>Cubierta frontal LC850-0<\/li>\n<li>Contraportada LCR II<\/li>\n<li>Bolsa de almacenamiento<\/li>\n<\/ul>\n<p>Incre\u00edbles cielos estrellados a mano Este objetivo ofrece un zoom gran angular con una resoluci\u00f3n notable, perfecto para c\u00e1maras mirrorless de fotograma completo.<\/p>\n<p>Este objetivo est\u00e1 dise\u00f1ado exclusivamente para c\u00e1maras mirrorless de fotograma completo. Su calidad de imagen se desarrolla con elementos de vidrio de baja dispersi\u00f3n y NPC (Nano Porous Coating). Sus funciones ofrecen fiabilidad al usuario, incluso en entornos dif\u00edciles.  <\/p>\n<p>Los objetivos con montura L logran un AF de alta velocidad y son compatibles con el modo AF-C, la estabilizaci\u00f3n de imagen en la c\u00e1mara y la correcci\u00f3n de aberraciones en la c\u00e1mara.<\/p>\n<p><strong>Compatibilidades:<\/strong><\/p>\n<ul>\n<li>Leica CL<\/li>\n<li>Leica SL (Typ 601)<\/li>\n<li>Leica TL<\/li>\n<li>Leica TL2<\/li>\n<li>Panasonic Lumix DC-S1<\/li>\n<li>Panasonic Lumix DC-S1H<\/li>\n<li>Panasonic Lumix DC-S1R<\/li>\n<li>Sigma fp<\/li>\n<\/ul>\n<p><strong>Caracter\u00edsticas t\u00e9cnicas:<\/strong><\/p>\n<table border=\"0\" width=\"546\" cellspacing=\"0\" cellpadding=\"2\">\n<colgroup>\n<col width=\"265\">\n<col width=\"273\"> <\/colgroup>\n<tbody>\n<tr>\n<td width=\"265\">Distancia focal: <\/td>\n<td width=\"273\">De 14 a 24 mm <\/td>\n<\/tr>\n<tr>\n<td width=\"265\">Apertura m\u00e1xima: <\/td>\n<td width=\"273\">f\/2.8 <\/td>\n<\/tr>\n<tr>\n<td width=\"265\">Apertura m\u00ednima: <\/td>\n<td width=\"273\">f\/22 <\/td>\n<\/tr>\n<tr>\n<td width=\"265\">Tipo de montaje: <\/td>\n<td width=\"273\">Leica L<\/td>\n<\/tr>\n<tr>\n<td width=\"265\">Formato: <\/td>\n<td width=\"273\">Fotograma completo <\/td>\n<\/tr>\n<tr>\n<td width=\"265\">\u00c1ngulo: <\/td>\n<td width=\"273\">De 114,2\u00b0 a 84,1\u00b0 <\/td>\n<\/tr>\n<tr>\n<td width=\"265\">Aumento m\u00e1ximo: <\/td>\n<td width=\"273\">0,14 veces <\/td>\n<\/tr>\n<tr>\n<td width=\"265\">Max. Relaci\u00f3n de aumento: <\/td>\n<td width=\"273\">1:7.3 (197.3<\/td>\n<p>)<br \/>\n<\/tr>\n<tr>\n<td width=\"265\">Distancia m\u00ednima. Centro de atenci\u00f3n:   <\/td>\n<td width=\"273\">27,94 cm  <\/td>\n<\/tr>\n<tr>\n<td width=\"265\">Dise\u00f1o \u00f3ptico: <\/td>\n<td width=\"273\">18 elementos en 13 grupos <\/td>\n<\/tr>\n<tr>\n<td width=\"265\">Hojas de diafragma: <\/td>\n<td width=\"273\">11, redondeado <\/td>\n<\/tr>\n<tr>\n<td width=\"265\">Tipo de enfoque: <\/td>\n<td width=\"273\">Autom\u00e1tico <\/td>\n<\/tr>\n<tr>\n<td width=\"265\">Estabilizador de imagen: <\/td>\n<td width=\"273\">No <\/td>\n<\/tr>\n<tr>\n<td width=\"265\">Dimensiones (\u00f8 x Longitud): <\/td>\n<td width=\"273\">85 x 131 mm <\/td>\n<\/tr>\n<tr>\n<td width=\"265\">Peso: <\/td>\n<td width=\"273\">795 gramos<\/td>\n<\/tr>\n<\/tbody>\n<\/table>\n","protected":false},"excerpt":{"rendered":"<p>SIGMA 14-24mm f\/2.8 DG DN Art Leica L Funciones: Montura en L Montagem Formato de fotograma completo Rango de apertura:<\/p>\n","protected":false},"featured_media":52073,"comment_status":"closed","ping_status":"open","template":"","meta":{"_acf_changed":false},"product_brand":[2647],"product_cat":[1062],"product_tag":[],"class_list":{"0":"post-73731","1":"product","2":"type-product","3":"status-publish","4":"has-post-thumbnail","6":"product_brand-sigma-es","7":"product_cat-mirrorless-objectivos","8":"pa_abertura-maxima-f-2-8-es","10":"first","11":"onbackorder","12":"taxable","13":"shipping-taxable","14":"purchasable","15":"product-type-simple"},"bundled_by":[],"bundle_stock_status":"onbackorder","bundle_stock_quantity":null,"bundle_virtual":false,"bundle_layout":"","bundle_add_to_cart_form_location":"","bundle_editable_in_cart":false,"bundle_sold_individually_context":"","bundle_item_grouping":"","bundle_min_size":"","bundle_max_size":"","bundle_price":[],"bundled_items":[],"bundle_sell_ids":[],"acf":[],"_links":{"self":[{"href":"https:\/\/hi-techwonder.com\/es\/wp-json\/wp\/v2\/product\/73731","targetHints":{"allow":["GET"]}}],"collection":[{"href":"https:\/\/hi-techwonder.com\/es\/wp-json\/wp\/v2\/product"}],"about":[{"href":"https:\/\/hi-techwonder.com\/es\/wp-json\/wp\/v2\/types\/product"}],"replies":[{"embeddable":true,"href":"https:\/\/hi-techwonder.com\/es\/wp-json\/wp\/v2\/comments?post=73731"}],"wp:featuredmedia":[{"embeddable":true,"href":"https:\/\/hi-techwonder.com\/es\/wp-json\/wp\/v2\/media\/52073"}],"wp:attachment":[{"href":"https:\/\/hi-techwonder.com\/es\/wp-json\/wp\/v2\/media?parent=73731"}],"wp:term":[{"taxonomy":"product_brand","embeddable":true,"href":"https:\/\/hi-techwonder.com\/es\/wp-json\/wp\/v2\/product_brand?post=73731"},{"taxonomy":"product_cat","embeddable":true,"href":"https:\/\/hi-techwonder.com\/es\/wp-json\/wp\/v2\/product_cat?post=73731"},{"taxonomy":"product_tag","embeddable":true,"href":"https:\/\/hi-techwonder.com\/es\/wp-json\/wp\/v2\/product_tag?post=73731"}],"curies":[{"name":"wp","href":"https:\/\/api.w.org\/{rel}","templated":true}]}}