{"id":73732,"date":"2025-07-28T23:50:35","date_gmt":"2025-07-28T23:50:35","guid":{"rendered":"https:\/\/fv6qoy3ls0.wpdns.site\/product\/kit-movil-de-lavabo-portatil-sennheiser-xsw-d\/"},"modified":"2026-01-31T03:26:45","modified_gmt":"2026-01-31T03:26:45","slug":"sennheiser-kit-movil-de-lavabo-portatil-sennheiser-xsw-d","status":"publish","type":"product","link":"https:\/\/hi-techwonder.com\/es\/producto\/sennheiser-kit-movil-de-lavabo-portatil-sennheiser-xsw-d\/","title":{"rendered":"Kit m\u00f3vil de lavabo port\u00e1til SENNHEISER XSW-D"},"content":{"rendered":"<p><strong>Kit m\u00f3vil con micr\u00f3fono de solapa inal\u00e1mbrico port\u00e1til + mini tr\u00edpode Manfrotto Pixi + soporte para tel\u00e9fono inteligente<\/strong><\/p>\n<p><strong>Kit m\u00f3vil de lavabo port\u00e1til SENNHEISER XSW-D<\/strong><\/p>\n<p>El kit m\u00f3vil de lavabo port\u00e1til Sennheiser XSW-D es un micr\u00f3fono de solapa inal\u00e1mbrico para vloggers, vide\u00f3grafos, periodistas que buscan un sistema de montaje de tel\u00e9fono inteligente o c\u00e1mara que sea r\u00e1pido y f\u00e1cil de usar. Pone la calidad de sonido de renombre mundial de Sennheiser en un sistema digital plug-and-record de 1 bot\u00f3n que permite operar a cualquier usuario. Viene equipado con un mini tr\u00edpode de Manfrotto Pixi y un soporte para tel\u00e9fono inteligente.  <\/p>\n<p>_______________________________________________________________________________________________________________________________________________________________________<\/p>\n<p>Caracter\u00edsticas principales<\/p>\n<p>Para vlogs m\u00f3viles<\/p>\n<p>Micr\u00f3fono de lavabo omnidireccional ME 2-II<\/p>\n<p>Transmisor de petaca en miniatura<\/p>\n<p>Receptor de montaje de c\u00e1mara en miniatura<\/p>\n<p>Mini tr\u00edpode y asa Manfrotto PIXI<\/p>\n<p>Brazalete para smartphone con soporte para zapata fr\u00eda<\/p>\n<p>En la caja<\/p>\n<p>Kit m\u00f3vil port\u00e1til Sennheiser XSW-D Lav con transmisor Manfrotto PIXI, receptor, micr\u00f3fono de solapa, soportes y soporte<\/p>\n<p>Tr\u00edpode de mesa mini PIXI de Manfrotto (negro)<\/p>\n<p>Sennheiser XSW-D Juego de Micr\u00f3fono de Mano Inal\u00e1mbrico Omni Lavalier para Soporte de C\u00e1mara Digital (2.4GHz)<\/p>\n<p>Brazalete para smartphone con soporte para zapata fr\u00eda<\/p>\n<p>El SET DE SOLAPA PORT\u00c1TIL XSW-D de Sennheiser es un punto de entrada f\u00e1cil al mundo del audio de micr\u00f3fono inal\u00e1mbrico para vloggers m\u00f3viles, videoc\u00e1maras y periodistas que buscan un sistema de montaje de c\u00e1mara que sea rentable, r\u00e1pido y f\u00e1cil de usar. Pone la calidad de sonido Sennheiser de renombre mundial en un sistema digital plug-and-record de 1 bot\u00f3n que cualquiera puede operar. Con\u00e9ctalo, enci\u00e9ndelo y estar\u00e1s listo para comenzar de inmediato, aligerando instant\u00e1neamente tu carga de trabajo para que puedas concentrarte en crear.  <\/p>\n<p>El conjunto ofrece el popular micr\u00f3fono de solapa omnidireccional ME 2-II, junto con un transmisor de cuerpo y un receptor de montaje en c\u00e1mara, ambos con carcasas ligeras y en miniatura. El sistema se conecta a una DSLR, videoc\u00e1mara o tableta\/tel\u00e9fono inteligente (con adaptador adicional) para capturar entrevistas o di\u00e1logos con sonido claro para grabaciones de video. <\/p>\n<p>Desempaquetando el sistema<\/p>\n<p>El micr\u00f3fono de solapa ME 2-II se conecta a la ropa de tu talento y se conecta a la entrada de bloqueo de 3,5 mm del transmisor de cuerpo. El transmisor est\u00e1 dise\u00f1ado para transmitir solo la se\u00f1al desde un micr\u00f3fono (no desde un mezclador o grabadora). <\/p>\n<p>El transmisor excepcionalmente ligero y compacto puede ocultarse f\u00e1cilmente en un bolsillo o fijarse discretamente a la cintura con el clip para cintur\u00f3n incluido.<\/p>\n<p>El receptor igualmente discreto y liviano es ?? Montado en la zapata de la c\u00e1mara con el adaptador suministrado. Conecte su salida de 3,5 mm a la entrada de audio de 3,5 mm de su c\u00e1mara a trav\u00e9s del cable en espiral incluido.<\/p>\n<p>Est\u00e1s listo para encenderlo y comenzar, es as\u00ed de f\u00e1cil.<\/p>\n<p>Conectar, encender: funciona<\/p>\n<p>El concepto de 1 bot\u00f3n y 1 LED con interfaz de un solo bot\u00f3n e indicador de estado maneja sin esfuerzo las tareas de encendido y encendido por usted.<\/p>\n<p>El receptor y el transmisor est\u00e1n preemparejados de f\u00e1brica para que cuando encienda el sistema, funcione, sin necesidad de presionar ning\u00fan bot\u00f3n adicional.<\/p>\n<p>(Para obtener los mejores resultados, se recomienda usar XSW-D en entornos con tr\u00e1fico Wi-Fi\/2,4 GHz limitado).<\/p>\n<p>Mejore la calidad de sonido de Sennheiser<\/p>\n<p>Los sistemas de micr\u00f3fonos inal\u00e1mbricos de Sennheiser son un est\u00e1ndar de la industria, valorado por los profesionales por su claridad y confiabilidad. El sistema XSW-D permite a los principiantes y a los usuarios preocupados por el presupuesto obtener la calidad de sonido genuina de Sennheiser sin arruinarse. <\/p>\n<p>El siempre popular micr\u00f3fono de solapa ME 2-II ofrece un sonido natural optimizado para la inteligibilidad del habla. Su patr\u00f3n polar omnidireccional garantiza que el sonido se mantenga constante, incluso cuando la cabeza del talento se aleja del micr\u00f3fono. <\/p>\n<p>F\u00e1cil conexi\u00f3n inal\u00e1mbrica digital de 2,4 GHz<\/p>\n<p>Nada arruina una toma como escuchar el informe meteorol\u00f3gico proveniente de su micr\u00f3fono. A diferencia de los sistemas inal\u00e1mbricos anal\u00f3gicos tradicionales, el sistema digital XSW-D opera en la banda ISM de 2,4 GHz, lejos de interrupciones y ca\u00eddas causadas por interferencias de canales de radio y televisi\u00f3n. <\/p>\n<p>Gracias a la tecnolog\u00eda de asignaci\u00f3n de canales y gesti\u00f3n de interferencias de Sennheiser, el sistema selecciona la mejor frecuencia de funcionamiento y cambia autom\u00e1ticamente a un canal limpio, proporcionando una transmisi\u00f3n confiable a una distancia de hasta 250 pies de l\u00ednea de visi\u00f3n.<\/p>\n<p>Para un rendimiento \u00f3ptimo, se recomienda a los usuarios que mantengan una l\u00ednea de visi\u00f3n lo m\u00e1s directa posible entre el transmisor y el receptor.<\/p>\n<p>Ampl\u00ede su sistema a medida que crezcan sus necesidades<\/p>\n<p>La funcionalidad de este CONJUNTO DE SOLAPA PORT\u00c1TIL XSW-D se puede ampliar f\u00e1cilmente agregando transmisores y receptores de la serie XSW-D a medida que evolucionan sus necesidades.<\/p>\n<p>Con este conjunto, agregar el transmisor enchufable XSW-D XLR FEMALE TX le permite conectar un micr\u00f3fono de mano din\u00e1mico para entrevistas de estilo masculino en la calle, o un micr\u00f3fono de ca\u00f1\u00f3n autoamplificado para boom.<\/p>\n<p>Para un habla m\u00e1s clara en entornos ruidosos, puede reemplazar el micr\u00f3fono lav incluido con un micr\u00f3fono de auriculares compatible con Sennheiser.<\/p>\n<p>Funcionamiento sin licencia en todo el mundo<\/p>\n<p>Dado que el sistema XSW-D funciona en la banda de 2,4 GHz sin licencia, no tiene que preocuparse por las leyes locales de licencias, la coordinaci\u00f3n de frecuencias y otros problemas t\u00e9cnicos.<\/p>\n<p>Simplemente deje que el sistema elija un canal para usted y comience a grabar, ya sea que est\u00e9 trabajando desde casa o desde cualquier parte del mundo.<\/p>\n<p>Otras caracter\u00edsticas<\/p>\n<p>\u00bfBater\u00edas recargables de iones de litio? Carga USB ecol\u00f3gica: carga de 1 hora para lograr un 50% de duraci\u00f3n de la bater\u00eda<\/p>\n<p>La duraci\u00f3n completa de la bater\u00eda de 5 horas le brinda mucho tiempo de disparo<\/p>\n<p>Recargue las bater\u00edas c\u00f3modamente a trav\u00e9s de USB durante el funcionamiento o durante los descansos a lo largo del d\u00eda<\/p>\n<p>Se pueden operar hasta cinco sistemas simult\u00e1neamente en el mismo entorno<\/p>\n<p>Baja latencia de 3,9 ms con el c\u00f3dec aptX Live dise\u00f1ado espec\u00edficamente para maximizar el rendimiento del micr\u00f3fono inal\u00e1mbrico digital<\/p>\n","protected":false},"excerpt":{"rendered":"<p>Kit m\u00f3vil con micr\u00f3fono de solapa inal\u00e1mbrico port\u00e1til + mini tr\u00edpode Manfrotto Pixi + soporte para tel\u00e9fono inteligente Kit m\u00f3vil<\/p>\n","protected":false},"featured_media":28858,"comment_status":"closed","ping_status":"open","template":"","meta":{"_acf_changed":false},"product_brand":[2567],"product_cat":[895],"product_tag":[],"class_list":{"0":"post-73732","1":"product","2":"type-product","3":"status-publish","4":"has-post-thumbnail","6":"product_brand-sennheiser-es","7":"product_cat-kits-inalambricos","9":"first","10":"onbackorder","11":"taxable","12":"shipping-taxable","13":"purchasable","14":"product-type-simple"},"bundled_by":[],"bundle_stock_status":"onbackorder","bundle_stock_quantity":null,"bundle_virtual":false,"bundle_layout":"","bundle_add_to_cart_form_location":"","bundle_editable_in_cart":false,"bundle_sold_individually_context":"","bundle_item_grouping":"","bundle_min_size":"","bundle_max_size":"","bundle_price":[],"bundled_items":[],"bundle_sell_ids":[],"acf":[],"_links":{"self":[{"href":"https:\/\/hi-techwonder.com\/es\/wp-json\/wp\/v2\/product\/73732","targetHints":{"allow":["GET"]}}],"collection":[{"href":"https:\/\/hi-techwonder.com\/es\/wp-json\/wp\/v2\/product"}],"about":[{"href":"https:\/\/hi-techwonder.com\/es\/wp-json\/wp\/v2\/types\/product"}],"replies":[{"embeddable":true,"href":"https:\/\/hi-techwonder.com\/es\/wp-json\/wp\/v2\/comments?post=73732"}],"wp:featuredmedia":[{"embeddable":true,"href":"https:\/\/hi-techwonder.com\/es\/wp-json\/wp\/v2\/media\/28858"}],"wp:attachment":[{"href":"https:\/\/hi-techwonder.com\/es\/wp-json\/wp\/v2\/media?parent=73732"}],"wp:term":[{"taxonomy":"product_brand","embeddable":true,"href":"https:\/\/hi-techwonder.com\/es\/wp-json\/wp\/v2\/product_brand?post=73732"},{"taxonomy":"product_cat","embeddable":true,"href":"https:\/\/hi-techwonder.com\/es\/wp-json\/wp\/v2\/product_cat?post=73732"},{"taxonomy":"product_tag","embeddable":true,"href":"https:\/\/hi-techwonder.com\/es\/wp-json\/wp\/v2\/product_tag?post=73732"}],"curies":[{"name":"wp","href":"https:\/\/api.w.org\/{rel}","templated":true}]}}