{"id":73733,"date":"2025-07-29T09:39:44","date_gmt":"2025-07-29T09:39:44","guid":{"rendered":"https:\/\/fv6qoy3ls0.wpdns.site\/product\/sigma-135mm-f-1-8-dg-hsm-art-sony-e\/"},"modified":"2026-04-08T18:00:09","modified_gmt":"2026-04-08T17:00:09","slug":"sigma-135mm-f-1-8-dg-hsm-art-sony-e","status":"publish","type":"product","link":"https:\/\/hi-techwonder.com\/es\/producto\/sigma-135mm-f-1-8-dg-hsm-art-sony-e\/","title":{"rendered":"SIGMA 135mm f\/1.8 DG HSM Art Sony E"},"content":{"rendered":"<p><span style=\"font-size: small;\"><strong>ASPECTOS DESTACADOS DEL PRODUCTO<\/strong><\/p>\n<p><\/span><\/p>\n<ul>\n<li> <span style=\"font-size: small;\">Lente con montura E\/formato de fotograma completo<\/span><\/li>\n<li> <span style=\"font-size: small;\">Rango de apertura: f\/1.8 a f\/16<\/span><\/li>\n<li> <span style=\"font-size: small;\">Dos elementos FLD, dos elementos SLD<\/span><\/li>\n<li> <span style=\"font-size: small;\">Recubrimiento s\u00faper multicapa<\/span><\/li>\n<li> <span style=\"font-size: small;\">Motor AF hipers\u00f3nico, anulaci\u00f3n manual<\/span><\/li>\n<li> <span style=\"font-size: small;\">Diafragma redondeado de 9 hojas<\/span><\/li>\n<li> <span style=\"font-size: small;\">Material TSC, soporte de bayoneta de lat\u00f3n<\/span><\/li>\n<\/ul>\n<div><span style=\"font-size: small;\"><br \/><\/span><\/div>\n<div> <span style=\"font-size: small;\">Un teleobjetivo r\u00e1pido, el Sony E-mount 135mm f\/1.8 DG HSM de Sigma combina una \u00f3ptica brillante y sofisticada con un manejo y dise\u00f1o intuitivos. Como parte de la l\u00ednea de lentes Art, este 135 mm f\/1.8 est\u00e1 dise\u00f1ado para una representaci\u00f3n de alta resoluci\u00f3n y utiliza vidrio FLD y SLD para controlar las aberraciones crom\u00e1ticas y las franjas de color para una claridad notable. Un recubrimiento s\u00faper multicapa tambi\u00e9n mejora la calidad de la imagen al suprimir el destello de la lente y las im\u00e1genes fantasma para mejorar el contraste y la fidelidad del color en condiciones de iluminaci\u00f3n intensa. Adem\u00e1s, lo que lo convierte en un objetivo ideal para retratos, la brillante apertura m\u00e1xima de f\/1,8 se combina con un diafragma redondeado de nueve hojas para beneficiar el enfoque selectivo y la profundidad de campo de la imagen con un bokeh suave.   <\/p>\n<p>  Complementando las capacidades de imagen, el objetivo cuenta con un motor Hyper Sonic para producir un rendimiento de enfoque autom\u00e1tico r\u00e1pido, suave y silencioso con anulaci\u00f3n de enfoque manual a tiempo completo. El dise\u00f1o f\u00edsico utiliza material compuesto t\u00e9rmicamente estable para mayor durabilidad en una amplia variedad de entornos, y un montaje de bayoneta de lat\u00f3n tambi\u00e9n ofrece rigidez y precisi\u00f3n de montaje. <\/p>\n<p><\/span><\/p>\n<ul>\n<li> <span style=\"font-size: small;\">Como parte de la l\u00ednea Art dentro de la serie Global Vision de Sigma, esta lente est\u00e1 dise\u00f1ada para lograr un rendimiento \u00f3ptico verdaderamente sobresaliente y es ideal para aplicaciones creativas y art\u00edsticas.<\/span><\/li>\n<li> <span style=\"font-size: small;\">El teleobjetivo Prime est\u00e1 dise\u00f1ado para c\u00e1maras sin espejo de fotograma completo con montura E de Sony, pero tambi\u00e9n se puede usar con modelos APS-C, donde proporcionar\u00e1 una distancia focal equivalente a 202.5 mm.<\/span><\/li>\n<li> <span style=\"font-size: small;\">La brillante apertura m\u00e1xima de f\/1.8 es adecuada para trabajar en condiciones de poca luz y tambi\u00e9n proporciona un mayor control sobre la posici\u00f3n de enfoque cuando se utilizan t\u00e9cnicas de poca profundidad de campo.<\/span><\/li>\n<li> <span style=\"font-size: small;\">Dos elementos F de baja dispersi\u00f3n (FLD) y dos elementos especiales de baja dispersi\u00f3n (SLD) se presentan en el dise\u00f1o \u00f3ptico y ayudan a reducir las franjas de color y las aberraciones crom\u00e1ticas para mejorar la claridad y precisi\u00f3n del color.<\/span><\/li>\n<li> <span style=\"font-size: small;\">Se ha aplicado un recubrimiento s\u00faper multicapa a los elementos de la lente para minimizar los destellos y las im\u00e1genes fantasma de la lente y contribuir a la producci\u00f3n de im\u00e1genes ricas en contraste y de color neutro, incluso en condiciones de contraluz.<\/span><\/li>\n<li> <span style=\"font-size: small;\">El diafragma redondeado de nueve hojas contribuye a una calidad de bokeh suave y agradable.<\/span><\/li>\n<li> <span style=\"font-size: small;\">El HSM (motor hipers\u00f3nico) incorporado ofrece un enfoque autom\u00e1tico r\u00e1pido y silencioso, que se complementa con un algoritmo AF optimizado para producir un rendimiento de enfoque m\u00e1s suave. El HSM tambi\u00e9n permite el control de enfoque manual a tiempo completo simplemente girando el anillo de enfoque en cualquier momento. <\/span><\/li>\n<li> <span style=\"font-size: small;\">La lente est\u00e1 construida con un material compuesto t\u00e9rmicamente estable (TSC), junto con metales tradicionales, para una mayor precisi\u00f3n y uso en amplios rangos de temperatura.<\/span><\/li>\n<li> <span style=\"font-size: small;\">La montura de bayoneta est\u00e1 construida de lat\u00f3n para garantizar precisi\u00f3n y durabilidad. Adem\u00e1s, el sello de goma est\u00e1 incorporado en el dise\u00f1o del soporte para hacerlo resistente al polvo y las salpicaduras. <\/span><\/li>\n<\/ul>\n<\/div>\n<div><span style=\"font-size: small;\"><br \/><\/span><\/div>\n<div>\n<p style=\"margin-bottom: 0cm;\"> <span style=\"font-size: small;\">&nbsp;<\/span><\/p>\n<p><span style=\"font-size: small;\"> <\/span><\/p>\n<table style=\"width: 563px;\" border=\"0\" cellspacing=\"0\" cellpadding=\"2\">\n<colgroup>\n<col width=\"241\"><\/col>\n<\/colgroup>\n<colgroup>\n<col width=\"314\"><\/col>\n<\/colgroup>\n<tbody>\n<tr>\n<th colspan=\"2\" width=\"559\">\n<p style=\"border: none; padding: 0cm; font-style: normal; font-weight: normal;\"> <span style=\"font-size: small;\"><a name=\"11011\"><\/a><span style=\"font-size: x-large;\">interino<\/span><\/span> <\/p>\n<\/th>\n<\/tr>\n<tr>\n<td width=\"241\">\n<p style=\"border-top: none; border-bottom: 1px solid #e6e7e8; border-left: none; border-right: none; padding-top: 0cm; padding-bottom: 0.53cm; padding-left: 0cm; padding-right: 0cm;\"> <span style=\"font-size: small;\">Distancia focal<\/span> <\/p>\n<\/td>\n<td width=\"314\">\n<p style=\"border-top: none; border-bottom: 1px solid #e6e7e8; border-left: none; border-right: none; padding-top: 0cm; padding-bottom: 0.53cm; padding-left: 0cm; padding-right: 0cm;\"> <span style=\"font-size: small;\">135 mil\u00edmetros<\/span> <\/p>\n<\/td>\n<\/tr>\n<tr>\n<td width=\"241\">\n<p style=\"border-top: none; border-bottom: 1px solid #e6e7e8; border-left: none; border-right: none; padding-top: 0cm; padding-bottom: 0.53cm; padding-left: 0cm; padding-right: 0cm;\"> <span style=\"font-size: small;\">Abertura<\/span> <\/p>\n<\/td>\n<td width=\"314\">\n<p style=\"border-top: none; border-bottom: 1px solid #e6e7e8; border-left: none; border-right: none; padding-top: 0cm; padding-bottom: 0.53cm; padding-left: 0cm; padding-right: 0cm;\"> <span style=\"font-size: small;\">M\u00e1ximo: f\/1.8<br \/> M\u00ednimo: f\/16<\/span> <\/p>\n<\/td>\n<\/tr>\n<tr>\n<td width=\"241\">\n<p style=\"border-top: none; border-bottom: 1px solid #e6e7e8; border-left: none; border-right: none; padding-top: 0cm; padding-bottom: 0.53cm; padding-left: 0cm; padding-right: 0cm;\"> <span style=\"font-size: small;\">Tipo de montaje de la c\u00e1mara<\/span> <\/p>\n<\/td>\n<td width=\"314\">\n<p style=\"border-top: none; border-bottom: 1px solid #e6e7e8; border-left: none; border-right: none; padding-top: 0cm; padding-bottom: 0.53cm; padding-left: 0cm; padding-right: 0cm;\"> <span style=\"font-size: small;\">Sony E<\/span> <\/p>\n<\/td>\n<\/tr>\n<tr>\n<td width=\"241\">\n<p style=\"border-top: none; border-bottom: 1px solid #e6e7e8; border-left: none; border-right: none; padding-top: 0cm; padding-bottom: 0.53cm; padding-left: 0cm; padding-right: 0cm;\"> <span style=\"font-size: small;\">Compatibilidad de formatos<\/span> <\/p>\n<\/td>\n<td width=\"314\">\n<p style=\"border-top: none; border-bottom: 1px solid #e6e7e8; border-left: none; border-right: none; padding-top: 0cm; padding-bottom: 0.53cm; padding-left: 0cm; padding-right: 0cm;\"> <span style=\"font-size: small;\">Pel\u00edcula de 35 mm \/ sensor digital de fotograma completo<\/span> <\/p>\n<\/td>\n<\/tr>\n<tr>\n<td width=\"241\">\n<p style=\"border-top: none; border-bottom: 1px solid #e6e7e8; border-left: none; border-right: none; padding-top: 0cm; padding-bottom: 0.53cm; padding-left: 0cm; padding-right: 0cm;\"> <span style=\"font-size: small;\">\u00c1ngulo<\/span> <\/p>\n<\/td>\n<td width=\"314\">\n<p style=\"border-top: none; border-bottom: 1px solid #e6e7e8; border-left: none; border-right: none; padding-top: 0cm; padding-bottom: 0.53cm; padding-left: 0cm; padding-right: 0cm;\"> <span style=\"font-size: small;\">18,2\u00b0<\/span> <\/p>\n<\/td>\n<\/tr>\n<tr>\n<td width=\"241\">\n<p style=\"border-top: none; border-bottom: 1px solid #e6e7e8; border-left: none; border-right: none; padding-top: 0cm; padding-bottom: 0.53cm; padding-left: 0cm; padding-right: 0cm;\"> <span style=\"font-size: small;\">Distancia m\u00ednima de enfoque<\/span> <\/p>\n<\/td>\n<td width=\"314\">\n<p style=\"border-top: none; border-bottom: 1px solid #e6e7e8; border-left: none; border-right: none; padding-top: 0cm; padding-bottom: 0.53cm; padding-left: 0cm; padding-right: 0cm;\"> <span style=\"font-size: small;\">2,87&#8242; \/ 87,5 cm<\/span> <\/p>\n<\/td>\n<\/tr>\n<tr>\n<td width=\"241\">\n<p style=\"border-top: none; border-bottom: 1px solid #e6e7e8; border-left: none; border-right: none; padding-top: 0cm; padding-bottom: 0.53cm; padding-left: 0cm; padding-right: 0cm;\"> <span style=\"font-size: small;\">Velocidad m\u00e1xima de reproducci\u00f3n<\/span> <\/p>\n<\/td>\n<td width=\"314\">\n<p style=\"border-top: none; border-bottom: 1px solid #e6e7e8; border-left: none; border-right: none; padding-top: 0cm; padding-bottom: 0.53cm; padding-left: 0cm; padding-right: 0cm;\"> <span style=\"font-size: small;\">1:5<\/span> <\/p>\n<\/td>\n<\/tr>\n<tr>\n<td width=\"241\">\n<p style=\"border-top: none; border-bottom: 1px solid #e6e7e8; border-left: none; border-right: none; padding-top: 0cm; padding-bottom: 0.53cm; padding-left: 0cm; padding-right: 0cm;\"> <span style=\"font-size: small;\">Dise\u00f1o \u00f3ptico<\/span> <\/p>\n<\/td>\n<td width=\"314\">\n<p style=\"border-top: none; border-bottom: 1px solid #e6e7e8; border-left: none; border-right: none; padding-top: 0cm; padding-bottom: 0.53cm; padding-left: 0cm; padding-right: 0cm;\"> <span style=\"font-size: small;\">13 elementos en 10 grupos<\/span> <\/p>\n<\/td>\n<\/tr>\n<tr>\n<td width=\"241\">\n<p style=\"border-top: none; border-bottom: 1px solid #e6e7e8; border-left: none; border-right: none; padding-top: 0cm; padding-bottom: 0.53cm; padding-left: 0cm; padding-right: 0cm;\"> <span style=\"font-size: small;\">Hojas de diafragma<\/span> <\/p>\n<\/td>\n<td width=\"314\">\n<p style=\"border-top: none; border-bottom: 1px solid #e6e7e8; border-left: none; border-right: none; padding-top: 0cm; padding-bottom: 0.53cm; padding-left: 0cm; padding-right: 0cm;\"> <span style=\"font-size: small;\">9, redondeado<\/span><\/p>\n<\/td>\n<\/tr>\n<\/tbody>\n<\/table>\n<p><span style=\"font-size: small;\"> <\/span><\/p>\n<table style=\"width: 137px;\" border=\"0\" cellspacing=\"0\" cellpadding=\"2\">\n<colgroup>\n<col width=\"90\"><\/col>\n<\/colgroup>\n<colgroup>\n<col width=\"40\"><\/col>\n<\/colgroup>\n<tbody>\n<tr>\n<th colspan=\"2\" width=\"133\">\n<p style=\"border: none; padding: 0cm; font-style: normal; font-weight: normal;\"> <span style=\"font-size: small;\"><a name=\"23001\"><\/a><span style=\"font-size: x-large;\">Recursos<\/span><\/span> <\/p>\n<\/th>\n<\/tr>\n<tr>\n<td width=\"90\">\n<p style=\"border-top: none; border-bottom: 1px solid #e6e7e8; border-left: none; border-right: none; padding-top: 0cm; padding-bottom: 0.53cm; padding-left: 0cm; padding-right: 0cm;\"> <span style=\"font-size: small;\">Autom\u00e1tico<\/span> <\/p>\n<\/td>\n<td width=\"40\">\n<p style=\"border-top: none; border-bottom: 1px solid #e6e7e8; border-left: none; border-right: none; padding-top: 0cm; padding-bottom: 0.53cm; padding-left: 0cm; padding-right: 0cm;\"> <span style=\"font-size: small;\">S\u00ed<\/span><\/p>\n<\/td>\n<\/tr>\n<\/tbody>\n<\/table>\n<p><span style=\"font-size: small;\"> <\/span><\/p>\n<table style=\"width: 472px;\" border=\"0\" cellspacing=\"0\" cellpadding=\"2\">\n<colgroup>\n<col width=\"147\"><\/col>\n<\/colgroup>\n<colgroup>\n<col width=\"317\"><\/col>\n<\/colgroup>\n<tbody>\n<tr>\n<th colspan=\"2\" width=\"468\">\n<p style=\"border: none; padding: 0cm; font-style: normal; font-weight: normal;\"> <span style=\"font-size: small;\"><a name=\"11501\"><\/a><span style=\"font-size: x-large;\">F\u00edsico<\/span><\/span> <\/p>\n<\/th>\n<\/tr>\n<tr>\n<td width=\"147\">\n<p style=\"border-top: none; border-bottom: 1px solid #e6e7e8; border-left: none; border-right: none; padding-top: 0cm; padding-bottom: 0.53cm; padding-left: 0cm; padding-right: 0cm;\"> <span style=\"font-size: small;\">Tema de filtro<\/span> <\/p>\n<\/td>\n<td width=\"317\">\n<p style=\"border-top: none; border-bottom: 1px solid #e6e7e8; border-left: none; border-right: none; padding-top: 0cm; padding-bottom: 0.53cm; padding-left: 0cm; padding-right: 0cm;\"> <span style=\"font-size: small;\">Frontal: 82 mm<\/span> <\/p>\n<\/td>\n<\/tr>\n<tr>\n<td width=\"147\">\n<p style=\"border-top: none; border-bottom: 1px solid #e6e7e8; border-left: none; border-right: none; padding-top: 0cm; padding-bottom: 0.53cm; padding-left: 0cm; padding-right: 0cm;\"> <span style=\"font-size: small;\">Dimensiones (DxL)<\/span> <\/p>\n<\/td>\n<td width=\"317\">\n<p style=\"border-top: none; border-bottom: 1px solid #e6e7e8; border-left: none; border-right: none; padding-top: 0cm; padding-bottom: 0.53cm; padding-left: 0cm; padding-right: 0cm;\"> <span style=\"font-size: small;\">Aproximadamente. 3,60 x 4,52&#8243; \/ 91,4 x 114,9 mm <\/span> <\/p>\n<\/td>\n<\/tr>\n<tr>\n<td width=\"147\">\n<p style=\"border-top: none; border-bottom: 1px solid #e6e7e8; border-left: none; border-right: none; padding-top: 0cm; padding-bottom: 0.53cm; padding-left: 0cm; padding-right: 0cm;\"> <span style=\"font-size: small;\">Peso<\/span> <\/p>\n<\/td>\n<td width=\"317\">\n<p style=\"border-top: none; border-bottom: 1px solid #e6e7e8; border-left: none; border-right: none; padding-top: 0cm; padding-bottom: 0.53cm; padding-left: 0cm; padding-right: 0cm;\"> <span style=\"font-size: small;\">2,49 libras \/ 1130 g<\/span><\/p>\n<\/td>\n<\/tr>\n<\/tbody>\n<\/table>\n<p style=\"margin-bottom: 0cm;\"> <span style=\"font-size: small;\">&nbsp;<\/span><\/p>\n<\/div>\n<div><span style=\"font-size: small;\"><br \/><\/span><\/div>\n","protected":false},"excerpt":{"rendered":"<p>ASPECTOS DESTACADOS DEL PRODUCTO Lente con montura E\/formato de fotograma completo Rango de apertura: f\/1.8 a f\/16 Dos elementos FLD,<\/p>\n","protected":false},"featured_media":52010,"comment_status":"closed","ping_status":"open","template":"","meta":{"_acf_changed":false},"product_brand":[2647],"product_cat":[1062],"product_tag":[],"class_list":{"0":"post-73733","1":"product","2":"type-product","3":"status-publish","4":"has-post-thumbnail","6":"product_brand-sigma-es","7":"product_cat-mirrorless-objectivos","8":"pa_abertura-maxima-f-1-8-es","10":"first","11":"onbackorder","12":"taxable","13":"shipping-taxable","14":"purchasable","15":"product-type-simple"},"bundled_by":[],"bundle_stock_status":"onbackorder","bundle_stock_quantity":null,"bundle_virtual":false,"bundle_layout":"","bundle_add_to_cart_form_location":"","bundle_editable_in_cart":false,"bundle_sold_individually_context":"","bundle_item_grouping":"","bundle_min_size":"","bundle_max_size":"","bundle_price":[],"bundled_items":[],"bundle_sell_ids":[],"acf":[],"_links":{"self":[{"href":"https:\/\/hi-techwonder.com\/es\/wp-json\/wp\/v2\/product\/73733","targetHints":{"allow":["GET"]}}],"collection":[{"href":"https:\/\/hi-techwonder.com\/es\/wp-json\/wp\/v2\/product"}],"about":[{"href":"https:\/\/hi-techwonder.com\/es\/wp-json\/wp\/v2\/types\/product"}],"replies":[{"embeddable":true,"href":"https:\/\/hi-techwonder.com\/es\/wp-json\/wp\/v2\/comments?post=73733"}],"wp:featuredmedia":[{"embeddable":true,"href":"https:\/\/hi-techwonder.com\/es\/wp-json\/wp\/v2\/media\/52010"}],"wp:attachment":[{"href":"https:\/\/hi-techwonder.com\/es\/wp-json\/wp\/v2\/media?parent=73733"}],"wp:term":[{"taxonomy":"product_brand","embeddable":true,"href":"https:\/\/hi-techwonder.com\/es\/wp-json\/wp\/v2\/product_brand?post=73733"},{"taxonomy":"product_cat","embeddable":true,"href":"https:\/\/hi-techwonder.com\/es\/wp-json\/wp\/v2\/product_cat?post=73733"},{"taxonomy":"product_tag","embeddable":true,"href":"https:\/\/hi-techwonder.com\/es\/wp-json\/wp\/v2\/product_tag?post=73733"}],"curies":[{"name":"wp","href":"https:\/\/api.w.org\/{rel}","templated":true}]}}