{"id":73734,"date":"2025-07-28T23:50:35","date_gmt":"2025-07-28T23:50:35","guid":{"rendered":"https:\/\/fv6qoy3ls0.wpdns.site\/product\/sennheiser-xsw-d-juego-de-eng-portatil\/"},"modified":"2025-09-04T07:51:39","modified_gmt":"2025-09-04T07:51:39","slug":"sennheiser-xsw-d-juego-de-eng-portatil","status":"publish","type":"product","link":"https:\/\/hi-techwonder.com\/es\/producto\/sennheiser-xsw-d-juego-de-eng-portatil\/","title":{"rendered":"SENNHEISER XSW-D Juego de ENG port\u00e1til"},"content":{"rendered":"<p><strong>Kit Dos micr\u00f3fonos de solapa inal\u00e1mbricos port\u00e1tiles<\/strong><\/p>\n<p><strong>SENNHEISER XSW-D Juego de ENG port\u00e1til<\/strong><\/p>\n<p>El conjunto ENG port\u00e1til XSW-D de Sennheiser son dos micr\u00f3fonos de solapa inal\u00e1mbricos para vloggers, vide\u00f3grafos y periodistas que buscan un sistema de montaje de c\u00e1mara que sea r\u00e1pido y f\u00e1cil de usar. Pone la calidad de sonido de renombre mundial de Sennheiser en un sistema digital plug-and-record de 1 bot\u00f3n que permite operar a cualquier usuario. Con\u00e9ctalos, con\u00e9ctalos y estar\u00e1s listo para comenzar de inmediato, para que puedas concentrarte en crear, aligerando instant\u00e1neamente tu carga de trabajo.  <\/p>\n<p>_________________________________________________________________________________________________________________________________________________<\/p>\n<div class=\"group_3sxa25I0gg\" style=\"box-sizing: inherit; margin-bottom: 2.1875rem; font-family: OpenSans, 'Segoe UI', Helvetica, Roboto, Arial, sans-serif; font-size: 16px; background-color: #ffffff;\">\n<div class=\"group_3sxa25I0gg\" style=\"box-sizing: inherit; margin-bottom: 2.1875rem; font-family: OpenSans, 'Segoe UI', Helvetica, Roboto, Arial, sans-serif; font-size: 16px; background-color: #ffffff;\">Caracter\u00edsticas principales<\/div>\n<div class=\"group_3sxa25I0gg\" style=\"box-sizing: inherit; margin-bottom: 2.1875rem; font-family: OpenSans, 'Segoe UI', Helvetica, Roboto, Arial, sans-serif; font-size: 16px; background-color: #ffffff;\">&nbsp;<\/div>\n<div class=\"group_3sxa25I0gg\" style=\"box-sizing: inherit; margin-bottom: 2.1875rem; font-family: OpenSans, 'Segoe UI', Helvetica, Roboto, Arial, sans-serif; font-size: 16px; background-color: #ffffff;\">Juego de Plug &amp; Record para Vlogger<\/div>\n<div class=\"group_3sxa25I0gg\" style=\"box-sizing: inherit; margin-bottom: 2.1875rem; font-family: OpenSans, 'Segoe UI', Helvetica, Roboto, Arial, sans-serif; font-size: 16px; background-color: #ffffff;\">Micr\u00f3fono de lavabo omnidireccional ME 2-II<\/div>\n<div class=\"group_3sxa25I0gg\" style=\"box-sizing: inherit; margin-bottom: 2.1875rem; font-family: OpenSans, 'Segoe UI', Helvetica, Roboto, Arial, sans-serif; font-size: 16px; background-color: #ffffff;\">Transmisor de petaca en miniatura<\/div>\n<div class=\"group_3sxa25I0gg\" style=\"box-sizing: inherit; margin-bottom: 2.1875rem; font-family: OpenSans, 'Segoe UI', Helvetica, Roboto, Arial, sans-serif; font-size: 16px; background-color: #ffffff;\">Transmisor enchufable en miniatura<\/div>\n<div class=\"group_3sxa25I0gg\" style=\"box-sizing: inherit; margin-bottom: 2.1875rem; font-family: OpenSans, 'Segoe UI', Helvetica, Roboto, Arial, sans-serif; font-size: 16px; background-color: #ffffff;\">Receptor de montaje de c\u00e1mara en miniatura<\/div>\n<div class=\"group_3sxa25I0gg\" style=\"box-sizing: inherit; margin-bottom: 2.1875rem; font-family: OpenSans, 'Segoe UI', Helvetica, Roboto, Arial, sans-serif; font-size: 16px; background-color: #ffffff;\">Conexi\u00f3n segura punto a punto<\/div>\n<div class=\"group_3sxa25I0gg\" style=\"box-sizing: inherit; margin-bottom: 2.1875rem; font-family: OpenSans, 'Segoe UI', Helvetica, Roboto, Arial, sans-serif; font-size: 16px; background-color: #ffffff;\">F\u00e1cil de usar, operaci\u00f3n con 1 bot\u00f3n<\/div>\n<div class=\"group_3sxa25I0gg\" style=\"box-sizing: inherit; margin-bottom: 2.1875rem; font-family: OpenSans, 'Segoe UI', Helvetica, Roboto, Arial, sans-serif; font-size: 16px; background-color: #ffffff;\">\u00bfBater\u00edas recargables? 5 horas + alimentaci\u00f3n USB<\/div>\n<div class=\"group_3sxa25I0gg\" style=\"box-sizing: inherit; margin-bottom: 2.1875rem; font-family: OpenSans, 'Segoe UI', Helvetica, Roboto, Arial, sans-serif; font-size: 16px; background-color: #ffffff;\">Hasta 5 micr\u00f3fonos en el plat\u00f3 \/ 76,2 m de alcance<\/div>\n<div class=\"group_3sxa25I0gg\" style=\"box-sizing: inherit; margin-bottom: 2.1875rem; font-family: OpenSans, 'Segoe UI', Helvetica, Roboto, Arial, sans-serif; font-size: 16px; background-color: #ffffff;\">&nbsp;<\/div>\n<div class=\"group_3sxa25I0gg\" style=\"box-sizing: inherit; margin-bottom: 2.1875rem; font-family: OpenSans, 'Segoe UI', Helvetica, Roboto, Arial, sans-serif; font-size: 16px; background-color: #ffffff;\">&nbsp;<\/div>\n<div class=\"group_3sxa25I0gg\" style=\"box-sizing: inherit; margin-bottom: 2.1875rem; font-family: OpenSans, 'Segoe UI', Helvetica, Roboto, Arial, sans-serif; font-size: 16px; background-color: #ffffff;\">En la caja<\/div>\n<div class=\"group_3sxa25I0gg\" style=\"box-sizing: inherit; margin-bottom: 2.1875rem; font-family: OpenSans, 'Segoe UI', Helvetica, Roboto, Arial, sans-serif; font-size: 16px; background-color: #ffffff;\">&nbsp;<\/div>\n<div class=\"group_3sxa25I0gg\" style=\"box-sizing: inherit; margin-bottom: 2.1875rem; font-family: OpenSans, 'Segoe UI', Helvetica, Roboto, Arial, sans-serif; font-size: 16px; background-color: #ffffff;\">Sennheiser XSW-D PORTABLE ENG SET Sistema de micr\u00f3fono combinado inal\u00e1mbrico para soporte de c\u00e1mara digital (2.4 GHz)<\/div>\n<div class=\"group_3sxa25I0gg\" style=\"box-sizing: inherit; margin-bottom: 2.1875rem; font-family: OpenSans, 'Segoe UI', Helvetica, Roboto, Arial, sans-serif; font-size: 16px; background-color: #ffffff;\">Transmisor de petaca Sennheiser XSW-D MINI JACK TX (2.4 GHz)<\/div>\n<div class=\"group_3sxa25I0gg\" style=\"box-sizing: inherit; margin-bottom: 2.1875rem; font-family: OpenSans, 'Segoe UI', Helvetica, Roboto, Arial, sans-serif; font-size: 16px; background-color: #ffffff;\">Transmisor enchufable Sennheiser XSW-D XLR FEMALE TX (2.4 GHz)<\/div>\n<div class=\"group_3sxa25I0gg\" style=\"box-sizing: inherit; margin-bottom: 2.1875rem; font-family: OpenSans, 'Segoe UI', Helvetica, Roboto, Arial, sans-serif; font-size: 16px; background-color: #ffffff;\">Receptor de montaje de c\u00e1mara Sennheiser XSW-D MINI JACK RX (2.4 GHz)<\/div>\n<div class=\"group_3sxa25I0gg\" style=\"box-sizing: inherit; margin-bottom: 2.1875rem; font-family: OpenSans, 'Segoe UI', Helvetica, Roboto, Arial, sans-serif; font-size: 16px; background-color: #ffffff;\">Micr\u00f3fono de solapa omnidireccional Sennheiser ME 2-II con conector de bloqueo de 3.5mm (Negro)<\/div>\n<div class=\"group_3sxa25I0gg\" style=\"box-sizing: inherit; margin-bottom: 2.1875rem; font-family: OpenSans, 'Segoe UI', Helvetica, Roboto, Arial, sans-serif; font-size: 16px; background-color: #ffffff;\">Hebilla de cintur\u00f3n<\/div>\n<div class=\"group_3sxa25I0gg\" style=\"box-sizing: inherit; margin-bottom: 2.1875rem; font-family: OpenSans, 'Segoe UI', Helvetica, Roboto, Arial, sans-serif; font-size: 16px; background-color: #ffffff;\">Soporte para zapatos fr\u00edos<\/div>\n<div class=\"group_3sxa25I0gg\" style=\"box-sizing: inherit; margin-bottom: 2.1875rem; font-family: OpenSans, 'Segoe UI', Helvetica, Roboto, Arial, sans-serif; font-size: 16px; background-color: #ffffff;\">Cable de salida en espiral de 3,5 mm<\/div>\n<div class=\"group_3sxa25I0gg\" style=\"box-sizing: inherit; margin-bottom: 2.1875rem; font-family: OpenSans, 'Segoe UI', Helvetica, Roboto, Arial, sans-serif; font-size: 16px; background-color: #ffffff;\">Pegatinas de colores para etiquetar<\/div>\n<div class=\"group_3sxa25I0gg\" style=\"box-sizing: inherit; margin-bottom: 2.1875rem; font-family: OpenSans, 'Segoe UI', Helvetica, Roboto, Arial, sans-serif; font-size: 16px; background-color: #ffffff;\">Cable de carga USB tipo A a USB tipo C<\/div>\n<div class=\"group_3sxa25I0gg\" style=\"box-sizing: inherit; margin-bottom: 2.1875rem; font-family: OpenSans, 'Segoe UI', Helvetica, Roboto, Arial, sans-serif; font-size: 16px; background-color: #ffffff;\">&nbsp;<\/div>\n<div class=\"group_3sxa25I0gg\" style=\"box-sizing: inherit; margin-bottom: 2.1875rem; font-family: OpenSans, 'Segoe UI', Helvetica, Roboto, Arial, sans-serif; font-size: 16px; background-color: #ffffff;\">&nbsp;<\/div>\n<div class=\"group_3sxa25I0gg\" style=\"box-sizing: inherit; margin-bottom: 2.1875rem; font-family: OpenSans, 'Segoe UI', Helvetica, Roboto, Arial, sans-serif; font-size: 16px; background-color: #ffffff;\">El SET ENG PORT\u00c1TIL XSW-D de Sennheiser es un punto de entrada f\u00e1cil al mundo del audio de micr\u00f3fono inal\u00e1mbrico para vloggers, videoc\u00e1maras y periodistas m\u00f3viles que buscan un sistema de montaje de c\u00e1mara que sea rentable, r\u00e1pido y f\u00e1cil de usar. Pone la calidad de sonido Sennheiser de renombre mundial en un sistema digital plug-and-record de 1 bot\u00f3n que cualquiera puede operar. Con\u00e9ctalo, enci\u00e9ndelo y estar\u00e1s listo para comenzar de inmediato, aligerando instant\u00e1neamente tu carga de trabajo para que puedas concentrarte en crear.  <\/div>\n<div class=\"group_3sxa25I0gg\" style=\"box-sizing: inherit; margin-bottom: 2.1875rem; font-family: OpenSans, 'Segoe UI', Helvetica, Roboto, Arial, sans-serif; font-size: 16px; background-color: #ffffff;\">&nbsp;<\/div>\n<div class=\"group_3sxa25I0gg\" style=\"box-sizing: inherit; margin-bottom: 2.1875rem; font-family: OpenSans, 'Segoe UI', Helvetica, Roboto, Arial, sans-serif; font-size: 16px; background-color: #ffffff;\">El XSW-D PORTABLE ENG SET es la opci\u00f3n donde la m\u00e1xima flexibilidad es clave. Este conjunto viene con un transmisor de cuerpo y el popular micr\u00f3fono de solapa omnidireccional ME 2-II. Tambi\u00e9n se incluye un transmisor enchufable que se puede conectar a un micr\u00f3fono de mano de su elecci\u00f3n para entrevistas de hombre en la calle o un micr\u00f3fono de brazo de ca\u00f1\u00f3n (ambos tipos de micr\u00f3fonos est\u00e1n disponibles por separado).  <\/div>\n<div class=\"group_3sxa25I0gg\" style=\"box-sizing: inherit; margin-bottom: 2.1875rem; font-family: OpenSans, 'Segoe UI', Helvetica, Roboto, Arial, sans-serif; font-size: 16px; background-color: #ffffff;\">&nbsp;<\/div>\n<div class=\"group_3sxa25I0gg\" style=\"box-sizing: inherit; margin-bottom: 2.1875rem; font-family: OpenSans, 'Segoe UI', Helvetica, Roboto, Arial, sans-serif; font-size: 16px; background-color: #ffffff;\">El receptor de montaje en c\u00e1mara se conecta a una DSLR, videoc\u00e1mara o tableta\/tel\u00e9fono inteligente (con adaptador adicional) para capturar entrevistas o di\u00e1logos con sonido claro para grabaciones de video.<\/div>\n<div class=\"group_3sxa25I0gg\" style=\"box-sizing: inherit; margin-bottom: 2.1875rem; font-family: OpenSans, 'Segoe UI', Helvetica, Roboto, Arial, sans-serif; font-size: 16px; background-color: #ffffff;\">&nbsp;<\/div>\n<div class=\"group_3sxa25I0gg\" style=\"box-sizing: inherit; margin-bottom: 2.1875rem; font-family: OpenSans, 'Segoe UI', Helvetica, Roboto, Arial, sans-serif; font-size: 16px; background-color: #ffffff;\">Nota: Aunque este sistema incluye dos transmisores, solo se puede usar uno a la vez.<\/div>\n<div class=\"group_3sxa25I0gg\" style=\"box-sizing: inherit; margin-bottom: 2.1875rem; font-family: OpenSans, 'Segoe UI', Helvetica, Roboto, Arial, sans-serif; font-size: 16px; background-color: #ffffff;\">&nbsp;<\/div>\n<div class=\"group_3sxa25I0gg\" style=\"box-sizing: inherit; margin-bottom: 2.1875rem; font-family: OpenSans, 'Segoe UI', Helvetica, Roboto, Arial, sans-serif; font-size: 16px; background-color: #ffffff;\">&nbsp;<\/div>\n<div class=\"group_3sxa25I0gg\" style=\"box-sizing: inherit; margin-bottom: 2.1875rem; font-family: OpenSans, 'Segoe UI', Helvetica, Roboto, Arial, sans-serif; font-size: 16px; background-color: #ffffff;\">&nbsp;<\/div>\n<div class=\"group_3sxa25I0gg\" style=\"box-sizing: inherit; margin-bottom: 2.1875rem; font-family: OpenSans, 'Segoe UI', Helvetica, Roboto, Arial, sans-serif; font-size: 16px; background-color: #ffffff;\">Desempaquetando el sistema<\/div>\n<div class=\"group_3sxa25I0gg\" style=\"box-sizing: inherit; margin-bottom: 2.1875rem; font-family: OpenSans, 'Segoe UI', Helvetica, Roboto, Arial, sans-serif; font-size: 16px; background-color: #ffffff;\">&nbsp;<\/div>\n<div class=\"group_3sxa25I0gg\" style=\"box-sizing: inherit; margin-bottom: 2.1875rem; font-family: OpenSans, 'Segoe UI', Helvetica, Roboto, Arial, sans-serif; font-size: 16px; background-color: #ffffff;\">El micr\u00f3fono de solapa ME 2-II se conecta a la ropa de tu talento y se conecta a la entrada de bloqueo de 3,5 mm del transmisor de cuerpo. El transmisor excepcionalmente ligero y compacto puede ocultarse f\u00e1cilmente en un bolsillo o fijarse discretamente a la cintura con el clip para cintur\u00f3n incluido. <\/div>\n<div class=\"group_3sxa25I0gg\" style=\"box-sizing: inherit; margin-bottom: 2.1875rem; font-family: OpenSans, 'Segoe UI', Helvetica, Roboto, Arial, sans-serif; font-size: 16px; background-color: #ffffff;\">El transmisor enchufable le permite conectar cualquier micr\u00f3fono din\u00e1mico o micr\u00f3fono de ca\u00f1\u00f3n autoamplificado equipado con un conector XLR (no proporciona alimentaci\u00f3n fantasma).<\/div>\n<div class=\"group_3sxa25I0gg\" style=\"box-sizing: inherit; margin-bottom: 2.1875rem; font-family: OpenSans, 'Segoe UI', Helvetica, Roboto, Arial, sans-serif; font-size: 16px; background-color: #ffffff;\">Ambos transmisores est\u00e1n dise\u00f1ados para transmitir se\u00f1al solo desde un micr\u00f3fono (no desde un mezclador o grabadora).<\/div>\n<div class=\"group_3sxa25I0gg\" style=\"box-sizing: inherit; margin-bottom: 2.1875rem; font-family: OpenSans, 'Segoe UI', Helvetica, Roboto, Arial, sans-serif; font-size: 16px; background-color: #ffffff;\">El receptor discreto y ligero es ?? Montado en la zapata de la c\u00e1mara con el adaptador suministrado. Conecte su salida de 3,5 mm a la entrada de audio de 3,5 mm de su c\u00e1mara, a trav\u00e9s del cable en espiral incluido, y estar\u00e1 listo para encender el sistema.<\/div>\n<div class=\"group_3sxa25I0gg\" style=\"box-sizing: inherit; margin-bottom: 2.1875rem; font-family: OpenSans, 'Segoe UI', Helvetica, Roboto, Arial, sans-serif; font-size: 16px; background-color: #ffffff;\">&nbsp;<\/div>\n<div class=\"group_3sxa25I0gg\" style=\"box-sizing: inherit; margin-bottom: 2.1875rem; font-family: OpenSans, 'Segoe UI', Helvetica, Roboto, Arial, sans-serif; font-size: 16px; background-color: #ffffff;\">&nbsp;<\/div>\n<div class=\"group_3sxa25I0gg\" style=\"box-sizing: inherit; margin-bottom: 2.1875rem; font-family: OpenSans, 'Segoe UI', Helvetica, Roboto, Arial, sans-serif; font-size: 16px; background-color: #ffffff;\">Conectar, encender: funciona<\/div>\n<div class=\"group_3sxa25I0gg\" style=\"box-sizing: inherit; margin-bottom: 2.1875rem; font-family: OpenSans, 'Segoe UI', Helvetica, Roboto, Arial, sans-serif; font-size: 16px; background-color: #ffffff;\">&nbsp;<\/div>\n<div class=\"group_3sxa25I0gg\" style=\"box-sizing: inherit; margin-bottom: 2.1875rem; font-family: OpenSans, 'Segoe UI', Helvetica, Roboto, Arial, sans-serif; font-size: 16px; background-color: #ffffff;\">El concepto de 1 bot\u00f3n y 1 LED con interfaz de un solo bot\u00f3n e indicador de estado maneja sin esfuerzo las tareas de encendido y encendido por usted.<\/div>\n<div class=\"group_3sxa25I0gg\" style=\"box-sizing: inherit; margin-bottom: 2.1875rem; font-family: OpenSans, 'Segoe UI', Helvetica, Roboto, Arial, sans-serif; font-size: 16px; background-color: #ffffff;\">Ambos transmisores est\u00e1n preemparejados con el receptor en la f\u00e1brica. Todo lo que tiene que hacer es encender el receptor y el transmisor que desea usar, y funciona, sin necesidad de presionar ning\u00fan bot\u00f3n adicional. <\/div>\n<div class=\"group_3sxa25I0gg\" style=\"box-sizing: inherit; margin-bottom: 2.1875rem; font-family: OpenSans, 'Segoe UI', Helvetica, Roboto, Arial, sans-serif; font-size: 16px; background-color: #ffffff;\">Cuando est\u00e9 listo para usar el otro transmisor, simplemente apague el primero, encienda el segundo y el sistema har\u00e1 el cambio por usted (tenga en cuenta que solo un transmisor a la vez puede funcionar con el receptor).<\/div>\n<div class=\"group_3sxa25I0gg\" style=\"box-sizing: inherit; margin-bottom: 2.1875rem; font-family: OpenSans, 'Segoe UI', Helvetica, Roboto, Arial, sans-serif; font-size: 16px; background-color: #ffffff;\">(Para obtener los mejores resultados, se recomienda usar XSW-D en entornos con tr\u00e1fico Wi-Fi\/2,4 GHz limitado).<\/div>\n<div class=\"group_3sxa25I0gg\" style=\"box-sizing: inherit; margin-bottom: 2.1875rem; font-family: OpenSans, 'Segoe UI', Helvetica, Roboto, Arial, sans-serif; font-size: 16px; background-color: #ffffff;\">&nbsp;<\/div>\n<div class=\"group_3sxa25I0gg\" style=\"box-sizing: inherit; margin-bottom: 2.1875rem; font-family: OpenSans, 'Segoe UI', Helvetica, Roboto, Arial, sans-serif; font-size: 16px; background-color: #ffffff;\">&nbsp;<\/div>\n<div class=\"group_3sxa25I0gg\" style=\"box-sizing: inherit; margin-bottom: 2.1875rem; font-family: OpenSans, 'Segoe UI', Helvetica, Roboto, Arial, sans-serif; font-size: 16px; background-color: #ffffff;\">Mejore la calidad de sonido de Sennheiser<\/div>\n<div class=\"group_3sxa25I0gg\" style=\"box-sizing: inherit; margin-bottom: 2.1875rem; font-family: OpenSans, 'Segoe UI', Helvetica, Roboto, Arial, sans-serif; font-size: 16px; background-color: #ffffff;\">&nbsp;<\/div>\n<div class=\"group_3sxa25I0gg\" style=\"box-sizing: inherit; margin-bottom: 2.1875rem; font-family: OpenSans, 'Segoe UI', Helvetica, Roboto, Arial, sans-serif; font-size: 16px; background-color: #ffffff;\">Los sistemas de micr\u00f3fonos inal\u00e1mbricos de Sennheiser son un est\u00e1ndar de la industria, valorado por los profesionales por su claridad y confiabilidad. El sistema XSW-D permite a los principiantes y a los usuarios preocupados por el presupuesto obtener la calidad de sonido genuina de Sennheiser sin arruinarse. <\/div>\n<div class=\"group_3sxa25I0gg\" style=\"box-sizing: inherit; margin-bottom: 2.1875rem; font-family: OpenSans, 'Segoe UI', Helvetica, Roboto, Arial, sans-serif; font-size: 16px; background-color: #ffffff;\">El siempre popular micr\u00f3fono de solapa ME 2-II ofrece un sonido natural optimizado para la inteligibilidad del habla. Su patr\u00f3n polar omnidireccional garantiza que el sonido se mantenga constante, incluso cuando la cabeza del talento se aleja del micr\u00f3fono. <\/div>\n<div class=\"group_3sxa25I0gg\" style=\"box-sizing: inherit; margin-bottom: 2.1875rem; font-family: OpenSans, 'Segoe UI', Helvetica, Roboto, Arial, sans-serif; font-size: 16px; background-color: #ffffff;\">&nbsp;<\/div>\n<div class=\"group_3sxa25I0gg\" style=\"box-sizing: inherit; margin-bottom: 2.1875rem; font-family: OpenSans, 'Segoe UI', Helvetica, Roboto, Arial, sans-serif; font-size: 16px; background-color: #ffffff;\">&nbsp;<\/div>\n<div class=\"group_3sxa25I0gg\" style=\"box-sizing: inherit; margin-bottom: 2.1875rem; font-family: OpenSans, 'Segoe UI', Helvetica, Roboto, Arial, sans-serif; font-size: 16px; background-color: #ffffff;\">F\u00e1cil conexi\u00f3n inal\u00e1mbrica digital de 2,4 GHz<\/div>\n<div class=\"group_3sxa25I0gg\" style=\"box-sizing: inherit; margin-bottom: 2.1875rem; font-family: OpenSans, 'Segoe UI', Helvetica, Roboto, Arial, sans-serif; font-size: 16px; background-color: #ffffff;\">&nbsp;<\/div>\n<div class=\"group_3sxa25I0gg\" style=\"box-sizing: inherit; margin-bottom: 2.1875rem; font-family: OpenSans, 'Segoe UI', Helvetica, Roboto, Arial, sans-serif; font-size: 16px; background-color: #ffffff;\">Nada arruina una toma como escuchar el informe meteorol\u00f3gico proveniente de su micr\u00f3fono. A diferencia de los sistemas inal\u00e1mbricos anal\u00f3gicos tradicionales, el sistema digital XSW-D opera en la banda ISM de 2,4 GHz, lejos de interrupciones y ca\u00eddas causadas por interferencias de canales de radio y televisi\u00f3n. <\/div>\n<div class=\"group_3sxa25I0gg\" style=\"box-sizing: inherit; margin-bottom: 2.1875rem; font-family: OpenSans, 'Segoe UI', Helvetica, Roboto, Arial, sans-serif; font-size: 16px; background-color: #ffffff;\">Gracias a la tecnolog\u00eda de asignaci\u00f3n de canales y gesti\u00f3n de interferencias de Sennheiser, el sistema selecciona la mejor frecuencia de funcionamiento y cambia autom\u00e1ticamente a un canal limpio, proporcionando una transmisi\u00f3n confiable a una distancia de hasta 250 pies de l\u00ednea de visi\u00f3n.<\/div>\n<div class=\"group_3sxa25I0gg\" style=\"box-sizing: inherit; margin-bottom: 2.1875rem; font-family: OpenSans, 'Segoe UI', Helvetica, Roboto, Arial, sans-serif; font-size: 16px; background-color: #ffffff;\">Para un rendimiento \u00f3ptimo, se recomienda a los usuarios que mantengan una l\u00ednea de visi\u00f3n lo m\u00e1s directa posible entre el transmisor y el receptor.<\/div>\n<div class=\"group_3sxa25I0gg\" style=\"box-sizing: inherit; margin-bottom: 2.1875rem; font-family: OpenSans, 'Segoe UI', Helvetica, Roboto, Arial, sans-serif; font-size: 16px; background-color: #ffffff;\">&nbsp;<\/div>\n<div class=\"group_3sxa25I0gg\" style=\"box-sizing: inherit; margin-bottom: 2.1875rem; font-family: OpenSans, 'Segoe UI', Helvetica, Roboto, Arial, sans-serif; font-size: 16px; background-color: #ffffff;\">&nbsp;<\/div>\n<div class=\"group_3sxa25I0gg\" style=\"box-sizing: inherit; margin-bottom: 2.1875rem; font-family: OpenSans, 'Segoe UI', Helvetica, Roboto, Arial, sans-serif; font-size: 16px; background-color: #ffffff;\">Ampl\u00ede su sistema a medida que crezcan sus necesidades<\/div>\n<div class=\"group_3sxa25I0gg\" style=\"box-sizing: inherit; margin-bottom: 2.1875rem; font-family: OpenSans, 'Segoe UI', Helvetica, Roboto, Arial, sans-serif; font-size: 16px; background-color: #ffffff;\">&nbsp;<\/div>\n<div class=\"group_3sxa25I0gg\" style=\"box-sizing: inherit; margin-bottom: 2.1875rem; font-family: OpenSans, 'Segoe UI', Helvetica, Roboto, Arial, sans-serif; font-size: 16px; background-color: #ffffff;\">La funcionalidad de este XSW-D PORTABLE ENG SET se puede ampliar f\u00e1cilmente agregando transmisores y receptores de la serie XSW-D a medida que evolucionan sus necesidades.<\/div>\n<div class=\"group_3sxa25I0gg\" style=\"box-sizing: inherit; margin-bottom: 2.1875rem; font-family: OpenSans, 'Segoe UI', Helvetica, Roboto, Arial, sans-serif; font-size: 16px; background-color: #ffffff;\">Con este conjunto, puede reemplazar el micr\u00f3fono lav incluido con un micr\u00f3fono de auriculares compatible con Sennheiser, para una velocidad m\u00e1s clara<\/div>\n<\/div>\n","protected":false},"excerpt":{"rendered":"<p>Kit Dos micr\u00f3fonos de solapa inal\u00e1mbricos port\u00e1tiles SENNHEISER XSW-D Juego de ENG port\u00e1til El conjunto ENG port\u00e1til XSW-D de Sennheiser<\/p>\n","protected":false},"featured_media":28855,"comment_status":"closed","ping_status":"open","template":"","meta":{"_acf_changed":false},"product_brand":[2567],"product_cat":[895],"product_tag":[],"class_list":{"0":"post-73734","1":"product","2":"type-product","3":"status-publish","4":"has-post-thumbnail","6":"product_brand-sennheiser-es","7":"product_cat-kits-inalambricos","9":"first","10":"onbackorder","11":"taxable","12":"shipping-taxable","13":"purchasable","14":"product-type-simple"},"bundled_by":[],"bundle_stock_status":"onbackorder","bundle_stock_quantity":null,"bundle_virtual":false,"bundle_layout":"","bundle_add_to_cart_form_location":"","bundle_editable_in_cart":false,"bundle_sold_individually_context":"","bundle_item_grouping":"","bundle_min_size":"","bundle_max_size":"","bundle_price":[],"bundled_items":[],"bundle_sell_ids":[],"acf":[],"_links":{"self":[{"href":"https:\/\/hi-techwonder.com\/es\/wp-json\/wp\/v2\/product\/73734","targetHints":{"allow":["GET"]}}],"collection":[{"href":"https:\/\/hi-techwonder.com\/es\/wp-json\/wp\/v2\/product"}],"about":[{"href":"https:\/\/hi-techwonder.com\/es\/wp-json\/wp\/v2\/types\/product"}],"replies":[{"embeddable":true,"href":"https:\/\/hi-techwonder.com\/es\/wp-json\/wp\/v2\/comments?post=73734"}],"wp:featuredmedia":[{"embeddable":true,"href":"https:\/\/hi-techwonder.com\/es\/wp-json\/wp\/v2\/media\/28855"}],"wp:attachment":[{"href":"https:\/\/hi-techwonder.com\/es\/wp-json\/wp\/v2\/media?parent=73734"}],"wp:term":[{"taxonomy":"product_brand","embeddable":true,"href":"https:\/\/hi-techwonder.com\/es\/wp-json\/wp\/v2\/product_brand?post=73734"},{"taxonomy":"product_cat","embeddable":true,"href":"https:\/\/hi-techwonder.com\/es\/wp-json\/wp\/v2\/product_cat?post=73734"},{"taxonomy":"product_tag","embeddable":true,"href":"https:\/\/hi-techwonder.com\/es\/wp-json\/wp\/v2\/product_tag?post=73734"}],"curies":[{"name":"wp","href":"https:\/\/api.w.org\/{rel}","templated":true}]}}