{"id":73735,"date":"2025-07-28T23:52:06","date_gmt":"2025-07-28T23:52:06","guid":{"rendered":"https:\/\/fv6qoy3ls0.wpdns.site\/product\/sennheiser-mke-440-microfono-de-canon\/"},"modified":"2025-09-04T07:51:02","modified_gmt":"2025-09-04T07:51:02","slug":"sennheiser-mke-440-microfono-de-canon","status":"publish","type":"product","link":"https:\/\/hi-techwonder.com\/es\/producto\/sennheiser-mke-440-microfono-de-canon\/","title":{"rendered":"SENNHEISER MKE 440 Micr\u00f3fono de ca\u00f1\u00f3n"},"content":{"rendered":"<p><strong>Productos destacados<\/strong><\/p>\n<ul>\n<li>MKE 440 contiene dos micr\u00f3fonos de ca\u00f1\u00f3n en forma de V<\/li>\n<li>Micr\u00f3fono de ca\u00f1\u00f3n est\u00e9reo compacto<\/li>\n<li>Patr\u00f3n de captaci\u00f3n supercardioide<\/li>\n<li>Captura el sonido dentro del \u00e1ngulo de la c\u00e1mara<\/li>\n<li>Realiza el m\u00e1ximo rechazo de ruido<\/li>\n<li>Respuesta en frecuencia: 50 Hz a 20 kHz<\/li>\n<li>SPL m\u00e1x.: 132 dB<\/li>\n<li>Protecci\u00f3n de micromalla de acero inoxidable<\/li>\n<li>Jack est\u00e9reo de 3,5 mm  <\/li>\n<li>Contiene soporte de zapata para c\u00e1mara de tama\u00f1o est\u00e1ndar<\/li>\n<li>Funciona con 2 pilas AAA<\/li>\n<\/ul>\n<p>&nbsp;<\/p>\n<p>El<strong> Sennheiser MKE 440<\/strong> cuenta con dos micr\u00f3fonos de ca\u00f1\u00f3n alineados y combinados en forma de V, un nuevo dise\u00f1o patentado, lo que garantiza que capture el audio deseado mientras rechaza el ruido fuera del eje. Esta opci\u00f3n lo diferencia de otros micr\u00f3fonos est\u00e9reo convencionales, ya que cubre un ancho est\u00e9reo equivalente a la imagen creada por las lentes de c\u00e1mara ordinarias de 35 mm. La propagaci\u00f3n es muy uniforme y proporciona una alta inteligibilidad del habla en su foco. Con sus caracter\u00edsticas ac\u00fasticas optimizadas y su sensibilidad ajustable, el MKE 440 es ideal para capturar voz, m\u00fasica o sonido ambiental. Su protecci\u00f3n de micromalla de acero inoxidable, reduce el ruido del viento y protege los detalles de alta frecuencia del sonido.    <\/p>\n<p><\/p>\n<h2 class=\"western\" style=\"widows: 1;\"><span lang=\"pt-PT\">Caracter\u00edsticas t\u00e9cnicas<\/span><\/h2>\n<table style=\"width: 404px;\" border=\"0\" cellspacing=\"0\" cellpadding=\"2\">\n<colgroup>\n<col width=\"157\"><\/col>\n<col width=\"239\"><\/col>\n<\/colgroup>\n<tbody>\n<tr>\n<td width=\"157\">\n<p>Conector<\/p>\n<\/td>\n<td width=\"239\">\n<p>Enchufe jack de 3,5 mm<\/p>\n<\/td>\n<\/tr>\n<tr>\n<td width=\"157\">\n<p>Respuesta de frecuencia<\/p>\n<\/td>\n<td width=\"239\">\n<p>De 50 Hz a 20 kHz<\/p>\n<\/td>\n<\/tr>\n<tr>\n<td width=\"157\">\n<p>Nivel m\u00e1ximo SPL <\/p>\n<\/td>\n<td width=\"239\">\n<p>132 dB<\/p>\n<\/td>\n<\/tr>\n<tr>\n<td width=\"157\">\n<p>Patr\u00f3n de pastillas<\/p>\n<\/td>\n<td width=\"239\">\n<p>Est\u00e9reo, supercardioide<\/p>\n<\/td>\n<\/tr>\n<tr>\n<td width=\"157\">\n<p>Sensibilidad<\/p>\n<\/td>\n<td width=\"239\">\n<p>23, 42, 63 mV\/Pa, conmutable<\/p>\n<\/td>\n<\/tr>\n<tr>\n<td width=\"157\">\n<p>Nivel de ruido equivalente<\/p>\n<\/td>\n<td width=\"239\">\n<p>16, 21, 40 dB (A)<\/p>\n<\/td>\n<\/tr>\n<tr>\n<td width=\"157\">\n<p>Alimentaci\u00f3n<\/p>\n<\/td>\n<td width=\"239\">\n<p>2 pilas AAA<\/p>\n<\/td>\n<\/tr>\n<tr>\n<td width=\"157\">\n<p>Uptime<\/p>\n<\/td>\n<td width=\"239\">\n<p>&gt;100 horas<\/p>\n<\/td>\n<\/tr>\n<tr>\n<td width=\"157\">\n<p>Temperatura de funcionamiento<\/p>\n<\/td>\n<td width=\"239\">\n<p>De -10 a 55 \u00b0C<\/p>\n<\/td>\n<\/tr>\n<tr>\n<td width=\"157\">\n<p>Dimensiones<\/p>\n<\/td>\n<td width=\"239\">\n<p>67 x 106 x 128 mm<\/p>\n<\/td>\n<\/tr>\n<tr>\n<td width=\"157\">\n<p>Peso<\/p>\n<\/td>\n<td width=\"239\">\n<p>165 g (sin pilas)<\/p>\n<\/td>\n<\/tr>\n<\/tbody>\n<\/table>\n<div id=\"_mcePaste\" style=\"position: absolute; left: -10000px; top: 100px; width: 1px; height: 1px; overflow: hidden;\">\n<pre class=\"western\" style=\"widows: 1\">O Sennheiser MKE 440 possui dois microfones shotgun alinhados e combinados em forma de V, um novo design patenteado, garantindo que captura o \u00e1udio desejado enquanto rejeita o ru\u00eddo fora do eixo. Esta op\u00e7\u00e3o \u00e9 o que o diferencia dos restantes microfones est\u00e9reo convencionais, a sua configura\u00e7\u00e3o abrange uma largura de est\u00e9reo equivalente \u00e0 imagem criada pelas lentes comuns de c\u00e2mara 35 mm. A propaga\u00e7\u00e3o \u00e9 muito uniforme e proporciona alta inteligibilidade da fala em seu foco. Com as suas caracter\u00edsticas ac\u00fasticas optimizadas e sensibilidade ajust\u00e1vel, o MKE 440 \u00e9 ideal para capta\u00e7\u00e3o de voz, de m\u00fasica ou de som ambiente. A sua protec\u00e7\u00e3o de micro-malha de a\u00e7o inoxid\u00e1vel, reduz o ru\u00eddo do vento e protege os detalhes de alta frequ\u00eancia do som.<\/pre>\n<\/div>\n","protected":false},"excerpt":{"rendered":"<p>Productos destacados MKE 440 contiene dos micr\u00f3fonos de ca\u00f1\u00f3n en forma de V Micr\u00f3fono de ca\u00f1\u00f3n est\u00e9reo compacto Patr\u00f3n de<\/p>\n","protected":false},"featured_media":29243,"comment_status":"closed","ping_status":"open","template":"","meta":{"_acf_changed":false},"product_brand":[2567],"product_cat":[901],"product_tag":[],"class_list":{"0":"post-73735","1":"product","2":"type-product","3":"status-publish","4":"has-post-thumbnail","6":"product_brand-sennheiser-es","7":"product_cat-canon-microfonos","9":"first","10":"onbackorder","11":"taxable","12":"shipping-taxable","13":"purchasable","14":"product-type-simple"},"bundled_by":[],"bundle_stock_status":"onbackorder","bundle_stock_quantity":null,"bundle_virtual":false,"bundle_layout":"","bundle_add_to_cart_form_location":"","bundle_editable_in_cart":false,"bundle_sold_individually_context":"","bundle_item_grouping":"","bundle_min_size":"","bundle_max_size":"","bundle_price":[],"bundled_items":[],"bundle_sell_ids":[],"acf":[],"_links":{"self":[{"href":"https:\/\/hi-techwonder.com\/es\/wp-json\/wp\/v2\/product\/73735","targetHints":{"allow":["GET"]}}],"collection":[{"href":"https:\/\/hi-techwonder.com\/es\/wp-json\/wp\/v2\/product"}],"about":[{"href":"https:\/\/hi-techwonder.com\/es\/wp-json\/wp\/v2\/types\/product"}],"replies":[{"embeddable":true,"href":"https:\/\/hi-techwonder.com\/es\/wp-json\/wp\/v2\/comments?post=73735"}],"wp:featuredmedia":[{"embeddable":true,"href":"https:\/\/hi-techwonder.com\/es\/wp-json\/wp\/v2\/media\/29243"}],"wp:attachment":[{"href":"https:\/\/hi-techwonder.com\/es\/wp-json\/wp\/v2\/media?parent=73735"}],"wp:term":[{"taxonomy":"product_brand","embeddable":true,"href":"https:\/\/hi-techwonder.com\/es\/wp-json\/wp\/v2\/product_brand?post=73735"},{"taxonomy":"product_cat","embeddable":true,"href":"https:\/\/hi-techwonder.com\/es\/wp-json\/wp\/v2\/product_cat?post=73735"},{"taxonomy":"product_tag","embeddable":true,"href":"https:\/\/hi-techwonder.com\/es\/wp-json\/wp\/v2\/product_tag?post=73735"}],"curies":[{"name":"wp","href":"https:\/\/api.w.org\/{rel}","templated":true}]}}