{"id":73736,"date":"2025-07-28T23:52:25","date_gmt":"2025-07-28T23:52:25","guid":{"rendered":"https:\/\/fv6qoy3ls0.wpdns.site\/product\/kit-movil-sennheiser-mke-400-mkii\/"},"modified":"2026-01-31T03:25:10","modified_gmt":"2026-01-31T03:25:10","slug":"sennheiser-kit-movil-sennheiser-mke-400-mkii","status":"publish","type":"product","link":"https:\/\/hi-techwonder.com\/es\/producto\/sennheiser-kit-movil-sennheiser-mke-400-mkii\/","title":{"rendered":"Kit m\u00f3vil SENNHEISER MKE 400 MKII"},"content":{"rendered":"<p><strong>Micr\u00f3fono direccional de ca\u00f1\u00f3n compacto&nbsp;<\/strong><\/p>\n<p>Kit m\u00f3vil <strong>SENNHEISER <\/strong><strong>MKE 400 MKII<\/strong><\/p>\n<p>Agregue el micr\u00f3fono de ca\u00f1\u00f3n direccional Sennheiser MKE 400 de segunda generaci\u00f3n, compacto y liviano a su c\u00e1mara o equipo de grabaci\u00f3n o tel\u00e9fono inteligente para realizar una actualizaci\u00f3n f\u00e1cil en la calidad del sonido, incluso en entornos ruidosos, sin tener que llevar un accesorio pesado y un sistema de suspensi\u00f3n. Ofrece un control de ganancia de 3 etapas y un filtro de corte de graves para que puedas optimizar el sonido de tu grabaci\u00f3n directamente en el micr\u00f3fono. <\/p>\n<p>Viene equipado con un mini tr\u00edpode de Manfrotto Pixi y un soporte para tel\u00e9fono inteligente.<\/p>\n<div class=\"group_3sxa25I0gg\" style=\"margin-bottom: 2.1875rem;font-family: OpenSans, 'Segoe UI', Helvetica, Roboto, Arial, sans-serif;font-size: 16px;background-color: #ffffff\">\n<p>Caracter\u00edsticas principales<\/p>\n<p>Periodista m\u00f3vil, Vlogger, Run &amp; Gun<\/p>\n<p>MKE 400 Micr\u00f3fono de condensador de escopeta (2\u00aa generaci\u00f3n)<\/p>\n<p>Mini tr\u00edpode y abrazadera para tel\u00e9fono inteligente<\/p>\n<p>Admite fotos verticales u horizontales<\/p>\n<p>Opciones de montaje de 1\/4&#8243;-20 y 3\/8&#8243;<\/p>\n<p>100 horas de funcionamiento a trav\u00e9s de pilas AAA<\/p>\n<p>Control de ganancia de 3 etapas y filtro de corte de graves<\/p>\n<p>Parabrisas integrado y soporte antivibratorio<\/p>\n<p>Cables de salida TRS y TRRS de 3,5 mm<\/p>\n<p>Parabrisas peludo para uso en exteriores<\/p>\n<p>En la caja<\/p>\n<p>Micr\u00f3fono de ca\u00f1\u00f3n con montaje de c\u00e1mara Sennheiser MKE 400 (2\u00aa generaci\u00f3n)<\/p>\n<p>Sennheiser CL 35 TRS Cable en espiral de bloqueo de 3.5 mm TRS a 3.5 mm TRS<\/p>\n<p>Sennheiser CL 35 TRRS Cable en espiral de bloqueo de 3.5mm TRS a 3.5mm TRRS<\/p>\n<p>Parabrisas Peludo Sennheiser MZH 400 para MKE 400<\/p>\n<p>Mini tr\u00edpode y asa Manfrotto PIXI<\/p>\n<p>Bolsa con cord\u00f3n<\/p>\n<p>Agregue el micr\u00f3fono de ca\u00f1\u00f3n direccional Sennheiser MKE 400 compacto y liviano de segunda generaci\u00f3n a su equipo de filmaci\u00f3n basado en c\u00e1mara o tel\u00e9fono inteligente para realizar una actualizaci\u00f3n f\u00e1cil en la calidad del sonido, incluso en entornos ruidosos, sin tener que llevar un parabrisas pesado y un sistema de suspensi\u00f3n. Adem\u00e1s, ofrece un control de ganancia de 3 etapas y un filtro de corte de graves para que puedas optimizar el sonido de tu grabaci\u00f3n directamente en el micr\u00f3fono. <\/p>\n<p>Gracias a su parabrisas integral, absorci\u00f3n de impactos incorporada, bater\u00eda de larga duraci\u00f3n y puerto de monitoreo de auriculares, el MKE 400 es una soluci\u00f3n verdaderamente capaz para capturar audio claro, un compa\u00f1ero perfecto para vloggers, camar\u00f3grafos de carreras y armas, y periodistas m\u00f3viles que necesitan un micr\u00f3fono de calidad montado en la c\u00e1mara que nunca se interponga en el camino de la escena.<\/p>\n<p>Para asegurarse de que est\u00e1 preparado para cualquier rodaje, el MKE 400 incluye dos cables de audio de 3,5 mm bloqueables: uno tiene un enchufe TRS est\u00e1ndar para compatibilidad con c\u00e1maras y DSLR, mientras que el otro utiliza un enchufe TRRS para conectarse con su tel\u00e9fono inteligente o tableta. Adem\u00e1s, el parabrisas peludo suministrado se puede deslizar sobre el MKE 400 para proporcionar una mayor protecci\u00f3n contra el ruido del viento al disparar al aire libre. <\/p>\n<p>Actualizaciones de segunda generaci\u00f3n<\/p>\n<p>Junto con su apariencia redise\u00f1ada, el MKE 400 de segunda generaci\u00f3n tiene actualizaciones significativas con respecto al MKE 400 original para hacerlo a\u00fan m\u00e1s efectivo y vers\u00e1til.<\/p>\n<p>Cables de salida TRS y TRRS intercambiables de 3,5 mm<\/p>\n<p>Puerto para auriculares de 3,5 mm con control de volumen<\/p>\n<p>Control de ganancia de 3 etapas (el MKE 400 original ten\u00eda dos posiciones de ganancia)<\/p>\n<p>Funci\u00f3n de alimentaci\u00f3n autom\u00e1tica<\/p>\n<p>Parabrisas integrado<\/p>\n<p>Parabrisas peludo incluido para protecci\u00f3n contra el viento al aire libre<\/p>\n<p>Compatible con el cable USB-C CL 35 de Sennheiser (disponible por separado) para una conexi\u00f3n digital directa al puerto USB tipo C de un dispositivo m\u00f3vil<\/p>\n<p>Compacto y ligero<\/p>\n<p>Con solo 5&#8243; de largo y un peso de solo 3.3 onzas, el MKE 400 es un compa\u00f1ero discreto para su c\u00e1mara o equipo de video basado en tel\u00e9fono inteligente; Nunca se entrometer\u00e1 en la foto y es tan ligero que olvidar\u00e1s que est\u00e1 ah\u00ed. , el soporte de zapata integral permite conectar el MKE 400 directamente a su c\u00e1mara, sin necesidad de hardware externo. <\/p>\n<p>Captaci\u00f3n de sonido altamente direccional<\/p>\n<p>La mayor\u00eda de los micr\u00f3fonos integrados de la c\u00e1mara y los tel\u00e9fonos inteligentes son omnidireccionales para captar el sonido desde todas las direcciones, lo que genera un ruido y un ambiente indebidos. El MKE 400 utiliza un patr\u00f3n polar supercardioide mejorado por un tubo de interferencia ac\u00fastica para enfocar las fuentes frente al micr\u00f3fono mientras aten\u00faa el sonido de entrada lateral y trasero. La electr\u00f3nica de bajo ruido y un elemento de condensador sensible le permiten ofrecer un audio m\u00e1s detallado que los micr\u00f3fonos que normalmente se encuentran en c\u00e1maras, dispositivos m\u00f3viles y grabadoras port\u00e1tiles.  <\/p>\n<p>Conexi\u00f3n r\u00e1pida y segura a la c\u00e1mara, el smartphone o la tableta<\/p>\n<p>El puerto de salida de 3,5 mm del MKE 400 se puede conectar a una variedad de dispositivos utilizando los dos cables en espiral suministrados, cada uno con un conector TRS de 3,5 mm de bloqueo en un extremo que evita la desconexi\u00f3n accidental del micr\u00f3fono.<\/p>\n<p>Un cable termina con un enchufe TRS est\u00e1ndar de 3,5 mm para una conexi\u00f3n compatible con su c\u00e1mara, DSLR o grabadora de audio port\u00e1til, mientras que el otro cable tiene un enchufe TRRS de 3,5 mm para permitir la conexi\u00f3n directa a dispositivos m\u00f3viles como tel\u00e9fonos inteligentes y tabletas.<\/p>\n<p>Puerto de monitoreo de auriculares<\/p>\n<p>Un paso vital antes de grabar audio es verificar sus niveles y monitorear su sonido. Si bien algunas c\u00e1maras tienen un conector para auriculares, no todas tienen uno, y ah\u00ed es donde entra en juego la salida de monitoreo de auriculares. Conecta cualquier auricular de 3,5 mm directamente al MKE 400 y utiliza el control de volumen incorporado para asegurarte de que el sonido es claro.  <\/p>\n<p>Bater\u00eda de larga duraci\u00f3n<\/p>\n<p>El MKE 400 puede funcionar hasta 100 horas con un par de pilas AAA (disponibles por separado), por lo que podr\u00e1s disparar mucho antes de necesitar pilas nuevas. El indicador de bater\u00eda baja le advierte cuando le quedan aproximadamente tres horas de tiempo de funcionamiento. La funci\u00f3n de alimentaci\u00f3n autom\u00e1tica del MKE 400 utiliza la alimentaci\u00f3n enchufable (de 2 a 10 V) de su dispositivo para encenderlo y apagarlo autom\u00e1ticamente, evitando el agotamiento innecesario de la bater\u00eda.  <\/p>\n<p>El montaje de la suspensi\u00f3n interna minimiza el ruido de manejo<\/p>\n<\/div>\n","protected":false},"excerpt":{"rendered":"<p>Micr\u00f3fono direccional de ca\u00f1\u00f3n compacto&nbsp; Kit m\u00f3vil SENNHEISER MKE 400 MKII Agregue el micr\u00f3fono de ca\u00f1\u00f3n direccional Sennheiser MKE 400<\/p>\n","protected":false},"featured_media":29264,"comment_status":"closed","ping_status":"open","template":"","meta":{"_acf_changed":false},"product_brand":[2567],"product_cat":[901],"product_tag":[],"class_list":{"0":"post-73736","1":"product","2":"type-product","3":"status-publish","4":"has-post-thumbnail","6":"product_brand-sennheiser-es","7":"product_cat-canon-microfonos","9":"first","10":"onbackorder","11":"taxable","12":"shipping-taxable","13":"purchasable","14":"product-type-simple"},"bundled_by":[],"bundle_stock_status":"onbackorder","bundle_stock_quantity":null,"bundle_virtual":false,"bundle_layout":"","bundle_add_to_cart_form_location":"","bundle_editable_in_cart":false,"bundle_sold_individually_context":"","bundle_item_grouping":"","bundle_min_size":"","bundle_max_size":"","bundle_price":[],"bundled_items":[],"bundle_sell_ids":[],"acf":[],"_links":{"self":[{"href":"https:\/\/hi-techwonder.com\/es\/wp-json\/wp\/v2\/product\/73736","targetHints":{"allow":["GET"]}}],"collection":[{"href":"https:\/\/hi-techwonder.com\/es\/wp-json\/wp\/v2\/product"}],"about":[{"href":"https:\/\/hi-techwonder.com\/es\/wp-json\/wp\/v2\/types\/product"}],"replies":[{"embeddable":true,"href":"https:\/\/hi-techwonder.com\/es\/wp-json\/wp\/v2\/comments?post=73736"}],"wp:featuredmedia":[{"embeddable":true,"href":"https:\/\/hi-techwonder.com\/es\/wp-json\/wp\/v2\/media\/29264"}],"wp:attachment":[{"href":"https:\/\/hi-techwonder.com\/es\/wp-json\/wp\/v2\/media?parent=73736"}],"wp:term":[{"taxonomy":"product_brand","embeddable":true,"href":"https:\/\/hi-techwonder.com\/es\/wp-json\/wp\/v2\/product_brand?post=73736"},{"taxonomy":"product_cat","embeddable":true,"href":"https:\/\/hi-techwonder.com\/es\/wp-json\/wp\/v2\/product_cat?post=73736"},{"taxonomy":"product_tag","embeddable":true,"href":"https:\/\/hi-techwonder.com\/es\/wp-json\/wp\/v2\/product_tag?post=73736"}],"curies":[{"name":"wp","href":"https:\/\/api.w.org\/{rel}","templated":true}]}}