{"id":73740,"date":"2025-07-28T23:52:06","date_gmt":"2025-07-28T23:52:06","guid":{"rendered":"https:\/\/fv6qoy3ls0.wpdns.site\/product\/sennheiser-mke-600-microfono-de-canon\/"},"modified":"2026-04-09T12:34:30","modified_gmt":"2026-04-09T11:34:30","slug":"sennheiser-mke-600-microfono-de-canon","status":"publish","type":"product","link":"https:\/\/hi-techwonder.com\/es\/producto\/sennheiser-mke-600-microfono-de-canon\/","title":{"rendered":"SENNHEISER MKE 600 Micr\u00f3fono de ca\u00f1\u00f3n"},"content":{"rendered":"<p><strong>SENNHEISER MKE 600 Micr\u00f3fono de ca\u00f1\u00f3n<\/strong><\/p>\n<div class=\"group_3sxa25I0gg\" style=\"box-sizing: inherit; margin-bottom: 2.1875rem; font-family: OpenSans, 'Segoe UI', Helvetica, Roboto, Arial, sans-serif; font-size: 16px; background-color: #ffffff;\">\n<div class=\"group_3sxa25I0gg\" style=\"box-sizing: inherit; margin-bottom: 2.1875rem; font-family: OpenSans, 'Segoe UI', Helvetica, Roboto, Arial, sans-serif; font-size: 16px; background-color: #ffffff;\">Caracter\u00edsticas principales<\/div>\n<div class=\"group_3sxa25I0gg\" style=\"box-sizing: inherit; margin-bottom: 2.1875rem; font-family: OpenSans, 'Segoe UI', Helvetica, Roboto, Arial, sans-serif; font-size: 16px; background-color: #ffffff;\">&nbsp;<\/div>\n<div class=\"group_3sxa25I0gg\" style=\"box-sizing: inherit; margin-bottom: 2.1875rem; font-family: OpenSans, 'Segoe UI', Helvetica, Roboto, Arial, sans-serif; font-size: 16px; background-color: #ffffff;\">Para cine, televisi\u00f3n y documentales independientes<\/div>\n<div class=\"group_3sxa25I0gg\" style=\"box-sizing: inherit; margin-bottom: 2.1875rem; font-family: OpenSans, 'Segoe UI', Helvetica, Roboto, Arial, sans-serif; font-size: 16px; background-color: #ffffff;\">Bater\u00eda AA o alimentaci\u00f3n fantasma<\/div>\n<div class=\"group_3sxa25I0gg\" style=\"box-sizing: inherit; margin-bottom: 2.1875rem; font-family: OpenSans, 'Segoe UI', Helvetica, Roboto, Arial, sans-serif; font-size: 16px; background-color: #ffffff;\">Filtro de corte de graves seleccionable de 100 Hz<\/div>\n<div class=\"group_3sxa25I0gg\" style=\"box-sizing: inherit; margin-bottom: 2.1875rem; font-family: OpenSans, 'Segoe UI', Helvetica, Roboto, Arial, sans-serif; font-size: 16px; background-color: #ffffff;\">Resiste el ruido transmitido por la estructura<\/div>\n<div class=\"group_3sxa25I0gg\" style=\"box-sizing: inherit; margin-bottom: 2.1875rem; font-family: OpenSans, 'Segoe UI', Helvetica, Roboto, Arial, sans-serif; font-size: 16px; background-color: #ffffff;\">Circuitos de bajo ruido, ligero aumento de presencia<\/div>\n<div class=\"group_3sxa25I0gg\" style=\"box-sizing: inherit; margin-bottom: 2.1875rem; font-family: OpenSans, 'Segoe UI', Helvetica, Roboto, Arial, sans-serif; font-size: 16px; background-color: #ffffff;\">La alta sensibilidad requiere menos ganancia<\/div>\n<div class=\"group_3sxa25I0gg\" style=\"box-sizing: inherit; margin-bottom: 2.1875rem; font-family: OpenSans, 'Segoe UI', Helvetica, Roboto, Arial, sans-serif; font-size: 16px; background-color: #ffffff;\">Cable XLR a TRS de 3,5 mm para c\u00e1maras<\/div>\n<div class=\"group_3sxa25I0gg\" style=\"box-sizing: inherit; margin-bottom: 2.1875rem; font-family: OpenSans, 'Segoe UI', Helvetica, Roboto, Arial, sans-serif; font-size: 16px; background-color: #ffffff;\">El parabrisas reduce el ruido del viento<\/div>\n<div class=\"group_3sxa25I0gg\" style=\"box-sizing: inherit; margin-bottom: 2.1875rem; font-family: OpenSans, 'Segoe UI', Helvetica, Roboto, Arial, sans-serif; font-size: 16px; background-color: #ffffff;\">Carcasa met\u00e1lica ligera y robusta<\/div>\n<div class=\"group_3sxa25I0gg\" style=\"box-sizing: inherit; margin-bottom: 2.1875rem; font-family: OpenSans, 'Segoe UI', Helvetica, Roboto, Arial, sans-serif; font-size: 16px; background-color: #ffffff;\">Incluye zapata\/tr\u00edpode Shockmount<\/div>\n<div class=\"group_3sxa25I0gg\" style=\"box-sizing: inherit; margin-bottom: 2.1875rem; font-family: OpenSans, 'Segoe UI', Helvetica, Roboto, Arial, sans-serif; font-size: 16px; background-color: #ffffff;\">&nbsp;<\/div>\n<div class=\"group_3sxa25I0gg\" style=\"box-sizing: inherit; margin-bottom: 2.1875rem; font-family: OpenSans, 'Segoe UI', Helvetica, Roboto, Arial, sans-serif; font-size: 16px; background-color: #ffffff;\">&nbsp;<\/div>\n<div class=\"group_3sxa25I0gg\" style=\"box-sizing: inherit; margin-bottom: 2.1875rem; font-family: OpenSans, 'Segoe UI', Helvetica, Roboto, Arial, sans-serif; font-size: 16px; background-color: #ffffff;\">En la caja<\/div>\n<div class=\"group_3sxa25I0gg\" style=\"box-sizing: inherit; margin-bottom: 2.1875rem; font-family: OpenSans, 'Segoe UI', Helvetica, Roboto, Arial, sans-serif; font-size: 16px; background-color: #ffffff;\">&nbsp;<\/div>\n<div class=\"group_3sxa25I0gg\" style=\"box-sizing: inherit; margin-bottom: 2.1875rem; font-family: OpenSans, 'Segoe UI', Helvetica, Roboto, Arial, sans-serif; font-size: 16px; background-color: #ffffff;\">Micr\u00f3fono de ca\u00f1\u00f3n Sennheiser MKE 600<\/div>\n<div class=\"group_3sxa25I0gg\" style=\"box-sizing: inherit; margin-bottom: 2.1875rem; font-family: OpenSans, 'Segoe UI', Helvetica, Roboto, Arial, sans-serif; font-size: 16px; background-color: #ffffff;\">Soporte de choque Sennheiser MZS 600 para micr\u00f3fono MKE 600<\/div>\n<div class=\"group_3sxa25I0gg\" style=\"box-sizing: inherit; margin-bottom: 2.1875rem; font-family: OpenSans, 'Segoe UI', Helvetica, Roboto, Arial, sans-serif; font-size: 16px; background-color: #ffffff;\">Parabrisas de espuma Sennheiser MZW 600 para MKE 600<\/div>\n<div class=\"group_3sxa25I0gg\" style=\"box-sizing: inherit; margin-bottom: 2.1875rem; font-family: OpenSans, 'Segoe UI', Helvetica, Roboto, Arial, sans-serif; font-size: 16px; background-color: #ffffff;\">Sennheiser KA 600 &#8211; XLR hembra a 1\/8&#8243; TRS macho de conexi\u00f3n &#8211; 15&#8243; (40cm)<\/div>\n<div class=\"group_3sxa25I0gg\" style=\"box-sizing: inherit; margin-bottom: 2.1875rem; font-family: OpenSans, 'Segoe UI', Helvetica, Roboto, Arial, sans-serif; font-size: 16px; background-color: #ffffff;\">Bater\u00eda AA<\/div>\n<div class=\"group_3sxa25I0gg\" style=\"box-sizing: inherit; margin-bottom: 2.1875rem; font-family: OpenSans, 'Segoe UI', Helvetica, Roboto, Arial, sans-serif; font-size: 16px; background-color: #ffffff;\">Bolsa de transporte<\/div>\n<div class=\"group_3sxa25I0gg\" style=\"box-sizing: inherit; margin-bottom: 2.1875rem; font-family: OpenSans, 'Segoe UI', Helvetica, Roboto, Arial, sans-serif; font-size: 16px; background-color: #ffffff;\">&nbsp;<\/div>\n<div class=\"group_3sxa25I0gg\" style=\"box-sizing: inherit; margin-bottom: 2.1875rem; font-family: OpenSans, 'Segoe UI', Helvetica, Roboto, Arial, sans-serif; font-size: 16px; background-color: #ffffff;\">&nbsp;<\/div>\n<div class=\"group_3sxa25I0gg\" style=\"box-sizing: inherit; margin-bottom: 2.1875rem; font-family: OpenSans, 'Segoe UI', Helvetica, Roboto, Arial, sans-serif; font-size: 16px; background-color: #ffffff;\">Caracter\u00edsticas t\u00e9cnicas<\/div>\n<div class=\"group_3sxa25I0gg\" style=\"box-sizing: inherit; margin-bottom: 2.1875rem; font-family: OpenSans, 'Segoe UI', Helvetica, Roboto, Arial, sans-serif; font-size: 16px; background-color: #ffffff;\">&nbsp;<\/div>\n<div class=\"group_3sxa25I0gg\" style=\"box-sizing: inherit; margin-bottom: 2.1875rem; font-family: OpenSans, 'Segoe UI', Helvetica, Roboto, Arial, sans-serif; font-size: 16px; background-color: #ffffff;\">Micr\u00f3fono<\/div>\n<div class=\"group_3sxa25I0gg\" style=\"box-sizing: inherit; margin-bottom: 2.1875rem; font-family: OpenSans, 'Segoe UI', Helvetica, Roboto, Arial, sans-serif; font-size: 16px; background-color: #ffffff;\">Aplicaciones principales Audio a video, Sonido de ubicaci\u00f3n<\/div>\n<div class=\"group_3sxa25I0gg\" style=\"box-sizing: inherit; margin-bottom: 2.1875rem; font-family: OpenSans, 'Segoe UI', Helvetica, Roboto, Arial, sans-serif; font-size: 16px; background-color: #ffffff;\">Soporte de factor de forma\/montaje de pluma<\/div>\n<div class=\"group_3sxa25I0gg\" style=\"box-sizing: inherit; margin-bottom: 2.1875rem; font-family: OpenSans, 'Segoe UI', Helvetica, Roboto, Arial, sans-serif; font-size: 16px; background-color: #ffffff;\">Fuentes de sonido previstas Voz\/Voz<\/div>\n<div class=\"group_3sxa25I0gg\" style=\"box-sizing: inherit; margin-bottom: 2.1875rem; font-family: OpenSans, 'Segoe UI', Helvetica, Roboto, Arial, sans-serif; font-size: 16px; background-color: #ffffff;\">Campo de sonido mono<\/div>\n<div class=\"group_3sxa25I0gg\" style=\"box-sizing: inherit; margin-bottom: 2.1875rem; font-family: OpenSans, 'Segoe UI', Helvetica, Roboto, Arial, sans-serif; font-size: 16px; background-color: #ffffff;\">Principio de funcionamiento del gradiente de l\u00ednea<\/div>\n<div class=\"group_3sxa25I0gg\" style=\"box-sizing: inherit; margin-bottom: 2.1875rem; font-family: OpenSans, 'Segoe UI', Helvetica, Roboto, Arial, sans-serif; font-size: 16px; background-color: #ffffff;\">Condensador de c\u00e1psula<\/div>\n<div class=\"group_3sxa25I0gg\" style=\"box-sizing: inherit; margin-bottom: 2.1875rem; font-family: OpenSans, 'Segoe UI', Helvetica, Roboto, Arial, sans-serif; font-size: 16px; background-color: #ffffff;\">Lobular polar, patr\u00f3n supercardioide<\/div>\n<div class=\"group_3sxa25I0gg\" style=\"box-sizing: inherit; margin-bottom: 2.1875rem; font-family: OpenSans, 'Segoe UI', Helvetica, Roboto, Arial, sans-serif; font-size: 16px; background-color: #ffffff;\">Discurso de orientaci\u00f3n final<\/div>\n<div class=\"group_3sxa25I0gg\" style=\"box-sizing: inherit; margin-bottom: 2.1875rem; font-family: OpenSans, 'Segoe UI', Helvetica, Roboto, Arial, sans-serif; font-size: 16px; background-color: #ffffff;\">Circuitos de estado s\u00f3lido<\/div>\n<div class=\"group_3sxa25I0gg\" style=\"box-sizing: inherit; margin-bottom: 2.1875rem; font-family: OpenSans, 'Segoe UI', Helvetica, Roboto, Arial, sans-serif; font-size: 16px; background-color: #ffffff;\">Bloquear ninguno<\/div>\n<div class=\"group_3sxa25I0gg\" style=\"box-sizing: inherit; margin-bottom: 2.1875rem; font-family: OpenSans, 'Segoe UI', Helvetica, Roboto, Arial, sans-serif; font-size: 16px; background-color: #ffffff;\">Filtro de paso alto de 100 Hz<\/div>\n<div class=\"group_3sxa25I0gg\" style=\"box-sizing: inherit; margin-bottom: 2.1875rem; font-family: OpenSans, 'Segoe UI', Helvetica, Roboto, Arial, sans-serif; font-size: 16px; background-color: #ffffff;\">Ajuste de tono: Ninguno<\/div>\n<div class=\"group_3sxa25I0gg\" style=\"box-sizing: inherit; margin-bottom: 2.1875rem; font-family: OpenSans, 'Segoe UI', Helvetica, Roboto, Arial, sans-serif; font-size: 16px; background-color: #ffffff;\">Ajuste de ganancia Ninguno<\/div>\n<div class=\"group_3sxa25I0gg\" style=\"box-sizing: inherit; margin-bottom: 2.1875rem; font-family: OpenSans, 'Segoe UI', Helvetica, Roboto, Arial, sans-serif; font-size: 16px; background-color: #ffffff;\">Indicadores 1 x LED rojo \u00fanico (bater\u00eda)<\/div>\n<div class=\"group_3sxa25I0gg\" style=\"box-sizing: inherit; margin-bottom: 2.1875rem; font-family: OpenSans, 'Segoe UI', Helvetica, Roboto, Arial, sans-serif; font-size: 16px; background-color: #ffffff;\">Controles integrados Filtro de paso alto, encendido\/apagado<\/div>\n<div class=\"group_3sxa25I0gg\" style=\"box-sizing: inherit; margin-bottom: 2.1875rem; font-family: OpenSans, 'Segoe UI', Helvetica, Roboto, Arial, sans-serif; font-size: 16px; background-color: #ffffff;\">Espuma para parabrisas (incluida)<\/div>\n<div class=\"group_3sxa25I0gg\" style=\"box-sizing: inherit; margin-bottom: 2.1875rem; font-family: OpenSans, 'Segoe UI', Helvetica, Roboto, Arial, sans-serif; font-size: 16px; background-color: #ffffff;\">interino<\/div>\n<div class=\"group_3sxa25I0gg\" style=\"box-sizing: inherit; margin-bottom: 2.1875rem; font-family: OpenSans, 'Segoe UI', Helvetica, Roboto, Arial, sans-serif; font-size: 16px; background-color: #ffffff;\">Rango de frecuencia de 40 Hz a 20 kHz<\/div>\n<div class=\"group_3sxa25I0gg\" style=\"box-sizing: inherit; margin-bottom: 2.1875rem; font-family: OpenSans, 'Segoe UI', Helvetica, Roboto, Arial, sans-serif; font-size: 16px; background-color: #ffffff;\">SPL m\u00e1ximo 132 dB SPL (alimentaci\u00f3n fantasma)<\/div>\n<div class=\"group_3sxa25I0gg\" style=\"box-sizing: inherit; margin-bottom: 2.1875rem; font-family: OpenSans, 'Segoe UI', Helvetica, Roboto, Arial, sans-serif; font-size: 16px; background-color: #ffffff;\">126 dB SPL (energ\u00eda de la bater\u00eda)<\/div>\n<div class=\"group_3sxa25I0gg\" style=\"box-sizing: inherit; margin-bottom: 2.1875rem; font-family: OpenSans, 'Segoe UI', Helvetica, Roboto, Arial, sans-serif; font-size: 16px; background-color: #ffffff;\">Rechazo fuera del eje: 5 dB a 60\u00b0<\/div>\n<div class=\"group_3sxa25I0gg\" style=\"box-sizing: inherit; margin-bottom: 2.1875rem; font-family: OpenSans, 'Segoe UI', Helvetica, Roboto, Arial, sans-serif; font-size: 16px; background-color: #ffffff;\">&gt;15 dB a 120\u00b0<\/div>\n<div class=\"group_3sxa25I0gg\" style=\"box-sizing: inherit; margin-bottom: 2.1875rem; font-family: OpenSans, 'Segoe UI', Helvetica, Roboto, Arial, sans-serif; font-size: 16px; background-color: #ffffff;\">&gt;10 dB a 180\u00b0<\/div>\n<div class=\"group_3sxa25I0gg\" style=\"box-sizing: inherit; margin-bottom: 2.1875rem; font-family: OpenSans, 'Segoe UI', Helvetica, Roboto, Arial, sans-serif; font-size: 16px; background-color: #ffffff;\">Sensibilidad 21 mV \/ Pa (alimentaci\u00f3n fantasma)<\/div>\n<div class=\"group_3sxa25I0gg\" style=\"box-sizing: inherit; margin-bottom: 2.1875rem; font-family: OpenSans, 'Segoe UI', Helvetica, Roboto, Arial, sans-serif; font-size: 16px; background-color: #ffffff;\">19 mV\/Pa (alimentaci\u00f3n de la bater\u00eda)<\/div>\n<div class=\"group_3sxa25I0gg\" style=\"box-sizing: inherit; margin-bottom: 2.1875rem; font-family: OpenSans, 'Segoe UI', Helvetica, Roboto, Arial, sans-serif; font-size: 16px; background-color: #ffffff;\">Nivel de ruido equivalente 15 dB ponderado A (alimentaci\u00f3n fantasma)<\/div>\n<div class=\"group_3sxa25I0gg\" style=\"box-sizing: inherit; margin-bottom: 2.1875rem; font-family: OpenSans, 'Segoe UI', Helvetica, Roboto, Arial, sans-serif; font-size: 16px; background-color: #ffffff;\">16 dB ponderaci\u00f3n A (alimentaci\u00f3n de la bater\u00eda)<\/div>\n<div class=\"group_3sxa25I0gg\" style=\"box-sizing: inherit; margin-bottom: 2.1875rem; font-family: OpenSans, 'Segoe UI', Helvetica, Roboto, Arial, sans-serif; font-size: 16px; background-color: #ffffff;\">Conectividad<\/div>\n<div class=\"group_3sxa25I0gg\" style=\"box-sizing: inherit; margin-bottom: 2.1875rem; font-family: OpenSans, 'Segoe UI', Helvetica, Roboto, Arial, sans-serif; font-size: 16px; background-color: #ffffff;\">Conectores de salida (anal\u00f3gicos) 1 x XLR macho de 3 pines (en el micr\u00f3fono)<\/div>\n<div class=\"group_3sxa25I0gg\" style=\"box-sizing: inherit; margin-bottom: 2.1875rem; font-family: OpenSans, 'Segoe UI', Helvetica, Roboto, Arial, sans-serif; font-size: 16px; background-color: #ffffff;\">1 x TRS macho de 1\/8&#8243; \/ 3,5 mm (en cable desmontable)<\/div>\n<div class=\"group_3sxa25I0gg\" style=\"box-sizing: inherit; margin-bottom: 2.1875rem; font-family: OpenSans, 'Segoe UI', Helvetica, Roboto, Arial, sans-serif; font-size: 16px; background-color: #ffffff;\">Conector para auriculares Ninguno<\/div>\n<div class=\"group_3sxa25I0gg\" style=\"box-sizing: inherit; margin-bottom: 2.1875rem; font-family: OpenSans, 'Segoe UI', Helvetica, Roboto, Arial, sans-serif; font-size: 16px; background-color: #ffffff;\">Poder<\/div>\n<div class=\"group_3sxa25I0gg\" style=\"box-sizing: inherit; margin-bottom: 2.1875rem; font-family: OpenSans, 'Segoe UI', Helvetica, Roboto, Arial, sans-serif; font-size: 16px; background-color: #ffffff;\">Voltaje de funcionamiento 48 V \u00b1 4 V (alimentaci\u00f3n fantasma)<\/div>\n<div class=\"group_3sxa25I0gg\" style=\"box-sizing: inherit; margin-bottom: 2.1875rem; font-family: OpenSans, 'Segoe UI', Helvetica, Roboto, Arial, sans-serif; font-size: 16px; background-color: #ffffff;\">Consumo de corriente de funcionamiento 4,4 mA (alimentaci\u00f3n fantasma)<\/div>\n<div class=\"group_3sxa25I0gg\" style=\"box-sizing: inherit; margin-bottom: 2.1875rem; font-family: OpenSans, 'Segoe UI', Helvetica, Roboto, Arial, sans-serif; font-size: 16px; background-color: #ffffff;\">Tipo de bater\u00eda 1 x AA (no incluida)<\/div>\n<div class=\"group_3sxa25I0gg\" style=\"box-sizing: inherit; margin-bottom: 2.1875rem; font-family: OpenSans, 'Segoe UI', Helvetica, Roboto, Arial, sans-serif; font-size: 16px; background-color: #ffffff;\">Duraci\u00f3n aproximada de la bater\u00eda 150 horas<\/div>\n<div class=\"group_3sxa25I0gg\" style=\"box-sizing: inherit; margin-bottom: 2.1875rem; font-family: OpenSans, 'Segoe UI', Helvetica, Roboto, Arial, sans-serif; font-size: 16px; background-color: #ffffff;\">F\u00edsico<\/div>\n<div class=\"group_3sxa25I0gg\" style=\"box-sizing: inherit; margin-bottom: 2.1875rem; font-family: OpenSans, 'Segoe UI', Helvetica, Roboto, Arial, sans-serif; font-size: 16px; background-color: #ffffff;\">Color: Negro<\/div>\n<div class=\"group_3sxa25I0gg\" style=\"box-sizing: inherit; margin-bottom: 2.1875rem; font-family: OpenSans, 'Segoe UI', Helvetica, Roboto, Arial, sans-serif; font-size: 16px; background-color: #ffffff;\">Soporte para c\u00e1mara\/zapata (con hardware incluido)<\/div>\n<div class=\"group_3sxa25I0gg\" style=\"box-sizing: inherit; margin-bottom: 2.1875rem; font-family: OpenSans, 'Segoe UI', Helvetica, Roboto, Arial, sans-serif; font-size: 16px; background-color: #ffffff;\">Estuche incluido Estuche blando<\/div>\n<div class=\"group_3sxa25I0gg\" style=\"box-sizing: inherit; margin-bottom: 2.1875rem; font-family: OpenSans, 'Segoe UI', Helvetica, Roboto, Arial, sans-serif; font-size: 16px; background-color: #ffffff;\">Filtros incluidos Ninguno<\/div>\n<div class=\"group_3sxa25I0gg\" style=\"box-sizing: inherit; margin-bottom: 2.1875rem; font-family: OpenSans, 'Segoe UI', Helvetica, Roboto, Arial, sans-serif; font-size: 16px; background-color: #ffffff;\">Material de construcci\u00f3n Metal<\/div>\n<div class=\"group_3sxa25I0gg\" style=\"box-sizing: inherit; margin-bottom: 2.1875rem; font-family: OpenSans, 'Segoe UI', Helvetica, Roboto, Arial, sans-serif; font-size: 16px; background-color: #ffffff;\">Temperatura de funcionamiento 14 a 140 \u00b0 F \/ -10 a 60 \u00b0 C<\/div>\n<div class=\"group_3sxa25I0gg\" style=\"box-sizing: inherit; margin-bottom: 2.1875rem; font-family: OpenSans, 'Segoe UI', Helvetica, Roboto, Arial, sans-serif; font-size: 16px; background-color: #ffffff;\">Dimensiones \u00f8: 0,79 x L: 10,08&#8243; \/ \u00f8: 20 x W: 256 mm<\/div>\n<div class=\"group_3sxa25I0gg\" style=\"box-sizing: inherit; margin-bottom: 2.1875rem; font-family: OpenSans, 'Segoe UI', Helvetica, Roboto, Arial, sans-serif; font-size: 16px; background-color: #ffffff;\">Peso 4,52 oz \/ 128 g (micr\u00f3fono)<\/div>\n<\/div>\n","protected":false},"excerpt":{"rendered":"<p>SENNHEISER MKE 600 Micr\u00f3fono de ca\u00f1\u00f3n Caracter\u00edsticas principales &nbsp; Para cine, televisi\u00f3n y documentales independientes Bater\u00eda AA o alimentaci\u00f3n fantasma<\/p>\n","protected":false},"featured_media":29252,"comment_status":"closed","ping_status":"open","template":"","meta":{"_acf_changed":false},"product_brand":[2567],"product_cat":[901],"product_tag":[],"class_list":{"0":"post-73740","1":"product","2":"type-product","3":"status-publish","4":"has-post-thumbnail","6":"product_brand-sennheiser-es","7":"product_cat-canon-microfonos","9":"first","10":"onbackorder","11":"taxable","12":"shipping-taxable","13":"purchasable","14":"product-type-simple"},"bundled_by":[],"bundle_stock_status":"onbackorder","bundle_stock_quantity":null,"bundle_virtual":false,"bundle_layout":"","bundle_add_to_cart_form_location":"","bundle_editable_in_cart":false,"bundle_sold_individually_context":"","bundle_item_grouping":"","bundle_min_size":"","bundle_max_size":"","bundle_price":[],"bundled_items":[],"bundle_sell_ids":[],"acf":[],"_links":{"self":[{"href":"https:\/\/hi-techwonder.com\/es\/wp-json\/wp\/v2\/product\/73740","targetHints":{"allow":["GET"]}}],"collection":[{"href":"https:\/\/hi-techwonder.com\/es\/wp-json\/wp\/v2\/product"}],"about":[{"href":"https:\/\/hi-techwonder.com\/es\/wp-json\/wp\/v2\/types\/product"}],"replies":[{"embeddable":true,"href":"https:\/\/hi-techwonder.com\/es\/wp-json\/wp\/v2\/comments?post=73740"}],"wp:featuredmedia":[{"embeddable":true,"href":"https:\/\/hi-techwonder.com\/es\/wp-json\/wp\/v2\/media\/29252"}],"wp:attachment":[{"href":"https:\/\/hi-techwonder.com\/es\/wp-json\/wp\/v2\/media?parent=73740"}],"wp:term":[{"taxonomy":"product_brand","embeddable":true,"href":"https:\/\/hi-techwonder.com\/es\/wp-json\/wp\/v2\/product_brand?post=73740"},{"taxonomy":"product_cat","embeddable":true,"href":"https:\/\/hi-techwonder.com\/es\/wp-json\/wp\/v2\/product_cat?post=73740"},{"taxonomy":"product_tag","embeddable":true,"href":"https:\/\/hi-techwonder.com\/es\/wp-json\/wp\/v2\/product_tag?post=73740"}],"curies":[{"name":"wp","href":"https:\/\/api.w.org\/{rel}","templated":true}]}}