{"id":73743,"date":"2025-07-29T09:42:57","date_gmt":"2025-07-29T09:42:57","guid":{"rendered":"https:\/\/fv6qoy3ls0.wpdns.site\/product\/sistema-operativo-sigma-16-300-mm-f3-5-6-7-dc-c-fujifilm-x\/"},"modified":"2026-04-20T15:07:26","modified_gmt":"2026-04-20T14:07:26","slug":"sigma-sistema-operativo-sigma-16-300-mm-f3-5-6-7-dc-c-fujifilm-x","status":"publish","type":"product","link":"https:\/\/hi-techwonder.com\/es\/producto\/sigma-sistema-operativo-sigma-16-300-mm-f3-5-6-7-dc-c-fujifilm-x\/","title":{"rendered":"Sistema operativo SIGMA 16-300 mm F3.5-6.7 DC | C &#8211; Fujifilm X"},"content":{"rendered":"<h3 data-start=\"0\" data-end=\"51\">Sistema operativo Sigma 16-300 mm f\/3.5-6.7 DC | Contempor\u00e1neo &#8211; Fujifilm X<\/h3>\n<p data-start=\"52\" data-end=\"106\"><strong data-start=\"52\" data-end=\"106\">Un zoom todo en uno para las situaciones m\u00e1s diversas<\/strong><\/p>\n<p data-start=\"52\" data-end=\"106\"><iframe loading=\"lazy\" frameborder=\"0\" src=\"https:\/\/www.youtube.com\/embed\/8oO_-O2rSjE\" width=\"640\" height=\"360\"><\/iframe><strong data-start=\"52\" data-end=\"106\"><br \/><\/strong><\/p>\n<hr data-start=\"108\" data-end=\"111\">\n<h4 data-start=\"113\" data-end=\"137\">Descripci\u00f3n detallada<\/h4>\n<p data-start=\"138\" data-end=\"675\">El <strong data-start=\"140\" data-end=\"189\">sistema operativo Sigma 16-300mm f\/3.5-6.7 DC | Contemporary<\/strong> establece un nuevo est\u00e1ndar para los lentes de formato APS-C, ofreciendo un rango focal vers\u00e1til de 16 mm a 300 mm (equivalente a 24-450 mm). Ideal para fotograf\u00eda de viajes, vida silvestre, retratos y paisajes, este superzoom ofrece una calidad de imagen asombrosa en todo el rango. Gracias a la estabilizaci\u00f3n \u00f3ptica OS2, puede obtener tomas n\u00edtidas y estables incluso en configuraciones de zoom extremas o entornos con poca luz.  <\/p>\n<p data-start=\"677\" data-end=\"1245\">Con un dise\u00f1o \u00f3ptico avanzado de 20 elementos en 14 grupos (incluidos FLD, SLD y elementos asf\u00e9ricos), el <strong data-start=\"781\" data-end=\"793\">16-300 mm<\/strong> controla eficazmente las aberraciones y distorsiones, lo que garantiza nitidez y contraste. Adem\u00e1s, el objetivo cuenta con el motor de enfoque HLA (actuador lineal de alta respuesta), que proporciona un AF r\u00e1pido y silencioso para capturar sujetos en movimiento sin comprometer la precisi\u00f3n. El cuerpo cuenta con sellado contra el polvo y las salpicaduras, junto con un revestimiento resistente al agua y al aceite en la lente frontal, lo que garantiza una mayor durabilidad para su uso en entornos dif\u00edciles.  <\/p>\n<p data-start=\"1247\" data-end=\"1309\"><\/p>\n<p data-start=\"1247\" data-end=\"1309\"><img decoding=\"async\" src=\"https:\/\/www.sigma-global.com\/en\/lenses\/c025_16_300_35_67\/images\/c025_16_300_35_67_point.png\" style=\"width: 50%\" alt=\"\"><\/p>\n<hr data-start=\"1311\" data-end=\"1314\">\n<h4 data-start=\"1316\" data-end=\"1347\">Caracter\u00edsticas principales<\/h4>\n<ul data-start=\"1349\" data-end=\"2396\">\n<li data-start=\"1349\" data-end=\"1541\"><strong data-start=\"1351\" data-end=\"1386\">Amplio rango de zoom (18,8x)<\/strong><br data-start=\"1386\" data-end=\"1389\">Cobertura de 16 a 300 mm (aprox. 24-450 mm en formato de 35 mm), ideal para una amplia variedad de escenarios: retratos, paisajes, eventos e incluso deportes.<\/li>\n<li data-start=\"1542\" data-end=\"1666\"><strong data-start=\"1544\" data-end=\"1578\">Equivalencia macro 1:2 a 70 mm<\/strong><br data-start=\"1578\" data-end=\"1581\">Notable modo de primer plano, lo que facilita la fotograf\u00eda de peque\u00f1os detalles y objetos.<\/li>\n<li data-start=\"1667\" data-end=\"1859\"><strong data-start=\"1669\" data-end=\"1696\">Estabilizaci\u00f3n \u00f3ptica OS2<\/strong><br data-start=\"1696\" data-end=\"1699\">Ofrece hasta 6 pasos en el gran angular y 4,5 pasos en el tele (seg\u00fan CIPA), para tomas estables a distancias focales largas o con poca luz.<\/li>\n<li data-start=\"1860\" data-end=\"2006\"><strong data-start=\"1862\" data-end=\"1889\">Motor HLA y enfoque r\u00e1pido<\/strong><br data-start=\"1889\" data-end=\"1892\">Motor lineal de alta respuesta, AF silencioso y sensible, perfecto para capturar sujetos en movimiento o en video.<\/li>\n<li data-start=\"2007\" data-end=\"2139\"><strong data-start=\"2009\" data-end=\"2030\">Dise\u00f1o resistente<\/strong><br data-start=\"2030\" data-end=\"2033\">Carcasa sellada contra el polvo y las salpicaduras y revestimiento resistente al agua \/ aceite en la lente frontal.<\/li>\n<li data-start=\"2140\" data-end=\"2270\"><strong data-start=\"2142\" data-end=\"2176\">FLD, SLD y elementos asf\u00e9ricos<\/strong><br data-start=\"2176\" data-end=\"2179\">Minimiza las aberraciones crom\u00e1ticas y garantiza la calidad de la imagen en todo el rango del zoom.<\/li>\n<li data-start=\"2271\" data-end=\"2396\"><strong data-start=\"2273\" data-end=\"2286\">Bloqueo de zoom<\/strong><br data-start=\"2286\" data-end=\"2289\">Bloqueo de zoom en la posici\u00f3n gran angular (16 mm) para evitar la extensi\u00f3n accidental durante el transporte.<\/li>\n<\/ul>\n<hr data-start=\"2398\" data-end=\"2401\">\n<h4 data-start=\"2403\" data-end=\"2417\"><img decoding=\"async\" src=\"https:\/\/www.sigma-global.com\/en\/lenses\/c025_16_300_35_67\/images\/MinaDaimon_ExamplePhoto_014_small.JPG\" style=\"width: 50%\" alt=\"\"><br \/><\/h4>\n<h4 data-start=\"2403\" data-end=\"2417\">Contenido<\/h4>\n<ul data-start=\"2419\" data-end=\"2638\">\n<li data-start=\"2419\" data-end=\"2487\">1 Un. <strong data-start=\"2436\" data-end=\"2485\">Lente Sigma 16-300mm f\/3.5-6.7 DC OS | Contempor\u00e1neo<\/strong> <\/li>\n<li data-start=\"2488\" data-end=\"2529\">1 Un. Parasol de p\u00e9talo (LH706-03) <\/li>\n<li data-start=\"2530\" data-end=\"2565\">1 Un. Cubierta frontal (LCF-67 IV) <\/li>\n<li data-start=\"2566\" data-end=\"2600\">1 Un. Contraportada (LCR III) <\/li>\n<li data-start=\"2601\" data-end=\"2638\">1 Un. Bolsa de transporte (bolsa) <\/li>\n<\/ul>\n<p data-start=\"2640\" data-end=\"2750\"><img decoding=\"async\" src=\"https:\/\/www.sigma-global.com\/en\/lenses\/c025_16_300_35_67\/images\/MinaDaimon_ExamplePhoto_012_small.JPG\" style=\"width: 50%\" alt=\"\"><em data-start=\"2640\" data-end=\"2750\"><br \/><\/em><\/p>\n<hr data-start=\"2752\" data-end=\"2755\">\n<h4 data-start=\"2757\" data-end=\"2785\">Especificaciones t\u00e9cnicas<\/h4>\n<ul data-start=\"2787\" data-end=\"3741\">\n<li data-start=\"2787\" data-end=\"2814\"><strong data-start=\"2789\" data-end=\"2800\">Formato<\/strong>: APS-C (DC)<\/li>\n<li data-start=\"2787\" data-end=\"2814\"><b>Montaje<\/b>: Fuji X<\/li>\n<li data-start=\"2815\" data-end=\"2939\"><strong data-start=\"2817\" data-end=\"2836\">Distancia focal<\/strong>: 16-300 mm (zoom de 18,8x)\n<ul data-start=\"2865\" data-end=\"2939\">\n<li data-start=\"2865\" data-end=\"2939\">Equivalencia FF (35 mm): 24-450 mm<\/li>\n<\/ul>\n<\/li>\n<li data-start=\"2940\" data-end=\"2987\"><strong data-start=\"2942\" data-end=\"2964\">Apertura m\u00e1x.\/m\u00ednima<\/strong>: f\/3,5\u20136,7 \/ f\/22\u201345<\/li>\n<li data-start=\"2988\" data-end=\"3081\"><strong data-start=\"2990\" data-end=\"3010\">Construcci\u00f3n \u00f3ptica<\/strong>: 20 elementos en 14 grupos\n<ul data-start=\"3042\" data-end=\"3081\">\n<li data-start=\"3042\" data-end=\"3081\">1 FLD, 4 SLD, 4 elementos asf\u00e9ricos<\/li>\n<\/ul>\n<\/li>\n<li data-start=\"3082\" data-end=\"3193\"><strong data-start=\"3084\" data-end=\"3103\">\u00c1ngulo de visi\u00f3n<\/strong>:\n<ul data-start=\"3108\" data-end=\"3193\">\n<li data-start=\"3168\" data-end=\"3193\">Fujifilm X: 83,2\u20135,4\u00b0<\/li>\n<\/ul>\n<\/li>\n<li data-start=\"3194\" data-end=\"3250\"><strong data-start=\"3196\" data-end=\"3230\">N\u00famero de hojas de diafragma<\/strong>: 9 (redondeadas)<\/li>\n<li data-start=\"3251\" data-end=\"3316\"><strong data-start=\"3253\" data-end=\"3284\">Distancia m\u00ednima de enfoque<\/strong>: 17 cm (gran angular) \u2013 105 cm (teleobjetivo)<\/li>\n<li data-start=\"3317\" data-end=\"3355\"><strong data-start=\"3319\" data-end=\"3337\">Aumento m\u00e1ximo<\/strong>: 1:2 (a 70 mm)<\/li>\n<li data-start=\"3356\" data-end=\"3429\"><strong data-start=\"3358\" data-end=\"3375\">Estabilizaci\u00f3n<\/strong>: OS2 (6 pasos de ancho \/ 4,5 pasos de tele en APS-C, CIPA)<\/li>\n<li data-start=\"3430\" data-end=\"3506\"><strong data-start=\"3432\" data-end=\"3443\">Enfoque<\/strong>: AF con motor HLA, compatibilidad con DMF\/AF+MF (c\u00e1maras compatibles)<\/li>\n<li data-start=\"3507\" data-end=\"3540\"><strong data-start=\"3509\" data-end=\"3531\">Di\u00e1metro del filtro<\/strong>: 67 mm<\/li>\n<li data-start=\"3541\" data-end=\"3624\"><strong data-start=\"3543\" data-end=\"3568\">Dimensiones (\u00d8 x L)<\/strong> <\/li>\n<li data-start=\"3625\" data-end=\"3664\"><strong data-start=\"3627\" data-end=\"3635\">Peso<\/strong>: ~615 g<\/li>\n<li data-start=\"3665\" data-end=\"3741\"><strong data-start=\"3667\" data-end=\"3678\">Sellado<\/strong>: Resistente al polvo \/ salpicaduras (no completamente impermeable)<\/li>\n<\/ul>\n","protected":false},"excerpt":{"rendered":"<p>Sistema operativo Sigma 16-300 mm f\/3.5-6.7 DC | Contempor\u00e1neo &#8211; Fujifilm X Un zoom todo en uno para las situaciones<\/p>\n","protected":false},"featured_media":52875,"comment_status":"closed","ping_status":"open","template":"","meta":{"_acf_changed":false},"product_brand":[2647],"product_cat":[1062],"product_tag":[],"class_list":{"0":"post-73743","1":"product","2":"type-product","3":"status-publish","4":"has-post-thumbnail","6":"product_brand-sigma-es","7":"product_cat-mirrorless-objectivos","8":"pa_abertura-maxima-f-3-5-6-7-es","10":"first","11":"pre-order","12":"sale","13":"taxable","14":"shipping-taxable","15":"purchasable","16":"product-type-simple"},"bundled_by":[],"bundle_stock_status":"pre-order","bundle_stock_quantity":null,"bundle_virtual":false,"bundle_layout":"","bundle_add_to_cart_form_location":"","bundle_editable_in_cart":false,"bundle_sold_individually_context":"","bundle_item_grouping":"","bundle_min_size":"","bundle_max_size":"","bundle_price":[],"bundled_items":[],"bundle_sell_ids":[],"acf":[],"_links":{"self":[{"href":"https:\/\/hi-techwonder.com\/es\/wp-json\/wp\/v2\/product\/73743","targetHints":{"allow":["GET"]}}],"collection":[{"href":"https:\/\/hi-techwonder.com\/es\/wp-json\/wp\/v2\/product"}],"about":[{"href":"https:\/\/hi-techwonder.com\/es\/wp-json\/wp\/v2\/types\/product"}],"replies":[{"embeddable":true,"href":"https:\/\/hi-techwonder.com\/es\/wp-json\/wp\/v2\/comments?post=73743"}],"wp:featuredmedia":[{"embeddable":true,"href":"https:\/\/hi-techwonder.com\/es\/wp-json\/wp\/v2\/media\/52875"}],"wp:attachment":[{"href":"https:\/\/hi-techwonder.com\/es\/wp-json\/wp\/v2\/media?parent=73743"}],"wp:term":[{"taxonomy":"product_brand","embeddable":true,"href":"https:\/\/hi-techwonder.com\/es\/wp-json\/wp\/v2\/product_brand?post=73743"},{"taxonomy":"product_cat","embeddable":true,"href":"https:\/\/hi-techwonder.com\/es\/wp-json\/wp\/v2\/product_cat?post=73743"},{"taxonomy":"product_tag","embeddable":true,"href":"https:\/\/hi-techwonder.com\/es\/wp-json\/wp\/v2\/product_tag?post=73743"}],"curies":[{"name":"wp","href":"https:\/\/api.w.org\/{rel}","templated":true}]}}