{"id":73749,"date":"2025-07-29T09:40:44","date_gmt":"2025-07-29T09:40:44","guid":{"rendered":"https:\/\/fv6qoy3ls0.wpdns.site\/product\/sigma-150-600mm-f-5-6-3-dg-dn-os-deportes-montura-l\/"},"modified":"2026-04-08T18:01:37","modified_gmt":"2026-04-08T17:01:37","slug":"sigma-150-600mm-f-5-6-3-dg-dn-os-deportes-montura-l","status":"publish","type":"product","link":"https:\/\/hi-techwonder.com\/es\/producto\/sigma-150-600mm-f-5-6-3-dg-dn-os-deportes-montura-l\/","title":{"rendered":"SIGMA 150-600mm f\/5-6.3 DG DN OS Deportes Montura L"},"content":{"rendered":"<p><strong>Sigma 150-600mm f\/5-6.3 DG DN OS Deportes Leica L<\/strong><\/p>\n<p>Un 150-600mm F5-6.3 DG DN OS | Sports es el primer objetivo zoom ultrateleobjetivo de la gama SIGMA Sports, dise\u00f1ado desde cero para c\u00e1maras mirrorless de fotograma completo. Ofrece excelentes niveles de rendimiento, funcionalidad y la calidad requerida para grabar en ultrateleobjetivo en las condiciones m\u00e1s exigentes. La calidad de imagen es excepcional, con un vidrio de alto rendimiento capaz de ofrecer resultados ultran\u00edtidos incluso en las c\u00e1maras de mayor resoluci\u00f3n. La lente exhibe un hermoso bokeh en todo su rango de zoom y las aberraciones \u00f3pticas se mantienen bajo control. Se puede utilizar con teleconvertidores SIGMA 1.4\u00d7 y 2\u00d7 con montura L, con AF efectivo de hasta 1200 mm.    <\/p>\n<p><strong>Funciones:<\/strong><\/p>\n<ul>\n<li>Montura L \/ Formato de fotograma completo<\/li>\n<li>Rango de apertura: f\/5 a f\/22<\/li>\n<li>Cuatro elementos FLD, dos elementos SLD<\/li>\n<li>Recubrimiento s\u00faper multicapa<\/li>\n<li>Sistema operativo y cambio de modo personalizado<\/li>\n<li>Sistema de zoom de doble acci\u00f3n<\/li>\n<li>Estabilizaci\u00f3n de imagen del sistema operativo<\/li>\n<li>Diafragma redondeado de 9 hojas<\/li>\n<\/ul>\n<p><iframe loading=\"lazy\" style=\"min-height: 500px; width: 1115.8px; height: auto;\" src=\"https:\/\/www.youtube.com\/embed\/rL0nkAY7FAw\" width=\"560\" height=\"314\" allowfullscreen=\"allowfullscreen\"><\/iframe><\/p>\n<p>EL SIGMA 150-600mm F5-6.3 DG DN OS | Sports ofrece un rendimiento \u00f3ptico excepcional en todas las escalas, zoom y aperturas, lo que produce resultados de calidad profesional.<\/p>\n<p>En el extremo ancho de 150 mm, la lente tiene una impresionante distancia m\u00ednima de enfoque de 58 cm. En la montura L, el uso de dos teleconvertidores dedicados le permitir\u00e1 disparar con AF de hasta 1200 mm. Con estas caracter\u00edsticas, el nuevo ultrateleobjetivo es la herramienta perfecta para abordar una amplia gama de situaciones de disparo, lo que le brinda una mayor libertad para elegir la composici\u00f3n de su foto.  <\/p>\n<p>En el cilindro de la lente hay una base de tr\u00edpode de magnesio que se puede conectar a una montura Arca Swiss. El pie es extra\u00edble y se puede reemplazar con un pie de lente opcional (tipo de pie de lente reemplazable) o montarse en un monopie. El cilindro de la lente utiliza piezas de aluminio y TSC (compuesto t\u00e9rmicamente estable), donde son m\u00e1s adecuadas. TSC es un tipo de policarbonato con una tasa de expansi\u00f3n t\u00e9rmica similar a la del aluminio que asegura que la lente se comporte de manera consistente a diferentes temperaturas. Aprovechando su dise\u00f1o destinado exclusivamente a los sistemas sin espejo, el objetivo es robusto, un atributo esencial para la gama Sports, como compacto y ligero.    <\/p>\n<p><strong>Compatibilidad:<\/strong><\/p>\n<ul>\n<li>Leica CL<\/li>\n<li>Leica SL (Typ 601)<\/li>\n<li>Leica SL2<\/li>\n<li>Leica SL2-S<\/li>\n<li>Leica TL<\/li>\n<li>Leica TL2<\/li>\n<li>Panasonic Lumix DC-S1<\/li>\n<li>Panasonic Lumix DC-S1H<\/li>\n<li>Panasonic Lumix DC-S1R<\/li>\n<li>Panasonic Lumix DC-S5<\/li>\n<li>Sigma fp<\/li>\n<li>Sigma fp L<\/li>\n<\/ul>\n<p><strong>Especificaciones t\u00e9cnicas:<\/strong><\/p>\n<ul>\n<li>Construcci\u00f3n de la lente: 25 elementos en 15 grupos, con 4 elementos FLD y 2 elementos SLD<\/li>\n<li>Funci\u00f3n de estabilizador \u00f3ptico (OS)<\/li>\n<li>Sistema de enfoque interno<\/li>\n<li>Admite enfoque autom\u00e1tico de alta velocidad<\/li>\n<li>Motor paso a paso<\/li>\n<li>Admite correcci\u00f3n \u00f3ptica en la lente<\/li>\n<\/ul>\n<p>&nbsp; &nbsp; &nbsp; &nbsp; &nbsp;* Funci\u00f3n solo disponible para c\u00e1maras compatibles. Las correcciones disponibles pueden variar seg\u00fan el modelo de c\u00e1mara. <\/p>\n<ul>\n<li>Compatible con DMF y AF+MF<\/li>\n<li>Recubrimiento s\u00faper multicapa<\/li>\n<li>Recubrimiento antiagua y antiaceite (elemento frontal)<\/li>\n<li>Bot\u00f3n de modo de enfoque<\/li>\n<li>Bot\u00f3n de l\u00edmite de enfoque<\/li>\n<li>Bot\u00f3n del sistema operativo<\/li>\n<li>Bot\u00f3n personalizable<\/li>\n<li>Bot\u00f3n AFL (3 botones)<\/li>\n<li>Interruptor binario de zoom<\/li>\n<li>Montura de tr\u00edpode (tipo pie para lente reemplazable) TS-121 fijo<\/li>\n<li>Cubierta Cubierta (LH1034-01)<\/li>\n<li>Estructura a prueba de polvo y salpicaduras<\/li>\n<li>Compatible con SIGMA TELE CONVERTER TC-1411 \/ TC-2011 (se vende por separado \/ solo para montura L)<\/li>\n<li>Compatible con SIGMA USB DOCK UD-11 (se vende por separado \/ solo para montura L)<\/li>\n<li>Compatible con SIGMA TR\u00cdPODE SOCKET TS-81 (tipo de pie de lente reemplazable \/ se vende por separado)<\/li>\n<li>Dise\u00f1ado para minimizar los destellos y las im\u00e1genes fantasma<\/li>\n<li>Cada objetivo pasa a trav\u00e9s del sistema de medici\u00f3n MTF de SIGMA<\/li>\n<li>Diafragma circular de 9 hojas<\/li>\n<li>Brazo de montaje de bayoneta de alta precisi\u00f3n y durabilidad<\/li>\n<li>Hecho en Jap\u00f3n<\/li>\n<\/ul>\n<p>________________________________________________________________________________________________________________________________________________________________________<\/p>\n<p><strong>Especificaciones:<\/strong><\/p>\n<table class=\"table_o418fscimQZEg1oshu4aX\" style=\"box-sizing: inherit; width: 779.4px; font-family: OpenSans, 'Segoe UI', Helvetica, Roboto, Arial, sans-serif; font-size: 16px; background-color: #ffffff; height: 357px;\" data-selenium=\"specsItemGroupTable\">\n<tbody style=\"box-sizing: inherit;\">\n<tr class=\"pair_3u9fnESIQrtuEu6ye_zM4k\" style=\"box-sizing: inherit; border-bottom: 0.0625rem solid #e7e7e7; height: 21px;\" data-selenium=\"specsItemGroupTableRow\">\n<td class=\"label_3bLwbW8ibvYc5tUwpKVQsL firstSpecWhenNoGroupName_2L9ob5rxYHNpmiwoNrY0FE\" style=\"box-sizing: inherit; width: 296.163px; padding: 0px 0px 1.25rem; border-top: none; vertical-align: baseline; font-size: 1.125rem; color: #666666; line-height: 1.375rem; height: 21px;\" data-selenium=\"specsItemGroupTableColumnLabel\">Distancia<\/td>\n<p> focal<\/p>\n<td class=\"value_11Av1yGkVYn9TX48mQeu9v firstSpecWhenNoGroupName_2L9ob5rxYHNpmiwoNrY0FE\" style=\"box-sizing: inherit; vertical-align: baseline; font-size: 1.125rem; color: #666666; line-height: 1.375rem; padding: 0px 0px 1.25rem 2.5rem; height: 21px;\" data-selenium=\"specsItemGroupTableColumnValue\">De 150 a 600 mm<\/td>\n<\/tr>\n<tr class=\"pair_3u9fnESIQrtuEu6ye_zM4k\" style=\"box-sizing: inherit; border-bottom: 0.0625rem solid #e7e7e7; height: 21px;\" data-selenium=\"specsItemGroupTableRow\">\n<td class=\"label_3bLwbW8ibvYc5tUwpKVQsL\" style=\"box-sizing: inherit; width: 296.163px; padding: 1.25rem 0px; border-top: none; vertical-align: baseline; font-size: 1.125rem; color: #666666; line-height: 1.375rem; height: 21px;\" data-selenium=\"specsItemGroupTableColumnLabel\">Apertura<\/td>\n<p> m\u00e1xima<\/p>\n<td class=\"value_11Av1yGkVYn9TX48mQeu9v\" style=\"box-sizing: inherit; vertical-align: baseline; font-size: 1.125rem; color: #666666; line-height: 1.375rem; padding: 1.25rem 0px 1.25rem 2.5rem; height: 21px;\" data-selenium=\"specsItemGroupTableColumnValue\">f\/5 a 6.3<\/td>\n<\/tr>\n<tr class=\"pair_3u9fnESIQrtuEu6ye_zM4k\" style=\"box-sizing: inherit; border-bottom: 0.0625rem solid #e7e7e7; height: 21px;\" data-selenium=\"specsItemGroupTableRow\">\n<td class=\"label_3bLwbW8ibvYc5tUwpKVQsL\" style=\"box-sizing: inherit; width: 296.163px; padding: 1.25rem 0px; border-top: none; vertical-align: baseline; font-size: 1.125rem; color: #666666; line-height: 1.375rem; height: 21px;\" data-selenium=\"specsItemGroupTableColumnLabel\">Apertura<\/td>\n<p> m\u00ednima<\/p>\n<td class=\"value_11Av1yGkVYn9TX48mQeu9v\" style=\"box-sizing: inherit; vertical-align: baseline; font-size: 1.125rem; color: #666666; line-height: 1.375rem; padding: 1.25rem 0px 1.25rem 2.5rem; height: 21px;\" data-selenium=\"specsItemGroupTableColumnValue\">f\/22 al 29<\/td>\n<\/tr>\n<tr class=\"pair_3u9fnESIQrtuEu6ye_zM4k\" style=\"box-sizing: inherit; border-bottom: 0.0625rem solid #e7e7e7; height: 21px;\" data-selenium=\"specsItemGroupTableRow\">\n<td class=\"label_3bLwbW8ibvYc5tUwpKVQsL\" style=\"box-sizing: inherit; width: 296.163px; padding: 1.25rem 0px; border-top: none; vertical-align: baseline; font-size: 1.125rem; color: #666666; line-height: 1.375rem; height: 21px;\" data-selenium=\"specsItemGroupTableColumnLabel\">Montura de<\/td>\n<p> lente<\/p>\n<td class=\"value_11Av1yGkVYn9TX48mQeu9v\" style=\"box-sizing: inherit; vertical-align: baseline; font-size: 1.125rem; color: #666666; line-height: 1.375rem; padding: 1.25rem 0px 1.25rem 2.5rem; height: 21px;\" data-selenium=\"specsItemGroupTableColumnValue\">Leica L<\/td>\n<\/tr>\n<tr class=\"pair_3u9fnESIQrtuEu6ye_zM4k\" style=\"box-sizing: inherit; border-bottom: 0.0625rem solid #e7e7e7; height: 21px;\" data-selenium=\"specsItemGroupTableRow\">\n<td class=\"label_3bLwbW8ibvYc5tUwpKVQsL\" style=\"box-sizing: inherit; width: 296.163px; padding: 1.25rem 0px; border-top: none; vertical-align: baseline; font-size: 1.125rem; color: #666666; line-height: 1.375rem; height: 21px;\" data-selenium=\"specsItemGroupTableColumnLabel\">Compatibilidad de<\/td>\n<p> formatos<\/p>\n<td class=\"value_11Av1yGkVYn9TX48mQeu9v\" style=\"box-sizing: inherit; vertical-align: baseline; font-size: 1.125rem; color: #666666; line-height: 1.375rem; padding: 1.25rem 0px 1.25rem 2.5rem; height: 21px;\" data-selenium=\"specsItemGroupTableColumnValue\">Fotograma completo<\/td>\n<\/tr>\n<tr class=\"pair_3u9fnESIQrtuEu6ye_zM4k\" style=\"box-sizing: inherit; border-bottom: 0.0625rem solid #e7e7e7; height: 21px;\" data-selenium=\"specsItemGroupTableRow\">\n<td class=\"label_3bLwbW8ibvYc5tUwpKVQsL\" style=\"box-sizing: inherit; width: 296.163px; padding: 1.25rem 0px; border-top: none; vertical-align: baseline; font-size: 1.125rem; color: #666666; line-height: 1.375rem; height: 21px;\" data-selenium=\"specsItemGroupTableColumnLabel\">\u00c1ngulo de visi\u00f3n<\/td>\n<td class=\"value_11Av1yGkVYn9TX48mQeu9v\" style=\"box-sizing: inherit; vertical-align: baseline; font-size: 1.125rem; color: #666666; line-height: 1.375rem; padding: 1.25rem 0px 1.25rem 2.5rem; height: 21px;\" data-selenium=\"specsItemGroupTableColumnValue\">De 16,4\u00b0 a 4,1\u00b0<\/td>\n<\/tr>\n<tr class=\"pair_3u9fnESIQrtuEu6ye_zM4k\" style=\"box-sizing: inherit; border-bottom: 0.0625rem solid #e7e7e7; height: 21px;\" data-selenium=\"specsItemGroupTableRow\">\nDistancia <\/p>\n<td class=\"label_3bLwbW8ibvYc5tUwpKVQsL\" style=\"box-sizing: inherit; width: 296.163px; padding: 1.25rem 0px; border-top: none; vertical-align: baseline; font-size: 1.125rem; color: #666666; line-height: 1.375rem; height: 21px;\" data-selenium=\"specsItemGroupTableColumnLabel\">m\u00ednima de enfoque<\/td>\n<td class=\"value_11Av1yGkVYn9TX48mQeu9v\" style=\"box-sizing: inherit; vertical-align: baseline; font-size: 1.125rem; color: #666666; line-height: 1.375rem; padding: 1.25rem 0px 1.25rem 2.5rem; height: 21px;\" data-selenium=\"specsItemGroupTableColumnValue\">58 cm<\/td>\n<\/tr>\n<tr class=\"pair_3u9fnESIQrtuEu6ye_zM4k\" style=\"box-sizing: inherit; border-bottom: 0.0625rem solid #e7e7e7; height: 21px;\" data-selenium=\"specsItemGroupTableRow\">\n<td class=\"label_3bLwbW8ibvYc5tUwpKVQsL\" style=\"box-sizing: inherit; width: 296.163px; padding: 1.25rem 0px; border-top: none; vertical-align: baseline; font-size: 1.125rem; color: #666666; line-height: 1.375rem; height: 21px;\" data-selenium=\"specsItemGroupTableColumnLabel\">Aumento<\/td>\n<p> m\u00e1ximo<\/p>\n<td class=\"value_11Av1yGkVYn9TX48mQeu9v\" style=\"box-sizing: inherit; vertical-align: baseline; font-size: 1.125rem; color: #666666; line-height: 1.375rem; padding: 1.25rem 0px 1.25rem 2.5rem; height: 21px;\" data-selenium=\"specsItemGroupTableColumnValue\">0,34 veces<\/td>\n<\/tr>\n<tr class=\"pair_3u9fnESIQrtuEu6ye_zM4k\" style=\"box-sizing: inherit; border-bottom: 0.0625rem solid #e7e7e7; height: 21px;\" data-selenium=\"specsItemGroupTableRow\">\n<td class=\"label_3bLwbW8ibvYc5tUwpKVQsL\" style=\"box-sizing: inherit; width: 296.163px; padding: 1.25rem 0px; border-top: none; vertical-align: baseline; font-size: 1.125rem; color: #666666; line-height: 1.375rem; height: 21px;\" data-selenium=\"specsItemGroupTableColumnLabel\">Relaci\u00f3n<\/td>\n<p> de reproducci\u00f3n macro<\/p>\n<td class=\"value_11Av1yGkVYn9TX48mQeu9v\" style=\"box-sizing: inherit; vertical-align: baseline; font-size: 1.125rem; color: #666666; line-height: 1.375rem; padding: 1.25rem 0px 1.25rem 2.5rem; height: 21px;\" data-selenium=\"specsItemGroupTableColumnValue\">1:2.9 (196.9<\/td>\n<p>)<br \/>\n<\/tr>\n<tr class=\"pair_3u9fnESIQrtuEu6ye_zM4k\" style=\"box-sizing: inherit; border-bottom: 0.0625rem solid #e7e7e7; height: 21px;\" data-selenium=\"specsItemGroupTableRow\">\n<td class=\"label_3bLwbW8ibvYc5tUwpKVQsL\" style=\"box-sizing: inherit; width: 296.163px; padding: 1.25rem 0px; border-top: none; vertical-align: baseline; font-size: 1.125rem; color: #666666; line-height: 1.375rem; height: 21px;\" data-selenium=\"specsItemGroupTableColumnLabel\">Dise\u00f1o<\/td>\n<p> \u00f3ptico<\/p>\n<td class=\"value_11Av1yGkVYn9TX48mQeu9v\" style=\"box-sizing: inherit; vertical-align: baseline; font-size: 1.125rem; color: #666666; line-height: 1.375rem; padding: 1.25rem 0px 1.25rem 2.5rem; height: 21px;\" data-selenium=\"specsItemGroupTableColumnValue\">25 elementos en 15 grupos<\/td>\n<\/tr>\n<tr class=\"pair_3u9fnESIQrtuEu6ye_zM4k\" style=\"box-sizing: inherit; border-bottom: 0.0625rem solid #e7e7e7; height: 21px;\" data-selenium=\"specsItemGroupTableRow\">\nHojas de <\/p>\n<td class=\"label_3bLwbW8ibvYc5tUwpKVQsL\" style=\"box-sizing: inherit; width: 296.163px; padding: 1.25rem 0px; border-top: none; vertical-align: baseline; font-size: 1.125rem; color: #666666; line-height: 1.375rem; height: 21px;\" data-selenium=\"specsItemGroupTableColumnLabel\">diafragma<\/td>\n<td class=\"value_11Av1yGkVYn9TX48mQeu9v\" style=\"box-sizing: inherit; vertical-align: baseline; font-size: 1.125rem; color: #666666; line-height: 1.375rem; padding: 1.25rem 0px 1.25rem 2.5rem; height: 21px;\" data-selenium=\"specsItemGroupTableColumnValue\">9, redondeado<\/td>\n<\/tr>\n<tr class=\"pair_3u9fnESIQrtuEu6ye_zM4k\" style=\"box-sizing: inherit; border-bottom: 0.0625rem solid #e7e7e7; height: 21px;\" data-selenium=\"specsItemGroupTableRow\">\n<td class=\"label_3bLwbW8ibvYc5tUwpKVQsL\" style=\"box-sizing: inherit; width: 296.163px; padding: 1.25rem 0px; border-top: none; vertical-align: baseline; font-size: 1.125rem; color: #666666; line-height: 1.375rem; height: 21px;\" data-selenium=\"specsItemGroupTableColumnLabel\">Tipo de<\/td>\n<p> enfoque<\/p>\n<td class=\"value_11Av1yGkVYn9TX48mQeu9v\" style=\"box-sizing: inherit; vertical-align: baseline; font-size: 1.125rem; color: #666666; line-height: 1.375rem; padding: 1.25rem 0px 1.25rem 2.5rem; height: 21px;\" data-selenium=\"specsItemGroupTableColumnValue\">Enfoque autom\u00e1tico<\/td>\n<\/tr>\n<tr class=\"pair_3u9fnESIQrtuEu6ye_zM4k\" style=\"box-sizing: inherit; border-bottom: 0.0625rem solid #e7e7e7; height: 21px;\" data-selenium=\"specsItemGroupTableRow\">\n<td class=\"label_3bLwbW8ibvYc5tUwpKVQsL\" style=\"box-sizing: inherit; width: 296.163px; padding: 1.25rem 0px; border-top: none; vertical-align: baseline; font-size: 1.125rem; color: #666666; line-height: 1.375rem; height: 21px;\" data-selenium=\"specsItemGroupTableColumnLabel\">Estabilizaci\u00f3n de<\/td>\n<p> imagen<\/p>\n<td class=\"value_11Av1yGkVYn9TX48mQeu9v\" style=\"box-sizing: inherit; vertical-align: baseline; font-size: 1.125rem; color: #666666; line-height: 1.375rem; padding: 1.25rem 0px 1.25rem 2.5rem; height: 21px;\" data-selenium=\"specsItemGroupTableColumnValue\">S\u00ed<\/td>\n<\/tr>\n<tr class=\"pair_3u9fnESIQrtuEu6ye_zM4k\" style=\"box-sizing: inherit; border-bottom: 0.0625rem solid #e7e7e7; height: 21px;\" data-selenium=\"specsItemGroupTableRow\">\nCollar<br \/>\n de <\/p>\n<td class=\"label_3bLwbW8ibvYc5tUwpKVQsL\" style=\"box-sizing: inherit; width: 296.163px; padding: 1.25rem 0px; border-top: none; vertical-align: baseline; font-size: 1.125rem; color: #666666; line-height: 1.375rem; height: 21px;\" data-selenium=\"specsItemGroupTableColumnLabel\">tr\u00edpode<\/td>\n<td class=\"value_11Av1yGkVYn9TX48mQeu9v\" style=\"box-sizing: inherit; vertical-align: baseline; font-size: 1.125rem; color: #666666; line-height: 1.375rem; padding: 1.25rem 0px 1.25rem 2.5rem; height: 21px;\" data-selenium=\"specsItemGroupTableColumnValue\">Amovible<\/td>\n<\/tr>\n<tr class=\"pair_3u9fnESIQrtuEu6ye_zM4k\" style=\"box-sizing: inherit; border-bottom: 0.0625rem solid #e7e7e7; height: 21px;\" data-selenium=\"specsItemGroupTableRow\">\n<td class=\"label_3bLwbW8ibvYc5tUwpKVQsL\" style=\"box-sizing: inherit; width: 296.163px; padding: 1.25rem 0px; border-top: none; vertical-align: baseline; font-size: 1.125rem; color: #666666; line-height: 1.375rem; height: 21px;\" data-selenium=\"specsItemGroupTableColumnLabel\">Tama\u00f1o del<\/td>\n<p> filtro<\/p>\n<td class=\"value_11Av1yGkVYn9TX48mQeu9v\" style=\"box-sizing: inherit; vertical-align: baseline; font-size: 1.125rem; color: #666666; line-height: 1.375rem; padding: 1.25rem 0px 1.25rem 2.5rem; height: 21px;\" data-selenium=\"specsItemGroupTableColumnValue\">95 mm (delantero)<\/td>\n<\/tr>\n<tr class=\"pair_3u9fnESIQrtuEu6ye_zM4k\" style=\"box-sizing: inherit; border-bottom: 0.0625rem solid #e7e7e7; height: 21px;\" data-selenium=\"specsItemGroupTableRow\">\n<td class=\"label_3bLwbW8ibvYc5tUwpKVQsL\" style=\"box-sizing: inherit; width: 296.163px; padding: 1.25rem 0px; border-top: none; vertical-align: baseline; font-size: 1.125rem; color: #666666; line-height: 1.375rem; height: 21px;\" data-selenium=\"specsItemGroupTableColumnLabel\">Dimensiones (\u00f8 x L)<\/td>\n<td class=\"value_11Av1yGkVYn9TX48mQeu9v\" style=\"box-sizing: inherit; vertical-align: baseline; font-size: 1.125rem; color: #666666; line-height: 1.375rem; padding: 1.25rem 0px 1.25rem 2.5rem; height: 21px;\" data-selenium=\"specsItemGroupTableColumnValue\">10,9 x 26,4 cm<\/td>\n<\/tr>\n<tr class=\"pair_3u9fnESIQrtuEu6ye_zM4k\" style=\"box-sizing: inherit; border-bottom: 0.0625rem solid #e7e7e7; height: 21px;\" data-selenium=\"specsItemGroupTableRow\">\n<td class=\"label_3bLwbW8ibvYc5tUwpKVQsL\" style=\"box-sizing: inherit; width: 296.163px; padding: 1.25rem 0px; border-top: none; vertical-align: baseline; font-size: 1.125rem; color: #666666; line-height: 1.375rem; height: 21px;\" data-selenium=\"specsItemGroupTableColumnLabel\">Peso<\/td>\n<td class=\"value_11Av1yGkVYn9TX48mQeu9v\" style=\"box-sizing: inherit; vertical-align: baseline; font-size: 1.125rem; color: #666666; line-height: 1.375rem; padding: 1.25rem 0px 1.25rem 2.5rem; height: 21px;\" data-selenium=\"specsItemGroupTableColumnValue\">2,1 kg<\/td>\n<\/tr>\n<\/tbody>\n<\/table>\n","protected":false},"excerpt":{"rendered":"<p>Sigma 150-600mm f\/5-6.3 DG DN OS Deportes Leica L Un 150-600mm F5-6.3 DG DN OS | Sports es el primer<\/p>\n","protected":false},"featured_media":52226,"comment_status":"closed","ping_status":"open","template":"","meta":{"_acf_changed":false},"product_brand":[2647],"product_cat":[1062],"product_tag":[],"class_list":{"0":"post-73749","1":"product","2":"type-product","3":"status-publish","4":"has-post-thumbnail","6":"product_brand-sigma-es","7":"product_cat-mirrorless-objectivos","8":"pa_abertura-maxima-f-5-6-3-es","10":"first","11":"pre-order","12":"taxable","13":"shipping-taxable","14":"purchasable","15":"product-type-simple"},"bundled_by":[],"bundle_stock_status":"pre-order","bundle_stock_quantity":null,"bundle_virtual":false,"bundle_layout":"","bundle_add_to_cart_form_location":"","bundle_editable_in_cart":false,"bundle_sold_individually_context":"","bundle_item_grouping":"","bundle_min_size":"","bundle_max_size":"","bundle_price":[],"bundled_items":[],"bundle_sell_ids":[],"acf":[],"_links":{"self":[{"href":"https:\/\/hi-techwonder.com\/es\/wp-json\/wp\/v2\/product\/73749","targetHints":{"allow":["GET"]}}],"collection":[{"href":"https:\/\/hi-techwonder.com\/es\/wp-json\/wp\/v2\/product"}],"about":[{"href":"https:\/\/hi-techwonder.com\/es\/wp-json\/wp\/v2\/types\/product"}],"replies":[{"embeddable":true,"href":"https:\/\/hi-techwonder.com\/es\/wp-json\/wp\/v2\/comments?post=73749"}],"wp:featuredmedia":[{"embeddable":true,"href":"https:\/\/hi-techwonder.com\/es\/wp-json\/wp\/v2\/media\/52226"}],"wp:attachment":[{"href":"https:\/\/hi-techwonder.com\/es\/wp-json\/wp\/v2\/media?parent=73749"}],"wp:term":[{"taxonomy":"product_brand","embeddable":true,"href":"https:\/\/hi-techwonder.com\/es\/wp-json\/wp\/v2\/product_brand?post=73749"},{"taxonomy":"product_cat","embeddable":true,"href":"https:\/\/hi-techwonder.com\/es\/wp-json\/wp\/v2\/product_cat?post=73749"},{"taxonomy":"product_tag","embeddable":true,"href":"https:\/\/hi-techwonder.com\/es\/wp-json\/wp\/v2\/product_tag?post=73749"}],"curies":[{"name":"wp","href":"https:\/\/api.w.org\/{rel}","templated":true}]}}