{"id":73750,"date":"2025-07-29T09:41:45","date_gmt":"2025-07-29T09:41:45","guid":{"rendered":"https:\/\/fv6qoy3ls0.wpdns.site\/product\/sigma-14mm-f1-4-dg-dn-art-sony-e\/"},"modified":"2026-04-08T18:02:48","modified_gmt":"2026-04-08T17:02:48","slug":"sigma-14mm-f1-4-dg-dn-art-sony-e","status":"publish","type":"product","link":"https:\/\/hi-techwonder.com\/es\/producto\/sigma-14mm-f1-4-dg-dn-art-sony-e\/","title":{"rendered":"SIGMA 14mm f1.4 DG DN Art Sony E"},"content":{"rendered":"<p><strong>SIGMA 14mm f1.4 DG DN Art Sony E&nbsp;<\/strong><\/p>\n<p><strong>Caracter\u00edsticas principales<\/strong><\/p>\n<ul>\n<li>Fotograma completo | f\/1.4 a f\/16<\/li>\n<li>Dise\u00f1ado para la astrofotograf\u00eda<\/li>\n<li>Motor de enfoque autom\u00e1tico HLA<\/li>\n<li>Toma de tr\u00edpode TS-141<\/li>\n<li>Diafragma redondeado de 11 hojas<\/li>\n<li>Dise\u00f1o a prueba de polvo y salpicaduras<\/li>\n<\/ul>\n<p><strong>Todo para la mejor fotograf\u00eda de paisajes estelares.<\/strong><\/p>\n<p>Las estrellas en el cielo son una fuente de inspiraci\u00f3n para los espectadores. Por otro lado, el cielo estrellado es un tema muy exigente para un objetivo gran angular, con sus numerosas fuentes de luz puntuales repartidas por toda la imagen. Un 14mm F1.4 DG DN | Art es el objetivo de distancia focal \u00fanica F1.4 m\u00e1s amplio del mundo*, nacido de la pasi\u00f3n de nuestros ingenieros por capturar el cielo estrellado m\u00e1s amplio, brillante, de mayor resoluci\u00f3n y m\u00e1s cautivador posible. Gracias a la \u00faltima tecnolog\u00eda de SIGMA, el objetivo combina un ultra gran angular de 14 mm con una apertura m\u00e1xima de F1.4. Adem\u00e1s, la tecnolog\u00eda de lentes SIGMA ha logrado un alto rendimiento \u00f3ptico con correcci\u00f3n completa de la distorsi\u00f3n sagital y funciones especializadas para admitir fotograf\u00eda de paisajes estrellados y AF de alta velocidad con HLA (actuador lineal de alta respuesta).    <\/p>\n<p><strong>La V\u00eda L\u00e1ctea se extiende por el cielo nocturno, estrellas centelleantes que emergen de las l\u00edneas del horizonte<\/strong><\/p>\n<p>Un 14mm F1.4 DG DN | El arte puede hacer que esto sea una realidad como una imagen pict\u00f3rica que va m\u00e1s all\u00e1 de la experiencia fotogr\u00e1fica. Su capacidad comprobada para fotografiar paisajes estelares brindar\u00e1 nuevas posibilidades para la expresi\u00f3n visual y el disfrute en todas las escenas, incluidos los paisajes diurnos, la arquitectura y la fotograf\u00eda de interiores en espacios oscuros y confinados. <\/p>\n<p>*Excluyendo lentes ojo de pez, como lentes intercambiables para c\u00e1maras sin espejo y c\u00e1maras SLR (a partir de junio de 2023 por SIGMA)<\/p>\n<p><strong>Ultra gran angular de 14 mm con una apertura m\u00e1xima de F1.4 y un rendimiento \u00f3ptico excepcional<\/strong><\/p>\n<p>Este rendimiento pionero en el mundo se logr\u00f3 mediante la aplicaci\u00f3n de las mejores tecnolog\u00edas \u00f3pticas de SIGMA, desde el dise\u00f1o hasta el proceso de fabricaci\u00f3n de lentes. 19 elementos en 15 grupos, incluido 1 elemento de vidrio SLD que incluye 1 elemento de vidrio SLD, 3 elementos de vidrio FLD y 4 elementos de lente asf\u00e9rica, forman una configuraci\u00f3n de lente de lujo. Esto permite una correcci\u00f3n avanzada de la aberraci\u00f3n y un alto grado de precisi\u00f3n en la construcci\u00f3n de la lente. Esto permite la correcci\u00f3n avanzada de la aberraci\u00f3n y el brillo de F1.4. En particular, el reflejo de coma sagital, que distorsiona la forma de las estrellas, se ha corregido cuidadosamente, e incluso con la apertura m\u00e1s amplia, la lente proporciona una alta reproducibilidad de la imagen hasta la periferia de la imagen. Las im\u00e1genes fantasma y la reflexi\u00f3n tambi\u00e9n se manejan cuidadosamente a trav\u00e9s del dise\u00f1o \u00f3ptico y los recubrimientos. Esto le permite fotografiar el cielo estrellado y las escenas nocturnas con claridad y nitidez. Optimizado para paisajes estelares, que exigen un rendimiento extremadamente alto, este objetivo ofrece im\u00e1genes que superan las expectativas en cualquier escena, incluidos paisajes, tomas arquitect\u00f3nicas, retratos y fotograf\u00eda de interiores.       <\/p>\n<p><strong>Abundantes funciones y accesorios para apoyar la fotograf\u00eda de paisajes estelares<\/strong><\/p>\n<p>Un 14mm F1.4 DG DN | Art est\u00e1 equipado con una amplia variedad de funciones para apoyar la fotograf\u00eda de paisajes estelares. Esto apoya plenamente la diversi\u00f3n de la fotograf\u00eda de paisajes estelares. <\/p>\n<p><strong>Tr\u00edpode<\/strong><\/p>\n<p>Incluye un soporte de tr\u00edpode extra\u00edble compatible con el tipo Arca-Swiss. Como el 14mm F1.4 DG DN | Art es m\u00e1s pesado en la parte delantera, el accesorio de montaje para tr\u00edpode lo ayuda a montarse en un tr\u00edpode de una manera m\u00e1s estable. La forma est\u00e1 dise\u00f1ada para evitar interferencias, incluso cuando se usa el calentador de lentes.  <\/p>\n<p><strong>Interruptor MFL (bloqueo de enfoque manual)<\/strong><\/p>\n<p>Un interruptor para bloquear el enfoque manual en la posici\u00f3n deseada. Evita el cambio de enfoque causado por el funcionamiento involuntario del anillo de enfoque. Esto es \u00fatil para la fotograf\u00eda de larga exposici\u00f3n donde el enfoque debe ser fijo.  <\/p>\n<ul>\n<li>Dise\u00f1ado espec\u00edficamente para astrofotograf\u00eda, este objetivo de 14 mm f\/1,4 ofrece un gran \u00e1ngulo de visi\u00f3n de 114\u00b0 en c\u00e1maras de fotograma completo. El objetivo tambi\u00e9n es compatible con los modelos APS-C, donde produce una distancia focal equivalente a fotograma completo de 21 mm. <\/li>\n<li>Optimizado para tomas nocturnas, el objetivo incluye una toma de tr\u00edpode, un interruptor de bloqueo de enfoque manual, un retenedor del calentador del objetivo, una montura de filtro trasera y ranuras para filtros para ayudar en aplicaciones de astrofotograf\u00eda.<\/li>\n<li>1 SLD (Special Low Distortion), 3 FLD (Low Dispersion) y 3 elementos asf\u00e9ricos se combinan para lograr una nitidez excepcional, al tiempo que eliminan el reflejo de coma sagital, que distorsiona las formas de las estrellas. El dise\u00f1o \u00f3ptico y el s\u00faper recubrimiento tambi\u00e9n minimizan las im\u00e1genes fantasma y los destellos al fotografiar cielos estrellados y escenas nocturnas de larga exposici\u00f3n. <\/li>\n<li>Equipado con un motor de enfoque autom\u00e1tico HLA (actuador lineal de alta respuesta), el objetivo proporciona un enfoque r\u00e1pido, silencioso y de alta precisi\u00f3n.<\/li>\n<li>Interruptor de apertura dedicado que permite la operaci\u00f3n con y sin clic.<\/li>\n<li>La lente est\u00e1 construida con un material compuesto t\u00e9rmicamente estable (TSC), junto con metales tradicionales para su uso en una amplia gama de variaciones de temperatura.<\/li>\n<li>Una montura de bayoneta de lat\u00f3n duradera garantiza que la lente permanezca bloqueada en su lugar.<\/li>\n<li>Incluye parasol incorporado.<\/li>\n<\/ul>\n<p><strong>En la caja<\/strong><\/p>\n<ul>\n<li>Lente Sigma 14mm f\/1.4 DG DN Art (Sony E)<\/li>\n<li>Tapa frontal del objetivo<\/li>\n<li>Tapa trasera del objetivo<\/li>\n<li>Zapata de tr\u00edpode TS-141<\/li>\n<li>Manual de usuario<\/li>\n<\/ul>\n<p><strong>CARACTER\u00cdSTICAS T\u00c9CNICAS:<\/strong><\/p>\n<p><strong>Construcci\u00f3n de lentes<\/strong><\/p>\n<p>19 elementos en 15 grupos (3 FLD, 1 SLD y 4 elementos asf\u00e9ricos)<\/p>\n<p><strong>\u00c1ngulo<\/strong><\/p>\n<p>114,2\u00b0<\/p>\n<p><strong>N\u00famero de hojas de diafragma<\/strong><\/p>\n<p>11 (diafragma redondeado)<\/p>\n<p><strong>Apertura m\u00ednima<\/strong><\/p>\n<p>F16<\/p>\n<p><strong>Distancia m\u00ednima de enfoque<\/strong><\/p>\n<p>30 cm \/ 11,9 pulgadas<\/p>\n<p><strong>Relaci\u00f3n de aumento m\u00e1xima<\/strong><\/p>\n<p>1:11.9<\/p>\n<p><strong>Dimensiones (di\u00e1metro \u00d7 longitud)<\/strong><\/p>\n<p>Montura E de Sony: \u03c6101,4 mm \u00d7 151,9 mm&nbsp;<\/p>\n<p>* La longitud de una lente se mide desde la superficie del filtro hasta su montaje.<\/p>\n<p><strong>Peso<\/strong><\/p>\n<p>Montura E de Sony: 1,160 g \/ 40.9 oz.<\/p>\n<p><strong>N\u00famero de edici\u00f3n<\/strong><\/p>\n<p>A023<\/p>\n","protected":false},"excerpt":{"rendered":"<p>SIGMA 14mm f1.4 DG DN Art Sony E&nbsp; Caracter\u00edsticas principales Fotograma completo | f\/1.4 a f\/16 Dise\u00f1ado para la astrofotograf\u00eda<\/p>\n","protected":false},"featured_media":52477,"comment_status":"closed","ping_status":"open","template":"","meta":{"_acf_changed":false},"product_brand":[2647],"product_cat":[1062],"product_tag":[],"class_list":{"0":"post-73750","1":"product","2":"type-product","3":"status-publish","4":"has-post-thumbnail","6":"product_brand-sigma-es","7":"product_cat-mirrorless-objectivos","8":"pa_abertura-maxima-f-1-4-es","10":"first","11":"onbackorder","12":"taxable","13":"shipping-taxable","14":"purchasable","15":"product-type-simple"},"bundled_by":[],"bundle_stock_status":"onbackorder","bundle_stock_quantity":null,"bundle_virtual":false,"bundle_layout":"","bundle_add_to_cart_form_location":"","bundle_editable_in_cart":false,"bundle_sold_individually_context":"","bundle_item_grouping":"","bundle_min_size":"","bundle_max_size":"","bundle_price":[],"bundled_items":[],"bundle_sell_ids":[],"acf":[],"_links":{"self":[{"href":"https:\/\/hi-techwonder.com\/es\/wp-json\/wp\/v2\/product\/73750","targetHints":{"allow":["GET"]}}],"collection":[{"href":"https:\/\/hi-techwonder.com\/es\/wp-json\/wp\/v2\/product"}],"about":[{"href":"https:\/\/hi-techwonder.com\/es\/wp-json\/wp\/v2\/types\/product"}],"replies":[{"embeddable":true,"href":"https:\/\/hi-techwonder.com\/es\/wp-json\/wp\/v2\/comments?post=73750"}],"wp:featuredmedia":[{"embeddable":true,"href":"https:\/\/hi-techwonder.com\/es\/wp-json\/wp\/v2\/media\/52477"}],"wp:attachment":[{"href":"https:\/\/hi-techwonder.com\/es\/wp-json\/wp\/v2\/media?parent=73750"}],"wp:term":[{"taxonomy":"product_brand","embeddable":true,"href":"https:\/\/hi-techwonder.com\/es\/wp-json\/wp\/v2\/product_brand?post=73750"},{"taxonomy":"product_cat","embeddable":true,"href":"https:\/\/hi-techwonder.com\/es\/wp-json\/wp\/v2\/product_cat?post=73750"},{"taxonomy":"product_tag","embeddable":true,"href":"https:\/\/hi-techwonder.com\/es\/wp-json\/wp\/v2\/product_tag?post=73750"}],"curies":[{"name":"wp","href":"https:\/\/api.w.org\/{rel}","templated":true}]}}