{"id":73752,"date":"2025-07-29T09:41:27","date_gmt":"2025-07-29T09:41:27","guid":{"rendered":"https:\/\/fv6qoy3ls0.wpdns.site\/product\/sigma-23-mm-f-1-4-dc-dn-montura-l-contemporanea\/"},"modified":"2026-04-08T18:02:29","modified_gmt":"2026-04-08T17:02:29","slug":"sigma-23-mm-f-1-4-dc-dn-montura-l-contemporanea","status":"publish","type":"product","link":"https:\/\/hi-techwonder.com\/es\/producto\/sigma-23-mm-f-1-4-dc-dn-montura-l-contemporanea\/","title":{"rendered":"SIGMA 23 mm f\/1.4 DC DN Montura L contempor\u00e1nea"},"content":{"rendered":"<p><strong>SIGMA 23 mm f\/1.4 DC DN contempor\u00e1neo a montura L<\/strong><\/p>\n<p><strong>Caracter\u00edsticas principales:<\/strong><\/p>\n<ul>\n<li>Formato APS-C | f\/1.4 a f\/16.<\/li>\n<li>35 mm (equivalente a fotograma completo).<\/li>\n<li>Excelente rendimiento con poca luz.<\/li>\n<li>Dise\u00f1o resistente al polvo y a las salpicaduras.<\/li>\n<li>Sistema de enfoque interno r\u00e1pido.<\/li>\n<li>Diafragma redondeado de 9 hojas.<\/li>\n<\/ul>\n<p><strong>Contenido del paquete:<\/strong><\/p>\n<ul>\n<li>Lente contempor\u00e1nea Sigma 23mm f\/1.4 DC DN (L-Mount).<\/li>\n<li>Parasol.<\/li>\n<li>Tapa de lente Sigma LCF-52 III de 52mm.<\/li>\n<li>Tapa trasera de lente Sigma LCR II para montura L.<\/li>\n<\/ul>\n<p style=\"text-align: justify;\">Un objetivo gran angular de apertura r\u00e1pida para c\u00e1maras sin espejo en formato APS-C, el objetivo contempor\u00e1neo Sigma 23mm f\/1.4 DC DN ofrece un campo de visi\u00f3n equivalente a 35 mm en una c\u00e1mara de fotograma completo. Este objetivo ofrece una alta resoluci\u00f3n junto con hermosos efectos bokeh, gracias a su gran apertura m\u00e1xima de f\/1,4. Un sistema de enfoque interno con un motor paso a paso, ofrece un enfoque autom\u00e1tico r\u00e1pido y preciso para fotograf\u00edas y videos y con una distancia m\u00ednima de enfoque de 25 cm. Es un objetivo adecuado para fotograf\u00eda de primeros planos y retratos.   <\/p>\n<ul>\n<li>El objetivo gran angular principal est\u00e1 dise\u00f1ado para c\u00e1maras sin espejo con montura L de Leica en formato APS-C y proporciona una distancia focal equivalente a 35 mm.<\/li>\n<li>La brillante apertura m\u00e1xima de f\/2 beneficia el trabajo en condiciones de iluminaci\u00f3n dif\u00edciles y tambi\u00e9n le brinda un mayor control sobre la profundidad de campo.<\/li>\n<li>Sistema de enfoque interno con motor paso a paso para un AF r\u00e1pido y confiable para usar en fotograf\u00edas y videos.<\/li>\n<li>La distancia m\u00ednima de enfoque de 9.9&#8243; permite tomas de primeros planos y retratos \u00fanicos.<\/li>\n<li>Admite la funci\u00f3n de asistencia de AF y la correcci\u00f3n de aberraciones de la lente en c\u00e1maras compatibles.<\/li>\n<li>Construcci\u00f3n resistente al polvo y a las salpicaduras con montura de bayoneta de lat\u00f3n para garantizar la precisi\u00f3n y la durabilidad.<\/li>\n<\/ul>\n<p><strong>Especificaciones contempor\u00e1neas de Sigma 23mm F\/1.4 DC DN<\/strong><\/p>\n<table style=\"border-collapse: collapse; width: 99.9795%; height: 223.958px;\" border=\"1\">\n<tbody>\n<tr style=\"height: 22.3958px;\">\n<td style=\"width: 49.1758%; height: 22.3958px;\">Distancia focal<\/td>\n<td style=\"width: 49.1758%; height: 22.3958px;\">23 mm<\/td>\n<\/tr>\n<tr style=\"height: 22.3958px;\">\n<td style=\"width: 49.1758%; height: 22.3958px;\">Apertura<\/td>\n<p> m\u00e1xima<\/p>\n<td style=\"width: 49.1758%; height: 22.3958px;\">f\/1.4<\/td>\n<\/tr>\n<tr style=\"height: 22.3958px;\">\n<td style=\"width: 49.1758%; height: 22.3958px;\">Apertura<\/td>\n<p> m\u00ednima<\/p>\n<td style=\"width: 49.1758%; height: 22.3958px;\">f\/16<\/td>\n<\/tr>\n<tr style=\"height: 22.3958px;\">\n<td style=\"width: 49.1758%; height: 22.3958px;\">Montura de lente<\/td>\n<td style=\"width: 49.1758%; height: 22.3958px;\">Montura L<\/td>\n<\/tr>\n<tr style=\"height: 22.3958px;\">\n<td style=\"width: 49.1758%; height: 22.3958px;\">Cobertura de la forma de<\/td>\n<p> la lente<\/p>\n<td style=\"width: 49.1758%; height: 22.3958px;\">APS-C<\/td>\n<\/tr>\n<tr style=\"height: 22.3958px;\">\nDistancia <\/p>\n<td style=\"width: 49.1758%; height: 22.3958px;\">m\u00ednima de enfoque<\/td>\n<td style=\"width: 49.1758%; height: 22.3958px;\">25 cm<\/td>\n<\/tr>\n<tr style=\"height: 22.3958px;\">\n<td style=\"width: 49.1758%; height: 22.3958px;\">Tasa de reproducci\u00f3n<\/td>\n<p> macro <\/p>\n<td style=\"width: 49.1758%; height: 22.3958px;\">1:7.3 (197.3<\/td>\n<p>)<br \/>\n<\/tr>\n<tr style=\"height: 22.3958px;\">\n<td style=\"width: 49.1758%; height: 22.3958px;\">Dise\u00f1o \u00f3ptico<\/td>\n<td style=\"width: 49.1758%; height: 22.3958px;\">13 elementos en 10 grupos<\/td>\n<\/tr>\n<tr style=\"height: 22.3958px;\">\n<td style=\"width: 49.1758%; height: 22.3958px;\">Hojas de diafragma<\/td>\n<td style=\"width: 49.1758%; height: 22.3958px;\">9<\/td>\n<\/tr>\n<tr style=\"height: 22.3958px;\">\n<td style=\"width: 49.1758%; height: 22.3958px;\">Tipo de<\/td>\n<p> enfoque<\/p>\n<td style=\"width: 49.1758%; height: 22.3958px;\">Autom\u00e1tico<\/td>\n<\/tr>\n<tr>\n<td style=\"width: 49.1758%;\">Estabilizaci\u00f3n de imagen<\/td>\n<td style=\"width: 49.1758%;\">No<\/td>\n<\/tr>\n<tr>\n<td style=\"width: 49.1758%;\">Tama\u00f1o del filtro<\/td>\n<td style=\"width: 49.1758%;\">52 mm (Frontal)<\/td>\n<\/tr>\n<tr>\n<td style=\"width: 49.1758%;\">Dimensiones (\u00f8 x L)<\/td>\n<td style=\"width: 49.1758%;\">65,8 x 79,2 mil\u00edmetros<\/td>\n<\/tr>\n<tr>\n<td style=\"width: 49.1758%;\">Peso<\/td>\n<td style=\"width: 49.1758%;\">330 gramos<\/td>\n<\/tr>\n<\/tbody>\n<\/table>\n","protected":false},"excerpt":{"rendered":"<p>SIGMA 23 mm f\/1.4 DC DN contempor\u00e1neo a montura L Caracter\u00edsticas principales: Formato APS-C | f\/1.4 a f\/16. 35 mm<\/p>\n","protected":false},"featured_media":52408,"comment_status":"closed","ping_status":"open","template":"","meta":{"_acf_changed":false},"product_brand":[2647],"product_cat":[1062],"product_tag":[],"class_list":{"0":"post-73752","1":"product","2":"type-product","3":"status-publish","4":"has-post-thumbnail","6":"product_brand-sigma-es","7":"product_cat-mirrorless-objectivos","8":"pa_abertura-maxima-f-1-4-es","10":"first","11":"onbackorder","12":"taxable","13":"shipping-taxable","14":"purchasable","15":"product-type-simple"},"bundled_by":[],"bundle_stock_status":"onbackorder","bundle_stock_quantity":null,"bundle_virtual":false,"bundle_layout":"","bundle_add_to_cart_form_location":"","bundle_editable_in_cart":false,"bundle_sold_individually_context":"","bundle_item_grouping":"","bundle_min_size":"","bundle_max_size":"","bundle_price":[],"bundled_items":[],"bundle_sell_ids":[],"acf":[],"_links":{"self":[{"href":"https:\/\/hi-techwonder.com\/es\/wp-json\/wp\/v2\/product\/73752","targetHints":{"allow":["GET"]}}],"collection":[{"href":"https:\/\/hi-techwonder.com\/es\/wp-json\/wp\/v2\/product"}],"about":[{"href":"https:\/\/hi-techwonder.com\/es\/wp-json\/wp\/v2\/types\/product"}],"replies":[{"embeddable":true,"href":"https:\/\/hi-techwonder.com\/es\/wp-json\/wp\/v2\/comments?post=73752"}],"wp:featuredmedia":[{"embeddable":true,"href":"https:\/\/hi-techwonder.com\/es\/wp-json\/wp\/v2\/media\/52408"}],"wp:attachment":[{"href":"https:\/\/hi-techwonder.com\/es\/wp-json\/wp\/v2\/media?parent=73752"}],"wp:term":[{"taxonomy":"product_brand","embeddable":true,"href":"https:\/\/hi-techwonder.com\/es\/wp-json\/wp\/v2\/product_brand?post=73752"},{"taxonomy":"product_cat","embeddable":true,"href":"https:\/\/hi-techwonder.com\/es\/wp-json\/wp\/v2\/product_cat?post=73752"},{"taxonomy":"product_tag","embeddable":true,"href":"https:\/\/hi-techwonder.com\/es\/wp-json\/wp\/v2\/product_tag?post=73752"}],"curies":[{"name":"wp","href":"https:\/\/api.w.org\/{rel}","templated":true}]}}