{"id":73754,"date":"2025-07-29T09:42:51","date_gmt":"2025-07-29T09:42:51","guid":{"rendered":"https:\/\/fv6qoy3ls0.wpdns.site\/product\/sigma-23mm-f-1-4-dc-dn-contemporaneo-canon-rf\/"},"modified":"2026-01-30T09:10:59","modified_gmt":"2026-01-30T09:10:59","slug":"sigma-23mm-f-1-4-dc-dn-contemporaneo-canon-rf","status":"publish","type":"product","link":"https:\/\/hi-techwonder.com\/es\/producto\/sigma-23mm-f-1-4-dc-dn-contemporaneo-canon-rf\/","title":{"rendered":"SIGMA 23mm f\/1.4 DC DN Contempor\u00e1neo Canon RF"},"content":{"rendered":"<h3><strong>Sigma 23mm f\/1.4 DC DN Contempor\u00e1neo Canon RF<\/strong><\/h3>\n<hr>\n<h3><strong>Funciones<\/strong><\/h3>\n<ul>\n<li>\n<p><strong>Distancia focal fija de 23 mm (APS-C)<\/strong><br \/>\nDesarrollado para c\u00e1maras sin espejo con un sensor APS-C, el objetivo de 23 mm ofrece un \u00e1ngulo de visi\u00f3n aproximado de 35 mm (equivalente a 35 mm con un factor de 1,5x) o ~37 mm (un factor de 1,6x). Ideal para fotograf\u00eda callejera, retratos ambientales e im\u00e1genes cotidianas. <\/p>\n<\/li>\n<li>\n<p><strong>Apertura m\u00e1xima f\/1.4<\/strong><br \/>\nProporciona un excelente rendimiento en condiciones de poca luz y le permite controlar creativamente la profundidad de campo, creando fondos suaves y borrosos.<\/p>\n<\/li>\n<li>\n<p><strong>Serie \u00abDC DN Contemporary\u00bb<\/strong><br \/>\nEquilibrio entre tama\u00f1o compacto, dise\u00f1o liviano y calidad \u00f3ptica s\u00f3lida, dirigido a usuarios que necesitan portabilidad y rendimiento vers\u00e1til.<\/p>\n<\/li>\n<li>\n<p><strong>Motor<\/strong> de enfoque silencioso<br \/>\nEl sistema de enfoque con motor paso a paso garantiza transiciones r\u00e1pidas y silenciosas, adecuadas tanto para fotograf\u00edas como para v\u00eddeos.<\/p>\n<\/li>\n<li>\n<p><strong>Construcci\u00f3n<\/strong><br \/>\n \u00f3ptica avanzadaIncluye elementos especiales (por ejemplo, asf\u00e9ricos y SLD) para minimizar las aberraciones crom\u00e1ticas y las distorsiones, proporcionando una nitidez y un contraste constantes en todo el encuadre.<\/p>\n<\/li>\n<li>\n<p>Compatibilidad<br \/>\n <strong>de m\u00faltiples accesorios<\/strong>Disponible para diferentes monturas (por ejemplo, Sony E, L-Mount, etc.), siempre adaptadas al sensor APS-C para maximizar la calidad de imagen en el sistema espec\u00edfico.<\/p>\n<\/li>\n<\/ul>\n<hr>\n<h3><strong>Contenido del paquete<\/strong><\/h3>\n<ul>\n<li>1 <strong>\u00d7 Lente Sigma 23mm f\/1.4 DC DN Contemporary<\/strong><\/li>\n<li>1 \u00d7 <strong>Tapa frontal del objetivo<\/strong><\/li>\n<li>1 \u00d7 <strong>Tapa trasera (seg\u00fan el conjunto elegido)<\/strong><\/li>\n<li>1 \u00d7 <strong>Parasol<\/strong> (tipo bayoneta)<\/li>\n<li>1 \u00d7 Manual de usuario \/ Documentaci\u00f3n<\/li>\n<\/ul>\n<p><em>(Los art\u00edculos exactos pueden variar seg\u00fan la regi\u00f3n o las promociones).<\/em><\/p>\n<hr>\n<h3><strong>Descripci\u00f3n detallada<\/strong><\/h3>\n<p>El <strong>Sigma 23mm f\/1.4 DC DN Contemporary<\/strong> est\u00e1 dirigido a los usuarios de c\u00e1maras sin espejo APS-C que buscan un objetivo fijo compacto y brillante. La distancia focal de 23 mm ofrece un campo de visi\u00f3n moderadamente amplio, acerc\u00e1ndose al cl\u00e1sico \u00ab35 mm\u00bb cuando se convierte al formato de 35 mm (fotograma completo), conocido por ser vers\u00e1til en m\u00faltiples situaciones, desde fotograf\u00eda urbana y de viajes hasta tomas diarias m\u00e1s espont\u00e1neas. <\/p>\n<p>Gracias a la apertura de f\/1.4, garantiza resultados n\u00edtidos y claros en entornos con poca luz, as\u00ed como un desenfoque de fondo suave. La tecnolog\u00eda DC DN \u00abContemporary\u00bb prioriza el equilibrio entre alto rendimiento \u00f3ptico y portabilidad, mientras que el motor paso a paso integrado garantiza un enfoque r\u00e1pido y casi silencioso. Combinado con la formulaci\u00f3n \u00f3ptica de elementos asf\u00e9ricos y baja dispersi\u00f3n, el 23 mm f\/1.4 DC DN ofrece im\u00e1genes con nitidez constante y color real en todo el marco.  <\/p>\n<hr>\n<h3><strong>Especificaciones t\u00e9cnicas<\/strong><\/h3>\n<ul>\n<li><strong>Montar:<\/strong> Variantes disponibles (Sony E APS-C, L-Mount APS-C, etc.)<\/li>\n<li><strong>Distancia focal:<\/strong> 23 mm (equivalente a ~35 mm\/37 mm a 35 mm)<\/li>\n<li><strong>Apertura m\u00e1xima:<\/strong> f\/1.4<\/li>\n<li><strong>Apertura m\u00ednima:<\/strong> f\/16<\/li>\n<li><strong>Construcci\u00f3n \u00f3ptica:<\/strong> [N\u00ba de elementos\/grupos], con elementos especiales (asf\u00e9ricos, SLD)<\/li>\n<li><strong>\u00c1ngulo de visi\u00f3n (APS-C):<\/strong> ~63\u00b0, dependiendo del sensor<\/li>\n<li><strong>Focalizaci\u00f3n:<\/strong> Motor paso a paso, modo AF\/MF<\/li>\n<li><strong>Distancia m\u00ednima de enfoque:<\/strong> ~25 cm (valor aproximado, ver documentaci\u00f3n)<\/li>\n<li><strong>Aumento m\u00e1ximo:<\/strong> ~0,13\u00d7 (aprox.)<\/li>\n<li><strong>N\u00ba de hojas de diafragma:<\/strong> 9 (circular)<\/li>\n<li><strong>Tama\u00f1o del filtro:<\/strong> 52 mm (aprox.)<\/li>\n<li><strong>Dimensiones (di\u00e1metro \u00d7 longitud):<\/strong> ~66 \u00d7 77 mm (seg\u00fan la versi\u00f3n)<\/li>\n<li><strong>Peso:<\/strong> ~300 g (valor aproximado, sujeto a confirmaci\u00f3n)<\/li>\n<\/ul>\n<p><em>(Para obtener cifras exactas, consulte el sitio web oficial o el manual de Sigma).<\/em><\/p>\n<hr>\n<h3><strong>Informaci\u00f3n adicional<\/strong><\/h3>\n<p>Nota: Im\u00e1genes ilustrativas. Equipo adicional no incluido. Consulte el contenido y las especificaciones del paquete para obtener m\u00e1s detalles.  <\/p>\n","protected":false},"excerpt":{"rendered":"<p>Sigma 23mm f\/1.4 DC DN Contempor\u00e1neo Canon RF Funciones Distancia focal fija de 23 mm (APS-C) Desarrollado para c\u00e1maras sin<\/p>\n","protected":false},"featured_media":52834,"comment_status":"closed","ping_status":"open","template":"","meta":{"_acf_changed":false},"product_brand":[2647],"product_cat":[1062],"product_tag":[],"class_list":{"0":"post-73754","1":"product","2":"type-product","3":"status-publish","4":"has-post-thumbnail","6":"product_brand-sigma-es","7":"product_cat-mirrorless-objectivos","8":"pa_abertura-maxima-f-1-4-es","10":"first","11":"onbackorder","12":"taxable","13":"shipping-taxable","14":"purchasable","15":"product-type-simple"},"bundled_by":[],"bundle_stock_status":"onbackorder","bundle_stock_quantity":null,"bundle_virtual":false,"bundle_layout":"","bundle_add_to_cart_form_location":"","bundle_editable_in_cart":false,"bundle_sold_individually_context":"","bundle_item_grouping":"","bundle_min_size":"","bundle_max_size":"","bundle_price":[],"bundled_items":[],"bundle_sell_ids":[],"acf":[],"_links":{"self":[{"href":"https:\/\/hi-techwonder.com\/es\/wp-json\/wp\/v2\/product\/73754","targetHints":{"allow":["GET"]}}],"collection":[{"href":"https:\/\/hi-techwonder.com\/es\/wp-json\/wp\/v2\/product"}],"about":[{"href":"https:\/\/hi-techwonder.com\/es\/wp-json\/wp\/v2\/types\/product"}],"replies":[{"embeddable":true,"href":"https:\/\/hi-techwonder.com\/es\/wp-json\/wp\/v2\/comments?post=73754"}],"wp:featuredmedia":[{"embeddable":true,"href":"https:\/\/hi-techwonder.com\/es\/wp-json\/wp\/v2\/media\/52834"}],"wp:attachment":[{"href":"https:\/\/hi-techwonder.com\/es\/wp-json\/wp\/v2\/media?parent=73754"}],"wp:term":[{"taxonomy":"product_brand","embeddable":true,"href":"https:\/\/hi-techwonder.com\/es\/wp-json\/wp\/v2\/product_brand?post=73754"},{"taxonomy":"product_cat","embeddable":true,"href":"https:\/\/hi-techwonder.com\/es\/wp-json\/wp\/v2\/product_cat?post=73754"},{"taxonomy":"product_tag","embeddable":true,"href":"https:\/\/hi-techwonder.com\/es\/wp-json\/wp\/v2\/product_tag?post=73754"}],"curies":[{"name":"wp","href":"https:\/\/api.w.org\/{rel}","templated":true}]}}