{"id":73756,"date":"2025-07-29T09:41:21","date_gmt":"2025-07-29T09:41:21","guid":{"rendered":"https:\/\/fv6qoy3ls0.wpdns.site\/product\/montura-sigma-20-mm-1-4-a-dg-dn-l\/"},"modified":"2026-04-08T18:02:18","modified_gmt":"2026-04-08T17:02:18","slug":"sigma-montura-sigma-20-mm-1-4-a-dg-dn-l","status":"publish","type":"product","link":"https:\/\/hi-techwonder.com\/es\/producto\/sigma-montura-sigma-20-mm-1-4-a-dg-dn-l\/","title":{"rendered":"Montura SIGMA 20 mm \/ 1.4 (A) DG DN L"},"content":{"rendered":"<p>Un lente ultra gran angular, el lente Sigma 20mm f\/1.4 DG DN Art ofrece un incre\u00edble rendimiento de imagen de esquina a esquina, con una gran apertura m\u00e1xima que lo hace ideal para su uso en entornos con poca luz, especialmente bajo cielos oscuros donde sus nuevas caracter\u00edsticas son especialmente \u00fatiles. Siempre una excelente opci\u00f3n para paisajes y arquitectura, este objetivo est\u00e1 equipado con funciones recientemente mejoradas especialmente \u00fatiles para los astrofot\u00f3grafos. <\/p>\n<p>Combinando un dise\u00f1o \u00f3ptico con correcciones en la c\u00e1mara que mantienen la distorsi\u00f3n bajo control, este objetivo ofrece un reflejo de coma sagital extremadamente bien controlado que produce estrellas de borde a borde. Adem\u00e1s, un nuevo interruptor de bloqueo de enfoque manual (MFL) desactiva el anillo de enfoque, lo que garantiza que el enfoque nunca cambie, incluso despu\u00e9s de horas de disparo bajo cielos fr\u00edos y oscuros. La lente tambi\u00e9n est\u00e1 dise\u00f1ada para aceptar filtros frontales de 82 mm, una rareza en los lentes fijos ultra anchos, y otra caracter\u00edstica \u00fanica incluye una montura de filtro trasero, que acomoda filtros de hojas para varios efectos creativos.  <\/p>\n<ul>\n<li>Como parte de la l\u00ednea Art dentro de la serie Global Vision de Sigma, esta lente est\u00e1 dise\u00f1ada para lograr un rendimiento \u00f3ptico verdaderamente sobresaliente y es ideal para aplicaciones creativas y art\u00edsticas.<\/li>\n<li>El objetivo gran angular principal de 20 mm f\/1,4 est\u00e1 dise\u00f1ado para c\u00e1maras sin espejo con montura L de Leica en formato de fotograma completo y tambi\u00e9n se puede utilizar con los modelos APS-C, donde proporciona una distancia focal equivalente a 30 mm.<\/li>\n<li>La r\u00e1pida apertura m\u00e1xima de f\/1.4 es adecuada para trabajar en condiciones de poca luz y proporciona un mayor control sobre la posici\u00f3n de enfoque cuando se utilizan t\u00e9cnicas de poca profundidad de campo.<\/li>\n<li>Se han incorporado dos elementos SLD y tres asf\u00e9ricos en el dise\u00f1o de la lente para corregir las aberraciones crom\u00e1ticas en todo el rango de enfoque y garantizar una claridad y un contraste excepcionales. Este dise\u00f1o \u00f3ptico tambi\u00e9n ayuda a controlar la distorsi\u00f3n y limitar el vi\u00f1eteado. <\/li>\n<li>Emplea un elemento asf\u00e9rico c\u00f3ncavo de doble cara, que proporciona una excelente nitidez y rendimiento \u00f3ptico de borde a borde.<\/li>\n<li>Optimizado para astrofotograf\u00eda, el objetivo ofrece un reflejo de coma sagital extremadamente bien controlado y limita las im\u00e1genes fantasma.<\/li>\n<li>Se ha aplicado un recubrimiento s\u00faper multicapa a los elementos de la lente para minimizar el destello de la lente mientras se producen im\u00e1genes ricas en contraste y de color neutro, incluso en condiciones de contraluz.<\/li>\n<li>El sistema de enfoque interno alimentado por el preciso motor paso a paso STM proporciona un enfoque autom\u00e1tico de alta velocidad y un funcionamiento casi silencioso.<\/li>\n<li>Optimizado para la astrofotograf\u00eda, un nuevo interruptor MFL (bloqueo de enfoque manual) desactiva el anillo de enfoque, lo que garantiza que el enfoque nunca cambie, incluso despu\u00e9s de horas de disparar bajo cielos fr\u00edos y oscuros.<\/li>\n<li>El anillo de apertura con interruptor de clic y interruptor de bloqueo evita cambios de apertura accidentales.<\/li>\n<li>Un diafragma redondeado de once hojas ayuda a producir una atractiva calidad de desenfoque.<\/li>\n<li>El parasol en forma de p\u00e9talo ayuda a reducir el destello de la lente cuando se trabaja en condiciones de iluminaci\u00f3n intensa y ofrece cierta protecci\u00f3n al elemento frontal de la lente.<\/li>\n<li>Roscas de filtro delanteras de 82 mm y portafiltros trasero para filtros tipo hoja.<\/li>\n<li>El borde curvo delante de la lente evita que un calentador de lente opcional se deslice frente a la lente.<\/li>\n<li>Montura de bayoneta de lat\u00f3n para mayor precisi\u00f3n y durabilidad.<\/li>\n<li>Compatible con AF Assist en algunas c\u00e1maras sin espejo Leica con montura L.<\/li>\n<\/ul>\n<p><strong>Especificaciones del Sigma 20mm F\/1.4 DG DN ART<\/strong><\/p>\n<p>Distancia focal 20mm<\/p>\n<p>Apertura m\u00e1xima f\/1.4<\/p>\n<p>Apertura m\u00ednima f\/16<\/p>\n<p>Montura de lente Leica L<\/p>\n<p>Cobertura de formato de lente de fotograma completo<\/p>\n<p>\u00c1ngulo de visi\u00f3n 94,5\u00b0<\/p>\n<p>Distancia m\u00ednima de enfoque 9,1&#8243; \/ 23 cm<\/p>\n<p>Aumento m\u00e1ximo 0.16x<\/p>\n<p>Relaci\u00f3n de reproducci\u00f3n macro 1:6.1<\/p>\n<p>Dise\u00f1o \u00f3ptico 17 elementos en 15 grupos<\/p>\n<p>Hojas de 11 diafragmas, redondeadas<\/p>\n<p>Tipo de enfoque Enfoque autom\u00e1tico<\/p>\n<p>Estabilizaci\u00f3n de imagen No<\/p>\n<p>Tama\u00f1o del filtro 82 mm (frontal)<\/p>\n<p>Filtro de gel (trasero)<\/p>\n<p>Dimensiones (\u00f8 x L) 3,5 x 4,4&#8243; \/ 87,8 x 111,2 mm<\/p>\n<p>Peso 22.4 oz \/ 635 g<\/p>\n","protected":false},"excerpt":{"rendered":"<p>Un lente ultra gran angular, el lente Sigma 20mm f\/1.4 DG DN Art ofrece un incre\u00edble rendimiento de imagen de<\/p>\n","protected":false},"featured_media":52359,"comment_status":"closed","ping_status":"open","template":"","meta":{"_acf_changed":false},"product_brand":[2647],"product_cat":[1062],"product_tag":[],"class_list":{"0":"post-73756","1":"product","2":"type-product","3":"status-publish","4":"has-post-thumbnail","6":"product_brand-sigma-es","7":"product_cat-mirrorless-objectivos","8":"pa_abertura-maxima-f-1-4-es","10":"first","11":"onbackorder","12":"taxable","13":"shipping-taxable","14":"purchasable","15":"product-type-simple"},"bundled_by":[],"bundle_stock_status":"onbackorder","bundle_stock_quantity":null,"bundle_virtual":false,"bundle_layout":"","bundle_add_to_cart_form_location":"","bundle_editable_in_cart":false,"bundle_sold_individually_context":"","bundle_item_grouping":"","bundle_min_size":"","bundle_max_size":"","bundle_price":[],"bundled_items":[],"bundle_sell_ids":[],"acf":[],"_links":{"self":[{"href":"https:\/\/hi-techwonder.com\/es\/wp-json\/wp\/v2\/product\/73756","targetHints":{"allow":["GET"]}}],"collection":[{"href":"https:\/\/hi-techwonder.com\/es\/wp-json\/wp\/v2\/product"}],"about":[{"href":"https:\/\/hi-techwonder.com\/es\/wp-json\/wp\/v2\/types\/product"}],"replies":[{"embeddable":true,"href":"https:\/\/hi-techwonder.com\/es\/wp-json\/wp\/v2\/comments?post=73756"}],"wp:featuredmedia":[{"embeddable":true,"href":"https:\/\/hi-techwonder.com\/es\/wp-json\/wp\/v2\/media\/52359"}],"wp:attachment":[{"href":"https:\/\/hi-techwonder.com\/es\/wp-json\/wp\/v2\/media?parent=73756"}],"wp:term":[{"taxonomy":"product_brand","embeddable":true,"href":"https:\/\/hi-techwonder.com\/es\/wp-json\/wp\/v2\/product_brand?post=73756"},{"taxonomy":"product_cat","embeddable":true,"href":"https:\/\/hi-techwonder.com\/es\/wp-json\/wp\/v2\/product_cat?post=73756"},{"taxonomy":"product_tag","embeddable":true,"href":"https:\/\/hi-techwonder.com\/es\/wp-json\/wp\/v2\/product_tag?post=73756"}],"curies":[{"name":"wp","href":"https:\/\/api.w.org\/{rel}","templated":true}]}}