{"id":73759,"date":"2025-07-29T09:41:08","date_gmt":"2025-07-29T09:41:08","guid":{"rendered":"https:\/\/fv6qoy3ls0.wpdns.site\/product\/sigma-20mm-f-2-dg-dn-contemporaneo-sony-e\/"},"modified":"2026-04-08T18:02:02","modified_gmt":"2026-04-08T17:02:02","slug":"sigma-20mm-f-2-dg-dn-contemporaneo-sony-e","status":"publish","type":"product","link":"https:\/\/hi-techwonder.com\/es\/producto\/sigma-20mm-f-2-dg-dn-contemporaneo-sony-e\/","title":{"rendered":"SIGMA 20mm f\/2 DG DN Contempor\u00e1neo Sony E"},"content":{"rendered":"<p>Un objetivo gran angular compacto y de alta calidad, el contempor\u00e1neo Sigma 20mm f\/2 DG DN para Sony E ofrece una excelente nitidez de borde a borde en un elegante dise\u00f1o totalmente met\u00e1lico. Un objetivo ideal para paisajes, paisajes urbanos, vlogs port\u00e1tiles y transmisi\u00f3n de v\u00eddeo, el objetivo ofrece una apertura m\u00e1xima de f\/2 modestamente brillante para un mejor rendimiento con poca luz y un control de poca profundidad de campo. Adem\u00e1s, su r\u00e1pida apertura m\u00e1xima lo convierte en una opci\u00f3n natural para el cielo nocturno y la astrofotograf\u00eda. La lente est\u00e1 construida con un elemento de vidrio SLD y un elemento de vidrio FLD para corregir la aberraci\u00f3n crom\u00e1tica. Incorpora tres elementos asf\u00e9ricos de alta precisi\u00f3n, lo que reduce el tama\u00f1o y el peso totales. En cuanto al manejo y el enfoque, este objetivo cuenta con un motor paso a paso para un rendimiento de AF r\u00e1pido, preciso y silencioso, adecuado tanto para fotograf\u00eda como para v\u00eddeo.     <\/p>\n<h2 class=\"western\" style=\"font-style: normal; font-weight: normal;\"><strong><span style=\"font-family: OpenSans, Segoe UI, Helvetica, Roboto, Arial, sans-serif;\"><span style=\"font-size: medium;\">Sigma 20mm F\/2 DG DN Contemporary Ficha Tecnica<\/span><\/span><\/strong><\/h2>\n<table border=\"0\" width=\"353\" cellspacing=\"0\" cellpadding=\"2\">\n<colgroup>\n<col width=\"174\">\n<col width=\"170\"> <\/colgroup>\n<tbody>\n<tr>\n<td width=\"174\">\n<p style=\"border: none; padding: 0cm; font-weight: normal;\" align=\"LEFT\">Distancia focal<\/p>\n<\/td>\n<td width=\"170\">\n<p style=\"border: none; padding: 0cm; font-weight: normal;\">20 mm<\/p>\n<\/td>\n<\/tr>\n<tr>\n<td width=\"174\">\n<p style=\"border: none; padding: 0cm; font-weight: normal;\" align=\"LEFT\">Apertura m\u00e1xima<\/p>\n<\/td>\n<td width=\"170\">\n<p style=\"border: none; padding: 0cm; font-weight: normal;\">f\/2<\/p>\n<\/td>\n<\/tr>\n<tr>\n<td width=\"174\">\n<p style=\"border: none; padding: 0cm; font-weight: normal;\" align=\"LEFT\">Apertura m\u00ednima<\/p>\n<\/td>\n<td width=\"170\">\n<p style=\"border: none; padding: 0cm; font-weight: normal;\">f\/22<\/p>\n<\/td>\n<\/tr>\n<tr>\n<td width=\"174\">\n<p style=\"border: none; padding: 0cm; font-weight: normal;\" align=\"LEFT\">Montura de lente<\/p>\n<\/td>\n<td width=\"170\">\n<p style=\"border: none; padding: 0cm; font-weight: normal;\">Sony E<\/p>\n<\/td>\n<\/tr>\n<tr>\n<td width=\"174\">\n<p style=\"border: none; padding: 0cm; font-weight: normal;\" align=\"LEFT\">Cobertura del formato de la lente<\/p>\n<\/td>\n<td width=\"170\">\n<p style=\"border: none; padding: 0cm; font-weight: normal;\">Fotograma completo<\/p>\n<\/td>\n<\/tr>\n<tr>\n<td width=\"174\">\n<p style=\"border: none; padding: 0cm; font-weight: normal;\" align=\"LEFT\">\u00c1ngulo de visi\u00f3n<\/p>\n<\/td>\n<td width=\"170\">\n<p style=\"border: none; padding: 0cm; font-weight: normal;\">94.5\u00b0<\/p>\n<\/td>\n<\/tr>\n<tr>\n<td width=\"174\">\n<p style=\"border: none; padding: 0cm; font-weight: normal;\" align=\"LEFT\">Distancia m\u00ednima de enfoque<\/p>\n<\/td>\n<td width=\"170\">\n<p style=\"border: none; padding: 0cm; font-weight: normal;\">8,7&#8243; \/ 22 cm<\/p>\n<\/td>\n<\/tr>\n<tr>\n<td width=\"174\">\n<p style=\"border: none; padding: 0cm; font-weight: normal;\" align=\"LEFT\">Aumento m\u00e1ximo<\/p>\n<\/td>\n<td width=\"170\">\n<p style=\"border: none; padding: 0cm; font-weight: normal;\">0,15 veces<\/p>\n<\/td>\n<\/tr>\n<tr>\n<td width=\"174\">\n<p style=\"border: none; padding: 0cm; font-weight: normal;\" align=\"LEFT\">Relaci\u00f3n de reproducci\u00f3n macro<\/p>\n<\/td>\n<td width=\"170\">\n<p style=\"border: none; padding: 0cm; font-weight: normal;\">1:6.7<\/p>\n<\/td>\n<\/tr>\n<tr>\n<td width=\"174\">\n<p style=\"border: none; padding: 0cm; font-weight: normal;\" align=\"LEFT\">Dise\u00f1o \u00f3ptico<\/p>\n<\/td>\n<td width=\"170\">\n<p style=\"border: none; padding: 0cm; font-weight: normal;\">13 elementos en 11 grupos<\/p>\n<\/td>\n<\/tr>\n<tr>\n<td width=\"174\">\n<p style=\"border: none; padding: 0cm; font-weight: normal;\" align=\"LEFT\">Hojas de diafragma<\/p>\n<\/td>\n<td width=\"170\">\n<p style=\"border: none; padding: 0cm; font-weight: normal;\">9, redondeado<\/p>\n<\/td>\n<\/tr>\n<tr>\n<td width=\"174\">\n<p style=\"border: none; padding: 0cm; font-weight: normal;\" align=\"LEFT\">Tipo de enfoque<\/p>\n<\/td>\n<td width=\"170\">\n<p style=\"border: none; padding: 0cm; font-weight: normal;\">Enfoque autom\u00e1tico<\/p>\n<\/td>\n<\/tr>\n<tr>\n<td width=\"174\">\n<p style=\"border: none; padding: 0cm; font-weight: normal;\" align=\"LEFT\">Estabilizaci\u00f3n de imagen<\/p>\n<\/td>\n<td width=\"170\">\n<p style=\"border: none; padding: 0cm; font-weight: normal;\">En<\/p>\n<\/td>\n<\/tr>\n<tr>\n<td width=\"174\">\n<p style=\"border: none; padding: 0cm; font-weight: normal;\" align=\"LEFT\">Tama\u00f1o del filtro<\/p>\n<\/td>\n<td width=\"170\">\n<p style=\"border: none; padding: 0cm; font-weight: normal;\">62 mm (frontal)<\/p>\n<\/td>\n<\/tr>\n<tr>\n<td width=\"174\">\n<p style=\"border: none; padding: 0cm; font-weight: normal;\" align=\"LEFT\">Dimensiones (\u00f8 x L)<\/p>\n<\/td>\n<td width=\"170\">\n<p style=\"border: none; padding: 0cm; font-weight: normal;\">2,8 x 2,9&#8243; \/ 70 x 74,4 mm<\/p>\n<\/td>\n<\/tr>\n<tr>\n<td width=\"174\">\n<p style=\"border: none; padding: 0cm; font-weight: normal;\" align=\"LEFT\">Peso<\/p>\n<\/td>\n<td width=\"170\">\n<p style=\"border: none; padding: 0cm; font-weight: normal;\">13.1 onzas \/ 370 g<\/p>\n<\/td>\n<\/tr>\n<\/tbody>\n<\/table>\n","protected":false},"excerpt":{"rendered":"<p>Un objetivo gran angular compacto y de alta calidad, el contempor\u00e1neo Sigma 20mm f\/2 DG DN para Sony E ofrece<\/p>\n","protected":false},"featured_media":52310,"comment_status":"closed","ping_status":"open","template":"","meta":{"_acf_changed":false},"product_brand":[2647],"product_cat":[1062],"product_tag":[],"class_list":{"0":"post-73759","1":"product","2":"type-product","3":"status-publish","4":"has-post-thumbnail","6":"product_brand-sigma-es","7":"product_cat-mirrorless-objectivos","8":"pa_abertura-maxima-f-2-es","10":"first","11":"onbackorder","12":"taxable","13":"shipping-taxable","14":"purchasable","15":"product-type-simple"},"bundled_by":[],"bundle_stock_status":"onbackorder","bundle_stock_quantity":null,"bundle_virtual":false,"bundle_layout":"","bundle_add_to_cart_form_location":"","bundle_editable_in_cart":false,"bundle_sold_individually_context":"","bundle_item_grouping":"","bundle_min_size":"","bundle_max_size":"","bundle_price":[],"bundled_items":[],"bundle_sell_ids":[],"acf":[],"_links":{"self":[{"href":"https:\/\/hi-techwonder.com\/es\/wp-json\/wp\/v2\/product\/73759","targetHints":{"allow":["GET"]}}],"collection":[{"href":"https:\/\/hi-techwonder.com\/es\/wp-json\/wp\/v2\/product"}],"about":[{"href":"https:\/\/hi-techwonder.com\/es\/wp-json\/wp\/v2\/types\/product"}],"replies":[{"embeddable":true,"href":"https:\/\/hi-techwonder.com\/es\/wp-json\/wp\/v2\/comments?post=73759"}],"wp:featuredmedia":[{"embeddable":true,"href":"https:\/\/hi-techwonder.com\/es\/wp-json\/wp\/v2\/media\/52310"}],"wp:attachment":[{"href":"https:\/\/hi-techwonder.com\/es\/wp-json\/wp\/v2\/media?parent=73759"}],"wp:term":[{"taxonomy":"product_brand","embeddable":true,"href":"https:\/\/hi-techwonder.com\/es\/wp-json\/wp\/v2\/product_brand?post=73759"},{"taxonomy":"product_cat","embeddable":true,"href":"https:\/\/hi-techwonder.com\/es\/wp-json\/wp\/v2\/product_cat?post=73759"},{"taxonomy":"product_tag","embeddable":true,"href":"https:\/\/hi-techwonder.com\/es\/wp-json\/wp\/v2\/product_tag?post=73759"}],"curies":[{"name":"wp","href":"https:\/\/api.w.org\/{rel}","templated":true}]}}