{"id":73760,"date":"2025-07-29T09:42:24","date_gmt":"2025-07-29T09:42:24","guid":{"rendered":"https:\/\/fv6qoy3ls0.wpdns.site\/product\/sigma-18-50mm-f-2-8-dc-dn-contemporaneo-canon-rf\/"},"modified":"2026-04-23T12:39:15","modified_gmt":"2026-04-23T11:39:15","slug":"sigma-18-50mm-f-2-8-dc-dn-contemporaneo-canon-rf","status":"publish","type":"product","link":"https:\/\/hi-techwonder.com\/es\/producto\/sigma-18-50mm-f-2-8-dc-dn-contemporaneo-canon-rf\/","title":{"rendered":"SIGMA 18-50mm f\/2.8 DC DN Contempor\u00e1neo Canon RF"},"content":{"rendered":"<p><strong>SIGMA 18-50mm f\/2.8 DC DN Contempor\u00e1neo Canon RF<\/strong><\/p>\n<p><\/p>\n<p><strong>Funciones:<\/strong><\/p>\n<p>Montura RF\/lente de formato APS-C<\/p>\n<p>29-80 mm (equivalente a 35 mm)<\/p>\n<p>Rango de apertura: f\/2.8 a f\/22<\/p>\n<p>Distancia m\u00ednima de enfoque: 4.8&#8243;<\/p>\n<p>Tres elementos asf\u00e9ricos<\/p>\n<p>Elemento especial de baja dispersi\u00f3n<\/p>\n<p>Diafragma redondeado de 7 hojas<\/p>\n<p>Dise\u00f1o a prueba de polvo y salpicaduras<\/p>\n<p>Incluye parasol LH582-02<\/p>\n<p><\/p>\n<p><strong>Contenido del paquete:<\/strong><\/p>\n<ol>\n<li data-list=\"bullet\">SIGMA 18-50mm f\/2.8 DC DN Contempor\u00e1neo Canon RF<\/li>\n<li data-list=\"bullet\">Portada<\/li>\n<li data-list=\"bullet\">Contraportada<\/li>\n<li data-list=\"bullet\">Sombrilla<\/li>\n<\/ol>\n<p><\/p>\n<p>Ideal para una amplia gama de aplicaciones de fotograf\u00eda y video, incluidos paisajes, retratos, fotograf\u00eda callejera, arquitectura y eventos, el lente contempor\u00e1neo 18-50 mm f\/2.8 DC DN de Sigma es un zoom est\u00e1ndar peque\u00f1o, liviano y brillante para c\u00e1maras sin espejo con recorte de sensores. Ofrecido aqu\u00ed con una montura RF de Canon, este objetivo ofrece un vers\u00e1til rango de zoom equivalente a fotograma completo de 29-80 y una amplia apertura constante de f\/2.8 en todo el rango de zoom. El dise\u00f1o de la lente incluye tres elementos asf\u00e9ricos moldeados en vidrio de alta precisi\u00f3n junto con un elemento especial de baja dispersi\u00f3n. Juntos, minimizan el n\u00famero total de elementos para una excelente calidad \u00f3ptica sin un peso excesivo. El enfoque autom\u00e1tico es excepcionalmente r\u00e1pido y silencioso gracias al motor paso a paso del objetivo, que puede ser especialmente \u00fatil para grabar v\u00eddeos o sujetos que se mueven r\u00e1pidamente, como ni\u00f1os y animales. Un caballo de batalla definitivo, la lente cuenta con una distancia m\u00ednima de enfoque de solo 4.8 \u00ab, lo que permite su uso para fotograf\u00edas de primeros planos de estilo macro, y la lente tambi\u00e9n est\u00e1 equipada con un diafragma redondeado de siete hojas para una agradable calidad de bokeh.     <\/p>\n<p><\/p>\n<ol>\n<li data-list=\"ordered\">El objetivo zoom est\u00e1ndar est\u00e1 dise\u00f1ado para c\u00e1maras con montura RF de Canon en formato APS-C y proporciona un rango de distancia focal equivalente a 35 mm de 29 a 80 mm.<\/li>\n<li data-list=\"ordered\">La apertura m\u00e1xima constante de f\/2.8 es adecuada para trabajar en condiciones de poca luz y proporciona un mayor control sobre la posici\u00f3n de enfoque cuando se utilizan t\u00e9cnicas de poca profundidad de campo.<\/li>\n<li data-list=\"ordered\">Se utilizan tres elementos esf\u00e9ricos moldeados en vidrio de alta precisi\u00f3n ?? para ayudar a limitar la distorsi\u00f3n y las aberraciones esf\u00e9ricas y contribuir a una mayor nitidez general y una representaci\u00f3n precisa.<\/li>\n<li data-list=\"ordered\">El elemento especial de baja dispersi\u00f3n (SLD) reduce las aberraciones crom\u00e1ticas y la dispersi\u00f3n del color.<\/li>\n<li data-list=\"ordered\">El revestimiento s\u00faper multicapa minimiza los destellos y las im\u00e1genes fantasma para mejorar el contraste y la precisi\u00f3n del color cuando se trabaja en condiciones de iluminaci\u00f3n brillante.<\/li>\n<li data-list=\"ordered\">La correcci\u00f3n de aberraciones en la c\u00e1mara elimina a\u00fan m\u00e1s las imperfecciones \u00f3pticas como la distorsi\u00f3n y el vi\u00f1eteado.<\/li>\n<li data-list=\"ordered\">Motor paso a paso con enfoque autom\u00e1tico casi silencioso que lo hace perfectamente adecuado para una variedad de aplicaciones fotogr\u00e1ficas, como disparar en entornos silenciosos, grabar videos y capturar sujetos que se mueven r\u00e1pidamente.<\/li>\n<li data-list=\"ordered\">La distancia m\u00ednima de enfoque de 4,8&#8243; y una relaci\u00f3n de aumento m\u00e1xima de 1:2,8 benefician el trabajo con sujetos en primer plano.<\/li>\n<li data-list=\"ordered\">El diafragma redondeado de siete hojas contribuye a una agradable calidad de bokeh.<\/li>\n<\/ol>\n<p><\/p>\n<p><strong>Caracter\u00edsticas t\u00e9cnicas:<\/strong><\/p>\n<table>\n<tbody>\n<tr>\n<td data-row=\"1\">Apertura m\u00e1xima<\/td>\n<td data-row=\"1\">f\/2.8<\/td>\n<\/tr>\n<tr>\n<td data-row=\"2\">Apertura m\u00ednima<\/td>\n<td data-row=\"2\">f\/22<\/td>\n<\/tr>\n<tr>\n<td data-row=\"3\">Montura de lente<\/td>\n<td data-row=\"3\">Canon RF<\/td>\n<\/tr>\n<tr>\n<td data-row=\"4\">Cobertura de la forma de la lente<\/td>\n<td data-row=\"4\">APS-C<\/td>\n<\/tr>\n<tr>\n<td data-row=\"5\">\u00c1ngulo de visi\u00f3n<\/td>\n<td data-row=\"5\">de 76,5\u00b0 a 31,7\u00b0<\/td>\n<\/tr>\n<tr>\n<td data-row=\"6\">Distancia m\u00ednima de enfoque<\/td>\n<td data-row=\"6\">4.8&#8243;\/12.1 cm<\/td>\n<\/tr>\n<tr>\n<td data-row=\"7\">Aumento m\u00e1ximo<\/td>\n<td data-row=\"7\">0.36x<\/td>\n<\/tr>\n<tr>\n<td data-row=\"8\">Relaci\u00f3n de reproducci\u00f3n macro<\/td>\n<td data-row=\"8\">1:2.8<\/td>\n<\/tr>\n<tr>\n<td data-row=\"9\">Dise\u00f1o \u00f3ptico<\/td>\n<td data-row=\"9\">13 elementos en 10 grupos<\/td>\n<\/tr>\n<tr>\n<td data-row=\"10\">7 hojas de diafragma<\/td>\n<td data-row=\"10\">, redondeadas<\/td>\n<\/tr>\n<tr>\n<td data-row=\"11\">Tipo de enfoque<\/td>\n<td data-row=\"11\">Enfoque autom\u00e1tico<\/td>\n<\/tr>\n<tr>\n<td data-row=\"12\">Estabilizaci\u00f3n de imagen<\/td>\n<td data-row=\"12\">No<\/td>\n<\/tr>\n<tr>\n<td data-row=\"13\">Tama\u00f1o del filtro<\/td>\n<td data-row=\"13\">55 mm (frontal)<\/td>\n<\/tr>\n<\/tbody>\n<\/table>\n<p><\/p>\n","protected":false},"excerpt":{"rendered":"<p>SIGMA 18-50mm f\/2.8 DC DN Contempor\u00e1neo Canon RF Funciones: Montura RF\/lente de formato APS-C 29-80 mm (equivalente a 35 mm)<\/p>\n","protected":false},"featured_media":52687,"comment_status":"closed","ping_status":"closed","template":"","meta":{"_acf_changed":false},"product_brand":[2647],"product_cat":[1062],"product_tag":[],"class_list":{"0":"post-73760","1":"product","2":"type-product","3":"status-publish","4":"has-post-thumbnail","6":"product_brand-sigma-es","7":"product_cat-mirrorless-objectivos","8":"pa_abertura-maxima-f-2-8-es","10":"first","11":"instock","12":"taxable","13":"shipping-taxable","14":"purchasable","15":"product-type-simple"},"bundled_by":[],"bundle_stock_status":"instock","bundle_stock_quantity":2,"bundle_virtual":false,"bundle_layout":"","bundle_add_to_cart_form_location":"","bundle_editable_in_cart":false,"bundle_sold_individually_context":"","bundle_item_grouping":"","bundle_min_size":"","bundle_max_size":"","bundle_price":[],"bundled_items":[],"bundle_sell_ids":[],"acf":[],"_links":{"self":[{"href":"https:\/\/hi-techwonder.com\/es\/wp-json\/wp\/v2\/product\/73760","targetHints":{"allow":["GET"]}}],"collection":[{"href":"https:\/\/hi-techwonder.com\/es\/wp-json\/wp\/v2\/product"}],"about":[{"href":"https:\/\/hi-techwonder.com\/es\/wp-json\/wp\/v2\/types\/product"}],"replies":[{"embeddable":true,"href":"https:\/\/hi-techwonder.com\/es\/wp-json\/wp\/v2\/comments?post=73760"}],"wp:featuredmedia":[{"embeddable":true,"href":"https:\/\/hi-techwonder.com\/es\/wp-json\/wp\/v2\/media\/52687"}],"wp:attachment":[{"href":"https:\/\/hi-techwonder.com\/es\/wp-json\/wp\/v2\/media?parent=73760"}],"wp:term":[{"taxonomy":"product_brand","embeddable":true,"href":"https:\/\/hi-techwonder.com\/es\/wp-json\/wp\/v2\/product_brand?post=73760"},{"taxonomy":"product_cat","embeddable":true,"href":"https:\/\/hi-techwonder.com\/es\/wp-json\/wp\/v2\/product_cat?post=73760"},{"taxonomy":"product_tag","embeddable":true,"href":"https:\/\/hi-techwonder.com\/es\/wp-json\/wp\/v2\/product_tag?post=73760"}],"curies":[{"name":"wp","href":"https:\/\/api.w.org\/{rel}","templated":true}]}}