{"id":73761,"date":"2025-07-29T09:41:21","date_gmt":"2025-07-29T09:41:21","guid":{"rendered":"https:\/\/fv6qoy3ls0.wpdns.site\/product\/sigma-17mm-f-4-dg-dn-contemporaneo-sony-e\/"},"modified":"2026-04-08T18:02:24","modified_gmt":"2026-04-08T17:02:24","slug":"sigma-17mm-f-4-dg-dn-contemporaneo-sony-e","status":"publish","type":"product","link":"https:\/\/hi-techwonder.com\/es\/producto\/sigma-17mm-f-4-dg-dn-contemporaneo-sony-e\/","title":{"rendered":"SIGMA 17mm f\/4 DG DN Contempor\u00e1neo Sony E"},"content":{"rendered":"<p><strong>SIGMA 17mm f\/4 DG DN Contempor\u00e1neo para Sony E<\/strong><\/p>\n<p><strong>Caracter\u00edsticas principales:<\/strong><\/p>\n<ul>\n<li>Fotograma completo | f\/4 a f\/22.<\/li>\n<li>Compacto Ultra Gran Angular Prime.<\/li>\n<li>Sistema de enfoque interno r\u00e1pido.<\/li>\n<li>Diafragma redondeado de 7 hojas.<\/li>\n<li>Dise\u00f1o resistente al polvo y a las salpicaduras.<\/li>\n<\/ul>\n<p><strong>Contenido del paquete:<\/strong><\/p>\n<ul>\n<li>Lente contempor\u00e1neo Sigma 17mm f\/4 DG DN (Sony E).<\/li>\n<li>Tapa de lente met\u00e1lica magn\u00e9tica Sigma LCF5501M.<\/li>\n<li>Tapa de lente trasera Sigma LCR II para Sony E.<\/li>\n<li>Parasol.<\/li>\n<li>Tapa frontal de la lente.<\/li>\n<\/ul>\n<p style=\"text-align: justify;\">Excelente calidad de imagen en un dise\u00f1o ultracompacto, este <em>objetivo contempor\u00e1neo Sigma 17mm f\/4 DG DN<\/em> es un objetivo fijo ultra gran angular para c\u00e1maras con montura E de Sony. Dise\u00f1ado con un sistema de enfoque interno y un motor paso a paso, este objetivo proporciona un enfoque autom\u00e1tico r\u00e1pido y fiable para fotos y v\u00eddeos. El dise\u00f1o \u00f3ptico produce una alta nitidez y claridad en todo el rango de apertura, y los elementos individuales cuentan con un revestimiento s\u00faper multicapa para suprimir los destellos y las im\u00e1genes fantasma para aumentar el contraste y la fidelidad del color cuando se trabaja en condiciones de iluminaci\u00f3n brillante. Adem\u00e1s, la lente ofrece una distancia m\u00ednima de enfoque de solo 4.7 &#8220;, lo que permite tomas de primeros planos \u00fanicas con fondos expansivos, lo que lo hace particularmente atractivo para vloggers, excursionistas, fot\u00f3grafos de paisajes y m\u00e1s.   <\/p>\n<ul>\n<li>Lente prime ultra gran angular compacta dise\u00f1ada para c\u00e1maras sin espejo Sony con montura E de fotograma completo que tambi\u00e9n se puede usar en modelos APS-C, donde proporciona una distancia focal equivalente a 25,5 mm.<\/li>\n<li style=\"text-align: justify;\">Sistema de enfoque interno con motor paso a paso para un AF r\u00e1pido y confiable para usar en fotograf\u00edas y videos.<\/li>\n<li style=\"text-align: justify;\">Equipado con un anillo de apertura, un interruptor de modo de enfoque y un anillo de enfoque manual moleteado para una agradable experiencia t\u00e1ctil.<\/li>\n<li style=\"text-align: justify;\">La distancia focal m\u00ednima de 4.7&#8243; permite tomas de primeros planos \u00fanicas con fondos amplios, lo que lo hace particularmente atractivo para vloggers, excursionistas, fot\u00f3grafos de paisajes y m\u00e1s.<\/li>\n<li style=\"text-align: justify;\">Admite la funci\u00f3n de asistencia de AF y la correcci\u00f3n de aberraciones de la lente en c\u00e1maras compatibles.<\/li>\n<li style=\"text-align: justify;\">Construcci\u00f3n resistente al polvo y a las salpicaduras con montura de bayoneta de lat\u00f3n para garantizar la precisi\u00f3n y la durabilidad.<\/li>\n<\/ul>\n<p><strong>Sigma 17mm F\/4 DG DN Contemporary Especificaciones para Sony E<\/strong><\/p>\n<table style=\"border-collapse: collapse; width: 99.9795%;\" border=\"1\">\n<tbody>\n<tr>\n<td style=\"width: 49.1758%;\">Distancia focal <\/td>\n<td style=\"width: 49.1758%;\">17 mm<\/td>\n<\/tr>\n<tr>\n<td style=\"width: 49.1758%;\">Apertura<\/td>\n<p> m\u00e1xima<\/p>\n<td style=\"width: 49.1758%;\">f\/4<\/td>\n<\/tr>\n<tr>\n<td style=\"width: 49.1758%;\">Apertura<\/td>\n<p> m\u00ednima<\/p>\n<td style=\"width: 49.1758%;\">f\/22<\/td>\n<\/tr>\n<tr>\n<td style=\"width: 49.1758%;\">Montura de lente<\/td>\n<td style=\"width: 49.1758%;\">Sony E<\/td>\n<\/tr>\n<tr>\n<td style=\"width: 49.1758%;\">Cobertura de la forma de<\/td>\n<p> la lente<\/p>\n<td style=\"width: 49.1758%;\">Fotograma completo<\/td>\n<\/tr>\n<tr>\n<td style=\"width: 49.1758%;\">\u00c1ngulo de visi\u00f3n<\/td>\n<td style=\"width: 49.1758%;\">103,7\u00b0<\/td>\n<\/tr>\n<tr>\nDistancia <\/p>\n<td style=\"width: 49.1758%;\">m\u00ednima de enfoque<\/td>\n<td style=\"width: 49.1758%;\">12 cm<\/td>\n<\/tr>\n<tr>\n<td style=\"width: 49.1758%;\">Aumento<\/td>\n<p> m\u00e1ximo<\/p>\n<td style=\"width: 49.1758%;\">0,28 veces<\/td>\n<\/tr>\n<tr>\n<td style=\"width: 49.1758%;\">Tasa de reproducci\u00f3n<\/td>\n<p> macro <\/p>\n<td style=\"width: 49.1758%;\">1:3.6<\/td>\n<p> (1)<br \/>\n<\/tr>\n<tr>\n<td style=\"width: 49.1758%;\">Dise\u00f1o \u00f3ptico<\/td>\n<td style=\"width: 49.1758%;\">9 elementos en 8 grupos<\/td>\n<\/tr>\n<tr>\n<td style=\"width: 49.1758%;\">Hojas de diafragma<\/td>\n<td style=\"width: 49.1758%;\">7, redondeado<\/td>\n<\/tr>\n<tr>\n<td style=\"width: 49.1758%;\">Tipo de<\/td>\n<p> enfoque<\/p>\n<td style=\"width: 49.1758%;\">Autom\u00e1tico<\/td>\n<\/tr>\n<tr>\n<td style=\"width: 49.1758%;\">Estabilizaci\u00f3n de imagen<\/td>\n<td style=\"width: 49.1758%;\">No<\/td>\n<\/tr>\n<tr>\n<td style=\"width: 49.1758%;\">Tama\u00f1o del filtro<\/td>\n<td style=\"width: 49.1758%;\">55 mm (delantero)<\/td>\n<\/tr>\n<tr>\n<td style=\"width: 49.1758%;\">Dimensiones<\/td>\n<td style=\"width: 49.1758%;\">64 x 50,8 mm<\/td>\n<\/tr>\n<tr>\n<td style=\"width: 49.1758%;\">Peso<\/td>\n<td style=\"width: 49.1758%;\">220 gramos<\/td>\n<\/tr>\n<\/tbody>\n<\/table>\n","protected":false},"excerpt":{"rendered":"<p>SIGMA 17mm f\/4 DG DN Contempor\u00e1neo para Sony E Caracter\u00edsticas principales: Fotograma completo | f\/4 a f\/22. Compacto Ultra Gran<\/p>\n","protected":false},"featured_media":52381,"comment_status":"closed","ping_status":"open","template":"","meta":{"_acf_changed":false},"product_brand":[2647],"product_cat":[1062],"product_tag":[],"class_list":{"0":"post-73761","1":"product","2":"type-product","3":"status-publish","4":"has-post-thumbnail","6":"product_brand-sigma-es","7":"product_cat-mirrorless-objectivos","8":"pa_abertura-maxima-f-4-es","10":"first","11":"onbackorder","12":"taxable","13":"shipping-taxable","14":"purchasable","15":"product-type-simple"},"bundled_by":[],"bundle_stock_status":"onbackorder","bundle_stock_quantity":null,"bundle_virtual":false,"bundle_layout":"","bundle_add_to_cart_form_location":"","bundle_editable_in_cart":false,"bundle_sold_individually_context":"","bundle_item_grouping":"","bundle_min_size":"","bundle_max_size":"","bundle_price":[],"bundled_items":[],"bundle_sell_ids":[],"acf":[],"_links":{"self":[{"href":"https:\/\/hi-techwonder.com\/es\/wp-json\/wp\/v2\/product\/73761","targetHints":{"allow":["GET"]}}],"collection":[{"href":"https:\/\/hi-techwonder.com\/es\/wp-json\/wp\/v2\/product"}],"about":[{"href":"https:\/\/hi-techwonder.com\/es\/wp-json\/wp\/v2\/types\/product"}],"replies":[{"embeddable":true,"href":"https:\/\/hi-techwonder.com\/es\/wp-json\/wp\/v2\/comments?post=73761"}],"wp:featuredmedia":[{"embeddable":true,"href":"https:\/\/hi-techwonder.com\/es\/wp-json\/wp\/v2\/media\/52381"}],"wp:attachment":[{"href":"https:\/\/hi-techwonder.com\/es\/wp-json\/wp\/v2\/media?parent=73761"}],"wp:term":[{"taxonomy":"product_brand","embeddable":true,"href":"https:\/\/hi-techwonder.com\/es\/wp-json\/wp\/v2\/product_brand?post=73761"},{"taxonomy":"product_cat","embeddable":true,"href":"https:\/\/hi-techwonder.com\/es\/wp-json\/wp\/v2\/product_cat?post=73761"},{"taxonomy":"product_tag","embeddable":true,"href":"https:\/\/hi-techwonder.com\/es\/wp-json\/wp\/v2\/product_tag?post=73761"}],"curies":[{"name":"wp","href":"https:\/\/api.w.org\/{rel}","templated":true}]}}