{"id":73762,"date":"2025-07-29T09:41:33","date_gmt":"2025-07-29T09:41:33","guid":{"rendered":"https:\/\/fv6qoy3ls0.wpdns.site\/product\/sigma-16mm-f-1-4-dc-dn-contemporaneo-nikon-z\/"},"modified":"2026-04-08T18:02:37","modified_gmt":"2026-04-08T17:02:37","slug":"sigma-16mm-f-1-4-dc-dn-contemporaneo-nikon-z","status":"publish","type":"product","link":"https:\/\/hi-techwonder.com\/es\/producto\/sigma-16mm-f-1-4-dc-dn-contemporaneo-nikon-z\/","title":{"rendered":"SIGMA 16mm f\/1.4 DC DN Contempor\u00e1neo Nikon Z"},"content":{"rendered":"<p><strong>Sigma 16mm f\/1.4 DC DN Contempor\u00e1neo para Nikon Z<\/strong><\/p>\n<p><strong>Caracter\u00edsticas principales:<\/strong><\/p>\n<ul>\n<li>APS-C | f\/1.4 a f\/16.<\/li>\n<li>45 mm (equivalente a fotograma completo).<\/li>\n<li>Diafragma redondeado de 9 hojas.<\/li>\n<li>Sistema AF de motor paso a paso.<\/li>\n<li>Recubrimiento Super Multicapa.<\/li>\n<li>Dos elementos asf\u00e9ricos.<\/li>\n<li>Un elemento de alto \u00edndice de refracci\u00f3n.<\/li>\n<\/ul>\n<p><strong>Contenido del paquete:<\/strong><\/p>\n<ul>\n<li>Objetivo contempor\u00e1neo Sigma 16mm f\/1.4 DC DN (Nikon Z).<\/li>\n<li>Tapa de lente Sigma LCF-67 III de 67 mm.<\/li>\n<li>Tapa trasera del objetivo.<\/li>\n<li>Parasol de p\u00e9talo Sigma para lente de 16mm f\/1.4 DC DN.<\/li>\n<\/ul>\n<p style=\"text-align: justify;\">Combinando un c\u00f3modo dise\u00f1o gran angular con una apertura m\u00e1xima ultrarr\u00e1pida, el 16 mm f\/1.4 DC DN es parte de la serie contempor\u00e1nea de lentes Sigma de Nikon, dise\u00f1ada para su uso con c\u00e1maras sin espejo con montura Z de Nikon. Caracterizado por su brillante apertura m\u00e1xima de f\/1.4, este objetivo se especializa en trabajar en condiciones de poca luz y tambi\u00e9n ofrece un mayor control sobre la profundidad de campo para un control selectivo del enfoque. El dise\u00f1o \u00f3ptico utiliza varios elementos asf\u00e9ricos y de baja dispersi\u00f3n, que controlan las franjas de color y varias aberraciones para proporcionar una alta nitidez y claridad en todo el rango de apertura. Los elementos individuales tambi\u00e9n cuentan con un revestimiento s\u00faper multicapa para suprimir los destellos y las im\u00e1genes fantasma para un mayor contraste y fidelidad de color cuando se trabaja en condiciones de iluminaci\u00f3n brillante. Beneficiando las capacidades \u00f3pticas, este objetivo tambi\u00e9n cuenta con un motor AF paso a paso para un uso r\u00e1pido y silencioso    <\/p>\n<ul>\n<li style=\"text-align: justify;\">Como parte de la l\u00ednea Global Vision Series Contemporary de Sigma, este objetivo est\u00e1 dise\u00f1ado para lograr un equilibrio entre comodidad y rendimiento y combina una construcci\u00f3n compacta y ligera y un manejo vers\u00e1til con notables atributos \u00f3pticos.<\/li>\n<li style=\"text-align: justify;\">El gran angular prime est\u00e1 dise\u00f1ado para c\u00e1maras sin espejo de formato APS-C con montura Z de Nikon y proporciona una distancia focal equivalente a 24 mm.<\/li>\n<li style=\"text-align: justify;\">La brillante apertura m\u00e1xima de f\/1.4 sobresale en condiciones de poca luz y tambi\u00e9n le brinda un mayor control sobre la profundidad de campo para efectos de enfoque selectivos.<\/li>\n<li style=\"text-align: justify;\">Dos elementos especiales de baja dispersi\u00f3n (SLD) y tres elementos F de baja dispersi\u00f3n (FLD) reducen las franjas de color y las aberraciones crom\u00e1ticas para una mayor claridad y precisi\u00f3n del color.<\/li>\n<li style=\"text-align: justify;\">Se utilizan dos elementos asf\u00e9ricos ?? para limitar la distorsi\u00f3n y las aberraciones esf\u00e9ricas, y tambi\u00e9n contribuir a una mayor nitidez general y una representaci\u00f3n precisa.<\/li>\n<li style=\"text-align: justify;\">Se ha aplicado un recubrimiento s\u00faper multicapa a los elementos de la lente para minimizar los destellos y las im\u00e1genes fantasma de la lente y contribuir a la producci\u00f3n de im\u00e1genes ricas en contraste y de color neutro, incluso en condiciones de contraluz.<\/li>\n<li style=\"text-align: justify;\">Un motor AF paso a paso beneficia a los fot\u00f3grafos y vide\u00f3grafos con su rendimiento r\u00e1pido, preciso y casi silencioso.<\/li>\n<li style=\"text-align: justify;\">El diafragma redondeado de nueve hojas contribuye a una calidad de bokeh suave y agradable.<\/li>\n<li style=\"text-align: justify;\">La montura de bayoneta est\u00e1 construida de lat\u00f3n para garantizar precisi\u00f3n y durabilidad. Adem\u00e1s, el sello de goma en el dise\u00f1o del soporte lo hace resistente al polvo y las salpicaduras. <\/li>\n<\/ul>\n<p><strong>Especificaciones Sigma 16mm f\/1.4 DC DN Contemporary para Nikon Z<\/strong><\/p>\n<table style=\"border-collapse: collapse; width: 99.9795%; height: 335.937px;\" border=\"1\">\n<tbody>\n<tr style=\"height: 22.3958px;\">\n<td style=\"width: 49.1758%; height: 22.3958px;\">Distancia focal<\/td>\n<td style=\"width: 49.1758%; height: 22.3958px;\">16 mm (distancia focal equivalente a 35 mm: 24 mm)<\/td>\n<\/tr>\n<tr style=\"height: 22.3958px;\">\n<td style=\"width: 49.1758%; height: 22.3958px;\">Apertura<\/td>\n<p> m\u00e1xima<\/p>\n<td style=\"width: 49.1758%; height: 22.3958px;\">f\/1.4<\/td>\n<\/tr>\n<tr style=\"height: 22.3958px;\">\n<td style=\"width: 49.1758%; height: 22.3958px;\">Apertura<\/td>\n<p> m\u00ednima<\/p>\n<td style=\"width: 49.1758%; height: 22.3958px;\">f\/16<\/td>\n<\/tr>\n<tr style=\"height: 22.3958px;\">\n<td style=\"width: 49.1758%; height: 22.3958px;\">Montura de lente<\/td>\n<td style=\"width: 49.1758%; height: 22.3958px;\">Nikon Z<\/td>\n<\/tr>\n<tr style=\"height: 22.3958px;\">\n<td style=\"width: 49.1758%; height: 22.3958px;\">Cobertura de la forma de<\/td>\n<p> la lente<\/p>\n<td style=\"width: 49.1758%; height: 22.3958px;\">APS-C<\/td>\n<\/tr>\n<tr style=\"height: 22.3958px;\">\n<td style=\"width: 49.1758%; height: 22.3958px;\">\u00c1ngulo de visi\u00f3n<\/td>\n<td style=\"width: 49.1758%; height: 22.3958px;\">83,2\u00b0<\/td>\n<\/tr>\n<tr style=\"height: 22.3958px;\">\nDistancia <\/p>\n<td style=\"width: 49.1758%; height: 22.3958px;\">m\u00ednima de enfoque<\/td>\n<td style=\"width: 49.1758%; height: 22.3958px;\">25 cm<\/td>\n<\/tr>\n<tr style=\"height: 22.3958px;\">\n<td style=\"width: 49.1758%; height: 22.3958px;\">Aumento<\/td>\n<p> m\u00e1ximo<\/p>\n<td style=\"width: 49.1758%; height: 22.3958px;\">0,1 veces<\/td>\n<\/tr>\n<tr style=\"height: 22.3958px;\">\n<td style=\"width: 49.1758%; height: 22.3958px;\">Dise\u00f1o \u00f3ptico<\/td>\n<td style=\"width: 49.1758%; height: 22.3958px;\">16 elementos en 13 grupos<\/td>\n<\/tr>\n<tr style=\"height: 22.3958px;\">\n<td style=\"width: 49.1758%; height: 22.3958px;\">Hojas de diafragma<\/td>\n<td style=\"width: 49.1758%; height: 22.3958px;\">9, redondeado<\/td>\n<\/tr>\n<tr style=\"height: 22.3958px;\">\n<td style=\"width: 49.1758%; height: 22.3958px;\">Tipo de <\/td>\n<p> enfoque<\/p>\n<td style=\"width: 49.1758%; height: 22.3958px;\">Autom\u00e1tico<\/td>\n<\/tr>\n<tr style=\"height: 22.3958px;\">\n<td style=\"width: 49.1758%; height: 22.3958px;\">Estabilizaci\u00f3n de imagen<\/td>\n<td style=\"width: 49.1758%; height: 22.3958px;\">No<\/td>\n<\/tr>\n<tr style=\"height: 22.3958px;\">\n<td style=\"width: 49.1758%; height: 22.3958px;\">Tama\u00f1o del filtro<\/td>\n<td style=\"width: 49.1758%; height: 22.3958px;\">67 mm (Frontal)<\/td>\n<\/tr>\n<tr style=\"height: 22.3958px;\">\n<td style=\"width: 49.1758%; height: 22.3958px;\">Dimensiones (\u00f8 x L)<\/td>\n<td style=\"width: 49.1758%; height: 22.3958px;\">72,14 x 92,2 mil\u00edmetros<\/td>\n<\/tr>\n<tr style=\"height: 22.3958px;\">\n<td style=\"width: 49.1758%; height: 22.3958px;\">Peso<\/td>\n<td style=\"width: 49.1758%; height: 22.3958px;\">405 gramos<\/td>\n<\/tr>\n<\/tbody>\n<\/table>\n","protected":false},"excerpt":{"rendered":"<p>Sigma 16mm f\/1.4 DC DN Contempor\u00e1neo para Nikon Z Caracter\u00edsticas principales: APS-C | f\/1.4 a f\/16. 45 mm (equivalente a<\/p>\n","protected":false},"featured_media":52445,"comment_status":"closed","ping_status":"open","template":"","meta":{"_acf_changed":false},"product_brand":[2647],"product_cat":[1062],"product_tag":[],"class_list":{"0":"post-73762","1":"product","2":"type-product","3":"status-publish","4":"has-post-thumbnail","6":"product_brand-sigma-es","7":"product_cat-mirrorless-objectivos","8":"pa_abertura-maxima-f-1-4-es","10":"first","11":"onbackorder","12":"taxable","13":"shipping-taxable","14":"purchasable","15":"product-type-simple"},"bundled_by":[],"bundle_stock_status":"onbackorder","bundle_stock_quantity":null,"bundle_virtual":false,"bundle_layout":"","bundle_add_to_cart_form_location":"","bundle_editable_in_cart":false,"bundle_sold_individually_context":"","bundle_item_grouping":"","bundle_min_size":"","bundle_max_size":"","bundle_price":[],"bundled_items":[],"bundle_sell_ids":[],"acf":[],"_links":{"self":[{"href":"https:\/\/hi-techwonder.com\/es\/wp-json\/wp\/v2\/product\/73762","targetHints":{"allow":["GET"]}}],"collection":[{"href":"https:\/\/hi-techwonder.com\/es\/wp-json\/wp\/v2\/product"}],"about":[{"href":"https:\/\/hi-techwonder.com\/es\/wp-json\/wp\/v2\/types\/product"}],"replies":[{"embeddable":true,"href":"https:\/\/hi-techwonder.com\/es\/wp-json\/wp\/v2\/comments?post=73762"}],"wp:featuredmedia":[{"embeddable":true,"href":"https:\/\/hi-techwonder.com\/es\/wp-json\/wp\/v2\/media\/52445"}],"wp:attachment":[{"href":"https:\/\/hi-techwonder.com\/es\/wp-json\/wp\/v2\/media?parent=73762"}],"wp:term":[{"taxonomy":"product_brand","embeddable":true,"href":"https:\/\/hi-techwonder.com\/es\/wp-json\/wp\/v2\/product_brand?post=73762"},{"taxonomy":"product_cat","embeddable":true,"href":"https:\/\/hi-techwonder.com\/es\/wp-json\/wp\/v2\/product_cat?post=73762"},{"taxonomy":"product_tag","embeddable":true,"href":"https:\/\/hi-techwonder.com\/es\/wp-json\/wp\/v2\/product_tag?post=73762"}],"curies":[{"name":"wp","href":"https:\/\/api.w.org\/{rel}","templated":true}]}}