{"id":73764,"date":"2025-07-29T09:41:03","date_gmt":"2025-07-29T09:41:03","guid":{"rendered":"https:\/\/fv6qoy3ls0.wpdns.site\/product\/sigma-16mm-f-1-4-dc-dn-contemporaneo-fujifilm-x\/"},"modified":"2026-04-20T15:07:24","modified_gmt":"2026-04-20T14:07:24","slug":"sigma-16mm-f-1-4-dc-dn-contemporaneo-fujifilm-x","status":"publish","type":"product","link":"https:\/\/hi-techwonder.com\/es\/producto\/sigma-16mm-f-1-4-dc-dn-contemporaneo-fujifilm-x\/","title":{"rendered":"SIGMA 16mm f\/1.4 DC DN Contempor\u00e1neo Fujifilm X"},"content":{"rendered":"<p>Combinando un c\u00f3modo dise\u00f1o gran angular con una apertura m\u00e1xima ultrarr\u00e1pida, el 16 mm f\/1.4 DC DN es parte de la serie de lentes contempor\u00e1neos de Sigma y est\u00e1 dise\u00f1ado para su uso con c\u00e1maras sin espejo con montura X de FUJIFILM. Caracterizado por su brillante apertura m\u00e1xima de f\/1,4, este objetivo es adecuado para trabajar en condiciones de poca luz y tambi\u00e9n ofrece un mayor control sobre la profundidad de campo para un control selectivo del enfoque. El dise\u00f1o \u00f3ptico utiliza varios elementos asf\u00e9ricos y de baja dispersi\u00f3n, que controlan la dispersi\u00f3n del color y varias aberraciones para proporcionar una alta nitidez y claridad en todo el rango de apertura. Los elementos individuales tambi\u00e9n cuentan con un revestimiento Super Multi-Layer para suprimir los destellos y las im\u00e1genes fantasma para mejorar el contraste y la fidelidad del color cuando se trabaja en condiciones de iluminaci\u00f3n intensas. Beneficiando a la \u00f3ptica, este objetivo tambi\u00e9n cuenta con un motor AF paso a paso para un rendimiento de enfoque r\u00e1pido, silencioso y suave que se adapta tanto a im\u00e1genes fijas como a v\u00eddeos.    <\/p>\n<h2 class=\"western\" style=\"font-style: normal; font-weight: normal;\"><strong><span style=\"font-family: OpenSans, Segoe UI, Helvetica, Roboto, Arial, sans-serif;\"><span style=\"font-size: medium;\">Sigma 16mm F\/1.4 DC DN Contemporary Ficha Tecnica<\/span><\/span><\/strong><\/h2>\n<table border=\"0\" width=\"483\" cellspacing=\"0\" cellpadding=\"2\">\n<colgroup>\n<col width=\"168\">\n<col width=\"307\"> <\/colgroup>\n<tbody>\n<tr>\n<td width=\"168\">\n<p style=\"border: none; padding: 0cm; font-weight: normal;\" align=\"LEFT\">Distancia focal<\/p>\n<\/td>\n<td width=\"307\">\n<p style=\"border: none; padding: 0cm; font-weight: normal;\">16 mm (distancia focal equivalente a 35 mm: 24 mm)<\/p>\n<\/td>\n<\/tr>\n<tr>\n<td width=\"168\">\n<p style=\"border: none; padding: 0cm; font-weight: normal;\" align=\"LEFT\">Apertura m\u00e1xima<\/p>\n<\/td>\n<td width=\"307\">\n<p style=\"border: none; padding: 0cm; font-weight: normal;\">f\/1.4<\/p>\n<\/td>\n<\/tr>\n<tr>\n<td width=\"168\">\n<p style=\"border: none; padding: 0cm; font-weight: normal;\" align=\"LEFT\">Apertura m\u00ednima<\/p>\n<\/td>\n<td width=\"307\">\n<p style=\"border: none; padding: 0cm; font-weight: normal;\">f\/16<\/p>\n<\/td>\n<\/tr>\n<tr>\n<td width=\"168\">\n<p style=\"border: none; padding: 0cm; font-weight: normal;\" align=\"LEFT\">Montura de lente<\/p>\n<\/td>\n<td width=\"307\">\n<p style=\"border: none; padding: 0cm; font-weight: normal;\">FUJIFILM X<\/p>\n<\/td>\n<\/tr>\n<tr>\n<td width=\"168\">\n<p style=\"border: none; padding: 0cm; font-weight: normal;\" align=\"LEFT\">Cobertura del formato de la lente<\/p>\n<\/td>\n<td width=\"307\">\n<p style=\"border: none; padding: 0cm; font-weight: normal;\">APS-C<\/p>\n<\/td>\n<\/tr>\n<tr>\n<td width=\"168\">\n<p style=\"border: none; padding: 0cm; font-weight: normal;\" align=\"LEFT\">\u00c1ngulo de visi\u00f3n<\/p>\n<\/td>\n<td width=\"307\">\n<p style=\"border: none; padding: 0cm; font-weight: normal;\">83.2\u00b0<\/p>\n<\/td>\n<\/tr>\n<tr>\n<td width=\"168\">\n<p style=\"border: none; padding: 0cm; font-weight: normal;\" align=\"LEFT\">Distancia m\u00ednima de enfoque<\/p>\n<\/td>\n<td width=\"307\">\n<p style=\"border: none; padding: 0cm; font-weight: normal;\">9,8&#8243; \/ 25 cm<\/p>\n<\/td>\n<\/tr>\n<tr>\n<td width=\"168\">\n<p style=\"border: none; padding: 0cm; font-weight: normal;\" align=\"LEFT\">Aumento m\u00e1ximo<\/p>\n<\/td>\n<td width=\"307\">\n<p style=\"border: none; padding: 0cm; font-weight: normal;\">0,1 veces<\/p>\n<\/td>\n<\/tr>\n<tr>\n<td width=\"168\">\n<p style=\"border: none; padding: 0cm; font-weight: normal;\" align=\"LEFT\">Dise\u00f1o \u00f3ptico<\/p>\n<\/td>\n<td width=\"307\">\n<p style=\"border: none; padding: 0cm; font-weight: normal;\">16 elementos en 13 grupos<\/p>\n<\/td>\n<\/tr>\n<tr>\n<td width=\"168\">\n<p style=\"border: none; padding: 0cm; font-weight: normal;\" align=\"LEFT\">Hojas de diafragma<\/p>\n<\/td>\n<td width=\"307\">\n<p style=\"border: none; padding: 0cm; font-weight: normal;\">9, redondeado<\/p>\n<\/td>\n<\/tr>\n<tr>\n<td width=\"168\">\n<p style=\"border: none; padding: 0cm; font-weight: normal;\" align=\"LEFT\">Tipo de enfoque<\/p>\n<\/td>\n<td width=\"307\">\n<p style=\"border: none; padding: 0cm; font-weight: normal;\">Enfoque autom\u00e1tico<\/p>\n<\/td>\n<\/tr>\n<tr>\n<td width=\"168\">\n<p style=\"border: none; padding: 0cm; font-weight: normal;\" align=\"LEFT\">Estabilizaci\u00f3n de imagen<\/p>\n<\/td>\n<td width=\"307\">\n<p style=\"border: none; padding: 0cm; font-weight: normal;\">En<\/p>\n<\/td>\n<\/tr>\n<tr>\n<td width=\"168\">\n<p style=\"border: none; padding: 0cm; font-weight: normal;\" align=\"LEFT\">Tama\u00f1o del filtro<\/p>\n<\/td>\n<td width=\"307\">\n<p style=\"border: none; padding: 0cm; font-weight: normal;\">67 mm (Frontal)<\/p>\n<\/td>\n<\/tr>\n<tr>\n<td width=\"168\">\n<p style=\"border: none; padding: 0cm; font-weight: normal;\" align=\"LEFT\">Dimensiones (\u00f8 x L)<\/p>\n<\/td>\n<td width=\"307\">\n<p style=\"border: none; padding: 0cm; font-weight: normal;\">2,8 x 3,6&#8243; \/ 72,2 x 92,6 mm<\/p>\n<\/td>\n<\/tr>\n<tr>\n<td width=\"168\">\n<p style=\"border: none; padding: 0cm; font-weight: normal;\" align=\"LEFT\">Peso<\/p>\n<\/td>\n<td width=\"307\">\n<p style=\"border: none; padding: 0cm; font-weight: normal;\">14.3 onzas \/ 405 g<\/p>\n<\/td>\n<\/tr>\n<\/tbody>\n<\/table>\n","protected":false},"excerpt":{"rendered":"<p>Combinando un c\u00f3modo dise\u00f1o gran angular con una apertura m\u00e1xima ultrarr\u00e1pida, el 16 mm f\/1.4 DC DN es parte de<\/p>\n","protected":false},"featured_media":52302,"comment_status":"closed","ping_status":"closed","template":"","meta":{"_acf_changed":false},"product_brand":[2647],"product_cat":[1062],"product_tag":[],"class_list":{"0":"post-73764","1":"product","2":"type-product","3":"status-publish","4":"has-post-thumbnail","6":"product_brand-sigma-es","7":"product_cat-mirrorless-objectivos","8":"pa_abertura-maxima-f-1-4-es","10":"first","11":"onbackorder","12":"sale","13":"taxable","14":"shipping-taxable","15":"purchasable","16":"product-type-simple"},"bundled_by":[],"bundle_stock_status":"onbackorder","bundle_stock_quantity":null,"bundle_virtual":false,"bundle_layout":"","bundle_add_to_cart_form_location":"","bundle_editable_in_cart":false,"bundle_sold_individually_context":"","bundle_item_grouping":"","bundle_min_size":"","bundle_max_size":"","bundle_price":[],"bundled_items":[],"bundle_sell_ids":[],"acf":[],"_links":{"self":[{"href":"https:\/\/hi-techwonder.com\/es\/wp-json\/wp\/v2\/product\/73764","targetHints":{"allow":["GET"]}}],"collection":[{"href":"https:\/\/hi-techwonder.com\/es\/wp-json\/wp\/v2\/product"}],"about":[{"href":"https:\/\/hi-techwonder.com\/es\/wp-json\/wp\/v2\/types\/product"}],"replies":[{"embeddable":true,"href":"https:\/\/hi-techwonder.com\/es\/wp-json\/wp\/v2\/comments?post=73764"}],"wp:featuredmedia":[{"embeddable":true,"href":"https:\/\/hi-techwonder.com\/es\/wp-json\/wp\/v2\/media\/52302"}],"wp:attachment":[{"href":"https:\/\/hi-techwonder.com\/es\/wp-json\/wp\/v2\/media?parent=73764"}],"wp:term":[{"taxonomy":"product_brand","embeddable":true,"href":"https:\/\/hi-techwonder.com\/es\/wp-json\/wp\/v2\/product_brand?post=73764"},{"taxonomy":"product_cat","embeddable":true,"href":"https:\/\/hi-techwonder.com\/es\/wp-json\/wp\/v2\/product_cat?post=73764"},{"taxonomy":"product_tag","embeddable":true,"href":"https:\/\/hi-techwonder.com\/es\/wp-json\/wp\/v2\/product_tag?post=73764"}],"curies":[{"name":"wp","href":"https:\/\/api.w.org\/{rel}","templated":true}]}}