{"id":73766,"date":"2025-07-29T09:42:51","date_gmt":"2025-07-29T09:42:51","guid":{"rendered":"https:\/\/fv6qoy3ls0.wpdns.site\/product\/sigma-16mm-f-1-4-dc-dn-contemporaneo-canon-rf\/"},"modified":"2026-04-20T15:07:25","modified_gmt":"2026-04-20T14:07:25","slug":"sigma-16mm-f-1-4-dc-dn-contemporaneo-canon-rf","status":"publish","type":"product","link":"https:\/\/hi-techwonder.com\/es\/producto\/sigma-16mm-f-1-4-dc-dn-contemporaneo-canon-rf\/","title":{"rendered":"SIGMA 16mm f\/1.4 DC DN Contempor\u00e1neo Canon RF"},"content":{"rendered":"<h3 data-start=\"0\" data-end=\"54\"><strong data-start=\"4\" data-end=\"54\">Sigma 16mm f\/1.4 DC DN Contempor\u00e1neo Canon RF<\/strong><\/h3>\n<hr data-start=\"56\" data-end=\"59\">\n<h3 data-start=\"61\" data-end=\"84\"><strong data-start=\"65\" data-end=\"84\">Funciones<\/strong><\/h3>\n<ul data-start=\"86\" data-end=\"1317\">\n<li data-start=\"86\" data-end=\"378\">\n<p data-start=\"88\" data-end=\"378\"><strong data-start=\"88\" data-end=\"124\">Distancia focal de 16 mm (APS-C)<\/strong><br data-start=\"124\" data-end=\"127\">Desarrollado para c\u00e1maras mirrorless RF APS-C de Canon. En t\u00e9rminos de equivalencia de 35 mm (factor de recorte ~ 1.6\u00d7), corresponde a aproximadamente 25.6 mm, ideal para paisajes, fotograf\u00eda de arquitectura, interiores y tomas de gran angular en general. <\/p>\n<\/li>\n<li data-start=\"380\" data-end=\"553\">\n<p data-start=\"382\" data-end=\"553\"><strong data-start=\"382\" data-end=\"407\">Apertura m\u00e1xima f\/1.4<\/strong><br data-start=\"407\" data-end=\"410\">Ofrece un rendimiento de primer nivel en condiciones de poca luz, al tiempo que permite efectos de campo poco profundo y un bokeh suave.<\/p>\n<\/li>\n<li data-start=\"555\" data-end=\"736\">\n<p data-start=\"557\" data-end=\"736\"><strong data-start=\"557\" data-end=\"587\">L\u00ednea \u00abDC DN Contemporary\u00bb<\/strong><br data-start=\"587\" data-end=\"590\">Centrado en equilibrar la portabilidad y la calidad \u00f3ptica, combinando un dise\u00f1o ligero con una generosa abertura para la versatilidad diaria.<\/p>\n<\/li>\n<li data-start=\"738\" data-end=\"896\">\n<p data-start=\"740\" data-end=\"896\"><strong data-start=\"740\" data-end=\"788\">Motor de enfoque silencioso (motor paso a paso)<\/strong><br data-start=\"788\" data-end=\"791\">Garantiza un enfoque r\u00e1pido y pr\u00e1cticamente inaudible, lo que beneficia tanto a las im\u00e1genes fijas como a las grabaciones de video.<\/p>\n<\/li>\n<li data-start=\"898\" data-end=\"1059\">\n<p data-start=\"900\" data-end=\"1059\"><strong data-start=\"900\" data-end=\"941\">Elementos asf\u00e9ricos y baja dispersi\u00f3n<\/strong><br data-start=\"941\" data-end=\"944\">Minimiza las aberraciones, asegurando im\u00e1genes n\u00edtidas y de alto contraste con menos distorsi\u00f3n en todo el encuadre.<\/p>\n<\/li>\n<li data-start=\"1061\" data-end=\"1317\">\n<p data-start=\"1063\" data-end=\"1317\"><strong data-start=\"1063\" data-end=\"1099\">Compatibilidad con RF (APS-C) de Canon<\/strong><br data-start=\"1099\" data-end=\"1102\">Dise\u00f1ado espec\u00edficamente para el montaje RF de Canon en cuerpos APS-C (por ejemplo, las series R50, R10, R7 de Canon, etc.). En las c\u00e1maras RF de fotograma completo, se habilitar\u00e1 el modo de recorte autom\u00e1tico APS-C (consulte los detalles en el manual). <\/p>\n<p data-start=\"1063\" data-end=\"1317\"><iframe loading=\"lazy\" frameborder=\"0\" src=\"https:\/\/www.youtube.com\/embed\/hk8RVms9x4Q\" width=\"640\" height=\"360\" class=\"note-video-clip\" referrerpolicy=\"strict-origin-when-cross-origin\"><\/iframe><\/p>\n<\/li>\n<\/ul>\n<hr data-start=\"1319\" data-end=\"1322\">\n<h3 data-start=\"1324\" data-end=\"1353\"><strong data-start=\"1328\" data-end=\"1353\">Contenido del paquete<\/strong><\/h3>\n<ul data-start=\"1355\" data-end=\"1563\">\n<li data-start=\"1355\" data-end=\"1420\">1 <strong data-start=\"1361\" data-end=\"1420\">\u00d7 Objetivo contempor\u00e1neo Sigma 16mm f\/1.4 DC DN (Canon RF)<\/strong><\/li>\n<li data-start=\"1421\" data-end=\"1456\">1 \u00d7 <strong data-start=\"1427\" data-end=\"1456\">Tapa frontal del objetivo<\/strong><\/li>\n<li data-start=\"1457\" data-end=\"1486\">1 \u00d7 <strong data-start=\"1463\" data-end=\"1481\">Contraportada<\/strong> (RF)<\/li>\n<li data-start=\"1487\" data-end=\"1521\">1 \u00d7 <strong data-start=\"1493\" data-end=\"1505\">Parasol<\/strong> (tipo bayoneta)<\/li>\n<li data-start=\"1522\" data-end=\"1563\">1 \u00d7 Manual de usuario \/ Documentaci\u00f3n<\/li>\n<\/ul>\n<p data-start=\"1565\" data-end=\"1627\"><em data-start=\"1565\" data-end=\"1627\">(Algunos art\u00edculos pueden variar seg\u00fan la regi\u00f3n o las promociones).<\/em><\/p>\n<hr data-start=\"1629\" data-end=\"1632\">\n<h3 data-start=\"1634\" data-end=\"1661\"><strong data-start=\"1638\" data-end=\"1661\">Descripci\u00f3n detallada<\/strong><\/h3>\n<p data-start=\"1663\" data-end=\"2110\">El <strong data-start=\"1665\" data-end=\"1715\">Sigma 16mm f\/1.4 DC DN Contemporary (Canon RF)<\/strong> ofrece una soluci\u00f3n gran angular brillante para c\u00e1maras sin espejo APS-C de Canon. Con la apertura f\/1.4, disparar en entornos con poca luz es m\u00e1s f\u00e1cil, y la posibilidad de producir fondos borrosos (incluso si el \u00e1ngulo de visi\u00f3n es amplio) hace que la lente sea muy pr\u00e1ctica en varios contextos: paisajes, arquitectura, fotograf\u00eda urbana, astrofotograf\u00eda e incluso retratos ambientales. <\/p>\n<p data-start=\"2112\" data-end=\"2593\">El motor paso a paso garantiza un enfoque autom\u00e1tico r\u00e1pido y silencioso, lo que tambi\u00e9n es ideal para los vide\u00f3grafos. El dise\u00f1o \u00abcontempor\u00e1neo\u00bb prioriza el tama\u00f1o peque\u00f1o y la ligereza, pero sin comprometer la calidad de la imagen. Adem\u00e1s, la construcci\u00f3n \u00f3ptica avanza al incluir elementos asf\u00e9ricos y de baja dispersi\u00f3n, lo que resulta en una mayor nitidez y una menor aberraci\u00f3n crom\u00e1tica. El conjunto final se destaca como una excelente opci\u00f3n para los usuarios de APS-C que buscan un aspecto gran angular con alta salida \u00f3ptica.   <\/p>\n<hr data-start=\"2595\" data-end=\"2598\">\n<h3 data-start=\"2600\" data-end=\"2631\"><strong data-start=\"2604\" data-end=\"2631\">Especificaciones t\u00e9cnicas<\/strong><\/h3>\n<ul data-start=\"2633\" data-end=\"3210\">\n<li data-start=\"2633\" data-end=\"2672\"><strong data-start=\"2635\" data-end=\"2655\">Montar:<\/strong> RF de Canon (APS-C)<\/li>\n<li data-start=\"2673\" data-end=\"2728\"><strong data-start=\"2675\" data-end=\"2695\">Distancia focal:<\/strong> 16 mm (~25,6 mm equivalente a 35 mm)<\/li>\n<li data-start=\"2729\" data-end=\"2757\"><strong data-start=\"2731\" data-end=\"2749\">Apertura m\u00e1xima:<\/strong> f\/1.4<\/li>\n<li data-start=\"2758\" data-end=\"2783\"><strong data-start=\"2760\" data-end=\"2778\">Apertura m\u00ednima:<\/strong> f\/16<\/li>\n<li data-start=\"2784\" data-end=\"2875\"><strong data-start=\"2786\" data-end=\"2807\">Construcci\u00f3n \u00f3ptica:<\/strong> [N\u00ba de elementos\/grupos], incluidos elementos asf\u00e9ricos, SLD, etc.<\/li>\n<li data-start=\"2876\" data-end=\"2922\"><strong data-start=\"2878\" data-end=\"2906\">\u00c1ngulo de visi\u00f3n (APS-C):<\/strong> ~83,2\u00b0 (aprox.)<\/li>\n<li data-start=\"2923\" data-end=\"2960\"><strong data-start=\"2925\" data-end=\"2937\">Focalizaci\u00f3n:<\/strong> Motor paso a paso (AF\/MF)<\/li>\n<li data-start=\"2961\" data-end=\"3002\"><strong data-start=\"2963\" data-end=\"2995\">Distancia m\u00ednima de enfoque:<\/strong> ~25 cm<\/li>\n<li data-start=\"3003\" data-end=\"3031\"><strong data-start=\"3005\" data-end=\"3024\">Aumento m\u00e1ximo:<\/strong> ~0,10\u00d7<\/li>\n<li data-start=\"3032\" data-end=\"3079\"><strong data-start=\"3034\" data-end=\"3066\">N\u00ba de hojas de diafragma:<\/strong> 9 (circular)<\/li>\n<li data-start=\"3080\" data-end=\"3110\"><strong data-start=\"3082\" data-end=\"3104\">Tama\u00f1o del filtro:<\/strong> 67 mm<\/li>\n<li data-start=\"3111\" data-end=\"3172\"><strong data-start=\"3113\" data-end=\"3141\">Dimensiones (Di\u00e1metro\u00d7Longitud.):<\/strong> ~72 \u00d7 93 mm (valor aproximado)<\/li>\n<li data-start=\"3173\" data-end=\"3210\"><strong data-start=\"3175\" data-end=\"3184\">Peso:<\/strong> ~405 g (valor aproximado)<\/li>\n<\/ul>\n<p data-start=\"3212\" data-end=\"3265\"><em data-start=\"3212\" data-end=\"3265\">(Confirme los valores exactos en el sitio web oficial de Sigma).<\/em><\/p>\n<hr data-start=\"3267\" data-end=\"3270\">\n<h3 data-start=\"3272\" data-end=\"3302\"><strong data-start=\"3276\" data-end=\"3302\">Informaci\u00f3n adicional<\/strong><\/h3>\n<p data-start=\"3303\" data-end=\"3442\">Nota: Im\u00e1genes ilustrativas. Equipo adicional no incluido. Consulte el contenido y las especificaciones del paquete para obtener m\u00e1s detalles.  <\/p>\n","protected":false},"excerpt":{"rendered":"<p>Sigma 16mm f\/1.4 DC DN Contempor\u00e1neo Canon RF Funciones Distancia focal de 16 mm (APS-C)Desarrollado para c\u00e1maras mirrorless RF APS-C<\/p>\n","protected":false},"featured_media":52838,"comment_status":"closed","ping_status":"closed","template":"","meta":{"_acf_changed":false},"product_brand":[2647],"product_cat":[1062],"product_tag":[],"class_list":{"0":"post-73766","1":"product","2":"type-product","3":"status-publish","4":"has-post-thumbnail","6":"product_brand-sigma-es","7":"product_cat-mirrorless-objectivos","8":"pa_abertura-maxima-f-1-4-es","10":"first","11":"onbackorder","12":"sale","13":"taxable","14":"shipping-taxable","15":"purchasable","16":"product-type-simple"},"bundled_by":[],"bundle_stock_status":"onbackorder","bundle_stock_quantity":null,"bundle_virtual":false,"bundle_layout":"","bundle_add_to_cart_form_location":"","bundle_editable_in_cart":false,"bundle_sold_individually_context":"","bundle_item_grouping":"","bundle_min_size":"","bundle_max_size":"","bundle_price":[],"bundled_items":[],"bundle_sell_ids":[],"acf":[],"_links":{"self":[{"href":"https:\/\/hi-techwonder.com\/es\/wp-json\/wp\/v2\/product\/73766","targetHints":{"allow":["GET"]}}],"collection":[{"href":"https:\/\/hi-techwonder.com\/es\/wp-json\/wp\/v2\/product"}],"about":[{"href":"https:\/\/hi-techwonder.com\/es\/wp-json\/wp\/v2\/types\/product"}],"replies":[{"embeddable":true,"href":"https:\/\/hi-techwonder.com\/es\/wp-json\/wp\/v2\/comments?post=73766"}],"wp:featuredmedia":[{"embeddable":true,"href":"https:\/\/hi-techwonder.com\/es\/wp-json\/wp\/v2\/media\/52838"}],"wp:attachment":[{"href":"https:\/\/hi-techwonder.com\/es\/wp-json\/wp\/v2\/media?parent=73766"}],"wp:term":[{"taxonomy":"product_brand","embeddable":true,"href":"https:\/\/hi-techwonder.com\/es\/wp-json\/wp\/v2\/product_brand?post=73766"},{"taxonomy":"product_cat","embeddable":true,"href":"https:\/\/hi-techwonder.com\/es\/wp-json\/wp\/v2\/product_cat?post=73766"},{"taxonomy":"product_tag","embeddable":true,"href":"https:\/\/hi-techwonder.com\/es\/wp-json\/wp\/v2\/product_tag?post=73766"}],"curies":[{"name":"wp","href":"https:\/\/api.w.org\/{rel}","templated":true}]}}