{"id":73770,"date":"2025-07-29T09:39:38","date_gmt":"2025-07-29T09:39:38","guid":{"rendered":"https:\/\/fv6qoy3ls0.wpdns.site\/product\/sigma-16mm-f-1-4-dc-dn-contemporaneo-sony-e\/"},"modified":"2026-04-20T15:07:23","modified_gmt":"2026-04-20T14:07:23","slug":"sigma-16mm-f-1-4-dc-dn-contemporaneo-sony-e","status":"publish","type":"product","link":"https:\/\/hi-techwonder.com\/es\/producto\/sigma-16mm-f-1-4-dc-dn-contemporaneo-sony-e\/","title":{"rendered":"SIGMA 16mm f\/1.4 DC DN Contempor\u00e1neo Sony E"},"content":{"rendered":"<p><strong>SIGMA 16mm f\/1.4 DC DN Contempor\u00e1neo Sony E<\/strong><\/p>\n<p><strong>Funciones:<\/strong><\/p>\n<ul>\n<li>APS-C | f\/1.4 af\/16<\/li>\n<li>24 mm (equivalente a fotograma completo)<\/li>\n<li>Diafragma redondeado de 9 hojas<\/li>\n<li>Sistema AF de motor paso a paso<\/li>\n<li>Recubrimiento s\u00faper multicapa<\/li>\n<li>Dos elementos asf\u00e9ricos<\/li>\n<li>Dos elementos SLD, tres elementos FLD<\/li>\n<li>Construcci\u00f3n resistente a la intemperie<\/li>\n<\/ul>\n<p><strong>Contenido del paquete:<\/strong><\/p>\n<ul>\n<li>Sigma 16mm f\/1.4 DC DN Sony E<\/li>\n<li>Tapa del objetivo Sigma LCF-67 III de 67 mm<\/li>\n<li>Tapa de lente trasera Sigma LCR II para Sony E<\/li>\n<li>Sombrilla&nbsp;<\/li>\n<\/ul>\n<p>Combinando un c\u00f3modo dise\u00f1o gran angular con una apertura m\u00e1xima ultrarr\u00e1pida, el 16 mm f\/1.4 DC DN es parte de la serie de lentes contempor\u00e1neos de Sigma y est\u00e1 dise\u00f1ado para su uso con las c\u00e1maras sin espejo con montura E de formato APS-C de Sony. Caracterizado por su brillante apertura m\u00e1xima de f\/1.4, este objetivo es adecuado para trabajar en condiciones de poca luz y tambi\u00e9n ofrece un mayor control sobre la profundidad de campo para un control selectivo del enfoque. El dise\u00f1o \u00f3ptico utiliza m\u00faltiples elementos asf\u00e9ricos y de baja dispersi\u00f3n, que controlan la dispersi\u00f3n del color y varias aberraciones, para proporcionar una alta nitidez y claridad en todo el rango de apertura. Los elementos individuales tambi\u00e9n cuentan con un revestimiento s\u00faper multicapa para suprimir los destellos y las im\u00e1genes fantasma, proporcionando un mayor contraste y fidelidad de color cuando se trabaja en condiciones de iluminaci\u00f3n brillante. Benefici\u00e1ndose de las capacidades \u00f3pticas, este objetivo tambi\u00e9n cuenta con un motor AF escalonado para un rendimiento de enfoque r\u00e1pido, silencioso y suave, adecuado tanto para aplicaciones de fotograf\u00eda como de v\u00eddeo.    <\/p>\n<ul>\n<li>Como parte de la l\u00ednea Global Vision Series Contemporary de Sigma, este objetivo est\u00e1 dise\u00f1ado para lograr un equilibrio entre comodidad y rendimiento y combina una construcci\u00f3n compacta y ligera y un manejo vers\u00e1til con notables atributos \u00f3pticos.<\/li>\n<li>El objetivo gran angular est\u00e1 dise\u00f1ado para las c\u00e1maras mirrorless con montura E de Sony en formato APS-C y proporciona una distancia focal equivalente a 24 mm.<\/li>\n<li>La brillante apertura m\u00e1xima de f\/1.4 sobresale en condiciones de poca luz y tambi\u00e9n le brinda un mayor control sobre la profundidad de campo para lograr efectos de enfoque selectivos.<\/li>\n<li>Dos elementos especiales de baja dispersi\u00f3n (SLD) y tres elementos F de baja dispersi\u00f3n (FLD) reducen la dispersi\u00f3n del color y las aberraciones crom\u00e1ticas para una mayor claridad y precisi\u00f3n del color.<\/li>\n<li>Se utilizan dos elementos asf\u00e9ricos ?? para limitar las distorsiones y las aberraciones esf\u00e9ricas y tambi\u00e9n contribuir a una mayor nitidez general y una representaci\u00f3n precisa.<\/li>\n<li>Se ha aplicado un recubrimiento s\u00faper multicapa a los elementos de la lente para minimizar los destellos y las im\u00e1genes fantasma de la lente y contribuir a la producci\u00f3n de im\u00e1genes ricas en contraste y de color neutro, incluso en condiciones de contraluz.<\/li>\n<li>Un motor AF escalonado beneficia a los fot\u00f3grafos y vide\u00f3grafos con su rendimiento r\u00e1pido, preciso y casi silencioso.<\/li>\n<li>El diafragma redondeado de nueve hojas contribuye a una calidad de bokeh suave y agradable.<\/li>\n<li>La montura de bayoneta est\u00e1 construida de lat\u00f3n para garantizar precisi\u00f3n y durabilidad. Adem\u00e1s, el sello de goma en el dise\u00f1o del soporte lo hace resistente al polvo y las salpicaduras. <\/li>\n<\/ul>\n<p><strong>Compatibilidad:<\/strong><\/p>\n<ul>\n<li>Sony Alpha A6100<\/li>\n<li>Sony Alpha A6300<\/li>\n<li>Sony Alpha A6400<\/li>\n<li>Sony Alpha A6500<\/li>\n<li>Sony Alpha A6600<\/li>\n<li>Sony Alpha A6700<\/li>\n<li>Sony Alpha ZV-E10<\/li>\n<li>Sony ZV-E1<\/li>\n<li>Sony Alpha A6000<\/li>\n<li>Thom Alpha A6300<\/li>\n<li>Sony Alpha A5000<\/li>\n<li>Sony Alpha A5100<\/li>\n<li>Sony FX30<\/li>\n<li>Sony NEX-EA50UH<\/li>\n<li>Sony NEX-EA50M<\/li>\n<\/ul>\n<p><strong>Caracter\u00edsticas t\u00e9cnicas:<\/strong><\/p>\n<table class=\"table_fDXOr6EpR9\" style=\"box-sizing: inherit; width: 936.656px; font-family: OpenSans, 'Segoe UI', Helvetica, Roboto, Arial, sans-serif; font-size: 16px; background-color: #ffffff;\" data-selenium=\"specsItemGroupTable\">\n<tbody style=\"box-sizing: inherit;\">\n<tr class=\"pair_KqJ3Q3GPKv\" style=\"box-sizing: inherit; border-bottom: 0.0625rem solid #e5e5e5;\" data-selenium=\"specsItemGroupTableRow\">\n<td class=\"label_KqJ3Q3GPKv \" style=\"box-sizing: inherit; border-top: none; padding: 1.25rem 0px; width: 355.922px; color: #666666; font-size: 1.125rem; line-height: 1.375rem; vertical-align: baseline;\" data-selenium=\"specsItemGroupTableColumnLabel\"><span style=\"box-sizing: inherit; vertical-align: inherit;\">Apertura m\u00e1xima<\/span><\/td>\n<td class=\"value_KqJ3Q3GPKv \" style=\"box-sizing: inherit; color: #666666; font-size: 1.125rem; line-height: 1.375rem; vertical-align: baseline; padding: 1.25rem 0px 1.25rem 2.5rem;\" data-selenium=\"specsItemGroupTableColumnValue\">\n<div class=\"expandableValue_KqJ3Q3GPKv\" style=\"box-sizing: inherit;\">f\/1.4<\/div>\n<\/td>\n<\/tr>\n<tr class=\"pair_KqJ3Q3GPKv\" style=\"box-sizing: inherit; border-bottom: 0.0625rem solid #e5e5e5;\" data-selenium=\"specsItemGroupTableRow\">\n<td class=\"label_KqJ3Q3GPKv\" style=\"box-sizing: inherit; border-top: none; padding: 1.25rem 0px; width: 355.922px; color: #666666; font-size: 1.125rem; line-height: 1.375rem; vertical-align: baseline;\" data-selenium=\"specsItemGroupTableColumnLabel\"><span style=\"box-sizing: inherit; vertical-align: inherit;\">Apertura m\u00ednima<\/span><\/td>\n<td class=\"value_KqJ3Q3GPKv\" style=\"box-sizing: inherit; color: #666666; font-size: 1.125rem; line-height: 1.375rem; vertical-align: baseline; padding: 1.25rem 0px 1.25rem 2.5rem;\" data-selenium=\"specsItemGroupTableColumnValue\">\n<div class=\"expandableValue_KqJ3Q3GPKv\" style=\"box-sizing: inherit;\">f\/16<\/div>\n<\/td>\n<\/tr>\n<tr class=\"pair_KqJ3Q3GPKv\" style=\"box-sizing: inherit; border-bottom: 0.0625rem solid #e5e5e5;\" data-selenium=\"specsItemGroupTableRow\">\n<td class=\"label_KqJ3Q3GPKv\" style=\"box-sizing: inherit; border-top: none; padding: 1.25rem 0px; width: 355.922px; color: #666666; font-size: 1.125rem; line-height: 1.375rem; vertical-align: baseline;\" data-selenium=\"specsItemGroupTableColumnLabel\"><span style=\"box-sizing: inherit; vertical-align: inherit;\">Montura de lente<\/span><\/td>\n<td class=\"value_KqJ3Q3GPKv\" style=\"box-sizing: inherit; color: #666666; font-size: 1.125rem; line-height: 1.375rem; vertical-align: baseline; padding: 1.25rem 0px 1.25rem 2.5rem;\" data-selenium=\"specsItemGroupTableColumnValue\">\n<div class=\"expandableValue_KqJ3Q3GPKv\" style=\"box-sizing: inherit;\">Sony E<\/div>\n<\/td>\n<\/tr>\n<tr class=\"pair_KqJ3Q3GPKv\" style=\"box-sizing: inherit; border-bottom: 0.0625rem solid #e5e5e5;\" data-selenium=\"specsItemGroupTableRow\">\n<td class=\"label_KqJ3Q3GPKv\" style=\"box-sizing: inherit; border-top: none; padding: 1.25rem 0px; width: 355.922px; color: #666666; font-size: 1.125rem; line-height: 1.375rem; vertical-align: baseline;\" data-selenium=\"specsItemGroupTableColumnLabel\"><span style=\"box-sizing: inherit; vertical-align: inherit;\">Cobertura de la forma de la lente<\/span><\/td>\n<td class=\"value_KqJ3Q3GPKv\" style=\"box-sizing: inherit; color: #666666; font-size: 1.125rem; line-height: 1.375rem; vertical-align: baseline; padding: 1.25rem 0px 1.25rem 2.5rem;\" data-selenium=\"specsItemGroupTableColumnValue\">\n<div class=\"expandableValue_KqJ3Q3GPKv\" style=\"box-sizing: inherit;\">APS-C<\/div>\n<\/td>\n<\/tr>\n<tr class=\"pair_KqJ3Q3GPKv\" style=\"box-sizing: inherit; border-bottom: 0.0625rem solid #e5e5e5;\" data-selenium=\"specsItemGroupTableRow\">\n<td class=\"label_KqJ3Q3GPKv\" style=\"box-sizing: inherit; border-top: none; padding: 1.25rem 0px; width: 355.922px; color: #666666; font-size: 1.125rem; line-height: 1.375rem; vertical-align: baseline;\" data-selenium=\"specsItemGroupTableColumnLabel\"><span style=\"box-sizing: inherit; vertical-align: inherit;\">\u00c1ngulo<\/span><\/td>\n<td class=\"value_KqJ3Q3GPKv\" style=\"box-sizing: inherit; color: #666666; font-size: 1.125rem; line-height: 1.375rem; vertical-align: baseline; padding: 1.25rem 0px 1.25rem 2.5rem;\" data-selenium=\"specsItemGroupTableColumnValue\">\n<div class=\"expandableValue_KqJ3Q3GPKv\" style=\"box-sizing: inherit;\">83,2\u00b0<\/div>\n<\/td>\n<\/tr>\n<tr class=\"pair_KqJ3Q3GPKv\" style=\"box-sizing: inherit; border-bottom: 0.0625rem solid #e5e5e5;\" data-selenium=\"specsItemGroupTableRow\">\n<td class=\"label_KqJ3Q3GPKv\" style=\"box-sizing: inherit; border-top: none; padding: 1.25rem 0px; width: 355.922px; color: #666666; font-size: 1.125rem; line-height: 1.375rem; vertical-align: baseline;\" data-selenium=\"specsItemGroupTableColumnLabel\"><span style=\"box-sizing: inherit; vertical-align: inherit;\">Distancia m\u00ednima de enfoque<\/span><\/td>\n<td class=\"value_KqJ3Q3GPKv\" style=\"box-sizing: inherit; color: #666666; font-size: 1.125rem; line-height: 1.375rem; vertical-align: baseline; padding: 1.25rem 0px 1.25rem 2.5rem;\" data-selenium=\"specsItemGroupTableColumnValue\">\n<div class=\"expandableValue_KqJ3Q3GPKv\" style=\"box-sizing: inherit;\">9,8&#8243;\/25 cm<\/div>\n<\/td>\n<\/tr>\n<tr class=\"pair_KqJ3Q3GPKv\" style=\"box-sizing: inherit; border-bottom: 0.0625rem solid #e5e5e5;\" data-selenium=\"specsItemGroupTableRow\">\n<td class=\"label_KqJ3Q3GPKv\" style=\"box-sizing: inherit; border-top: none; padding: 1.25rem 0px; width: 355.922px; color: #666666; font-size: 1.125rem; line-height: 1.375rem; vertical-align: baseline;\" data-selenium=\"specsItemGroupTableColumnLabel\"><span style=\"box-sizing: inherit; vertical-align: inherit;\">Aumento m\u00e1ximo<\/span><\/td>\n<td class=\"value_KqJ3Q3GPKv\" style=\"box-sizing: inherit; color: #666666; font-size: 1.125rem; line-height: 1.375rem; vertical-align: baseline; padding: 1.25rem 0px 1.25rem 2.5rem;\" data-selenium=\"specsItemGroupTableColumnValue\">\n<div class=\"expandableValue_KqJ3Q3GPKv\" style=\"box-sizing: inherit;\">0,1 veces<\/div>\n<\/td>\n<\/tr>\n<tr class=\"pair_KqJ3Q3GPKv\" style=\"box-sizing: inherit; border-bottom: 0.0625rem solid #e5e5e5;\" data-selenium=\"specsItemGroupTableRow\">\n<td class=\"label_KqJ3Q3GPKv\" style=\"box-sizing: inherit; border-top: none; padding: 1.25rem 0px; width: 355.922px; color: #666666; font-size: 1.125rem; line-height: 1.375rem; vertical-align: baseline;\" data-selenium=\"specsItemGroupTableColumnLabel\"><span style=\"box-sizing: inherit; vertical-align: inherit;\">Dise\u00f1o \u00f3ptico<\/span><\/td>\n<td class=\"value_KqJ3Q3GPKv\" style=\"box-sizing: inherit; color: #666666; font-size: 1.125rem; line-height: 1.375rem; vertical-align: baseline; padding: 1.25rem 0px 1.25rem 2.5rem;\" data-selenium=\"specsItemGroupTableColumnValue\">\n<div class=\"expandableValue_KqJ3Q3GPKv\" style=\"box-sizing: inherit;\">16 elementos en 13 grupos<\/div>\n<\/td>\n<\/tr>\n<tr class=\"pair_KqJ3Q3GPKv\" style=\"box-sizing: inherit; border-bottom: 0.0625rem solid #e5e5e5;\" data-selenium=\"specsItemGroupTableRow\">\n<td class=\"label_KqJ3Q3GPKv\" style=\"box-sizing: inherit; border-top: none; padding: 1.25rem 0px; width: 355.922px; color: #666666; font-size: 1.125rem; line-height: 1.375rem; vertical-align: baseline;\" data-selenium=\"specsItemGroupTableColumnLabel\"><span style=\"box-sizing: inherit; vertical-align: inherit;\">Hojas de diafragma<\/span><\/td>\n<td class=\"value_KqJ3Q3GPKv\" style=\"box-sizing: inherit; color: #666666; font-size: 1.125rem; line-height: 1.375rem; vertical-align: baseline; padding: 1.25rem 0px 1.25rem 2.5rem;\" data-selenium=\"specsItemGroupTableColumnValue\">\n<div class=\"expandableValue_KqJ3Q3GPKv\" style=\"box-sizing: inherit;\">9, redondeado<\/div>\n<\/td>\n<\/tr>\n<tr class=\"pair_KqJ3Q3GPKv\" style=\"box-sizing: inherit; border-bottom: 0.0625rem solid #e5e5e5;\" data-selenium=\"specsItemGroupTableRow\">\n<td class=\"label_KqJ3Q3GPKv\" style=\"box-sizing: inherit; border-top: none; padding: 1.25rem 0px; width: 355.922px; color: #666666; font-size: 1.125rem; line-height: 1.375rem; vertical-align: baseline;\" data-selenium=\"specsItemGroupTableColumnLabel\"><span style=\"box-sizing: inherit; vertical-align: inherit;\">Tipo de enfoque<\/span><\/td>\n<td class=\"value_KqJ3Q3GPKv\" style=\"box-sizing: inherit; color: #666666; font-size: 1.125rem; line-height: 1.375rem; vertical-align: baseline; padding: 1.25rem 0px 1.25rem 2.5rem;\" data-selenium=\"specsItemGroupTableColumnValue\">\n<div class=\"expandableValue_KqJ3Q3GPKv\" style=\"box-sizing: inherit;\">Autom\u00e1tico<\/div>\n<\/td>\n<\/tr>\n<tr class=\"pair_KqJ3Q3GPKv\" style=\"box-sizing: inherit; border-bottom: 0.0625rem solid #e5e5e5;\" data-selenium=\"specsItemGroupTableRow\">\n<td class=\"label_KqJ3Q3GPKv\" style=\"box-sizing: inherit; border-top: none; padding: 1.25rem 0px; width: 355.922px; color: #666666; font-size: 1.125rem; line-height: 1.375rem; vertical-align: baseline;\" data-selenium=\"specsItemGroupTableColumnLabel\"><span style=\"box-sizing: inherit; vertical-align: inherit;\">Estabilizaci\u00f3n de imagen<\/span><\/td>\n<td class=\"value_KqJ3Q3GPKv\" style=\"box-sizing: inherit; color: #666666; font-size: 1.125rem; line-height: 1.375rem; vertical-align: baseline; padding: 1.25rem 0px 1.25rem 2.5rem;\" data-selenium=\"specsItemGroupTableColumnValue\">\n<div class=\"expandableValue_KqJ3Q3GPKv\" style=\"box-sizing: inherit;\">No<\/div>\n<\/td>\n<\/tr>\n<tr class=\"pair_KqJ3Q3GPKv\" style=\"box-sizing: inherit; border-bottom: 0.0625rem solid #e5e5e5;\" data-selenium=\"specsItemGroupTableRow\">\n<td class=\"label_KqJ3Q3GPKv\" style=\"box-sizing: inherit; border-top: none; padding: 1.25rem 0px; width: 355.922px; color: #666666; font-size: 1.125rem; line-height: 1.375rem; vertical-align: baseline;\" data-selenium=\"specsItemGroupTableColumnLabel\"><span style=\"box-sizing: inherit; vertical-align: inherit;\">Tama\u00f1o del filtro<\/span><\/td>\n<td class=\"value_KqJ3Q3GPKv\" style=\"box-sizing: inherit; color: #666666; font-size: 1.125rem; line-height: 1.375rem; vertical-align: baseline; padding: 1.25rem 0px 1.25rem 2.5rem;\" data-selenium=\"specsItemGroupTableColumnValue\">\n<div class=\"expandableValue_KqJ3Q3GPKv\" style=\"box-sizing: inherit;\">67 mm (frontal)<\/div>\n<\/td>\n<\/tr>\n<tr class=\"pair_KqJ3Q3GPKv\" style=\"box-sizing: inherit; border-bottom: 0.0625rem solid #e5e5e5;\" data-selenium=\"specsItemGroupTableRow\">\n<td class=\"label_KqJ3Q3GPKv\" style=\"box-sizing: inherit; border-top: none; padding: 1.25rem 0px; width: 355.922px; color: #666666; font-size: 1.125rem; line-height: 1.375rem; vertical-align: baseline;\" data-selenium=\"specsItemGroupTableColumnLabel\"><span style=\"box-sizing: inherit; vertical-align: inherit;\">Dimensiones (\u00f8 x L)<\/span><\/td>\n<td class=\"value_KqJ3Q3GPKv\" style=\"box-sizing: inherit; color: #666666; font-size: 1.125rem; line-height: 1.375rem; vertical-align: baseline; padding: 1.25rem 0px 1.25rem 2.5rem;\" data-selenium=\"specsItemGroupTableColumnValue\">\n<div class=\"expandableValue_KqJ3Q3GPKv\" style=\"box-sizing: inherit;\">72,2 x 92,3 mil\u00edmetros<\/div>\n<\/td>\n<\/tr>\n<tr class=\"pair_KqJ3Q3GPKv\" style=\"box-sizing: inherit; border-bottom: 0.0625rem solid #e5e5e5;\" data-selenium=\"specsItemGroupTableRow\">\n<td class=\"label_KqJ3Q3GPKv\" style=\"box-sizing: inherit; border-top: none; padding: 1.25rem 0px; width: 355.922px; color: #666666; font-size: 1.125rem; line-height: 1.375rem; vertical-align: baseline;\" data-selenium=\"specsItemGroupTableColumnLabel\"><span style=\"box-sizing: inherit; vertical-align: inherit;\">Peso<\/span><\/td>\n<td class=\"value_KqJ3Q3GPKv\" style=\"box-sizing: inherit; color: #666666; font-size: 1.125rem; line-height: 1.375rem; vertical-align: baseline; padding: 1.25rem 0px 1.25rem 2.5rem;\" data-selenium=\"specsItemGroupTableColumnValue\">\n<div class=\"expandableValue_KqJ3Q3GPKv\" style=\"box-sizing: inherit;\">405 gramos<\/div>\n<\/td>\n<\/tr>\n<\/tbody>\n<\/table>\n","protected":false},"excerpt":{"rendered":"<p>SIGMA 16mm f\/1.4 DC DN Contempor\u00e1neo Sony E Funciones: APS-C | f\/1.4 af\/16 24 mm (equivalente a fotograma completo) Diafragma<\/p>\n","protected":false},"featured_media":51989,"comment_status":"closed","ping_status":"closed","template":"","meta":{"_acf_changed":false},"product_brand":[2647],"product_cat":[1062],"product_tag":[],"class_list":{"0":"post-73770","1":"product","2":"type-product","3":"status-publish","4":"has-post-thumbnail","6":"product_brand-sigma-es","7":"product_cat-mirrorless-objectivos","8":"pa_abertura-maxima-f-1-4-es","10":"first","11":"onbackorder","12":"sale","13":"taxable","14":"shipping-taxable","15":"purchasable","16":"product-type-simple"},"bundled_by":[],"bundle_stock_status":"onbackorder","bundle_stock_quantity":null,"bundle_virtual":false,"bundle_layout":"","bundle_add_to_cart_form_location":"","bundle_editable_in_cart":false,"bundle_sold_individually_context":"","bundle_item_grouping":"","bundle_min_size":"","bundle_max_size":"","bundle_price":[],"bundled_items":[],"bundle_sell_ids":[],"acf":[],"_links":{"self":[{"href":"https:\/\/hi-techwonder.com\/es\/wp-json\/wp\/v2\/product\/73770","targetHints":{"allow":["GET"]}}],"collection":[{"href":"https:\/\/hi-techwonder.com\/es\/wp-json\/wp\/v2\/product"}],"about":[{"href":"https:\/\/hi-techwonder.com\/es\/wp-json\/wp\/v2\/types\/product"}],"replies":[{"embeddable":true,"href":"https:\/\/hi-techwonder.com\/es\/wp-json\/wp\/v2\/comments?post=73770"}],"wp:featuredmedia":[{"embeddable":true,"href":"https:\/\/hi-techwonder.com\/es\/wp-json\/wp\/v2\/media\/51989"}],"wp:attachment":[{"href":"https:\/\/hi-techwonder.com\/es\/wp-json\/wp\/v2\/media?parent=73770"}],"wp:term":[{"taxonomy":"product_brand","embeddable":true,"href":"https:\/\/hi-techwonder.com\/es\/wp-json\/wp\/v2\/product_brand?post=73770"},{"taxonomy":"product_cat","embeddable":true,"href":"https:\/\/hi-techwonder.com\/es\/wp-json\/wp\/v2\/product_cat?post=73770"},{"taxonomy":"product_tag","embeddable":true,"href":"https:\/\/hi-techwonder.com\/es\/wp-json\/wp\/v2\/product_tag?post=73770"}],"curies":[{"name":"wp","href":"https:\/\/api.w.org\/{rel}","templated":true}]}}