{"id":73778,"date":"2025-07-29T09:43:33","date_gmt":"2025-07-29T09:43:33","guid":{"rendered":"https:\/\/fv6qoy3ls0.wpdns.site\/product\/sirui-75mm-f-1-8-anamorfico-1-33x-fujifilm-x\/"},"modified":"2026-04-16T00:11:44","modified_gmt":"2026-04-15T23:11:44","slug":"sirui-75mm-f-1-8-anamorfico-1-33x-fujifilm-x","status":"publish","type":"product","link":"https:\/\/hi-techwonder.com\/es\/producto\/sirui-75mm-f-1-8-anamorfico-1-33x-fujifilm-x\/","title":{"rendered":"SIRUI 75mm f\/1.8 Anam\u00f3rfico 1.33x Fujifilm X"},"content":{"rendered":"<p><strong>SIRUI 75mm f\/1.8 Anam\u00f3rfico 1.33x <\/strong><strong>Montura X Fujifilm<\/strong><\/p>\n<p><strong>Funciones:<\/strong><\/p>\n<ul>\n<li>Montura Montagem X<\/li>\n<li>Formato APS-C<\/li>\n<li>Iris de 13 hojas<\/li>\n<\/ul>\n<p><strong>Contenido del paquete:<\/strong><\/p>\n<ul>\n<li>1 x Sirui 75mm f\/1.8 Anam\u00f3rfico 1.33x Fujifilm X-Mount<\/li>\n<li>1 x Cubierta frontal<\/li>\n<li>1 x Contraportada<\/li>\n<\/ul>\n<p>Con el objetivo anam\u00f3rfico SIRUI 75mm f\/1.8 1.33x, captura im\u00e1genes cinematogr\u00e1ficas panor\u00e1micas. El objetivo cuenta con la montura X de Fujifilm y captura una imagen panor\u00e1mica anam\u00f3rfica de 1,33x con una relaci\u00f3n de aspecto ultra gran angular de 2,4:1 cuando se utiliza con un sensor APS-C. Este dise\u00f1o ofrece un aumento del 33% en el campo de visi\u00f3n horizontal para una hermosa apariencia cinematogr\u00e1fica panor\u00e1mica.  <\/p>\n<p><iframe loading=\"lazy\" style=\"min-height: 500px; width: 100%; height: auto;\" src=\"https:\/\/www.youtube.com\/embed\/L-0PjSxhsNI\" width=\"560\" height=\"314\" allowfullscreen=\"allowfullscreen\"><\/iframe><\/p>\n<p style=\"box-sizing: border-box; color: #4b4b4b; font-family: 'Open Sans', sans-serif; font-size: 14.4px; text-align: justify;\"><strong style=\"box-sizing: border-box;\">Caracter\u00edsticas t\u00e9cnicas:<\/strong><\/p>\n<table style=\"width: 1168.89px; color: #4b4b4b; font-family: 'Open Sans', sans-serif; font-size: 14.4px; text-align: justify;\" border=\"0\" width=\"538\" cellspacing=\"0\" cellpadding=\"2\">\n<colgroup style=\"box-sizing: border-box;\">\n<col style=\"box-sizing: border-box;\" width=\"231\">\n<col style=\"box-sizing: border-box;\" width=\"299\"><\/colgroup>\n<tbody style=\"box-sizing: border-box;\">\n<tr style=\"box-sizing: border-box;\">\n<td style=\"box-sizing: border-box;\" width=\"231\"><span style=\"box-sizing: border-box; color: #4d4d4d;\"><span style=\"box-sizing: border-box; font-size: medium;\">Distancia<\/span><\/span><\/td>\n<p> focal<\/p>\n<td style=\"box-sizing: border-box;\" width=\"299\"><span style=\"box-sizing: border-box; color: #4d4d4d;\"><span style=\"box-sizing: border-box; font-size: medium;\">75 mm<\/span><\/span><\/td>\n<\/tr>\n<tr style=\"box-sizing: border-box;\">\n<td style=\"box-sizing: border-box;\" width=\"231\"><span style=\"box-sizing: border-box; color: #4d4d4d;\"><span style=\"box-sizing: border-box; font-size: medium;\">Tipo de montaje:<\/span><\/span><\/td>\n<td style=\"box-sizing: border-box;\" width=\"299\"><span style=\"box-sizing: border-box; color: #4d4d4d;\"><span style=\"box-sizing: border-box; font-size: medium;\">Montura X de Fujifilm<\/span><\/span><\/td>\n<\/tr>\n<tr style=\"box-sizing: border-box;\">\n<td style=\"box-sizing: border-box;\" width=\"231\"><span style=\"box-sizing: border-box; color: #4d4d4d;\"><span style=\"box-sizing: border-box; font-size: medium;\">Formato:<\/span><\/span><\/td>\n<td style=\"box-sizing: border-box;\" width=\"299\"><span style=\"box-sizing: border-box; color: #4d4d4d;\"><span style=\"box-sizing: border-box; font-size: medium;\">Super35\/APS-C<\/span><\/span><\/td>\n<\/tr>\n<tr style=\"box-sizing: border-box;\">\n<td style=\"box-sizing: border-box;\" width=\"231\"><span style=\"box-sizing: border-box; color: #4d4d4d;\"><span style=\"box-sizing: border-box; font-size: medium;\">Apertura m\u00e1xima:<\/span><\/span><\/td>\n<td style=\"box-sizing: border-box;\" width=\"299\"><span style=\"box-sizing: border-box; color: #4d4d4d;\"><span style=\"box-sizing: border-box; font-size: medium;\">F\/1.8<\/span><\/span><\/td>\n<\/tr>\n<tr style=\"box-sizing: border-box;\">\n<td style=\"box-sizing: border-box;\" width=\"231\"><span style=\"box-sizing: border-box; color: #4d4d4d;\"><span style=\"box-sizing: border-box; font-size: medium;\">Apertura m\u00ednima:<\/span><\/span><\/td>\n<td style=\"box-sizing: border-box;\" width=\"299\"><span style=\"box-sizing: border-box; color: #4d4d4d;\"><span style=\"box-sizing: border-box; font-size: medium;\">f\/16<\/span><\/span><\/td>\n<\/tr>\n<tr style=\"box-sizing: border-box;\">\n<td style=\"box-sizing: border-box;\" width=\"231\"><span style=\"box-sizing: border-box; color: #4d4d4d;\"><span style=\"box-sizing: border-box; font-size: medium;\">Apriete horizontal (anam\u00f3rfico):<\/span><\/span><\/td>\n<td style=\"box-sizing: border-box;\" width=\"299\"><span style=\"box-sizing: border-box; color: #4d4d4d;\"><span style=\"box-sizing: border-box; font-size: medium;\">1,33 veces<\/span><\/span><\/td>\n<\/tr>\n<tr style=\"box-sizing: border-box;\">\n<td style=\"box-sizing: border-box;\" width=\"231\"><span style=\"box-sizing: border-box; color: #4d4d4d;\"><span style=\"box-sizing: border-box; font-size: medium;\">Distancia m\u00ednima. Centro de atenci\u00f3n: <\/span><\/span><\/td>\n<td style=\"box-sizing: border-box;\" width=\"299\"><span style=\"box-sizing: border-box; color: #4d4d4d;\"><span style=\"box-sizing: border-box; font-size: medium;\">1,2 m<\/span><\/span><\/td>\n<\/tr>\n<tr style=\"box-sizing: border-box;\">\n<td style=\"box-sizing: border-box;\" width=\"231\"><span style=\"box-sizing: border-box; color: #4d4d4d;\"><span style=\"box-sizing: border-box; font-size: medium;\">Tipo de<\/span><\/span><\/td>\n<p> enfoque<\/p>\n<td style=\"box-sizing: border-box;\" width=\"299\"><span style=\"box-sizing: border-box; color: #4d4d4d;\"><span style=\"box-sizing: border-box; font-size: medium;\">Enfoque manual<\/span><\/span><\/td>\n<\/tr>\n<tr style=\"box-sizing: border-box;\">\n<td style=\"box-sizing: border-box;\" width=\"231\"><span style=\"box-sizing: border-box; color: #4d4d4d;\"><span style=\"box-sizing: border-box; font-size: medium;\">Dise\u00f1o \u00f3ptico:<\/span><\/span><\/td>\n<td style=\"box-sizing: border-box;\" width=\"299\"><span style=\"box-sizing: border-box; color: #4d4d4d;\"><span style=\"box-sizing: border-box; font-size: medium;\">16 elementos en 12 grupos<\/span><\/span><\/td>\n<\/tr>\n<tr style=\"box-sizing: border-box;\">\n<td style=\"box-sizing: border-box;\" width=\"231\"><span style=\"box-sizing: border-box; color: #4d4d4d;\"><span style=\"box-sizing: border-box; font-size: medium;\">Hojas de diafragma:<\/span><\/span><\/td>\n<td style=\"box-sizing: border-box;\" width=\"299\"><span style=\"box-sizing: border-box; color: #4d4d4d;\"><span style=\"box-sizing: border-box; font-size: medium;\">13<\/span><\/span><\/td>\n<\/tr>\n<tr style=\"box-sizing: border-box;\">\n<td style=\"box-sizing: border-box;\" width=\"231\"><span style=\"box-sizing: border-box; color: #4d4d4d;\"><span style=\"box-sizing: border-box; font-size: medium;\">Tama\u00f1o del filtro:<\/span><\/span><\/td>\n<td style=\"box-sizing: border-box;\" width=\"299\"><span style=\"box-sizing: border-box; color: #4d4d4d;\"><span style=\"box-sizing: border-box; font-size: medium;\">67 mil\u00edmetros<\/span><\/span><\/td>\n<\/tr>\n<tr style=\"box-sizing: border-box;\">\n<td style=\"box-sizing: border-box;\" width=\"231\"><span style=\"box-sizing: border-box; color: #4d4d4d;\"><span style=\"box-sizing: border-box; font-size: medium;\">Dimensiones (\u00f8 x Longitud):<\/span><\/span><\/td>\n<td style=\"box-sizing: border-box;\" width=\"299\"><span style=\"box-sizing: border-box; color: #4d4d4d;\"><span style=\"box-sizing: border-box; font-size: medium;\">73 x 132,4 mil\u00edmetros<\/span><\/span><\/td>\n<\/tr>\n<tr style=\"box-sizing: border-box;\">\n<td style=\"box-sizing: border-box;\" width=\"231\"><span style=\"box-sizing: border-box; color: #4d4d4d;\"><span style=\"box-sizing: border-box; font-size: medium;\">Peso:<\/span><\/span><\/td>\n<td style=\"box-sizing: border-box;\" width=\"299\"><span style=\"box-sizing: border-box; color: #4d4d4d;\"><span style=\"box-sizing: border-box; font-size: medium;\">800 gramos<\/span><\/span><\/td>\n<\/tr>\n<\/tbody>\n<\/table>\n","protected":false},"excerpt":{"rendered":"<p>SIRUI 75mm f\/1.8 Anam\u00f3rfico 1.33x Montura X Fujifilm Funciones: Montura Montagem X Formato APS-C Iris de 13 hojas Contenido del<\/p>\n","protected":false},"featured_media":53068,"comment_status":"closed","ping_status":"closed","template":"","meta":{"_acf_changed":false},"product_brand":[2597],"product_cat":[1042],"product_tag":[],"class_list":{"0":"post-73778","1":"product","2":"type-product","3":"status-publish","4":"has-post-thumbnail","6":"product_brand-sirui-es","7":"product_cat-cine","8":"pa_abertura-maxima-f-1-8-es","10":"first","11":"onbackorder","12":"taxable","13":"shipping-taxable","14":"purchasable","15":"product-type-simple"},"bundled_by":[],"bundle_stock_status":"onbackorder","bundle_stock_quantity":null,"bundle_virtual":false,"bundle_layout":"","bundle_add_to_cart_form_location":"","bundle_editable_in_cart":false,"bundle_sold_individually_context":"","bundle_item_grouping":"","bundle_min_size":"","bundle_max_size":"","bundle_price":[],"bundled_items":[],"bundle_sell_ids":[],"acf":[],"_links":{"self":[{"href":"https:\/\/hi-techwonder.com\/es\/wp-json\/wp\/v2\/product\/73778","targetHints":{"allow":["GET"]}}],"collection":[{"href":"https:\/\/hi-techwonder.com\/es\/wp-json\/wp\/v2\/product"}],"about":[{"href":"https:\/\/hi-techwonder.com\/es\/wp-json\/wp\/v2\/types\/product"}],"replies":[{"embeddable":true,"href":"https:\/\/hi-techwonder.com\/es\/wp-json\/wp\/v2\/comments?post=73778"}],"wp:featuredmedia":[{"embeddable":true,"href":"https:\/\/hi-techwonder.com\/es\/wp-json\/wp\/v2\/media\/53068"}],"wp:attachment":[{"href":"https:\/\/hi-techwonder.com\/es\/wp-json\/wp\/v2\/media?parent=73778"}],"wp:term":[{"taxonomy":"product_brand","embeddable":true,"href":"https:\/\/hi-techwonder.com\/es\/wp-json\/wp\/v2\/product_brand?post=73778"},{"taxonomy":"product_cat","embeddable":true,"href":"https:\/\/hi-techwonder.com\/es\/wp-json\/wp\/v2\/product_cat?post=73778"},{"taxonomy":"product_tag","embeddable":true,"href":"https:\/\/hi-techwonder.com\/es\/wp-json\/wp\/v2\/product_tag?post=73778"}],"curies":[{"name":"wp","href":"https:\/\/api.w.org\/{rel}","templated":true}]}}