{"id":73779,"date":"2025-07-29T09:46:12","date_gmt":"2025-07-29T09:46:12","guid":{"rendered":"https:\/\/fv6qoy3ls0.wpdns.site\/product\/sirui-50mm-t2-9-saturn-ff-anamorfico-1-6x-fujifilm-x\/"},"modified":"2026-04-16T00:11:47","modified_gmt":"2026-04-15T23:11:47","slug":"sirui-50mm-t2-9-saturn-ff-anamorfico-1-6x-fujifilm-x","status":"publish","type":"product","link":"https:\/\/hi-techwonder.com\/es\/producto\/sirui-50mm-t2-9-saturn-ff-anamorfico-1-6x-fujifilm-x\/","title":{"rendered":"SIRUI 50mm T2.9 Saturn FF Anam\u00f3rfico 1.6x &#8211; Fujifilm X"},"content":{"rendered":"<h3><b>SIRUI 50mm T2.9 Saturn FF Anam\u00f3rfico 1.6x &#8211; Fujifilm X<\/b><\/h3>\n<ul>\n<li>Cubre sensores de fotograma completo<\/li>\n<li>Rango de apertura: T2.9 a T16<\/li>\n<li>Efectos de bandas azules, bokeh ovalado<\/li>\n<li>Ligero, con ca\u00f1\u00f3n de fibra de carbono<\/li>\n<li>Relaciones de aspecto 2.4:1 y 2.8:1 sin compresi\u00f3n<\/li>\n<li>El iris de 10 hojas produce un bokeh ovalado<\/li>\n<li>Enfoque m\u00ednimo: 90 cm, rosca de filtro de 62 mm<\/li>\n<li>Escala de enfoque en pies y metros<\/li>\n<li>Montura de lente Fujifilm X<\/li>\n<\/ul>\n<p><img decoding=\"async\" src=\"https:\/\/cdn.shopifycdn.net\/s\/files\/1\/0449\/9344\/6037\/files\/03187cfe8fbdb84aa703090166f2833d_726343fa-26bd-476d-b1d0-403cf6ddf72d.jpg?v=1700624155\" style=\"width: 25%;\" alt=\"\"><\/p>\n<p>El lente anam\u00f3rfico de fibra de carbono Sony Fujifilm X Saturn 50mm T2.9 1.6x de Sirui ofrece un aspecto anam\u00f3rfico cl\u00e1sico en una forma compacta y liviana. Ideal para card\u00e1n, estabilizador, dron y uso port\u00e1til. Mide solo aproximadamente 11 cm de longitud y tiene un cuerpo de fibra de carbono que reduce el peso de la lente. La lente produce rayas azules horizontales cuando apunta a una fuente de luz, lo que le da a su metraje un aspecto anam\u00f3rfico cl\u00e1sico.   <\/p>\n<p>Una imagen capturada en 16:9 se reduce a una relaci\u00f3n de aspecto anam\u00f3rfica de 2,8:1, mientras que una toma de 3:2 produce una imagen final de 2,4:1. La apertura T2.9 produce una profundidad de campo reducida, separando al sujeto del primer plano, y la apertura de 10 hojas crea efectos bokeh ovalados. <\/p>\n<p><img decoding=\"async\" src=\"https:\/\/cdn.shopifycdn.net\/s\/files\/1\/0449\/9344\/6037\/files\/1_2061df1d-8887-4cb9-9bbb-a2a3e96b16d0.gif?v=1699359106\" style=\"width: 25%;\" alt=\"\"><\/p>\n<h4>Caracter\u00edsticas principales<\/h4>\n<ul>\n<li>El objetivo ofrece cobertura de sensor para c\u00e1maras de fotograma completo.<\/li>\n<li>Los elementos asf\u00e9ricos eliminan la aberraci\u00f3n crom\u00e1tica.<\/li>\n<li>Esta lente de la serie Saturn est\u00e1 hecha con un ca\u00f1\u00f3n frontal de fibra de carbono que reduce el peso total a menos de 500 g mientras mantiene la durabilidad.<\/li>\n<li>El dise\u00f1o compacto y liviano es ideal para uso port\u00e1til, card\u00e1n y card\u00e1n.<\/li>\n<li>Los efectos de rayas azules horizontales crean un aspecto anam\u00f3rfico cl\u00e1sico<\/li>\n<li>Las 10 hojas de apertura producen efectos bokeh ovalados.<\/li>\n<li>La lente Saturn de 50 mm mantiene una relaci\u00f3n de compresi\u00f3n constante de 1.6x en todos los puntos de enfoque, lo que garantiza que el tama\u00f1o del sujeto no cambie a medida que se enfoca.<\/li>\n<\/ul>\n<h4>Caracter\u00edsticas t\u00e9cnicas<\/h4>\n<table class=\"table_fDXOr6EpR9\" data-selenium=\"specsItemGroupTable\" style=\"box-sizing: inherit; width: 936.657px;\">\n<tbody style=\"box-sizing: inherit;\">\n<tr>\n<td class=\"label_KqJ3Q3GPKv firstSpecWhenNoGroupName_KqJ3Q3GPKv\" data-selenium=\"specsItemGroupTableColumnLabel\" style=\"box-sizing: inherit; border-top: none; padding: 0px 0px 1.25rem; width: 355.928px; line-height: 1.375rem; vertical-align: baseline;\">Distancia focal<\/td>\n<td class=\"value_KqJ3Q3GPKv firstSpecWhenNoGroupName_KqJ3Q3GPKv\" data-selenium=\"specsItemGroupTableColumnValue\" style=\"box-sizing: inherit; line-height: 1.375rem; vertical-align: baseline; padding: 0px 0px 1.25rem 2.5rem;\">50 mm<\/td>\n<\/tr>\n<tr class=\"pair_KqJ3Q3GPKv\" data-selenium=\"specsItemGroupTableRow\" style=\"box-sizing: inherit; border-bottom: 0.0625rem solid rgb(229, 229, 229);\">\n<td class=\"label_KqJ3Q3GPKv\" data-selenium=\"specsItemGroupTableColumnLabel\" style=\"box-sizing: inherit; border-top: none; padding: 1.25rem 0px; width: 355.928px; line-height: 1.375rem; vertical-align: baseline;\">\n<p>Montura de lente<\/p>\n<\/td>\n<td class=\"value_KqJ3Q3GPKv\" data-selenium=\"specsItemGroupTableColumnValue\" style=\"box-sizing: inherit; line-height: 1.375rem; vertical-align: baseline; padding: 1.25rem 0px 1.25rem 2.5rem;\">\n<p style=\"box-sizing: inherit;\">Fujifilm X<\/p>\n<\/td>\n<\/tr>\n<tr class=\"pair_KqJ3Q3GPKv\" data-selenium=\"specsItemGroupTableRow\" style=\"box-sizing: inherit; border-bottom: 0.0625rem solid rgb(229, 229, 229);\">\n<td class=\"label_KqJ3Q3GPKv\" data-selenium=\"specsItemGroupTableColumnLabel\" style=\"box-sizing: inherit; border-top: none; padding: 1.25rem 0px; width: 355.928px; line-height: 1.375rem; vertical-align: baseline;\">\n<p>Cobertura de la forma de la lente<\/p>\n<\/td>\n<td class=\"value_KqJ3Q3GPKv\" data-selenium=\"specsItemGroupTableColumnValue\" style=\"box-sizing: inherit; line-height: 1.375rem; vertical-align: baseline; padding: 1.25rem 0px 1.25rem 2.5rem;\">\n<p style=\"box-sizing: inherit;\">Fotograma completo<\/p>\n<\/td>\n<\/tr>\n<tr class=\"pair_KqJ3Q3GPKv\" data-selenium=\"specsItemGroupTableRow\" style=\"box-sizing: inherit; border-bottom: 0.0625rem solid rgb(229, 229, 229);\">\n<td class=\"label_KqJ3Q3GPKv\" data-selenium=\"specsItemGroupTableColumnLabel\" style=\"box-sizing: inherit; border-top: none; padding: 1.25rem 0px; width: 355.928px; line-height: 1.375rem; vertical-align: baseline;\">\n<p>M\u00e1xima apertura<\/p>\n<\/td>\n<td class=\"value_KqJ3Q3GPKv\" data-selenium=\"specsItemGroupTableColumnValue\" style=\"box-sizing: inherit; line-height: 1.375rem; vertical-align: baseline; padding: 1.25rem 0px 1.25rem 2.5rem;\">\n<p style=\"box-sizing: inherit;\">T2.9<\/p>\n<\/td>\n<\/tr>\n<tr class=\"pair_KqJ3Q3GPKv\" data-selenium=\"specsItemGroupTableRow\" style=\"box-sizing: inherit; border-bottom: 0.0625rem solid rgb(229, 229, 229);\">\n<td class=\"label_KqJ3Q3GPKv\" data-selenium=\"specsItemGroupTableColumnLabel\" style=\"box-sizing: inherit; border-top: none; padding: 1.25rem 0px; width: 355.928px; line-height: 1.375rem; vertical-align: baseline;\">\n<p>Apertura m\u00ednima<\/p>\n<\/td>\n<td class=\"value_KqJ3Q3GPKv\" data-selenium=\"specsItemGroupTableColumnValue\" style=\"box-sizing: inherit; line-height: 1.375rem; vertical-align: baseline; padding: 1.25rem 0px 1.25rem 2.5rem;\">\n<p style=\"box-sizing: inherit;\">T16<\/p>\n<\/td>\n<\/tr>\n<tr class=\"pair_KqJ3Q3GPKv\" data-selenium=\"specsItemGroupTableRow\" style=\"box-sizing: inherit; border-bottom: 0.0625rem solid rgb(229, 229, 229);\">\n<td class=\"label_KqJ3Q3GPKv\" data-selenium=\"specsItemGroupTableColumnLabel\" style=\"box-sizing: inherit; border-top: none; padding: 1.25rem 0px; width: 355.928px; line-height: 1.375rem; vertical-align: baseline;\">\n<p>\u00c1ngulo de visi\u00f3n horizontal<\/p>\n<\/td>\n<td class=\"value_KqJ3Q3GPKv\" data-selenium=\"specsItemGroupTableColumnValue\" style=\"box-sizing: inherit; line-height: 1.375rem; vertical-align: baseline; padding: 1.25rem 0px 1.25rem 2.5rem;\">\n<p style=\"box-sizing: inherit;\">Fotograma completo: 22\u00b0<\/p>\n<\/td>\n<\/tr>\n<tr class=\"pair_KqJ3Q3GPKv\" data-selenium=\"specsItemGroupTableRow\" style=\"box-sizing: inherit; border-bottom: 0.0625rem solid rgb(229, 229, 229);\">\n<td class=\"label_KqJ3Q3GPKv\" data-selenium=\"specsItemGroupTableColumnLabel\" style=\"box-sizing: inherit; border-top: none; padding: 1.25rem 0px; width: 355.928px; line-height: 1.375rem; vertical-align: baseline;\">\n<p>Distancia m\u00ednima de enfoque<\/p>\n<\/td>\n<td class=\"value_KqJ3Q3GPKv\" data-selenium=\"specsItemGroupTableColumnValue\" style=\"box-sizing: inherit; line-height: 1.375rem; vertical-align: baseline; padding: 1.25rem 0px 1.25rem 2.5rem;\">\n<p style=\"box-sizing: inherit;\">Desde un punto no especificado en la lente: 90 cm<\/p>\n<\/td>\n<\/tr>\n<tr class=\"pair_KqJ3Q3GPKv\" data-selenium=\"specsItemGroupTableRow\" style=\"box-sizing: inherit; border-bottom: 0.0625rem solid rgb(229, 229, 229);\">\n<td class=\"label_KqJ3Q3GPKv\" data-selenium=\"specsItemGroupTableColumnLabel\" style=\"box-sizing: inherit; border-top: none; padding: 1.25rem 0px; width: 355.928px; line-height: 1.375rem; vertical-align: baseline;\">\n<p>Dise\u00f1o \u00f3ptico<\/p>\n<\/td>\n<td class=\"value_KqJ3Q3GPKv\" data-selenium=\"specsItemGroupTableColumnValue\" style=\"box-sizing: inherit; line-height: 1.375rem; vertical-align: baseline; padding: 1.25rem 0px 1.25rem 2.5rem;\">\n<p style=\"box-sizing: inherit;\">17 elementos en 12 grupos<\/p>\n<\/td>\n<\/tr>\n<tr class=\"pair_KqJ3Q3GPKv\" data-selenium=\"specsItemGroupTableRow\" style=\"box-sizing: inherit; border-bottom: 0.0625rem solid rgb(229, 229, 229);\">\n<td class=\"label_KqJ3Q3GPKv\" data-selenium=\"specsItemGroupTableColumnLabel\" style=\"box-sizing: inherit; border-top: none; padding: 1.25rem 0px; width: 355.928px; line-height: 1.375rem; vertical-align: baseline;\">\n<p>Hojas de diafragma<\/p>\n<\/td>\n<td class=\"value_KqJ3Q3GPKv\" data-selenium=\"specsItemGroupTableColumnValue\" style=\"box-sizing: inherit; line-height: 1.375rem; vertical-align: baseline; padding: 1.25rem 0px 1.25rem 2.5rem;\">\n<p style=\"box-sizing: inherit;\">10<\/p>\n<\/td>\n<\/tr>\n<tr class=\"pair_KqJ3Q3GPKv\" data-selenium=\"specsItemGroupTableRow\" style=\"box-sizing: inherit; border-bottom: 0.0625rem solid rgb(229, 229, 229);\">\n<td class=\"label_KqJ3Q3GPKv\" data-selenium=\"specsItemGroupTableColumnLabel\" style=\"box-sizing: inherit; border-top: none; padding: 1.25rem 0px; width: 355.928px; line-height: 1.375rem; vertical-align: baseline;\">\n<p>Gear MOD y Pitch<\/p>\n<\/td>\n<td class=\"value_KqJ3Q3GPKv\" data-selenium=\"specsItemGroupTableColumnValue\" style=\"box-sizing: inherit; line-height: 1.375rem; vertical-align: baseline; padding: 1.25rem 0px 1.25rem 2.5rem;\">\n<p style=\"box-sizing: inherit;\">Enfoque: 0.8 MOD \/ 32 Pitch  <\/p>\n<p style=\"box-sizing: inherit;\">Iris: 0.8 MOD \/ 32 Pitch<\/p>\n<\/td>\n<\/tr>\n<tr class=\"pair_KqJ3Q3GPKv\" data-selenium=\"specsItemGroupTableRow\" style=\"box-sizing: inherit; border-bottom: 0.0625rem solid rgb(229, 229, 229);\">\n<td class=\"label_KqJ3Q3GPKv\" data-selenium=\"specsItemGroupTableColumnLabel\" style=\"box-sizing: inherit; border-top: none; padding: 1.25rem 0px; width: 355.928px; line-height: 1.375rem; vertical-align: baseline;\">\n<p>Di\u00e1metro frontal<\/p>\n<\/td>\n<td class=\"value_KqJ3Q3GPKv\" data-selenium=\"specsItemGroupTableColumnValue\" style=\"box-sizing: inherit; line-height: 1.375rem; vertical-align: baseline; padding: 1.25rem 0px 1.25rem 2.5rem;\">\n<p style=\"box-sizing: inherit;\">~65 mil\u00edmetros<\/p>\n<\/td>\n<\/tr>\n<tr class=\"pair_KqJ3Q3GPKv\" data-selenium=\"specsItemGroupTableRow\" style=\"box-sizing: inherit; border-bottom: 0.0625rem solid rgb(229, 229, 229);\">\n<td class=\"label_KqJ3Q3GPKv\" data-selenium=\"specsItemGroupTableColumnLabel\" style=\"box-sizing: inherit; border-top: none; padding: 1.25rem 0px; width: 355.928px; line-height: 1.375rem; vertical-align: baseline;\">\n<p>Rosca de filtro<\/p>\n<\/td>\n<td class=\"value_KqJ3Q3GPKv\" data-selenium=\"specsItemGroupTableColumnValue\" style=\"box-sizing: inherit; line-height: 1.375rem; vertical-align: baseline; padding: 1.25rem 0px 1.25rem 2.5rem;\">\n<p style=\"box-sizing: inherit;\">62 mm x 0,75<\/p>\n<\/td>\n<\/tr>\n<tr class=\"pair_KqJ3Q3GPKv\" data-selenium=\"specsItemGroupTableRow\" style=\"box-sizing: inherit; border-bottom: 0.0625rem solid rgb(229, 229, 229);\">\n<td class=\"label_KqJ3Q3GPKv\" data-selenium=\"specsItemGroupTableColumnLabel\" style=\"box-sizing: inherit; border-top: none; padding: 1.25rem 0px; width: 355.928px; line-height: 1.375rem; vertical-align: baseline;\">\n<p>Escalas de enfoque<\/p>\n<\/td>\n<td class=\"value_KqJ3Q3GPKv\" data-selenium=\"specsItemGroupTableColumnValue\" style=\"box-sizing: inherit; line-height: 1.375rem; vertical-align: baseline; padding: 1.25rem 0px 1.25rem 2.5rem;\">\n<p style=\"box-sizing: inherit;\">M\u00e9trico, Imperial<\/p>\n<\/td>\n<\/tr>\n<tr class=\"pair_KqJ3Q3GPKv\" data-selenium=\"specsItemGroupTableRow\" style=\"box-sizing: inherit; border-bottom: 0.0625rem solid rgb(229, 229, 229);\">\n<td class=\"label_KqJ3Q3GPKv\" data-selenium=\"specsItemGroupTableColumnLabel\" style=\"box-sizing: inherit; border-top: none; padding: 1.25rem 0px; width: 355.928px; line-height: 1.375rem; vertical-align: baseline;\">\n<p>Rotaci\u00f3n de enfoque<\/p>\n<\/td>\n<td class=\"value_KqJ3Q3GPKv\" data-selenium=\"specsItemGroupTableColumnValue\" style=\"box-sizing: inherit; line-height: 1.375rem; vertical-align: baseline; padding: 1.25rem 0px 1.25rem 2.5rem;\">\n<p style=\"box-sizing: inherit;\">120\u00b0<\/p>\n<\/td>\n<\/tr>\n<tr class=\"pair_KqJ3Q3GPKv\" data-selenium=\"specsItemGroupTableRow\" style=\"box-sizing: inherit; border-bottom: 0.0625rem solid rgb(229, 229, 229);\">\n<td class=\"label_KqJ3Q3GPKv\" data-selenium=\"specsItemGroupTableColumnLabel\" style=\"box-sizing: inherit; border-top: none; padding: 1.25rem 0px; width: 355.928px; line-height: 1.375rem; vertical-align: baseline;\">\n<p>Sujeci\u00f3n horizontal (anam\u00f3rfica)<\/p>\n<\/td>\n<td class=\"value_KqJ3Q3GPKv\" data-selenium=\"specsItemGroupTableColumnValue\" style=\"box-sizing: inherit; line-height: 1.375rem; vertical-align: baseline; padding: 1.25rem 0px 1.25rem 2.5rem;\">\n<p style=\"box-sizing: inherit;\">1,6 veces<\/p>\n<\/td>\n<\/tr>\n<tr class=\"pair_KqJ3Q3GPKv\" data-selenium=\"specsItemGroupTableRow\" style=\"box-sizing: inherit; border-bottom: 0.0625rem solid rgb(229, 229, 229);\">\n<td class=\"label_KqJ3Q3GPKv\" data-selenium=\"specsItemGroupTableColumnLabel\" style=\"box-sizing: inherit; border-top: none; padding: 1.25rem 0px; width: 355.928px; line-height: 1.375rem; vertical-align: baseline;\">\n<p>Estabilizaci\u00f3n de imagen<\/p>\n<\/td>\n<td class=\"value_KqJ3Q3GPKv\" data-selenium=\"specsItemGroupTableColumnValue\" style=\"box-sizing: inherit; line-height: 1.375rem; vertical-align: baseline; padding: 1.25rem 0px 1.25rem 2.5rem;\">\n<p style=\"box-sizing: inherit;\">No<\/p>\n<\/td>\n<\/tr>\n<tr class=\"pair_KqJ3Q3GPKv\" data-selenium=\"specsItemGroupTableRow\" style=\"box-sizing: inherit; border-bottom: 0.0625rem solid rgb(229, 229, 229);\">\n<td class=\"label_KqJ3Q3GPKv\" data-selenium=\"specsItemGroupTableColumnLabel\" style=\"box-sizing: inherit; border-top: none; padding: 1.25rem 0px; width: 355.928px; line-height: 1.375rem; vertical-align: baseline;\">\n<p>Montura de lente<\/p>\n<\/td>\n<td class=\"value_KqJ3Q3GPKv\" data-selenium=\"specsItemGroupTableColumnValue\" style=\"box-sizing: inherit; line-height: 1.375rem; vertical-align: baseline; padding: 1.25rem 0px 1.25rem 2.5rem;\">\n<p style=\"box-sizing: inherit;\">No<\/p>\n<\/td>\n<\/tr>\n<tr class=\"pair_KqJ3Q3GPKv\" data-selenium=\"specsItemGroupTableRow\" style=\"box-sizing: inherit; border-bottom: 0.0625rem solid rgb(229, 229, 229);\">\n<td class=\"label_KqJ3Q3GPKv\" data-selenium=\"specsItemGroupTableColumnLabel\" style=\"box-sizing: inherit; border-top: none; padding: 1.25rem 0px; width: 355.928px; line-height: 1.375rem; vertical-align: baseline;\">\n<p>Largura<\/p>\n<\/td>\n<td class=\"value_KqJ3Q3GPKv\" data-selenium=\"specsItemGroupTableColumnValue\" style=\"box-sizing: inherit; line-height: 1.375rem; vertical-align: baseline; padding: 1.25rem 0px 1.25rem 2.5rem;\">\n<p style=\"box-sizing: inherit;\">110 mil\u00edmetros<\/p>\n<\/td>\n<\/tr>\n<tr class=\"pair_KqJ3Q3GPKv\" data-selenium=\"specsItemGroupTableRow\" style=\"box-sizing: inherit; border-bottom: 0.0625rem solid rgb(229, 229, 229);\">\n<td class=\"label_KqJ3Q3GPKv\" data-selenium=\"specsItemGroupTableColumnLabel\" style=\"box-sizing: inherit; border-top: none; padding: 1.25rem 0px; width: 355.928px; line-height: 1.375rem; vertical-align: baseline;\">\n<p>Peso<\/p>\n<\/td>\n<td class=\"value_KqJ3Q3GPKv\" data-selenium=\"specsItemGroupTableColumnValue\" style=\"box-sizing: inherit; line-height: 1.375rem; vertical-align: baseline; padding: 1.25rem 0px 1.25rem 2.5rem;\">\n<p style=\"box-sizing: inherit;\">460 gramos<\/p>\n<\/td>\n<\/tr>\n<\/tbody>\n<\/table>\n","protected":false},"excerpt":{"rendered":"<p>SIRUI 50mm T2.9 Saturn FF Anam\u00f3rfico 1.6x &#8211; Fujifilm X Cubre sensores de fotograma completo Rango de apertura: T2.9 a<\/p>\n","protected":false},"featured_media":53895,"comment_status":"closed","ping_status":"closed","template":"","meta":{"_acf_changed":false},"product_brand":[2597],"product_cat":[1042],"product_tag":[],"class_list":{"0":"post-73779","1":"product","2":"type-product","3":"status-publish","4":"has-post-thumbnail","6":"product_brand-sirui-es","7":"product_cat-cine","8":"pa_abertura-maxima-t2-9-es","10":"first","11":"onbackorder","12":"taxable","13":"shipping-taxable","14":"purchasable","15":"product-type-simple"},"bundled_by":[],"bundle_stock_status":"onbackorder","bundle_stock_quantity":null,"bundle_virtual":false,"bundle_layout":"","bundle_add_to_cart_form_location":"","bundle_editable_in_cart":false,"bundle_sold_individually_context":"","bundle_item_grouping":"","bundle_min_size":"","bundle_max_size":"","bundle_price":[],"bundled_items":[],"bundle_sell_ids":[],"acf":[],"_links":{"self":[{"href":"https:\/\/hi-techwonder.com\/es\/wp-json\/wp\/v2\/product\/73779","targetHints":{"allow":["GET"]}}],"collection":[{"href":"https:\/\/hi-techwonder.com\/es\/wp-json\/wp\/v2\/product"}],"about":[{"href":"https:\/\/hi-techwonder.com\/es\/wp-json\/wp\/v2\/types\/product"}],"replies":[{"embeddable":true,"href":"https:\/\/hi-techwonder.com\/es\/wp-json\/wp\/v2\/comments?post=73779"}],"wp:featuredmedia":[{"embeddable":true,"href":"https:\/\/hi-techwonder.com\/es\/wp-json\/wp\/v2\/media\/53895"}],"wp:attachment":[{"href":"https:\/\/hi-techwonder.com\/es\/wp-json\/wp\/v2\/media?parent=73779"}],"wp:term":[{"taxonomy":"product_brand","embeddable":true,"href":"https:\/\/hi-techwonder.com\/es\/wp-json\/wp\/v2\/product_brand?post=73779"},{"taxonomy":"product_cat","embeddable":true,"href":"https:\/\/hi-techwonder.com\/es\/wp-json\/wp\/v2\/product_cat?post=73779"},{"taxonomy":"product_tag","embeddable":true,"href":"https:\/\/hi-techwonder.com\/es\/wp-json\/wp\/v2\/product_tag?post=73779"}],"curies":[{"name":"wp","href":"https:\/\/api.w.org\/{rel}","templated":true}]}}