{"id":73787,"date":"2025-07-29T09:43:17","date_gmt":"2025-07-29T09:43:17","guid":{"rendered":"https:\/\/fv6qoy3ls0.wpdns.site\/product\/sirui-50mm-f-1-8-anamorfico-1-33x-micro-4-3\/"},"modified":"2026-01-30T10:00:30","modified_gmt":"2026-01-30T10:00:30","slug":"sirui-50mm-f-1-8-anamorfico-1-33x-micro-4-3","status":"publish","type":"product","link":"https:\/\/hi-techwonder.com\/es\/producto\/sirui-50mm-f-1-8-anamorfico-1-33x-micro-4-3\/","title":{"rendered":"SIRUI 50mm f\/1.8 Anam\u00f3rfico 1.33x Micro 4\/3"},"content":{"rendered":"<p><strong>SIRUI 50mm f\/1.8 Anam\u00f3rfico 1.33x <\/strong><strong>Micro 4\/3<\/strong><\/p>\n<p><strong>Funciones:<\/strong><\/p>\n<ul>\n<li>Sistema de montaje Micro Cuatro Tercios<\/li>\n<li>Formato Micro Cuatro Tercios<\/li>\n<li>Vidrio Schott con nano recubrimientos<\/li>\n<li>Iris de 10 hojas<\/li>\n<\/ul>\n<p><strong>Contenido del paquete:<\/strong><\/p>\n<ul>\n<li>1 x Sirui 50mm f\/1.8 Anam\u00f3rfico 1.33x Micro 4\/3<\/li>\n<li>1 x Cubierta frontal<\/li>\n<li>1 x Contraportada<\/li>\n<\/ul>\n<p>El objetivo anam\u00f3rfico SIRUI 50mm f\/1.8 genera v\u00eddeo cinematogr\u00e1fico 2,4:1 con un aumento del 33% en el campo de visi\u00f3n horizontal, ofrece efectos cepillados y retroiluminados, y optimiza la profundidad de visi\u00f3n y el bokeh ovalado con el anillo de diafragma.<\/p>\n<p><strong>Compatibilidades:<\/strong><\/p>\n<ul>\n<li>Serie Lumix GF<\/li>\n<li>Serie Olympus E-PL; Olympus E-M5 Mark III; Olympus E-M10 Mark II; Olympus E-M10 Mark III; Olympus PEN-F.<\/li>\n<\/ul>\n<p><iframe loading=\"lazy\" style=\"min-height: 500px; width: 100%; height: auto;\" src=\"https:\/\/www.youtube.com\/embed\/zHWTGkdNFMk\" width=\"560\" height=\"314\" allowfullscreen=\"allowfullscreen\"><\/iframe><\/p>\n<p><strong>Caracter\u00edsticas t\u00e9cnicas:<\/strong><\/p>\n<table border=\"0\" width=\"538\" cellspacing=\"0\" cellpadding=\"2\">\n<colgroup>\n<col width=\"231\">\n<col width=\"299\"> <\/colgroup>\n<tbody>\n<tr>\n<td width=\"231\"><span style=\"color: #4d4d4d;\"><span style=\"font-size: medium;\">Distancia focal<\/span> <\/span><\/td>\n<td width=\"299\"> <span style=\"color: #4d4d4d;\"><span style=\"font-size: medium;\">50 mil\u00edmetros<\/span> <\/span><\/td>\n<\/tr>\n<tr>\n<td width=\"231\"> <span style=\"color: #4d4d4d;\"><span style=\"font-size: medium;\">Tipo de montaje:<\/span> <\/span><\/td>\n<td width=\"299\">Micro Cuatro Tercios<\/td>\n<\/tr>\n<tr>\n<td width=\"231\"><span style=\"color: #4d4d4d;\"><span style=\"font-size: medium;\">Formato:<\/span> <\/span><\/td>\n<td width=\"299\"> <span style=\"color: #4d4d4d;\"><span style=\"font-size: medium;\">Super35\/APS-C<\/span> <\/span><\/td>\n<\/tr>\n<tr>\n<td width=\"231\"><span style=\"color: #4d4d4d;\"><span style=\"font-size: medium;\">Apertura m\u00e1xima:<\/span> <\/span><\/td>\n<td width=\"299\"> <span style=\"color: #4d4d4d;\"><span style=\"font-size: medium;\">F\/1.8<\/span> <\/span><\/td>\n<\/tr>\n<tr>\n<td width=\"231\"><span style=\"color: #4d4d4d;\"><span style=\"font-size: medium;\">Apertura m\u00ednima:<\/span> <\/span><\/td>\n<td width=\"299\"> <span style=\"color: #4d4d4d;\"><span style=\"font-size: medium;\">f\/16<\/span> <\/span><\/td>\n<\/tr>\n<tr>\n<td width=\"231\"><span style=\"color: #4d4d4d;\"><span style=\"font-size: medium;\">\u00c1ngulo de rotaci\u00f3n del anillo de enfoque:<\/span> <\/span><\/td>\n<td width=\"299\"> <span style=\"color: #4d4d4d;\"><span style=\"font-size: medium;\">143.6\u00b0<\/span> <\/span><\/td>\n<\/tr>\n<tr>\n<td width=\"231\"><span style=\"color: #4d4d4d;\"><span style=\"font-size: medium;\">Apriete horizontal (anam\u00f3rfico):<\/span> <\/span><\/td>\n<td width=\"299\"> <span style=\"color: #4d4d4d;\"><span style=\"font-size: medium;\">1,33 veces<\/span> <\/span><\/td>\n<\/tr>\n<tr>\n<td width=\"231\"> <span style=\"color: #4d4d4d;\"><span style=\"font-size: medium;\">Distancia m\u00ednima. Centro de atenci\u00f3n: <\/span> <\/span><\/td>\n<td width=\"299\"> <span style=\"color: #4d4d4d;\"><span style=\"font-size: medium;\">85 cm<\/span> <\/span><\/td>\n<\/tr>\n<tr>\n<td width=\"231\"><span style=\"color: #4d4d4d;\"><span style=\"font-size: medium;\">Tipo de enfoque<\/span> <\/span><\/td>\n<td width=\"299\"> <span style=\"color: #4d4d4d;\"><span style=\"font-size: medium;\">Enfoque manual<\/span> <\/span><\/td>\n<\/tr>\n<tr>\n<td width=\"231\"><span style=\"color: #4d4d4d;\"><span style=\"font-size: medium;\">Aumento m\u00e1ximo:<\/span> <\/span><\/td>\n<td width=\"299\"> <span style=\"color: #4d4d4d;\"><span style=\"font-size: medium;\">1:15.38(V), 1:20.17(H)<\/span> <\/span><\/td>\n<\/tr>\n<tr>\n<td width=\"231\"><span style=\"color: #4d4d4d;\"><span style=\"font-size: medium;\">Dise\u00f1o \u00f3ptico:<\/span> <\/span><\/td>\n<td width=\"299\"> <span style=\"color: #4d4d4d;\"><span style=\"font-size: medium;\">11 elementos en 8 grupos<\/span> <\/span><\/td>\n<\/tr>\n<tr>\n<td width=\"231\"><span style=\"color: #4d4d4d;\"><span style=\"font-size: medium;\">Hojas de diafragma:<\/span> <\/span><\/td>\n<td width=\"299\"> <span style=\"color: #4d4d4d;\"><span style=\"font-size: medium;\">10<\/span> <\/span><\/td>\n<\/tr>\n<tr>\n<td width=\"231\"><span style=\"color: #4d4d4d;\"><span style=\"font-size: medium;\">Tama\u00f1o del filtro:<\/span> <\/span><\/td>\n<td width=\"299\"> <span style=\"color: #4d4d4d;\"><span style=\"font-size: medium;\">67 mil\u00edmetros<\/span> <\/span><\/td>\n<\/tr>\n<tr>\n<td width=\"231\"><span style=\"color: #4d4d4d;\"><span style=\"font-size: medium;\">Dimensiones (\u00f8 x Longitud):<\/span> <\/span><\/td>\n<td width=\"299\"> <span style=\"color: #4d4d4d;\"><span style=\"font-size: medium;\">69 x 106,6 mil\u00edmetros<\/span> <\/span><\/td>\n<\/tr>\n<tr>\n<td width=\"231\"><span style=\"color: #4d4d4d;\"><span style=\"font-size: medium;\">Peso:<\/span> <\/span><\/td>\n<td width=\"299\"> <span style=\"color: #4d4d4d;\"><span style=\"font-size: medium;\">560 gramos<\/span> <\/span><\/td>\n<\/tr>\n<\/tbody>\n<\/table>\n","protected":false},"excerpt":{"rendered":"<p>SIRUI 50mm f\/1.8 Anam\u00f3rfico 1.33x Micro 4\/3 Funciones: Sistema de montaje Micro Cuatro Tercios Formato Micro Cuatro Tercios Vidrio Schott<\/p>\n","protected":false},"featured_media":52959,"comment_status":"closed","ping_status":"closed","template":"","meta":{"_acf_changed":false},"product_brand":[2597],"product_cat":[1042],"product_tag":[],"class_list":{"0":"post-73787","1":"product","2":"type-product","3":"status-publish","4":"has-post-thumbnail","6":"product_brand-sirui-es","7":"product_cat-cine","8":"pa_abertura-maxima-f-1-8-es","10":"first","11":"onbackorder","12":"taxable","13":"shipping-taxable","14":"purchasable","15":"product-type-simple"},"bundled_by":[],"bundle_stock_status":"onbackorder","bundle_stock_quantity":null,"bundle_virtual":false,"bundle_layout":"","bundle_add_to_cart_form_location":"","bundle_editable_in_cart":false,"bundle_sold_individually_context":"","bundle_item_grouping":"","bundle_min_size":"","bundle_max_size":"","bundle_price":[],"bundled_items":[],"bundle_sell_ids":[],"acf":[],"_links":{"self":[{"href":"https:\/\/hi-techwonder.com\/es\/wp-json\/wp\/v2\/product\/73787","targetHints":{"allow":["GET"]}}],"collection":[{"href":"https:\/\/hi-techwonder.com\/es\/wp-json\/wp\/v2\/product"}],"about":[{"href":"https:\/\/hi-techwonder.com\/es\/wp-json\/wp\/v2\/types\/product"}],"replies":[{"embeddable":true,"href":"https:\/\/hi-techwonder.com\/es\/wp-json\/wp\/v2\/comments?post=73787"}],"wp:featuredmedia":[{"embeddable":true,"href":"https:\/\/hi-techwonder.com\/es\/wp-json\/wp\/v2\/media\/52959"}],"wp:attachment":[{"href":"https:\/\/hi-techwonder.com\/es\/wp-json\/wp\/v2\/media?parent=73787"}],"wp:term":[{"taxonomy":"product_brand","embeddable":true,"href":"https:\/\/hi-techwonder.com\/es\/wp-json\/wp\/v2\/product_brand?post=73787"},{"taxonomy":"product_cat","embeddable":true,"href":"https:\/\/hi-techwonder.com\/es\/wp-json\/wp\/v2\/product_cat?post=73787"},{"taxonomy":"product_tag","embeddable":true,"href":"https:\/\/hi-techwonder.com\/es\/wp-json\/wp\/v2\/product_tag?post=73787"}],"curies":[{"name":"wp","href":"https:\/\/api.w.org\/{rel}","templated":true}]}}