{"id":73790,"date":"2025-07-29T10:31:06","date_gmt":"2025-07-29T10:31:06","guid":{"rendered":"https:\/\/fv6qoy3ls0.wpdns.site\/product\/sirui-3t-05ph-soporte-smartphone-bluetooth\/"},"modified":"2026-03-31T16:35:46","modified_gmt":"2026-03-31T15:35:46","slug":"sirui-3t-05ph-soporte-smartphone-bluetooth","status":"publish","type":"product","link":"https:\/\/hi-techwonder.com\/es\/producto\/sirui-3t-05ph-soporte-smartphone-bluetooth\/","title":{"rendered":"SIRUI 3T-05PH Soporte Smartphone + Bluetooth"},"content":{"rendered":"<p><strong>SIRUI 3T-05PH Mini Tr\u00edpode con Soporte para Smartphone<\/strong><\/p>\n<p><strong>Contenido del paquete:<\/strong><\/p>\n<ul>\n<li>3T-05K Mini Tr\u00edpode<\/li>\n<li>R\u00f3tula Cabeza<\/li>\n<li>MP-AC-01 Soporte para tel\u00e9fono inteligente<\/li>\n<li>Control remoto Bluetooth<\/li>\n<li>Cintur\u00f3n<\/li>\n<\/ul>\n<p>Compacto y peque\u00f1o, as\u00ed es como se puede describir el mini tr\u00edpode SIRUI 3T-05K, en dos palabras. Debido a su dise\u00f1o compacto, es extremadamente estable y puede soportar cargas pesadas. Adem\u00e1s de tel\u00e9fonos inteligentes y c\u00e1maras compactas, tambi\u00e9n lleva f\u00e1cilmente una c\u00e1mara de tama\u00f1o mediano. Cuando se usa con c\u00e1maras de acci\u00f3n o en video, las patas del tr\u00edpode se pueden plegar y usar como agarre. La cabeza de la ca\u00f1a se puede inclinar en todas las direcciones y tiene una muesca vertical de 90\u00b0. El tr\u00edpode y la cabeza est\u00e1n hechos de pl\u00e1stico y la bola es de aluminio.     <\/p>\n<p><strong>Caracter\u00edsticas t\u00e9cnicas:<\/strong><\/p>\n<h1 class=\"western\" style=\"widows: 2; orphans: 2;\">Mini tr\u00edpode <strong><span style=\"font-family: OpenSans, Segoe UI, Helvetica, Roboto, Arial, sans-serif;\"><span style=\"font-size: medium;\"><span style=\"font-style: normal;\">SIRUI <\/span><\/span><\/span><\/strong>3T-05K<\/h1>\n<table border=\"0\" width=\"641\" cellspacing=\"0\" cellpadding=\"2\">\n<colgroup>\n<col width=\"299\">\n<col width=\"334\"><\/colgroup>\n<tbody>\n<tr>\n<td width=\"299\">Capacidad:<\/td>\n<td width=\"334\">2,99 kg<\/td>\n<\/tr>\n<tr>\n<td width=\"299\">Altura m\u00e1xima:<\/td>\n<td width=\"334\">16,5 cm<\/td>\n<\/tr>\n<tr>\n<td width=\"299\">Altura m\u00ednima:<\/td>\n<td width=\"334\">10,9 cm<\/td>\n<\/tr>\n<tr>\n<td width=\"299\">Nivel de burbuja:<\/td>\n<td width=\"334\">No<\/td>\n<\/tr>\n<tr>\n<td width=\"299\">Dimensiones:<\/td>\n<td width=\"334\">20,3 cm (cerrado)<\/td>\n<\/tr>\n<tr>\n<td width=\"299\">Peso:<\/td>\n<td width=\"334\">145 gramos<\/td>\n<\/tr>\n<\/tbody>\n<\/table>\n<h1 class=\"western\"><strong><span style=\"font-family: OpenSans, Segoe UI, Helvetica, Roboto, Arial, sans-serif;\"><span style=\"font-size: medium;\">R\u00f3tula Cabeza<\/span><\/span><\/strong><\/h1>\n<table border=\"0\" width=\"642\" cellspacing=\"0\" cellpadding=\"2\">\n<colgroup>\n<col width=\"299\">\n<col width=\"335\"><\/colgroup>\n<tbody>\n<tr>\n<td width=\"299\">Tipo de cabeza:<\/td>\n<td width=\"335\">R\u00f3tula Cabeza<\/td>\n<\/tr>\n<tr>\n<td width=\"299\">Montaje en base:<\/td>\n<td width=\"335\">1\/4&#8243; Hembra<\/td>\n<\/tr>\n<tr>\n<td width=\"299\">Montaje de la c\u00e1mara:<\/td>\n<td width=\"335\">1\/4&#8243; Macho<\/td>\n<\/tr>\n<\/tbody>\n<\/table>\n<table border=\"0\" width=\"642\" cellspacing=\"0\" cellpadding=\"2\">\n<colgroup>\n<col width=\"299\">\n<col width=\"335\"><\/colgroup>\n<tbody>\n<tr>\n<td width=\"299\">Ladear<\/td>\n<td width=\"335\">90\u00b0<\/td>\n<\/tr>\n<tr>\n<td width=\"299\">Panor\u00e1mica<\/td>\n<td width=\"335\">360\u00b0<\/td>\n<\/tr>\n<\/tbody>\n<\/table>\n<h1 class=\"western\" style=\"widows: 2; orphans: 2;\"><strong><span style=\"font-family: OpenSans, Segoe UI, Helvetica, Roboto, Arial, sans-serif;\"><span style=\"font-size: medium;\"><span style=\"font-style: normal;\">Soporte para tel\u00e9fono inteligente SIRUI MP-AC-01<\/span><\/span><\/span><\/strong><\/h1>\n<table border=\"0\" width=\"100%\" cellspacing=\"0\" cellpadding=\"2\">\n<colgroup>\n<col width=\"120*\">\n<col width=\"136*\"><\/colgroup>\n<tbody>\n<tr>\n<td width=\"47%\">Marca:<\/td>\n<td width=\"53%\">SIRUI<\/td>\n<\/tr>\n<tr>\n<td width=\"47%\">Modelo:<\/td>\n<td width=\"53%\">MP-AC-01<\/td>\n<\/tr>\n<tr>\n<td width=\"47%\">Rosca:<\/td>\n<td width=\"53%\">1\/4&#8243;<\/td>\n<\/tr>\n<tr>\n<td width=\"47%\">Capacidad:<\/td>\n<td width=\"53%\">300 gramos<\/td>\n<\/tr>\n<tr>\n<td width=\"47%\">Gama de dispositivos:<\/td>\n<td width=\"53%\">55 mm-85 mm<\/td>\n<\/tr>\n<tr>\n<td width=\"47%\">Dimensiones:<\/td>\n<td width=\"53%\">76x32x40mm<\/td>\n<\/tr>\n<tr>\n<td width=\"47%\">Peso:<\/td>\n<td width=\"53%\">40 gramos<\/td>\n<\/tr>\n<\/tbody>\n<\/table>\n","protected":false},"excerpt":{"rendered":"<p>SIRUI 3T-05PH Mini Tr\u00edpode con Soporte para Smartphone Contenido del paquete: 3T-05K Mini Tr\u00edpode R\u00f3tula Cabeza MP-AC-01 Soporte para tel\u00e9fono<\/p>\n","protected":false},"featured_media":64279,"comment_status":"closed","ping_status":"open","template":"","meta":{"_acf_changed":false},"product_brand":[2597],"product_cat":[1093],"product_tag":[],"class_list":{"0":"post-73790","1":"product","2":"type-product","3":"status-publish","4":"has-post-thumbnail","6":"product_brand-sirui-es","7":"product_cat-mini-tripodes","9":"first","10":"instock","11":"taxable","12":"shipping-taxable","13":"purchasable","14":"product-type-simple"},"bundled_by":[],"bundle_stock_status":"instock","bundle_stock_quantity":1,"bundle_virtual":false,"bundle_layout":"","bundle_add_to_cart_form_location":"","bundle_editable_in_cart":false,"bundle_sold_individually_context":"","bundle_item_grouping":"","bundle_min_size":"","bundle_max_size":"","bundle_price":[],"bundled_items":[],"bundle_sell_ids":[],"acf":[],"_links":{"self":[{"href":"https:\/\/hi-techwonder.com\/es\/wp-json\/wp\/v2\/product\/73790","targetHints":{"allow":["GET"]}}],"collection":[{"href":"https:\/\/hi-techwonder.com\/es\/wp-json\/wp\/v2\/product"}],"about":[{"href":"https:\/\/hi-techwonder.com\/es\/wp-json\/wp\/v2\/types\/product"}],"replies":[{"embeddable":true,"href":"https:\/\/hi-techwonder.com\/es\/wp-json\/wp\/v2\/comments?post=73790"}],"wp:featuredmedia":[{"embeddable":true,"href":"https:\/\/hi-techwonder.com\/es\/wp-json\/wp\/v2\/media\/64279"}],"wp:attachment":[{"href":"https:\/\/hi-techwonder.com\/es\/wp-json\/wp\/v2\/media?parent=73790"}],"wp:term":[{"taxonomy":"product_brand","embeddable":true,"href":"https:\/\/hi-techwonder.com\/es\/wp-json\/wp\/v2\/product_brand?post=73790"},{"taxonomy":"product_cat","embeddable":true,"href":"https:\/\/hi-techwonder.com\/es\/wp-json\/wp\/v2\/product_cat?post=73790"},{"taxonomy":"product_tag","embeddable":true,"href":"https:\/\/hi-techwonder.com\/es\/wp-json\/wp\/v2\/product_tag?post=73790"}],"curies":[{"name":"wp","href":"https:\/\/api.w.org\/{rel}","templated":true}]}}