{"id":73791,"date":"2025-07-29T09:52:43","date_gmt":"2025-07-29T09:52:43","guid":{"rendered":"https:\/\/fv6qoy3ls0.wpdns.site\/product\/montura-sirui-50mm-jupiter-macro-cine-pl\/"},"modified":"2026-04-24T00:33:56","modified_gmt":"2026-04-23T23:33:56","slug":"sirui-montura-sirui-50mm-jupiter-macro-cine-pl","status":"publish","type":"product","link":"https:\/\/hi-techwonder.com\/es\/producto\/sirui-montura-sirui-50mm-jupiter-macro-cine-pl\/","title":{"rendered":"Montura SIRUI 50mm Jupiter Macro Cine PL"},"content":{"rendered":"<p><strong>Montura SIRUI 50mm Jupiter Macro Cine PL<\/strong><\/p>\n<p><strong>Caracter\u00edsticas principales:<\/strong><\/p>\n<ul>\n<li>Cubre el formato de fotograma completo<\/li>\n<li>Rango de apertura T2 a T22<\/li>\n<li>11 Hojas de iris<\/li>\n<li>Alambres de filtro de 92 mm<\/li>\n<li>Marcas de lentes en metros y pies<\/li>\n<li>Enfoque MOD 0.8 estilo cine y engranajes de iris<\/li>\n<li>Distancia m\u00ednima de enfoque de 9.4&#8243;<\/li>\n<li>Rotaci\u00f3n de enfoque de 220\u00b0<\/li>\n<\/ul>\n<p><iframe loading=\"lazy\" src=\"https:\/\/www.youtube.com\/embed\/ew0d6Ehf8EY\" width=\"560\" height=\"314\" allowfullscreen=\"allowfullscreen\"><\/iframe><\/p>\n<p>Este lente de cine macro de fotograma completo Jupiter 50mm T2 de Sirui captura fotos macro n\u00edtidas con sensores de c\u00e1mara de fotograma completo utilizando su montura ARRI PL. Tiene un rango de apertura de T2 a T22 para una profundidad de campo profunda o reducida, dependiendo de su visi\u00f3n cinematogr\u00e1fica. Una construcci\u00f3n de lente de 13 elementos en 10 grupos crea un bokeh suave y circular con una respiraci\u00f3n de enfoque m\u00ednima. El anillo de enfoque puede girar hasta 220\u00b0, y los anillos de enfoque e iris cuentan con engranajes de 0.8 MOD est\u00e1ndar de cine para controles manuales intuitivos.   <\/p>\n<p>La distancia de enfoque y las marcas de iris se muestran en metros y pies. La lente tiene una distancia m\u00ednima de enfoque de 9.4&#8243; para compatibilidad con muchas carcasas y adaptadores mate. Una rosca de filtro de 92 mm con un paso de filtro de 0,75 le permite colocar los filtros de su elecci\u00f3n para personalizar a\u00fan m\u00e1s la calidad de la luz y los efectos de la lente.  <\/p>\n<p>Apertura m\u00e1xima T2 para una ventaja con poca luz, mayor profundidad de campo y mayor \u00e1rea de enfoque<\/p>\n<p>Engranajes de iris y enfoque MOD 0.8 est\u00e1ndar de cine compatibles con controles de enfoque e iris, posicionamiento unificado en distancias focales<\/p>\n<p>Construcci\u00f3n de lentes de 13 elementos en 10 grupos para un bokeh suave y circular<\/p>\n<p>Enfoque manualmente objetos a una distancia de hasta 9.4&#8243;<\/p>\n<p>Capaz de grabar video a resoluci\u00f3n 8K<\/p>\n<p>Juego de 10 cu\u00f1as incluidas para ajustar la distancia de la brida<\/p>\n<p><strong>En la caja:<\/strong><\/p>\n<ul>\n<li>Lente de cine macro de fotograma completo Sirui Jupiter 50mm T2 (montura PL)<\/li>\n<li>10 x Cu\u00f1a<\/li>\n<li>Cubierta frontal del objetivo<\/li>\n<li>Tapa trasera del objetivo<\/li>\n<li>4 x Tornillo<\/li>\n<li>2 x Pegatina de lente<\/li>\n<li>Monedero<\/li>\n<li>Destornillador<\/li>\n<\/ul>\n","protected":false},"excerpt":{"rendered":"<p>Montura SIRUI 50mm Jupiter Macro Cine PL Caracter\u00edsticas principales: Cubre el formato de fotograma completo Rango de apertura T2 a<\/p>\n","protected":false},"featured_media":55404,"comment_status":"closed","ping_status":"open","template":"","meta":{"_acf_changed":false},"product_brand":[2062],"product_cat":[356],"product_tag":[],"class_list":{"0":"post-73791","1":"product","2":"type-product","3":"status-publish","4":"has-post-thumbnail","6":"product_brand-sirui","7":"product_cat-cinema","9":"first","10":"onbackorder","11":"taxable","12":"shipping-taxable","13":"purchasable","14":"product-type-simple"},"bundled_by":[],"bundle_stock_status":"onbackorder","bundle_stock_quantity":null,"bundle_virtual":false,"bundle_layout":"","bundle_add_to_cart_form_location":"","bundle_editable_in_cart":false,"bundle_sold_individually_context":"","bundle_item_grouping":"","bundle_min_size":"","bundle_max_size":"","bundle_price":[],"bundled_items":[],"bundle_sell_ids":[],"acf":[],"_links":{"self":[{"href":"https:\/\/hi-techwonder.com\/es\/wp-json\/wp\/v2\/product\/73791","targetHints":{"allow":["GET"]}}],"collection":[{"href":"https:\/\/hi-techwonder.com\/es\/wp-json\/wp\/v2\/product"}],"about":[{"href":"https:\/\/hi-techwonder.com\/es\/wp-json\/wp\/v2\/types\/product"}],"replies":[{"embeddable":true,"href":"https:\/\/hi-techwonder.com\/es\/wp-json\/wp\/v2\/comments?post=73791"}],"wp:featuredmedia":[{"embeddable":true,"href":"https:\/\/hi-techwonder.com\/es\/wp-json\/wp\/v2\/media\/55404"}],"wp:attachment":[{"href":"https:\/\/hi-techwonder.com\/es\/wp-json\/wp\/v2\/media?parent=73791"}],"wp:term":[{"taxonomy":"product_brand","embeddable":true,"href":"https:\/\/hi-techwonder.com\/es\/wp-json\/wp\/v2\/product_brand?post=73791"},{"taxonomy":"product_cat","embeddable":true,"href":"https:\/\/hi-techwonder.com\/es\/wp-json\/wp\/v2\/product_cat?post=73791"},{"taxonomy":"product_tag","embeddable":true,"href":"https:\/\/hi-techwonder.com\/es\/wp-json\/wp\/v2\/product_tag?post=73791"}],"curies":[{"name":"wp","href":"https:\/\/api.w.org\/{rel}","templated":true}]}}