{"id":73804,"date":"2025-07-29T09:44:04","date_gmt":"2025-07-29T09:44:04","guid":{"rendered":"https:\/\/fv6qoy3ls0.wpdns.site\/product\/sirui-af-23mm-f-1-2-sniper-fujifilm-x-negro\/"},"modified":"2026-04-16T00:11:51","modified_gmt":"2026-04-15T23:11:51","slug":"sirui-af-23mm-f-1-2-sniper-fujifilm-x-negro","status":"publish","type":"product","link":"https:\/\/hi-techwonder.com\/es\/producto\/sirui-af-23mm-f-1-2-sniper-fujifilm-x-negro\/","title":{"rendered":"SIRUI AF 23mm f\/1.2 Sniper &#8211; Fujifilm X (Negro)"},"content":{"rendered":"<h3>SIRUI AF 23mm f\/1.2 Sniper &#8211; Fuji X (Negro)<\/h3>\n<ul>\n<li>Compatible con enfoque autom\u00e1tico<\/li>\n<li>APS-C | Montura Fuji X<\/li>\n<li>Distancia focal 23 mm (equivalente a 35 mm en Full Frame)<\/li>\n<li>Apertura m\u00e1xima f\/1.2<\/li>\n<li>Puerto USB-C para actualizaciones de firmware<\/li>\n<\/ul>\n<p><iframe loading=\"lazy\" src=\"https:\/\/www.youtube.com\/embed\/8ApIZQeknhk\" width=\"560\" height=\"314\" allowfullscreen=\"allowfullscreen\"><\/iframe><\/p>\n<p>Los nuevos objetivos Sirui de la serie Sniper son los primeros objetivos de la marca con enfoque autom\u00e1tico. Esta serie consta de lentes ultrarr\u00e1pidos de apertura f\/1.2, para sensores APS-C y dimensiones similares. El objetivo Sirui AF 23mm f\/1.2 Sniper &#8211; Fuji X (Negro) es un objetivo fijo gran angular ultrarr\u00e1pido dise\u00f1ado para c\u00e1maras sin espejo Fuji X. El dise\u00f1o \u00f3ptico comprende un elemento de dispersi\u00f3n extra baja y seis elementos de alto \u00edndice de refracci\u00f3n, que ayudan a reducir las aberraciones crom\u00e1ticas para una alta claridad y colores precisos. La lente mide 92,2 mm de longitud, equivalente a las otras lentes de la serie, lo que facilita el uso de m\u00faltiples lentes e intercambiarlas en conjunto con un card\u00e1n.   &nbsp;  Con una rosca de filtro de 58 mm, permite el uso de la mayor\u00eda de filtros convencionales, d\u00e1ndole rienda suelta a la creatividad. Con una distancia m\u00ednima de enfoque de 30 cm, te permite acercarte al sujeto, y con el dise\u00f1o \u00f3ptico te permite crear un fant\u00e1stico bokeh en las zonas desenfocadas. <\/p>\n<ul>\n<li>El gran angular prime est\u00e1 dise\u00f1ado para c\u00e1maras con sensor APS-C, donde proporciona una distancia focal equivalente a 35 mm.<\/li>\n<li>La apertura m\u00e1xima brillante de f\/1.2 beneficia el trabajo en condiciones de iluminaci\u00f3n dif\u00edciles y tambi\u00e9n le brinda un amplio control sobre la posici\u00f3n de enfoque cuando se utilizan t\u00e9cnicas de poca profundidad de campo.<\/li>\n<li>Los contactos electr\u00f3nicos transmiten datos Exif y permiten la selecci\u00f3n de apertura basada en la c\u00e1mara. Adem\u00e1s, un puerto USB-C incorporado le permite actualizar el firmware de la lente. <\/li>\n<li>El diafragma de 11 hojas contribuye a una agradable calidad de bokeh.<\/li>\n<li>El parasol en forma de p\u00e9talo incluido protege el elemento frontal de la luz par\u00e1sita que causa reflejos y tambi\u00e9n ofrece cierta protecci\u00f3n f\u00edsica adicional.<\/li>\n<\/ul>\n<h4>Caracter\u00edsticas t\u00e9cnicas:<\/h4>\n<table style=\"width: 673px; height: 313.541px;\" width=\"584\">\n<tbody>\n<tr style=\"height: 22.3958px;\">\n<td style=\"width: 323.104px; height: 22.3958px;\" width=\"292\">Distancia focal<\/td>\n<td style=\"width: 322.312px; height: 22.3958px;\" width=\"292\">23 mm (equivalente a fotograma completo: 35 mm)<\/td>\n<\/tr>\n<tr style=\"height: 22.3958px;\">\n<td style=\"width: 323.104px; height: 22.3958px;\" width=\"292\">Apertura<\/td>\n<p> m\u00e1xima<\/p>\n<td style=\"width: 322.312px; height: 22.3958px;\" width=\"292\">f\/1.2<\/td>\n<\/tr>\n<tr style=\"height: 22.3958px;\">\n<td style=\"width: 323.104px; height: 22.3958px;\" width=\"292\">Apertura<\/td>\n<p> m\u00ednima<\/p>\n<td style=\"width: 322.312px; height: 22.3958px;\" width=\"292\">f\/16<\/td>\n<\/tr>\n<tr style=\"height: 22.3958px;\">\n<td style=\"width: 323.104px; height: 22.3958px;\" width=\"292\">Montura<\/td>\n<td style=\"width: 322.312px; height: 22.3958px;\" width=\"292\">Fuji X<\/td>\n<\/tr>\n<tr style=\"height: 22.3958px;\">\nCobertura del formato <\/p>\n<td style=\"width: 323.104px; height: 22.3958px;\" width=\"292\">de la lente<\/td>\n<td style=\"width: 322.312px; height: 22.3958px;\" width=\"292\">APS-C<\/td>\n<\/tr>\n<tr style=\"height: 22.3958px;\">\n<td style=\"width: 323.104px; height: 22.3958px;\" width=\"292\">\u00c1ngulo de rotaci\u00f3n del anillo<\/td>\n<p> de enfoque <\/p>\n<td style=\"width: 322.312px; height: 22.3958px;\" width=\"292\">360\u00b0<\/td>\n<\/tr>\n<tr style=\"height: 22.3958px;\">\nDistancia <\/p>\n<td style=\"width: 323.104px; height: 22.3958px;\" width=\"292\">m\u00ednima de enfoque<\/td>\n<td style=\"width: 322.312px; height: 22.3958px;\" width=\"292\">30 cm<\/td>\n<\/tr>\n<tr style=\"height: 22.3958px;\">\n<td style=\"width: 323.104px; height: 22.3958px;\" width=\"292\">Dise\u00f1o \u00f3ptico<\/td>\n<td style=\"width: 322.312px; height: 22.3958px;\" width=\"292\">12 elementos en 11 grupos<\/td>\n<\/tr>\n<tr style=\"height: 22.3958px;\">\n<td style=\"width: 323.104px; height: 22.3958px;\" width=\"292\">Hojas de diafragma<\/td>\n<td style=\"width: 322.312px; height: 22.3958px;\" width=\"292\">11<\/td>\n<\/tr>\n<tr style=\"height: 22.3958px;\">\n<td style=\"width: 323.104px; height: 22.3958px;\" width=\"292\">Tipo de<\/td>\n<p> enfoque<\/p>\n<td style=\"width: 322.312px; height: 22.3958px;\" width=\"292\">Enfoque autom\u00e1tico<\/td>\n<\/tr>\n<tr style=\"height: 22.3958px;\">\nEstabilizaci\u00f3n <\/p>\n<td style=\"width: 323.104px; height: 22.3958px;\" width=\"292\">de imagen<\/td>\n<td style=\"width: 322.312px; height: 22.3958px;\" width=\"292\">No<\/td>\n<\/tr>\n<tr style=\"height: 22.3958px;\">\n<td style=\"width: 323.104px; height: 22.3958px;\" width=\"292\">Tama\u00f1o del<\/td>\n<p> filtro<\/p>\n<td style=\"width: 322.312px; height: 22.3958px;\" width=\"292\">58 mm (delantero)<\/td>\n<\/tr>\n<tr style=\"height: 22.3958px;\">\n<td style=\"width: 323.104px; height: 22.3958px;\" width=\"292\">Dimensiones (L)<\/td>\n<td style=\"width: 322.312px; height: 22.3958px;\" width=\"292\">92,2 mil\u00edmetros<\/td>\n<\/tr>\n<tr style=\"height: 22.3958px;\">\n<td style=\"width: 323.104px; height: 22.3958px;\" width=\"292\">Peso<\/td>\n<td style=\"width: 322.312px; height: 22.3958px;\" width=\"292\">380 gramos<\/td>\n<\/tr>\n<\/tbody>\n<\/table>\n","protected":false},"excerpt":{"rendered":"<p>SIRUI AF 23mm f\/1.2 Sniper &#8211; Fuji X (Negro) Compatible con enfoque autom\u00e1tico APS-C | Montura Fuji X Distancia focal<\/p>\n","protected":false},"featured_media":53209,"comment_status":"closed","ping_status":"open","template":"","meta":{"_acf_changed":false},"product_brand":[2597],"product_cat":[1062],"product_tag":[],"class_list":{"0":"post-73804","1":"product","2":"type-product","3":"status-publish","4":"has-post-thumbnail","6":"product_brand-sirui-es","7":"product_cat-mirrorless-objectivos","8":"pa_abertura-maxima-f-1-2-es","10":"first","11":"instock","12":"taxable","13":"shipping-taxable","14":"purchasable","15":"product-type-simple"},"bundled_by":[],"bundle_stock_status":"instock","bundle_stock_quantity":1,"bundle_virtual":false,"bundle_layout":"","bundle_add_to_cart_form_location":"","bundle_editable_in_cart":false,"bundle_sold_individually_context":"","bundle_item_grouping":"","bundle_min_size":"","bundle_max_size":"","bundle_price":[],"bundled_items":[],"bundle_sell_ids":[],"acf":[],"_links":{"self":[{"href":"https:\/\/hi-techwonder.com\/es\/wp-json\/wp\/v2\/product\/73804","targetHints":{"allow":["GET"]}}],"collection":[{"href":"https:\/\/hi-techwonder.com\/es\/wp-json\/wp\/v2\/product"}],"about":[{"href":"https:\/\/hi-techwonder.com\/es\/wp-json\/wp\/v2\/types\/product"}],"replies":[{"embeddable":true,"href":"https:\/\/hi-techwonder.com\/es\/wp-json\/wp\/v2\/comments?post=73804"}],"wp:featuredmedia":[{"embeddable":true,"href":"https:\/\/hi-techwonder.com\/es\/wp-json\/wp\/v2\/media\/53209"}],"wp:attachment":[{"href":"https:\/\/hi-techwonder.com\/es\/wp-json\/wp\/v2\/media?parent=73804"}],"wp:term":[{"taxonomy":"product_brand","embeddable":true,"href":"https:\/\/hi-techwonder.com\/es\/wp-json\/wp\/v2\/product_brand?post=73804"},{"taxonomy":"product_cat","embeddable":true,"href":"https:\/\/hi-techwonder.com\/es\/wp-json\/wp\/v2\/product_cat?post=73804"},{"taxonomy":"product_tag","embeddable":true,"href":"https:\/\/hi-techwonder.com\/es\/wp-json\/wp\/v2\/product_tag?post=73804"}],"curies":[{"name":"wp","href":"https:\/\/api.w.org\/{rel}","templated":true}]}}