{"id":73806,"date":"2025-07-29T09:19:49","date_gmt":"2025-07-29T09:19:49","guid":{"rendered":"https:\/\/fv6qoy3ls0.wpdns.site\/product\/sirui-sony-e-adaptador-para-35mm-f-1-8-anamorfico-1-33x\/"},"modified":"2025-07-29T09:19:49","modified_gmt":"2025-07-29T09:19:49","slug":"sirui-sony-e-adaptador-para-35mm-f-1-8-anamorfico-1-33x","status":"publish","type":"product","link":"https:\/\/hi-techwonder.com\/es\/producto\/sirui-sony-e-adaptador-para-35mm-f-1-8-anamorfico-1-33x\/","title":{"rendered":"SIRUI Sony E Adaptador para 35mm f\/1.8 Anam\u00f3rfico 1.33x"},"content":{"rendered":"<p><strong>Adaptador de montura SIRUI Sony E para 35mm f\/1.8 anam\u00f3rfico 1.33x<\/strong><\/p>\n<p> <strong>Caracter\u00edsticas principales<\/strong><\/p>\n<ul>\n<li>  Convierte el objetivo a Sony E<\/li>\n<li>  Mantiene un enfoque infinito<\/li>\n<\/ul>\n<p>  Convierte tu lente anam\u00f3rfico Sirui 35mm f\/1.8 de MFT a montura Sony E con este adaptador intercambiable de montura Sony E de Sirui. Dise\u00f1ado espec\u00edficamente para funcionar con la montura MFT en la lente, este es un adaptador de montura de lente semipermanente que encaja en la montura MFT de su lente y se fija con cuatro tornillos usando el destornillador de punta fina incluido. Tenga en cuenta que una vez que su lente est\u00e9 adaptada, deber\u00e1 cambiar las c\u00e1maras de fotograma completo a APS-C para evitar el vi\u00f1eteado.  <\/p>\n<p> <strong>Caracter\u00edsticas t\u00e9cnicas:<\/strong> <\/p>\n<table class=\"table_o418fscimQZEg1oshu4aX\" style=\"box-sizing: inherit; width: 981.75px;\" data-selenium=\"specsItemGroupTable\">\n<tbody style=\"box-sizing: inherit;\">\n<tr class=\"pair_3u9fnESIQrtuEu6ye_zM4k\" style=\"box-sizing: inherit; border-bottom: 0.0625rem solid #e7e7e7;\" data-selenium=\"specsItemGroupTableRow\">\n<td class=\"value_11Av1yGkVYn9TX48mQeu9v \" style=\"box-sizing: inherit; vertical-align: baseline; font-size: 1.125rem; color: #666666; line-height: 1.375rem; padding: 1.25rem 0px 1.25rem 2.5rem;\" data-selenium=\"specsItemGroupTableColumnValue\"> Soporte para c\u00e1mara <\/td>\n<td class=\"label_3bLwbW8ibvYc5tUwpKVQsL \" style=\"box-sizing: inherit; width: 373.062px; padding: 1.25rem 0px; border-top: none; vertical-align: baseline; font-size: 1.125rem; color: #666666; line-height: 1.375rem;\" data-selenium=\"specsItemGroupTableColumnLabel\"> Sony <\/td>\n<p> E <\/tr>\n<tr class=\"pair_3u9fnESIQrtuEu6ye_zM4k\" style=\"box-sizing: inherit; border-bottom: 0.0625rem solid #e7e7e7;\" data-selenium=\"specsItemGroupTableRow\">\n<td class=\"value_11Av1yGkVYn9TX48mQeu9v\" style=\"box-sizing: inherit; vertical-align: baseline; font-size: 1.125rem; color: #666666; line-height: 1.375rem; padding: 1.25rem 0px 1.25rem 2.5rem;\" data-selenium=\"specsItemGroupTableColumnValue\"> Montura de lente Micro Cuatro Tercios<\/td>\n<td class=\"label_3bLwbW8ibvYc5tUwpKVQsL\" style=\"box-sizing: inherit; width: 373.062px; padding: 1.25rem 0px; border-top: none; vertical-align: baseline; font-size: 1.125rem; color: #666666; line-height: 1.375rem;\" data-selenium=\"specsItemGroupTableColumnLabel\"> <\/td>\n<\/tr>\n<\/tbody>\n<\/table>\n","protected":false},"excerpt":{"rendered":"<p>Adaptador de montura SIRUI Sony E para 35mm f\/1.8 anam\u00f3rfico 1.33x Caracter\u00edsticas principales Convierte el objetivo a Sony E Mantiene<\/p>\n","protected":false},"featured_media":47567,"comment_status":"closed","ping_status":"open","template":"","meta":{"_acf_changed":false},"product_brand":[2597],"product_cat":[1041],"product_tag":[],"class_list":{"0":"post-73806","1":"product","2":"type-product","3":"status-publish","4":"has-post-thumbnail","6":"product_brand-sirui-es","7":"product_cat-adaptadores-es","9":"first","10":"pre-order","11":"taxable","12":"shipping-taxable","13":"purchasable","14":"product-type-simple"},"bundled_by":[],"bundle_stock_status":"pre-order","bundle_stock_quantity":0,"bundle_virtual":false,"bundle_layout":"","bundle_add_to_cart_form_location":"","bundle_editable_in_cart":false,"bundle_sold_individually_context":"","bundle_item_grouping":"","bundle_min_size":"","bundle_max_size":"","bundle_price":[],"bundled_items":[],"bundle_sell_ids":[],"acf":[],"_links":{"self":[{"href":"https:\/\/hi-techwonder.com\/es\/wp-json\/wp\/v2\/product\/73806","targetHints":{"allow":["GET"]}}],"collection":[{"href":"https:\/\/hi-techwonder.com\/es\/wp-json\/wp\/v2\/product"}],"about":[{"href":"https:\/\/hi-techwonder.com\/es\/wp-json\/wp\/v2\/types\/product"}],"replies":[{"embeddable":true,"href":"https:\/\/hi-techwonder.com\/es\/wp-json\/wp\/v2\/comments?post=73806"}],"wp:featuredmedia":[{"embeddable":true,"href":"https:\/\/hi-techwonder.com\/es\/wp-json\/wp\/v2\/media\/47567"}],"wp:attachment":[{"href":"https:\/\/hi-techwonder.com\/es\/wp-json\/wp\/v2\/media?parent=73806"}],"wp:term":[{"taxonomy":"product_brand","embeddable":true,"href":"https:\/\/hi-techwonder.com\/es\/wp-json\/wp\/v2\/product_brand?post=73806"},{"taxonomy":"product_cat","embeddable":true,"href":"https:\/\/hi-techwonder.com\/es\/wp-json\/wp\/v2\/product_cat?post=73806"},{"taxonomy":"product_tag","embeddable":true,"href":"https:\/\/hi-techwonder.com\/es\/wp-json\/wp\/v2\/product_tag?post=73806"}],"curies":[{"name":"wp","href":"https:\/\/api.w.org\/{rel}","templated":true}]}}