{"id":73808,"date":"2025-07-29T09:19:49","date_gmt":"2025-07-29T09:19:49","guid":{"rendered":"https:\/\/fv6qoy3ls0.wpdns.site\/product\/adaptador-anamorfico-sirui-1-25x\/"},"modified":"2026-01-31T02:25:06","modified_gmt":"2026-01-31T02:25:06","slug":"sirui-adaptador-anamorfico-sirui-1-25x","status":"publish","type":"product","link":"https:\/\/hi-techwonder.com\/es\/producto\/sirui-adaptador-anamorfico-sirui-1-25x\/","title":{"rendered":"Adaptador anam\u00f3rfico SIRUI 1.25x"},"content":{"rendered":"<h3>Adaptador anam\u00f3rfico SIRUI 1.25x<\/h3>\n<ul>\n<li>Adaptador de sujeci\u00f3n anam\u00f3rfico 1.25x<\/li>\n<li>Para objetivos con un di\u00e1metro frontal de hasta 85 mm<\/li>\n<li>Se monta en lentes de rosca frontal de 82 mm<\/li>\n<li>Crea im\u00e1genes 16:9 en sensores 4:3<\/li>\n<li>2x Squeeze en lentes anam\u00f3rficos de 1.6x<\/li>\n<li>Crea im\u00e1genes de 20:9 con esf\u00e9ricas de 16:9<\/li>\n<li>Para c\u00e1maras de fotograma completo, APS-C y MFT<\/li>\n<li>Dise\u00f1o compacto y ligero<\/li>\n<li>Incluye anillo elevador de 92 mm<\/li>\n<li>Incluye anillos reductores de 67, 72 y 77 mm<\/li>\n<\/ul>\n<p>El adaptador anam\u00f3rfico Sirui 1.25x le permite convertir cualquier lente esf\u00e9rica en anam\u00f3rfica o aumentar la relaci\u00f3n de compresi\u00f3n de una lente anam\u00f3rfica existente. \u00daselo para crear un efecto anam\u00f3rfico de 1.25x con una lente esf\u00e9rica, o una compresi\u00f3n de 2x con una lente anam\u00f3rfica de 1.6x. Este adaptador ligero y compacto se monta en los objetivos a trav\u00e9s de una rosca trasera de 82 mm y se puede adaptar utilizando el aumento de 92 mm incluido o los anillos de reducci\u00f3n de 67, 72 y 77 mm.  <\/p>\n<h4>Para lentes esf\u00e9ricas y anam\u00f3rficas<\/h4>\n<p>Transforma pr\u00e1cticamente cualquier lente esf\u00e9rica en una anam\u00f3rfica o aumenta la relaci\u00f3n de compresi\u00f3n de una lente anam\u00f3rfica.<\/p>\n<p>Crea una compresi\u00f3n de 1,25x en lentes esf\u00e9ricas.<\/p>\n<h4>Compresi\u00f3n 2x con lentes de 1.6x<\/h4>\n<p>Crea una compresi\u00f3n s\u00faper gran angular de 2x cuando se usa con una lente anam\u00f3rfica de 1.6x.<\/p>\n<p>Mejora los efectos anam\u00f3rficos y permite el reencuadre.<\/p>\n<p><img loading=\"lazy\" decoding=\"async\" src=\"https:\/\/cdn.shopify.com\/s\/files\/1\/0449\/9344\/6037\/files\/26.jpg?v=1663141090\" alt=\"\" width=\"600\" height=\"276\"><\/p>\n<h4>Relaci\u00f3n de aspecto 16:9 desde 4:3<\/h4>\n<p>Crea una relaci\u00f3n de aspecto de 16:9 cuando se utiliza con c\u00e1maras con un sensor de 4:3.<\/p>\n<p>Crea una relaci\u00f3n de aspecto de 20:9 cuando se usa con lentes esf\u00e9ricas de 16:9.<\/p>\n<p><img loading=\"lazy\" decoding=\"async\" src=\"https:\/\/cdn.shopify.com\/s\/files\/1\/0449\/9344\/6037\/files\/32.jpg?v=1663141119\" alt=\"\" width=\"600\" height=\"216\"><\/p>\n<h4>Amplia compatibilidad<\/h4>\n<p>Se monta a trav\u00e9s de una rosca trasera de 82 mm y se puede utilizar con la tarjeta vertical de 92 mm y los anillos verticales de 67, 72 y 77 mm incluidos.<\/p>\n<p><img loading=\"lazy\" decoding=\"async\" src=\"https:\/\/cdn.shopify.com\/s\/files\/1\/0449\/9344\/6037\/files\/53.jpg?v=1663141759\" alt=\"\" width=\"600\" height=\"413\"><\/p>\n<h4>Enfoque frontal \u00fanico&nbsp;<\/h4>\n<p>Ajuste la lente base al infinito y use solo el adaptador para enfocar.<\/p>\n<h3>En la caja<\/h3>\n<ul>\n<li>Adaptador anam\u00f3rfico SIRUI 1.25x&nbsp;<\/li>\n<li>Anillo elevador 92mm&nbsp;<\/li>\n<li>Anillo reductor 67 mm<\/li>\n<li>Anillo reductor 72mm&nbsp;<\/li>\n<li>Anillo reductor 77 mm&nbsp;<\/li>\n<\/ul>\n<h4>Caracter\u00edsticas t\u00e9cnicas<\/h4>\n<div class=\"group_fDXOr6EpR9\" style=\"margin-bottom: 2.1875rem;font-family: OpenSans, 'Segoe UI', Helvetica, Roboto, Arial, sans-serif;font-size: 16px;background-color: #ffffff\">\n<div class=\"name_fDXOr6EpR9 firstGroupInItem_fDXOr6EpR9\" style=\"border-bottom: 0.125rem solid #cccccc;color: #3f9a59;font-size: 2rem;line-height: 2rem;padding: 0px 0px 0.875rem\" data-selenium=\"specsItemGroupName\">General<\/div>\n<table class=\"table_fDXOr6EpR9\" style=\"width: 936.657px\" data-selenium=\"specsItemGroupTable\">\n<tbody>\n<tr class=\"pair_KqJ3Q3GPKv\" style=\"border-bottom: 0.0625rem solid #e5e5e5\" data-selenium=\"specsItemGroupTableRow\">\n<td class=\"label_KqJ3Q3GPKv \" style=\"border-top: none;padding: 1.25rem 0px;width: 355.928px;color: #666666;font-size: 1.125rem;line-height: 1.375rem;vertical-align: baseline\" data-selenium=\"specsItemGroupTableColumnLabel\">Compatibilidad<\/td>\n<td class=\"value_KqJ3Q3GPKv \" style=\"color: #666666;font-size: 1.125rem;line-height: 1.375rem;vertical-align: baseline;padding: 1.25rem 0px 1.25rem 2.5rem\" data-selenium=\"specsItemGroupTableColumnValue\">\n<div class=\"expandableValue_KqJ3Q3GPKv\">Sirui&nbsp;Lentes anam\u00f3rficos FF 1.6x 75, 100, 135 mm &#8211; Fotograma completo<br \/>Sirui&nbsp;1.6x Objetivos anam\u00f3rficos FF&nbsp;35, 50 mm &#8211; S35<br \/>Sirui&nbsp;1,33 objetivos anam\u00f3rficos 50, 75 &#8211; APS-C<br \/>Sirui&nbsp;Objetivos anam\u00f3rficos 1.33x 24, 35mm &#8211; M4\/3<br \/>Sirui&nbsp;Lente Jupiter FF Prime Cine 50mm &#8211; Fotograma completo<br \/>Sirui&nbsp;Lente Jupiter FF Prime Cine 35mm &#8211; S35<br \/>Lentes esf\u00e9ricas Prime 42-135 mm &#8211; Fotograma completo<br \/>Objetivos esf\u00e9ricos&nbsp;Primo  <span style=\"color: #000000\">&nbsp;28-135 mm &#8211; APS-C<\/span><\/div>\n<div class=\"expandableValue_KqJ3Q3GPKv\"><span style=\"background-color: #ffffff;color: #000000\">Objetivos primarios esf\u00e9ricos 24-135 mm &#8211; M4\/3<\/span><\/div>\n<\/td>\n<\/tr>\n<tr class=\"pair_KqJ3Q3GPKv\" style=\"border-bottom: 0.0625rem solid #e5e5e5\" data-selenium=\"specsItemGroupTableRow\">\n<td class=\"label_KqJ3Q3GPKv\" style=\"border-top: none;padding: 1.25rem 0px;width: 355.928px;color: #666666;font-size: 1.125rem;line-height: 1.375rem;vertical-align: baseline\" data-selenium=\"specsItemGroupTableColumnLabel\">Relaci\u00f3n anam\u00f3rfica<\/td>\n<td class=\"value_KqJ3Q3GPKv\" style=\"color: #666666;font-size: 1.125rem;line-height: 1.375rem;vertical-align: baseline;padding: 1.25rem 0px 1.25rem 2.5rem\" data-selenium=\"specsItemGroupTableColumnValue\">\n<div class=\"expandableValue_KqJ3Q3GPKv\">1,25 veces<\/div>\n<\/td>\n<\/tr>\n<tr class=\"pair_KqJ3Q3GPKv\" style=\"border-bottom: 0.0625rem solid #e5e5e5\" data-selenium=\"specsItemGroupTableRow\">\n<td class=\"label_KqJ3Q3GPKv\" style=\"border-top: none;padding: 1.25rem 0px;width: 355.928px;color: #666666;font-size: 1.125rem;line-height: 1.375rem;vertical-align: baseline\" data-selenium=\"specsItemGroupTableColumnLabel\">M\u00e1xima apertura<\/td>\n<td class=\"value_KqJ3Q3GPKv\" style=\"color: #666666;font-size: 1.125rem;line-height: 1.375rem;vertical-align: baseline;padding: 1.25rem 0px 1.25rem 2.5rem\" data-selenium=\"specsItemGroupTableColumnValue\">\n<div class=\"expandableValue_KqJ3Q3GPKv\">T2.9<\/div>\n<\/td>\n<\/tr>\n<tr class=\"pair_KqJ3Q3GPKv\" style=\"border-bottom: 0.0625rem solid #e5e5e5\" data-selenium=\"specsItemGroupTableRow\">\n<td class=\"label_KqJ3Q3GPKv\" style=\"border-top: none;padding: 1.25rem 0px;width: 355.928px;color: #666666;font-size: 1.125rem;line-height: 1.375rem;vertical-align: baseline\" data-selenium=\"specsItemGroupTableColumnLabel\">Distancia m\u00ednima de enfoque<\/td>\n<td class=\"value_KqJ3Q3GPKv\" style=\"color: #666666;font-size: 1.125rem;line-height: 1.375rem;vertical-align: baseline;padding: 1.25rem 0px 1.25rem 2.5rem\" data-selenium=\"specsItemGroupTableColumnValue\">\n<div class=\"expandableValue_KqJ3Q3GPKv\">80 cm<\/div>\n<\/td>\n<\/tr>\n<tr class=\"pair_KqJ3Q3GPKv\" style=\"border-bottom: 0.0625rem solid #e5e5e5\" data-selenium=\"specsItemGroupTableRow\">\n<td class=\"label_KqJ3Q3GPKv\" style=\"border-top: none;padding: 1.25rem 0px;width: 355.928px;color: #666666;font-size: 1.125rem;line-height: 1.375rem;vertical-align: baseline\" data-selenium=\"specsItemGroupTableColumnLabel\">Di\u00e1metro frontal<\/td>\n<td class=\"value_KqJ3Q3GPKv\" style=\"color: #666666;font-size: 1.125rem;line-height: 1.375rem;vertical-align: baseline;padding: 1.25rem 0px 1.25rem 2.5rem\" data-selenium=\"specsItemGroupTableColumnValue\">\n<div class=\"expandableValue_KqJ3Q3GPKv\">85 mil\u00edmetros<\/div>\n<\/td>\n<\/tr>\n<tr class=\"pair_KqJ3Q3GPKv\" style=\"border-bottom: 0.0625rem solid #e5e5e5\" data-selenium=\"specsItemGroupTableRow\">\n<td class=\"label_KqJ3Q3GPKv\" style=\"border-top: none;padding: 1.25rem 0px;width: 355.928px;color: #666666;font-size: 1.125rem;line-height: 1.375rem;vertical-align: baseline\" data-selenium=\"specsItemGroupTableColumnLabel\">Di\u00e1metro m\u00e1ximo<\/td>\n<td class=\"value_KqJ3Q3GPKv\" style=\"color: #666666;font-size: 1.125rem;line-height: 1.375rem;vertical-align: baseline;padding: 1.25rem 0px 1.25rem 2.5rem\" data-selenium=\"specsItemGroupTableColumnValue\">\n<div class=\"expandableValue_KqJ3Q3GPKv\">89,6 mil\u00edmetros<\/div>\n<\/td>\n<\/tr>\n<\/tbody>\n<\/table>\n<\/div>\n<div class=\"group_fDXOr6EpR9\" style=\"margin-bottom: 2.1875rem;font-family: OpenSans, 'Segoe UI', Helvetica, Roboto, Arial, sans-serif;font-size: 16px;background-color: #ffffff\">\n<div class=\"name_fDXOr6EpR9\" style=\"border-bottom: 0.125rem solid #cccccc;color: #3f9a59;font-size: 2rem;line-height: 2rem;padding: 1rem 0px 0.875rem\" data-selenium=\"specsItemGroupName\">F\u00edsico<\/div>\n<table class=\"table_fDXOr6EpR9\" style=\"width: 936.657px\" data-selenium=\"specsItemGroupTable\">\n<tbody>\n<tr class=\"pair_KqJ3Q3GPKv\" style=\"border-bottom: 0.0625rem solid #e5e5e5\" data-selenium=\"specsItemGroupTableRow\">\n<td class=\"label_KqJ3Q3GPKv \" style=\"border-top: none;padding: 1.25rem 0px;width: 355.928px;color: #666666;font-size: 1.125rem;line-height: 1.375rem;vertical-align: baseline\" data-selenium=\"specsItemGroupTableColumnLabel\">Montura<\/td>\n<td class=\"value_KqJ3Q3GPKv \" style=\"color: #666666;font-size: 1.125rem;line-height: 1.375rem;vertical-align: baseline;padding: 1.25rem 0px 1.25rem 2.5rem\" data-selenium=\"specsItemGroupTableColumnValue\">\n<div class=\"expandableValue_KqJ3Q3GPKv\">1x 82 mm 0,75 Rosca trasera<\/div>\n<\/td>\n<\/tr>\n<tr class=\"pair_KqJ3Q3GPKv\" style=\"border-bottom: 0.0625rem solid #e5e5e5\" data-selenium=\"specsItemGroupTableRow\">\n<td class=\"label_KqJ3Q3GPKv\" style=\"border-top: none;padding: 1.25rem 0px;width: 355.928px;color: #666666;font-size: 1.125rem;line-height: 1.375rem;vertical-align: baseline\" data-selenium=\"specsItemGroupTableColumnLabel\">Color<\/td>\n<td class=\"value_KqJ3Q3GPKv\" style=\"color: #666666;font-size: 1.125rem;line-height: 1.375rem;vertical-align: baseline;padding: 1.25rem 0px 1.25rem 2.5rem\" data-selenium=\"specsItemGroupTableColumnValue\">\n<div class=\"expandableValue_KqJ3Q3GPKv\">Negro<\/div>\n<\/td>\n<\/tr>\n<tr class=\"pair_KqJ3Q3GPKv\" style=\"border-bottom: 0.0625rem solid #e5e5e5\" data-selenium=\"specsItemGroupTableRow\">\n<td class=\"label_KqJ3Q3GPKv\" style=\"border-top: none;padding: 1.25rem 0px;width: 355.928px;color: #666666;font-size: 1.125rem;line-height: 1.375rem;vertical-align: baseline\" data-selenium=\"specsItemGroupTableColumnLabel\">Dimensiones<\/td>\n<td class=\"value_KqJ3Q3GPKv\" style=\"color: #666666;font-size: 1.125rem;line-height: 1.375rem;vertical-align: baseline;padding: 1.25rem 0px 1.25rem 2.5rem\" data-selenium=\"specsItemGroupTableColumnValue\">\n<div class=\"expandableValue_KqJ3Q3GPKv\">89,6 x 58,5 mil\u00edmetros<\/div>\n<\/td>\n<\/tr>\n<tr class=\"pair_KqJ3Q3GPKv\" style=\"border-bottom: 0.0625rem solid #e5e5e5\" data-selenium=\"specsItemGroupTableRow\">\n<td class=\"label_KqJ3Q3GPKv\" style=\"border-top: none;padding: 1.25rem 0px;width: 355.928px;color: #666666;font-size: 1.125rem;line-height: 1.375rem;vertical-align: baseline\" data-selenium=\"specsItemGroupTableColumnLabel\">Peso<\/td>\n<td class=\"value_KqJ3Q3GPKv\" style=\"color: #666666;font-size: 1.125rem;line-height: 1.375rem;vertical-align: baseline;padding: 1.25rem 0px 1.25rem 2.5rem\" data-selenium=\"specsItemGroupTableColumnValue\">\n<div class=\"expandableValue_KqJ3Q3GPKv\">650 gramos<\/div>\n<\/td>\n<\/tr>\n<\/tbody>\n<\/table>\n<\/div>\n","protected":false},"excerpt":{"rendered":"<p>Adaptador anam\u00f3rfico SIRUI 1.25x Adaptador de sujeci\u00f3n anam\u00f3rfico 1.25x Para objetivos con un di\u00e1metro frontal de hasta 85 mm Se<\/p>\n","protected":false},"featured_media":47572,"comment_status":"closed","ping_status":"open","template":"","meta":{"_acf_changed":false},"product_brand":[2597],"product_cat":[1041],"product_tag":[],"class_list":{"0":"post-73808","1":"product","2":"type-product","3":"status-publish","4":"has-post-thumbnail","6":"product_brand-sirui-es","7":"product_cat-adaptadores-es","9":"first","10":"onbackorder","11":"taxable","12":"shipping-taxable","13":"purchasable","14":"product-type-simple"},"bundled_by":[],"bundle_stock_status":"onbackorder","bundle_stock_quantity":0,"bundle_virtual":false,"bundle_layout":"","bundle_add_to_cart_form_location":"","bundle_editable_in_cart":false,"bundle_sold_individually_context":"","bundle_item_grouping":"","bundle_min_size":"","bundle_max_size":"","bundle_price":[],"bundled_items":[],"bundle_sell_ids":[],"acf":[],"_links":{"self":[{"href":"https:\/\/hi-techwonder.com\/es\/wp-json\/wp\/v2\/product\/73808","targetHints":{"allow":["GET"]}}],"collection":[{"href":"https:\/\/hi-techwonder.com\/es\/wp-json\/wp\/v2\/product"}],"about":[{"href":"https:\/\/hi-techwonder.com\/es\/wp-json\/wp\/v2\/types\/product"}],"replies":[{"embeddable":true,"href":"https:\/\/hi-techwonder.com\/es\/wp-json\/wp\/v2\/comments?post=73808"}],"wp:featuredmedia":[{"embeddable":true,"href":"https:\/\/hi-techwonder.com\/es\/wp-json\/wp\/v2\/media\/47572"}],"wp:attachment":[{"href":"https:\/\/hi-techwonder.com\/es\/wp-json\/wp\/v2\/media?parent=73808"}],"wp:term":[{"taxonomy":"product_brand","embeddable":true,"href":"https:\/\/hi-techwonder.com\/es\/wp-json\/wp\/v2\/product_brand?post=73808"},{"taxonomy":"product_cat","embeddable":true,"href":"https:\/\/hi-techwonder.com\/es\/wp-json\/wp\/v2\/product_cat?post=73808"},{"taxonomy":"product_tag","embeddable":true,"href":"https:\/\/hi-techwonder.com\/es\/wp-json\/wp\/v2\/product_tag?post=73808"}],"curies":[{"name":"wp","href":"https:\/\/api.w.org\/{rel}","templated":true}]}}