{"id":73814,"date":"2025-07-29T10:10:20","date_gmt":"2025-07-29T10:10:20","guid":{"rendered":"https:\/\/fv6qoy3ls0.wpdns.site\/product\/iluminador-led-monolight-sirui-blaze-c150b-bicolor\/"},"modified":"2026-02-16T15:02:13","modified_gmt":"2026-02-16T15:02:13","slug":"sirui-iluminador-led-monolight-sirui-blaze-c150b-bicolor","status":"publish","type":"product","link":"https:\/\/hi-techwonder.com\/es\/producto\/sirui-iluminador-led-monolight-sirui-blaze-c150b-bicolor\/","title":{"rendered":"Iluminador LED monolight SIRUI Blaze C150B (bicolor)"},"content":{"rendered":"<p><strong>Iluminador <\/strong><b>monoligero LED serie SIRUI Blaze C150B (bicolor) 150W<\/b><\/p>\n<p><strong>SIRUI BLAZE SERIES LED MONOLIGHT<\/strong><\/p>\n<p>El monolight LED de la serie Sirui Blaze presenta una salida fuerte y constante, efectos de iluminaci\u00f3n realistas, una reproducci\u00f3n de color impresionante y ventiladores ultrasilenciosos, lo que lo convierte en una soluci\u00f3n de iluminaci\u00f3n ideal para una variedad de escenarios.<\/p>\n<p>Un factor de forma relativamente peque\u00f1o permite que la luz se deshaga de una montura y sea port\u00e1til para disparar r\u00e1pidamente.<\/p>\n<p><strong>ROBUSTO Y DURADERO<\/strong><\/p>\n<p>La unidad principal y la caja de control est\u00e1n s\u00f3lidamente construidas con aleaci\u00f3n de aluminio aeron\u00e1utico para una vida \u00fatil m\u00e1s larga.<\/p>\n<p>M\u00e9todos de control opcionales.<\/p>\n<p><strong>BICOLOR 12 EFECTOS DE ILUMINACI\u00d3N INCORPORADOS<\/strong><\/p>\n<p>La C150B cuenta con un rango CCT de 2800K a 8500K y 12 efectos de iluminaci\u00f3n incorporados, ideal para la producci\u00f3n de pel\u00edculas\/videos, tomas creativas, comerciales, retratos y m\u00e1s.<\/p>\n<p><strong>IMPRESIONANTE REPRODUCCI\u00d3N DEL COLOR<\/strong><\/p>\n<p>Con un alto CRI de 96 y TLCI de 98, la serie Blaze tiene la capacidad de proporcionar luz natural vibrante y reproducir colores precisos.<\/p>\n<p><strong>RUIDO DE VENTILADOR CASI NULO<\/strong><\/p>\n<p>Dos ventiladores est\u00e1n construidos internamente para garantizar una buena disipaci\u00f3n de calor a altos niveles de salida.<\/p>\n<p>Estos ventiladores de dise\u00f1o razonable son muy silenciosos, lo que hace que las luces sean ideales para entornos sensibles al sonido.<\/p>\n<p><strong>AJUSTE FLEXIBLE<\/strong><\/p>\n<p>La rotaci\u00f3n de 360\u00b0 le permite montar la luz en cualquier posici\u00f3n.<\/p>\n<p>Dos perillas de bloqueo aseguran que la horquilla est\u00e9 firmemente sujeta a la luz.<\/p>\n<p><strong>SOPORTE UNIVERSAL BOWENS<\/strong><\/p>\n<p>Con un soporte Bowens, esta luz puede funcionar con una amplia variedad de accesorios y modificadores para mayor versatilidad.<\/p>\n<p><strong>Contenido de la caja:<\/strong><\/p>\n<p>1x Monolight Bicolor LED Sirui C150B<\/p>\n<p>1x Controlador<\/p>\n<p>1x reflector<\/p>\n<p>1x Cubierta de l\u00e1mpara<\/p>\n<p>1x Cable de alimentaci\u00f3n<\/p>\n<p>1x Cable de control<\/p>\n<p>1x Estuche de transporte<\/p>\n<p>1x Abrazadera de cangrejo<\/p>\n","protected":false},"excerpt":{"rendered":"<p>Iluminador monoligero LED serie SIRUI Blaze C150B (bicolor) 150W SIRUI BLAZE SERIES LED MONOLIGHT El monolight LED de la serie<\/p>\n","protected":false},"featured_media":59404,"comment_status":"closed","ping_status":"open","template":"","meta":{"_acf_changed":false},"product_brand":[2597],"product_cat":[997],"product_tag":[],"class_list":{"0":"post-73814","1":"product","2":"type-product","3":"status-publish","4":"has-post-thumbnail","6":"product_brand-sirui-es","7":"product_cat-focos","9":"first","10":"pre-order","11":"taxable","12":"shipping-taxable","13":"purchasable","14":"product-type-simple"},"bundled_by":[],"bundle_stock_status":"pre-order","bundle_stock_quantity":null,"bundle_virtual":false,"bundle_layout":"","bundle_add_to_cart_form_location":"","bundle_editable_in_cart":false,"bundle_sold_individually_context":"","bundle_item_grouping":"","bundle_min_size":"","bundle_max_size":"","bundle_price":[],"bundled_items":[],"bundle_sell_ids":[],"acf":[],"_links":{"self":[{"href":"https:\/\/hi-techwonder.com\/es\/wp-json\/wp\/v2\/product\/73814","targetHints":{"allow":["GET"]}}],"collection":[{"href":"https:\/\/hi-techwonder.com\/es\/wp-json\/wp\/v2\/product"}],"about":[{"href":"https:\/\/hi-techwonder.com\/es\/wp-json\/wp\/v2\/types\/product"}],"replies":[{"embeddable":true,"href":"https:\/\/hi-techwonder.com\/es\/wp-json\/wp\/v2\/comments?post=73814"}],"wp:featuredmedia":[{"embeddable":true,"href":"https:\/\/hi-techwonder.com\/es\/wp-json\/wp\/v2\/media\/59404"}],"wp:attachment":[{"href":"https:\/\/hi-techwonder.com\/es\/wp-json\/wp\/v2\/media?parent=73814"}],"wp:term":[{"taxonomy":"product_brand","embeddable":true,"href":"https:\/\/hi-techwonder.com\/es\/wp-json\/wp\/v2\/product_brand?post=73814"},{"taxonomy":"product_cat","embeddable":true,"href":"https:\/\/hi-techwonder.com\/es\/wp-json\/wp\/v2\/product_cat?post=73814"},{"taxonomy":"product_tag","embeddable":true,"href":"https:\/\/hi-techwonder.com\/es\/wp-json\/wp\/v2\/product_tag?post=73814"}],"curies":[{"name":"wp","href":"https:\/\/api.w.org\/{rel}","templated":true}]}}