{"id":73815,"date":"2025-07-29T09:46:53","date_gmt":"2025-07-29T09:46:53","guid":{"rendered":"https:\/\/fv6qoy3ls0.wpdns.site\/product\/sirui-aurora-85mm-f-1-4-af-fotograma-completo-nikon-z\/"},"modified":"2026-03-26T11:25:53","modified_gmt":"2026-03-26T11:25:53","slug":"sirui-aurora-85mm-f-1-4-af-fotograma-completo-nikon-z","status":"publish","type":"product","link":"https:\/\/hi-techwonder.com\/es\/producto\/sirui-aurora-85mm-f-1-4-af-fotograma-completo-nikon-z\/","title":{"rendered":"SIRUI Aurora 85mm f\/1.4 AF Fotograma completo &#8211; Nikon Z"},"content":{"rendered":"<h3>SIRUI Aurora 85mm f\/1.4 Full-Frame AF \u2013 Rendimiento superior para retratos con enfoque autom\u00e1tico silencioso y dise\u00f1o resistente a la intemperie<\/h3>\n<p><strong>Caracter\u00edsticas principales<\/strong><\/p>\n<ul>\n<li><strong>Gran apertura de f\/1.4<\/strong>: Proporciona una toma de luz superior, ideal para escenarios con poca luz y para crear un impresionante bokeh de fondo, resaltando el sujeto.<\/li>\n<li><strong>Dise\u00f1o compacto y ligero<\/strong>: Con un peso de solo 540 g (para montura E), es ideal para sesiones de disparo prolongadas y grabaci\u00f3n con estabilizadores de card\u00e1n.<\/li>\n<li><strong>Calidad de imagen excepcional<\/strong>: La estructura \u00f3ptica incluye una lente asf\u00e9rica, dos lentes ED (dispersi\u00f3n ultrabaja) y tres lentes HRI (alto \u00edndice de refracci\u00f3n) para garantizar im\u00e1genes n\u00edtidas y detalladas.<\/li>\n<li><strong>Enfoque autom\u00e1tico r\u00e1pido, preciso y silencioso<\/strong>: motor paso a paso que garantiza un enfoque autom\u00e1tico r\u00e1pido y fluido, perfecto tanto para fotograf\u00edas como para videos, con soporte para Eye AF y seguimiento de sujetos.<\/li>\n<li><strong>Construcci\u00f3n robusta<\/strong>: Cuerpo de aleaci\u00f3n de aluminio con dise\u00f1o a prueba de polvo y humedad. Recubrimiento de fluorita en la lente frontal para protecci\u00f3n contra manchas, aceite y agua. <\/li>\n<li><strong>Botones personalizables<\/strong>: incluye el bot\u00f3n AFL (enfoque bloqueado), el interruptor AF\/MF y el bot\u00f3n de encendido\/apagado para mayor flexibilidad de control.<\/li>\n<li><strong>Amplia compatibilidad<\/strong>: Disponible en monturas sin espejo Nikon Z.<\/li>\n<\/ul>\n<p><strong>Contenido del paquete<\/strong><\/p>\n<ul>\n<li>1 Un. Lente SIRUI Aurora 85mm f\/1.4 <\/li>\n<li>1 Un. Sombrilla <\/li>\n<li>1 Un. Tapa frontal del objetivo <\/li>\n<li>1 Un. Tapa trasera del objetivo <\/li>\n<\/ul>\n<p>El <strong>SIRUI Aurora 85mm f\/1.4 AF<\/strong> es un objetivo fijo de longitud media dise\u00f1ado para capturar retratos con una calidad de imagen superior. Su r\u00e1pida apertura de f\/1.4 permite un excelente rendimiento en condiciones de poca luz y produce un bokeh suave y sorprendente, separando efectivamente al sujeto del fondo. Con una construcci\u00f3n \u00f3ptica que incluye 14 elementos en 9 grupos (1 lente asf\u00e9rica, 2 lentes ED y 3 lentes HRI), el objetivo garantiza una nitidez de borde a borde y un control efectivo de las aberraciones y distorsiones crom\u00e1ticas.  <\/p>\n<p><strong>La tecnolog\u00eda de enfoque autom\u00e1tico con motor paso a paso<\/strong> garantiza un enfoque r\u00e1pido y casi silencioso, ideal para la fotograf\u00eda de retratos y la grabaci\u00f3n de v\u00eddeo. La construcci\u00f3n robusta de aluminio y el revestimiento de fluorita en la lente frontal garantizan la resistencia contra el polvo y el agua, lo que la hace adecuada para su uso en entornos desafiantes. <\/p>\n<p><strong>Especificaciones t\u00e9cnicas<\/strong><\/p>\n<ul>\n<li><strong>Modelo<\/strong>: AF 85 mm F1.4 FF<\/li>\n<li><strong>Distancia focal<\/strong>: 85 mm<\/li>\n<li><strong>Apertura m\u00e1xima<\/strong>: f\/1.4<\/li>\n<li><strong>Apertura m\u00ednima<\/strong>: f\/16<\/li>\n<li><strong>Di\u00e1metro del filtro<\/strong>: 67 mm<\/li>\n<li><strong>Cobertura de formato<\/strong>: Fotograma completo<\/li>\n<li><strong>Estructura \u00f3ptica<\/strong>: 14 elementos en 9 grupos<\/li>\n<li><strong>Hojas de diafragma<\/strong>: 15 (crea un bokeh suave)<\/li>\n<li><strong>Distancia m\u00ednima de enfoque<\/strong>: 0,85 m<\/li>\n<li><strong>Aumento m\u00e1ximo<\/strong>: 0.1152x (1:8.68)<\/li>\n<li><strong>Tipo de enfoque<\/strong>: Enfoque autom\u00e1tico y manual<\/li>\n<li><strong>Campo de visi\u00f3n (FOV):<\/strong>\n<ul>\n<li>Diagonal: 28,64\u00b0<\/li>\n<li>Horizontal: 24,02\u00b0<\/li>\n<li>Vertical: 16,46\u00b0<\/li>\n<\/ul>\n<\/li>\n<li><strong>Dimensiones (\u00f8 x L):<\/strong>\n<ul>\n<li>Montura Z: 80,3 x 103,6 mm<\/li>\n<\/ul>\n<\/li>\n<li><strong>Peso<\/strong>:\n<ul>\n<li>Montura Z: 570 g<\/li>\n<\/ul>\n<\/li>\n<\/ul>\n<p><strong>Informaci\u00f3n adicional<\/strong><\/p>\n<ul>\n<li><strong>Recubrimientos especiales<\/strong>: Fluorita y nano multicapas para reducir el deslumbramiento y proteger las lentes.<\/li>\n<li><strong>Actualizaciones de firmware<\/strong>: A trav\u00e9s del puerto USB-C para mantener un rendimiento optimizado.<\/li>\n<li><strong>Construcci\u00f3n<\/strong>: Aleaci\u00f3n de aluminio con dise\u00f1o robusto y resistente a la intemperie.<\/li>\n<\/ul>\n","protected":false},"excerpt":{"rendered":"<p>SIRUI Aurora 85mm f\/1.4 Full-Frame AF \u2013 Rendimiento superior para retratos con enfoque autom\u00e1tico silencioso y dise\u00f1o resistente a la<\/p>\n","protected":false},"featured_media":54092,"comment_status":"closed","ping_status":"open","template":"","meta":{"_acf_changed":false},"product_brand":[2597],"product_cat":[1062],"product_tag":[],"class_list":{"0":"post-73815","1":"product","2":"type-product","3":"status-publish","4":"has-post-thumbnail","6":"product_brand-sirui-es","7":"product_cat-mirrorless-objectivos","8":"pa_abertura-maxima-f-1-4-es","10":"first","11":"instock","12":"taxable","13":"shipping-taxable","14":"purchasable","15":"product-type-simple"},"bundled_by":[],"bundle_stock_status":"instock","bundle_stock_quantity":1,"bundle_virtual":false,"bundle_layout":"","bundle_add_to_cart_form_location":"","bundle_editable_in_cart":false,"bundle_sold_individually_context":"","bundle_item_grouping":"","bundle_min_size":"","bundle_max_size":"","bundle_price":[],"bundled_items":[],"bundle_sell_ids":[],"acf":[],"_links":{"self":[{"href":"https:\/\/hi-techwonder.com\/es\/wp-json\/wp\/v2\/product\/73815","targetHints":{"allow":["GET"]}}],"collection":[{"href":"https:\/\/hi-techwonder.com\/es\/wp-json\/wp\/v2\/product"}],"about":[{"href":"https:\/\/hi-techwonder.com\/es\/wp-json\/wp\/v2\/types\/product"}],"replies":[{"embeddable":true,"href":"https:\/\/hi-techwonder.com\/es\/wp-json\/wp\/v2\/comments?post=73815"}],"wp:featuredmedia":[{"embeddable":true,"href":"https:\/\/hi-techwonder.com\/es\/wp-json\/wp\/v2\/media\/54092"}],"wp:attachment":[{"href":"https:\/\/hi-techwonder.com\/es\/wp-json\/wp\/v2\/media?parent=73815"}],"wp:term":[{"taxonomy":"product_brand","embeddable":true,"href":"https:\/\/hi-techwonder.com\/es\/wp-json\/wp\/v2\/product_brand?post=73815"},{"taxonomy":"product_cat","embeddable":true,"href":"https:\/\/hi-techwonder.com\/es\/wp-json\/wp\/v2\/product_cat?post=73815"},{"taxonomy":"product_tag","embeddable":true,"href":"https:\/\/hi-techwonder.com\/es\/wp-json\/wp\/v2\/product_tag?post=73815"}],"curies":[{"name":"wp","href":"https:\/\/api.w.org\/{rel}","templated":true}]}}