{"id":73830,"date":"2025-07-29T10:04:35","date_gmt":"2025-07-29T10:04:35","guid":{"rendered":"https:\/\/fv6qoy3ls0.wpdns.site\/product\/sirui-c150x-lite-led-bicolor-empunadura-h99-pro\/"},"modified":"2026-04-25T00:36:15","modified_gmt":"2026-04-24T23:36:15","slug":"sirui-c150x-lite-led-bicolor-empunadura-h99-pro","status":"publish","type":"product","link":"https:\/\/hi-techwonder.com\/es\/producto\/sirui-c150x-lite-led-bicolor-empunadura-h99-pro\/","title":{"rendered":"SIRUI C150X Lite LED Bicolor + Empu\u00f1adura H99 PRO"},"content":{"rendered":"<p data-start=\"110\" data-end=\"269\" class=\"\"><\/p>\n<h2 data-start=\"2404\" data-end=\"2442\" style=\"color: rgb(0, 0, 0);\">Sirui C150X Lite + H99 PRO Grip con bater\u00eda<\/h2>\n<p data-start=\"110\" data-end=\"269\" class=\"\"><\/p>\n<h2 data-start=\"136\" data-end=\"169\"><strong data-start=\"139\" data-end=\"169\">Caracter\u00edsticas principales<\/strong><\/h2>\n<ul data-start=\"170\" data-end=\"593\">\n<li data-start=\"170\" data-end=\"211\">\n<p data-start=\"172\" data-end=\"211\">Para creadores de contenido y vloggers<\/p>\n<\/li>\n<li data-start=\"212\" data-end=\"250\">\n<p data-start=\"214\" data-end=\"250\">Potencia luminosa: 5310 lux a 1 metro<\/p>\n<\/li>\n<li data-start=\"251\" data-end=\"301\">\n<p data-start=\"253\" data-end=\"301\">Temperatura de color: 2800 a 6500K (modo bicolor)<\/p>\n<\/li>\n<li data-start=\"302\" data-end=\"329\">\n<p data-start=\"304\" data-end=\"329\">\u00cdndice CRI 97 | TLCI 98<\/p>\n<\/li>\n<li data-start=\"330\" data-end=\"378\">\n<p data-start=\"332\" data-end=\"378\">Bater\u00eda o corriente continua<\/p>\n<\/li>\n<li data-start=\"379\" data-end=\"422\">\n<p data-start=\"381\" data-end=\"422\">Control mediante botones f\u00edsicos y Bluetooth<\/p>\n<\/li>\n<li data-start=\"423\" data-end=\"466\">\n<p data-start=\"425\" data-end=\"466\">Disipaci\u00f3n de calor con modo silencioso<\/p>\n<\/li>\n<li data-start=\"467\" data-end=\"519\">\n<p data-start=\"469\" data-end=\"519\">Compatible con accesorios Bowens (con adaptador)<\/p>\n<\/li>\n<li data-start=\"520\" data-end=\"558\">\n<p data-start=\"522\" data-end=\"558\">12 efectos de iluminaci\u00f3n especiales<\/p>\n<\/li>\n<li data-start=\"559\" data-end=\"593\">\n<p data-start=\"561\" data-end=\"593\">Incluye empu\u00f1adura de bater\u00eda H99 PRO<\/p>\n<p data-start=\"561\" data-end=\"593\"><\/p>\n<\/li>\n<\/ul>\n<h3 data-start=\"656\" data-end=\"696\"><strong data-start=\"660\" data-end=\"696\">Dise\u00f1o compacto y multifuncional<\/strong><\/h3>\n<ul data-start=\"697\" data-end=\"850\">\n<li data-start=\"697\" data-end=\"718\">\n<p data-start=\"699\" data-end=\"718\">Peso: solo 450 g<\/p>\n<\/li>\n<li data-start=\"719\" data-end=\"765\">\n<p data-start=\"721\" data-end=\"765\">Ideal para grabaciones m\u00f3viles y sobre la marcha<\/p>\n<\/li>\n<li data-start=\"766\" data-end=\"790\">\n<p data-start=\"768\" data-end=\"790\">Cabe en la palma de tu mano<\/p>\n<\/li>\n<li data-start=\"791\" data-end=\"850\">\n<p data-start=\"793\" data-end=\"850\">Controlable a trav\u00e9s del smartphone a trav\u00e9s de la aplicaci\u00f3n (Android\/iOS)<\/p>\n<\/li>\n<\/ul>\n<p data-start=\"110\" data-end=\"269\" class=\"\"><strong data-start=\"856\" data-end=\"877\" style=\"color: inherit; font-family: \"Source Sans Pro\", sans-serif; font-size: 24px;\">Iluminaci\u00f3n bicolor<\/strong><\/p>\n<ul data-start=\"878\" data-end=\"1081\">\n<li data-start=\"878\" data-end=\"949\">\n<p data-start=\"880\" data-end=\"949\">Rango de temperatura de color: 2800K (tungsteno) a 6500K (luz diurna)<\/p>\n<\/li>\n<li data-start=\"950\" data-end=\"998\">\n<p data-start=\"952\" data-end=\"998\">Transiciones suaves entre tonos c\u00e1lidos y fr\u00edos<\/p>\n<\/li>\n<li data-start=\"999\" data-end=\"1081\">\n<p data-start=\"1001\" data-end=\"1081\">Ideal para grabaci\u00f3n, transmisi\u00f3n, fotograf\u00eda y video en interiores y exteriores<\/p>\n<\/li>\n<\/ul>\n<h3 data-start=\"1083\" data-end=\"1120\"><strong data-start=\"1087\" data-end=\"1120\">Salida brillante y color preciso<\/strong><\/h3>\n<ul data-start=\"1121\" data-end=\"1305\">\n<li data-start=\"1121\" data-end=\"1165\">\n<p data-start=\"1123\" data-end=\"1165\">Hasta 5310 lux a 1 metro (sin modificador)<\/p>\n<\/li>\n<li data-start=\"1166\" data-end=\"1206\">\n<p data-start=\"1168\" data-end=\"1206\">Hasta 24.000 lux con reflector incluido<\/p>\n<\/li>\n<li data-start=\"1207\" data-end=\"1305\">\n<p data-start=\"1209\" data-end=\"1237\">Alta fidelidad de color:<\/p>\n<ul data-start=\"1240\" data-end=\"1305\">\n<li data-start=\"1240\" data-end=\"1251\">\n<p data-start=\"1242\" data-end=\"1251\">CRI: 97<\/p>\n<\/li>\n<li data-start=\"1254\" data-end=\"1266\">\n<p data-start=\"1256\" data-end=\"1266\">TLCI: 98<\/p>\n<\/li>\n<li data-start=\"1269\" data-end=\"1285\">\n<p data-start=\"1271\" data-end=\"1285\">TM-30 RF: 94<\/p>\n<\/li>\n<li data-start=\"1288\" data-end=\"1305\">\n<p data-start=\"1290\" data-end=\"1305\">TM-30 Rg: 103<\/p>\n<\/li>\n<\/ul>\n<\/li>\n<\/ul>\n<h3 data-start=\"1307\" data-end=\"1343\"><strong data-start=\"1311\" data-end=\"1343\">Efectos creativos incorporados<\/strong><\/h3>\n<p data-start=\"1344\" data-end=\"1382\">12 efectos de iluminaci\u00f3n preestablecidos:<\/p>\n<ul data-start=\"1383\" data-end=\"1546\">\n<li data-start=\"1383\" data-end=\"1391\">\n<p data-start=\"1385\" data-end=\"1391\">Fuego<\/p>\n<\/li>\n<li data-start=\"1392\" data-end=\"1411\">\n<p data-start=\"1394\" data-end=\"1411\">Bombilla rota<\/p>\n<\/li>\n<li data-start=\"1412\" data-end=\"1425\">\n<p data-start=\"1414\" data-end=\"1425\">Rel\u00e1mpago<\/p>\n<\/li>\n<li data-start=\"1426\" data-end=\"1435\">\n<p data-start=\"1428\" data-end=\"1435\">Flash<\/p>\n<\/li>\n<li data-start=\"1436\" data-end=\"1454\">\n<p data-start=\"1438\" data-end=\"1454\">Reciclaje de CCT<\/p>\n<\/li>\n<li data-start=\"1455\" data-end=\"1467\">\n<p data-start=\"1457\" data-end=\"1467\">Explosi\u00f3n<\/p>\n<\/li>\n<li data-start=\"1468\" data-end=\"1475\">\n<p data-start=\"1470\" data-end=\"1475\">SOS<\/p>\n<\/li>\n<li data-start=\"1476\" data-end=\"1484\">\n<p data-start=\"1478\" data-end=\"1484\">Vela<\/p>\n<\/li>\n<li data-start=\"1485\" data-end=\"1507\">\n<p data-start=\"1487\" data-end=\"1507\">Soldadura el\u00e9ctrica<\/p>\n<\/li>\n<li data-start=\"1508\" data-end=\"1517\">\n<p data-start=\"1510\" data-end=\"1517\">Mu\u00f1eca<\/p>\n<\/li>\n<li data-start=\"1518\" data-end=\"1539\">\n<p data-start=\"1520\" data-end=\"1539\">Fuegos artificiales<\/p>\n<\/li>\n<li data-start=\"1540\" data-end=\"1546\">\n<p data-start=\"1542\" data-end=\"1546\">TELEVISI\u00d3N<\/p>\n<\/li>\n<\/ul>\n<p data-start=\"110\" data-end=\"269\" class=\"\"><\/p>\n<h2 data-start=\"1553\" data-end=\"1581\"><strong data-start=\"1556\" data-end=\"1581\">Opciones de energ\u00eda<\/strong><\/h2>\n<ul data-start=\"1582\" data-end=\"1768\">\n<li data-start=\"1582\" data-end=\"1619\">\n<p data-start=\"1584\" data-end=\"1619\">Adaptador de alimentaci\u00f3n de CC incluido<\/p>\n<\/li>\n<li data-start=\"1620\" data-end=\"1669\">\n<p data-start=\"1622\" data-end=\"1669\">Bater\u00eda V-Mount (14,8 V o 26 V, no incluida)<\/p>\n<\/li>\n<li data-start=\"1670\" data-end=\"1731\">\n<p data-start=\"1672\" data-end=\"1731\">Compatible con cargadores USB-C con PD (Power Delivery)<\/p>\n<\/li>\n<li data-start=\"1732\" data-end=\"1768\">\n<p data-start=\"1734\" data-end=\"1768\">Tambi\u00e9n admite bancos de energ\u00eda con PD<\/p>\n<\/li>\n<\/ul>\n<p data-start=\"110\" data-end=\"269\" class=\"\"><\/p>\n<h2 data-start=\"1775\" data-end=\"1819\"><strong data-start=\"1778\" data-end=\"1819\">Disipaci\u00f3n de calor y modo silencioso<\/strong><\/h2>\n<ul data-start=\"1820\" data-end=\"2040\">\n<li data-start=\"1820\" data-end=\"1858\">\n<p data-start=\"1822\" data-end=\"1858\">Control autom\u00e1tico de temperatura<\/p>\n<\/li>\n<li data-start=\"1859\" data-end=\"2040\">\n<p data-start=\"1861\" data-end=\"1895\">Ventilador incorporado con 3 modos:<\/p>\n<ul data-start=\"1898\" data-end=\"2040\">\n<li data-start=\"1898\" data-end=\"1931\">\n<p data-start=\"1900\" data-end=\"1931\">Alta velocidad: 150W<\/p>\n<\/li>\n<li data-start=\"1934\" data-end=\"1968\">\n<p data-start=\"1936\" data-end=\"1968\">Velocidad media: 100W&nbsp;<\/p>\n<\/li>\n<li data-start=\"1971\" data-end=\"2040\">\n<p data-start=\"1973\" data-end=\"2040\">Ventilador apagado: funcionamiento silencioso con brillo limitado<\/p>\n<\/li>\n<\/ul>\n<\/li>\n<\/ul>\n<h2 data-start=\"2047\" data-end=\"2078\"><strong data-start=\"2050\" data-end=\"2078\">Montura Bowens opcional<\/strong><\/h2>\n<ul data-start=\"2079\" data-end=\"2201\">\n<li data-start=\"2079\" data-end=\"2117\">\n<p data-start=\"2081\" data-end=\"2117\">Soporte de accesorios patentado<\/p>\n<\/li>\n<li data-start=\"2118\" data-end=\"2201\">\n<p data-start=\"2120\" data-end=\"2201\">Compatible con el adaptador Bowens para el uso de modificadores est\u00e1ndar (no incluidos)<\/p>\n<\/li>\n<\/ul>\n<p data-start=\"110\" data-end=\"269\" class=\"\"><\/p>\n<h2 data-start=\"3021\" data-end=\"3059\" style=\"color: rgb(0, 0, 0);\">Especificaciones t\u00e9cnicas \u2013 C150X<\/h2>\n<h3 data-start=\"3060\" data-end=\"3078\" style=\"color: rgb(0, 0, 0);\">Fotometr\u00eda<\/h3>\n<ul data-start=\"3079\" data-end=\"3174\">\n<li data-start=\"3079\" data-end=\"3126\">\n<p data-start=\"3081\" data-end=\"3091\">3200K:<\/p>\n<ul data-start=\"3094\" data-end=\"3126\">\n<li data-start=\"3094\" data-end=\"3126\">\n<p data-start=\"3096\" data-end=\"3126\">4730 lux a 1m \/ 564 lux a 3m<\/p>\n<\/li>\n<\/ul>\n<\/li>\n<li data-start=\"3127\" data-end=\"3174\">\n<p data-start=\"3129\" data-end=\"3139\">6500K:<\/p>\n<ul data-start=\"3142\" data-end=\"3174\">\n<li data-start=\"3142\" data-end=\"3174\">\n<p data-start=\"3144\" data-end=\"3174\">5310 lux a 1 m \/ 652 lux a 3 m<\/p>\n<\/li>\n<\/ul>\n<\/li>\n<\/ul>\n<h3 data-start=\"3176\" data-end=\"3194\" style=\"color: rgb(0, 0, 0);\">Iluminaci\u00f3n<\/h3>\n<ul data-start=\"3195\" data-end=\"3346\">\n<li data-start=\"3195\" data-end=\"3231\">\n<p data-start=\"3197\" data-end=\"3231\">Temperatura de color: 2800 a 6500K<\/p>\n<\/li>\n<li data-start=\"3232\" data-end=\"3272\">\n<p data-start=\"3234\" data-end=\"3272\">Modos de color: luz diurna, tungsteno<\/p>\n<\/li>\n<li data-start=\"3273\" data-end=\"3303\">\n<p data-start=\"3275\" data-end=\"3303\">Regulador integrado y a trav\u00e9s de la aplicaci\u00f3n<\/p>\n<\/li>\n<li data-start=\"3304\" data-end=\"3346\">\n<p data-start=\"3306\" data-end=\"3346\">Montaje frontal: soporte patentado<\/p>\n<\/li>\n<\/ul>\n<h3 data-start=\"3348\" data-end=\"3369\" style=\"color: rgb(0, 0, 0);\">Conectividad<\/h3>\n<ul data-start=\"3370\" data-end=\"3469\">\n<li data-start=\"3370\" data-end=\"3403\">\n<p data-start=\"3372\" data-end=\"3403\">Control remoto a trav\u00e9s de Bluetooth<\/p>\n<\/li>\n<li data-start=\"3404\" data-end=\"3442\">\n<p data-start=\"3406\" data-end=\"3442\">Compatible con aplicaciones (Android e iOS)<\/p>\n<\/li>\n<li data-start=\"3443\" data-end=\"3469\">\n<p data-start=\"3445\" data-end=\"3469\">Alcance: hasta 15 metros<\/p>\n<\/li>\n<\/ul>\n<h3 data-start=\"3471\" data-end=\"3486\" style=\"color: rgb(0, 0, 0);\">Energ\u00eda<\/h3>\n<ul data-start=\"3487\" data-end=\"3804\">\n<li data-start=\"3487\" data-end=\"3652\">\n<p data-start=\"3489\" data-end=\"3510\">Fuente de alimentaci\u00f3n:<\/p>\n<ul data-start=\"3513\" data-end=\"3652\">\n<li data-start=\"3513\" data-end=\"3561\">\n<p data-start=\"3515\" data-end=\"3561\">Adaptador de CA-CC incluido (100-240 V, 50\/60 Hz)<\/p>\n<\/li>\n<li data-start=\"3564\" data-end=\"3608\">\n<p data-start=\"3566\" data-end=\"3608\">Bater\u00eda V-Mount (16,8-26 V, no incluida)<\/p>\n<\/li>\n<li data-start=\"3611\" data-end=\"3652\">\n<p data-start=\"3613\" data-end=\"3652\">Alimentaci\u00f3n USB-C (cable no incluido)<\/p>\n<\/li>\n<\/ul>\n<\/li>\n<li data-start=\"3653\" data-end=\"3670\">\n<p data-start=\"3655\" data-end=\"3670\">Consumo: 150W<\/p>\n<\/li>\n<li data-start=\"3671\" data-end=\"3744\">\n<p data-start=\"3673\" data-end=\"3689\">Entradas\/Salidas:<\/p>\n<ul data-start=\"3692\" data-end=\"3744\">\n<li data-start=\"3692\" data-end=\"3721\">\n<p data-start=\"3694\" data-end=\"3721\">1x entrada de CC tipo barril<\/p>\n<\/li>\n<li data-start=\"3724\" data-end=\"3744\">\n<p data-start=\"3726\" data-end=\"3744\">1x entrada USB-C<\/p>\n<\/li>\n<\/ul>\n<\/li>\n<li data-start=\"3745\" data-end=\"3804\">\n<p data-start=\"3747\" data-end=\"3804\">Cable incluido: 1x adaptador de CA (tipo EE. UU.) a CC (6 m)<\/p>\n<\/li>\n<\/ul>\n<h2 data-start=\"2404\" data-end=\"2442\"><strong data-start=\"2407\" data-end=\"2442\"><br \/><\/strong><\/h2>\n<h2 data-start=\"2404\" data-end=\"2442\"><iframe loading=\"lazy\" frameborder=\"0\" src=\"https:\/\/www.youtube.com\/embed\/xwN_1zL9zIE\" width=\"640\" height=\"360\" class=\"note-video-clip\" referrerpolicy=\"strict-origin-when-cross-origin\"><\/iframe><\/h2>\n<h2 data-start=\"2404\" data-end=\"2442\"><strong data-start=\"2407\" data-end=\"2442\"><br \/><\/strong><\/h2>\n<h2 data-start=\"2404\" data-end=\"2442\"><strong data-start=\"2407\" data-end=\"2442\">Sirui H99 PRO \u2013 Empu\u00f1adura de bater\u00eda<\/strong><\/h2>\n<h3 data-start=\"2443\" data-end=\"2466\"><strong data-start=\"2447\" data-end=\"2466\">Funciones<\/strong><\/h3>\n<ul data-start=\"2467\" data-end=\"2692\">\n<li data-start=\"2467\" data-end=\"2535\">\n<p data-start=\"2469\" data-end=\"2535\">Potencia: hasta 166W para luces u otros dispositivos electr\u00f3nicos<\/p>\n<\/li>\n<li data-start=\"2536\" data-end=\"2574\">\n<p data-start=\"2538\" data-end=\"2574\">Bater\u00eda incorporada: 97Wh \/ 26100mAh<\/p>\n<\/li>\n<li data-start=\"2575\" data-end=\"2630\">\n<p data-start=\"2577\" data-end=\"2630\">Carga en menos de 2 horas a trav\u00e9s de USB-C o D-Tap<\/p>\n<\/li>\n<li data-start=\"2631\" data-end=\"2692\">\n<p data-start=\"2633\" data-end=\"2640\">Salidas:<\/p>\n<ul data-start=\"2643\" data-end=\"2692\">\n<li data-start=\"2643\" data-end=\"2665\">\n<p data-start=\"2645\" data-end=\"2665\">1x USB-C (20V m\u00e1x.)<\/p>\n<\/li>\n<li data-start=\"2668\" data-end=\"2692\">\n<p data-start=\"2670\" data-end=\"2692\">1x D-Tap (22,2 V m\u00e1x.)<\/p>\n<\/li>\n<\/ul>\n<\/li>\n<\/ul>\n<h3 data-start=\"2694\" data-end=\"2708\"><strong data-start=\"2698\" data-end=\"2708\">Dise\u00f1o<\/strong><\/h3>\n<ul data-start=\"2709\" data-end=\"2927\">\n<li data-start=\"2709\" data-end=\"2732\">\n<p data-start=\"2711\" data-end=\"2732\">Construcci\u00f3n met\u00e1lica<\/p>\n<\/li>\n<li data-start=\"2733\" data-end=\"2763\">\n<p data-start=\"2735\" data-end=\"2763\">4 indicadores de carga LED<\/p>\n<\/li>\n<li data-start=\"2764\" data-end=\"2795\">\n<p data-start=\"2766\" data-end=\"2795\">Tapa protectora de goma<\/p>\n<\/li>\n<li data-start=\"2796\" data-end=\"2927\">\n<p data-start=\"2798\" data-end=\"2806\">Fijaci\u00f3n:<\/p>\n<ul data-start=\"2809\" data-end=\"2927\">\n<li data-start=\"2809\" data-end=\"2858\">\n<p data-start=\"2811\" data-end=\"2858\">Tornillo de 3\/8&#8243;-16 en la parte superior para montar la luz<\/p>\n<\/li>\n<li data-start=\"2861\" data-end=\"2927\">\n<p data-start=\"2863\" data-end=\"2927\">Roscas de 3\/8&#8243;-16 y 1\/4&#8243;-20 en la base para tr\u00edpode u otras monturas<\/p>\n<\/li>\n<\/ul>\n<\/li>\n<\/ul>\n<h3 data-start=\"2929\" data-end=\"2946\"><strong data-start=\"2933\" data-end=\"2946\">Autonom\u00eda<\/strong><\/h3>\n<ul data-start=\"2947\" data-end=\"3014\">\n<li data-start=\"2947\" data-end=\"2980\">\n<p data-start=\"2949\" data-end=\"2980\">Hasta 46 minutos con luz de 150W<\/p>\n<\/li>\n<li data-start=\"2981\" data-end=\"3014\">\n<p data-start=\"2983\" data-end=\"3014\">Hasta 60 minutos con luz de 100W<\/p>\n<\/li>\n<\/ul>\n<p data-start=\"110\" data-end=\"269\" class=\"\"><\/p>\n<h2 data-start=\"3991\" data-end=\"4014\"><strong data-start=\"3994\" data-end=\"4014\">Dimensiones y peso<\/strong><\/h2>\n<ul data-start=\"4015\" data-end=\"4145\">\n<li data-start=\"4015\" data-end=\"4047\">\n<p data-start=\"4017\" data-end=\"4047\">Dimensiones: 14 x 9,7 x 5,3 cm<\/p>\n<\/li>\n<li data-start=\"4048\" data-end=\"4063\">\n<p data-start=\"4050\" data-end=\"4063\">Peso: 450 g<\/p>\n<\/li>\n<li data-start=\"4064\" data-end=\"4095\">\n<p data-start=\"4066\" data-end=\"4095\">Peso con embalaje: 1,98 kg<\/p>\n<\/li>\n<li data-start=\"4096\" data-end=\"4145\">\n<p data-start=\"4098\" data-end=\"4145\">Dimensiones del paquete: 29,7 x 24,4 x 15,7 cm<\/p>\n<\/li>\n<\/ul>\n<p data-start=\"110\" data-end=\"269\" class=\"\"><\/p>\n<h2 data-start=\"4152\" data-end=\"4180\"><strong data-start=\"4155\" data-end=\"4180\">Contenido del paquete<\/strong><\/h2>\n<ul data-start=\"4181\" data-end=\"4638\">\n<li data-start=\"4181\" data-end=\"4358\">\n<p data-start=\"4183\" data-end=\"4222\"><strong data-start=\"4183\" data-end=\"4222\">Luz LED bicolor port\u00e1til Sirui C150X<\/strong><\/p>\n<ul data-start=\"4225\" data-end=\"4358\">\n<li data-start=\"4225\" data-end=\"4237\">\n<p data-start=\"4227\" data-end=\"4237\">Reflector<\/p>\n<\/li>\n<li data-start=\"4240\" data-end=\"4261\">\n<p data-start=\"4242\" data-end=\"4261\">Cabezal basculante<\/p>\n<\/li>\n<li data-start=\"4264\" data-end=\"4279\">\n<p data-start=\"4266\" data-end=\"4279\">Mango manual<\/p>\n<\/li>\n<li data-start=\"4282\" data-end=\"4295\">\n<p data-start=\"4284\" data-end=\"4295\">Adaptador<\/p>\n<\/li>\n<li data-start=\"4298\" data-end=\"4324\">\n<p data-start=\"4300\" data-end=\"4324\">Cable de alimentaci\u00f3n de CA<\/p>\n<\/li>\n<li data-start=\"4327\" data-end=\"4358\">\n<p data-start=\"4329\" data-end=\"4358\">Garant\u00eda limitada de 2 a\u00f1os<\/p>\n<\/li>\n<\/ul>\n<\/li>\n<li data-start=\"4360\" data-end=\"4518\">\n<p data-start=\"4362\" data-end=\"4397\"><strong data-start=\"4362\" data-end=\"4397\">Sirui H99 PRO \u2013 Empu\u00f1adura de bater\u00eda<\/strong><\/p>\n<ul data-start=\"4400\" data-end=\"4518\">\n<li data-start=\"4400\" data-end=\"4429\">\n<p data-start=\"4402\" data-end=\"4429\">Cable D-Tap para barril de CC<\/p>\n<\/li>\n<li data-start=\"4432\" data-end=\"4446\">\n<p data-start=\"4434\" data-end=\"4446\">Cable USB-C<\/p>\n<\/li>\n<li data-start=\"4449\" data-end=\"4485\">\n<p data-start=\"4451\" data-end=\"4485\">Adaptador de montaje en tr\u00edpode<\/p>\n<\/li>\n<li data-start=\"4488\" data-end=\"4518\">\n<p data-start=\"4490\" data-end=\"4518\">Garant\u00eda limitada de 1 a\u00f1o<\/p>\n<\/li>\n<\/ul>\n<\/li>\n<li data-start=\"4520\" data-end=\"4542\">\n<p data-start=\"4522\" data-end=\"4542\">Reflector adicional<\/p>\n<\/li>\n<li data-start=\"4543\" data-end=\"4568\">\n<p data-start=\"4545\" data-end=\"4568\">Cable USB-C a USB-C<\/p>\n<\/li>\n<li data-start=\"4569\" data-end=\"4614\">\n<p data-start=\"4571\" data-end=\"4614\">Cable de alimentaci\u00f3n D-Tap a CC (25 cm)<\/p>\n<\/li>\n<li data-start=\"4615\" data-end=\"4638\">\n<p data-start=\"4617\" data-end=\"4638\">Adaptador de montaje<\/p>\n<\/li>\n<\/ul>\n<p data-start=\"110\" data-end=\"269\" class=\"\"><\/p>\n<p data-start=\"110\" data-end=\"269\" class=\"\"><\/p>\n<p data-start=\"110\" data-end=\"269\" class=\"\"><\/p>\n<p data-start=\"110\" data-end=\"269\" class=\"\"><\/p>\n<ul data-start=\"3632\" data-end=\"3822\">\n<\/ul>\n","protected":false},"excerpt":{"rendered":"<p>Sirui C150X Lite + H99 PRO Grip con bater\u00eda Caracter\u00edsticas principales Para creadores de contenido y vloggers Potencia luminosa: 5310<\/p>\n","protected":false},"featured_media":57927,"comment_status":"closed","ping_status":"open","template":"","meta":{"_acf_changed":false},"product_brand":[2062],"product_cat":[377],"product_tag":[],"class_list":{"0":"post-73830","1":"product","2":"type-product","3":"status-publish","4":"has-post-thumbnail","6":"product_brand-sirui","7":"product_cat-compactos","9":"first","10":"pre-order","11":"taxable","12":"shipping-taxable","13":"purchasable","14":"product-type-simple"},"bundled_by":[],"bundle_stock_status":"pre-order","bundle_stock_quantity":null,"bundle_virtual":false,"bundle_layout":"","bundle_add_to_cart_form_location":"","bundle_editable_in_cart":false,"bundle_sold_individually_context":"","bundle_item_grouping":"","bundle_min_size":"","bundle_max_size":"","bundle_price":[],"bundled_items":[],"bundle_sell_ids":[],"acf":[],"_links":{"self":[{"href":"https:\/\/hi-techwonder.com\/es\/wp-json\/wp\/v2\/product\/73830","targetHints":{"allow":["GET"]}}],"collection":[{"href":"https:\/\/hi-techwonder.com\/es\/wp-json\/wp\/v2\/product"}],"about":[{"href":"https:\/\/hi-techwonder.com\/es\/wp-json\/wp\/v2\/types\/product"}],"replies":[{"embeddable":true,"href":"https:\/\/hi-techwonder.com\/es\/wp-json\/wp\/v2\/comments?post=73830"}],"wp:featuredmedia":[{"embeddable":true,"href":"https:\/\/hi-techwonder.com\/es\/wp-json\/wp\/v2\/media\/57927"}],"wp:attachment":[{"href":"https:\/\/hi-techwonder.com\/es\/wp-json\/wp\/v2\/media?parent=73830"}],"wp:term":[{"taxonomy":"product_brand","embeddable":true,"href":"https:\/\/hi-techwonder.com\/es\/wp-json\/wp\/v2\/product_brand?post=73830"},{"taxonomy":"product_cat","embeddable":true,"href":"https:\/\/hi-techwonder.com\/es\/wp-json\/wp\/v2\/product_cat?post=73830"},{"taxonomy":"product_tag","embeddable":true,"href":"https:\/\/hi-techwonder.com\/es\/wp-json\/wp\/v2\/product_tag?post=73830"}],"curies":[{"name":"wp","href":"https:\/\/api.w.org\/{rel}","templated":true}]}}