{"id":73832,"date":"2025-07-29T09:18:51","date_gmt":"2025-07-29T09:18:51","guid":{"rendered":"https:\/\/fv6qoy3ls0.wpdns.site\/product\/sirui-hc-110-controlador-de-humedad-cabina-110l\/"},"modified":"2026-02-02T16:21:00","modified_gmt":"2026-02-02T16:21:00","slug":"sirui-hc-110-controlador-de-humedad-cabina-110l","status":"publish","type":"product","link":"https:\/\/hi-techwonder.com\/es\/producto\/sirui-hc-110-controlador-de-humedad-cabina-110l\/","title":{"rendered":"SIRUI HC-110 Controlador de humedad Cabina 110L"},"content":{"rendered":"<p><strong>SIRUI HC-110 Controlador de humedad Cabina 110L<\/strong><\/p>\n<p style=\"box-sizing: border-box; color: #4b4b4b;\" data-darkreader-inline-color=\"\"><strong style=\"box-sizing: border-box;\">Funciones:<\/strong><\/p>\n<ul style=\"box-sizing: border-box; color: #4b4b4b;\" data-darkreader-inline-color=\"\">\n<li style=\"box-sizing: border-box;\">Proteja su equipo de la humedad y el polvo<\/li>\n<li style=\"box-sizing: border-box;\">Sistema de deshumidificaci\u00f3n controlable<\/li>\n<li style=\"box-sizing: border-box;\">LCD para facilitar la lectura<\/li>\n<li style=\"box-sizing: border-box;\">Estante ajustable<\/li>\n<li style=\"box-sizing: border-box;\">Caja de acero soldado de 1,2 mm de espesor<\/li>\n<li style=\"box-sizing: border-box;\">Puerta de vidrio templado con sello herm\u00e9tico<\/li>\n<li style=\"box-sizing: border-box;\">Funcionamiento silencioso, eficiencia energ\u00e9tica<\/li>\n<\/ul>\n<p style=\"box-sizing: border-box; color: #4b4b4b;\" data-darkreader-inline-color=\"\"><strong style=\"box-sizing: border-box;\">Contenido del paquete:<\/strong><\/p>\n<ul style=\"box-sizing: border-box; color: #4b4b4b;\" data-darkreader-inline-color=\"\">\n<li style=\"box-sizing: border-box;\">1 x Sirui HC-110 &#8211; Cabina de control de humedad &#8211; 110L<\/li>\n<\/ul>\n<p style=\"box-sizing: border-box; color: #4b4b4b;\" data-darkreader-inline-color=\"\"><strong style=\"box-sizing: border-box;\">Cabina con control de humedad SIRUI HC-50<\/strong><\/p>\n<p style=\"box-sizing: border-box; color: #4b4b4b;\" data-darkreader-inline-color=\"\">El controlador electr\u00f3nico de humedad SIRUI HC-110 es un gabinete clim\u00e1tico controlable para el almacenamiento con control de humedad de su equipo fotogr\u00e1fico y otros objetos de valor. Cuenta con un sistema de deshumidificaci\u00f3n autom\u00e1tica y una construcci\u00f3n duradera para el almacenamiento a largo plazo de art\u00edculos.<\/p>\n<p style=\"box-sizing: border-box; color: #4b4b4b;\" data-darkreader-inline-color=\"\"><strong style=\"box-sizing: border-box;\">No m\u00e1s moho, \u00f3xido o deformaci\u00f3n<\/strong><\/p>\n<p style=\"box-sizing: border-box; color: #4b4b4b;\" data-darkreader-inline-color=\"\">Para evitar el moho, el \u00f3xido, la deformaci\u00f3n, etc. de los art\u00edculos almacenados, el controlador de humedad adopta la deshumidificaci\u00f3n autom\u00e1tica, prolongando efectivamente la vida \u00fatil de sus art\u00edculos.<\/p>\n<p style=\"box-sizing: border-box; color: #4b4b4b;\" data-darkreader-inline-color=\"\">Una pantalla LCD brillante muestra la humedad interna y la temperatura en \u00b0C y \u00b0F para monitorear las condiciones del chasis. La caja est\u00e1 construida con acero soldado de 1,2 mm de espesor y una puerta de vidrio templado equipada con sellos herm\u00e9ticos. De esta manera, el contenido del gabinete est\u00e1 bien protegido de la humedad, el polvo y la suciedad.<\/p>\n<p style=\"box-sizing: border-box; color: #4b4b4b;\" data-darkreader-inline-color=\"\">El controlador de humedad HC-110 mide HxWxD 82 x 45 x 38,1 cm y cuenta con un estante de trewse ajustable, que ofrece dos compartimentos. El piso se puede ajustar seg\u00fan el tama\u00f1o del equipo. El gabinete est\u00e1 forrado con material suave para proteger el contenido de ara\u00f1azos o golpes. El controlador de humedad regula las condiciones ambientales de sus delicados objetos de valor.<\/p>\n<p style=\"box-sizing: border-box; color: #4b4b4b;\" data-darkreader-inline-color=\"\">El sistema de control mantendr\u00e1 el nivel de humedad relativa hasta 24 horas despu\u00e9s de que se apague la energ\u00eda.<\/p>\n<p style=\"box-sizing: border-box; color: #4b4b4b;\" data-darkreader-inline-color=\"\"><strong style=\"box-sizing: border-box;\">NOTA:<\/strong> La humedad interna no se puede ajustar por debajo del 25% y no contiene control de temperatura.<\/p>\n<p style=\"box-sizing: border-box; color: #4b4b4b;\" data-darkreader-inline-color=\"\"><strong style=\"box-sizing: border-box;\">El controlador de humedad regula las condiciones ambientales de sus delicados objetos de valor<\/strong><\/p>\n<p style=\"box-sizing: border-box; color: #4b4b4b;\" data-darkreader-inline-color=\"\"><strong style=\"box-sizing: border-box;\">Caracter\u00edsticas t\u00e9cnicas:<\/strong><\/p>\n<ul>\n<li>Pantalla LCD<\/li>\n<li>Control de humedad totalmente autom\u00e1tico y electr\u00f3nico<\/li>\n<li>Marco de puerta de aluminio, vidrio templado con estampado de seda<\/li>\n<li>Con cerradura (incl. dos llaves)<\/li>\n<li>Acero con recubrimiento en polvo<\/li>\n<li>Voltaje nominal: CA 110V ~ 240V 50 \/ 60Hz<\/li>\n<li>Consumo de energ\u00eda: 1.3 ~ 3.4kW \/ mes<\/li>\n<li>Temperatura ambiente de uso: 0 \u00b0C ~ 60 \u00b0C<\/li>\n<li>Rango de ajuste de humedad: 25% HR ~ 65% HR<\/li>\n<li>Rango de visualizaci\u00f3n de humedad: 20% RH ~ 99% RH<\/li>\n<li>Rango de error de medici\u00f3n de humedad: \u00b1 5% HR<\/li>\n<li>N\u00famero de estantes: 3<\/li>\n<li>Dimensiones externas: 82 x 45 x 38,1 cm (alto x ancho x profundidad)<\/li>\n<li>Dimensiones interiores: 75 x 41 x 34 cm (alto x ancho x profundidad)<\/li>\n<li>Volumen: 110L<\/li>\n<li>Peso: 23,5 kg<\/li>\n<li>Consulta el manual<strong style=\"box-sizing: border-box;\"> <a style=\"box-sizing: border-box;\" href=\"https:\/\/cdn.shopify.com\/s\/files\/1\/0449\/9344\/6037\/files\/HC40X.pdf?v=1665649575\" target=\"_blank\" rel=\"noopener\">aqu\u00ed<\/a>.<\/strong><\/li>\n<\/ul>\n","protected":false},"excerpt":{"rendered":"<p>SIRUI HC-110 Controlador de humedad Cabina 110L Funciones: Proteja su equipo de la humedad y el polvo Sistema de deshumidificaci\u00f3n<\/p>\n","protected":false},"featured_media":47400,"comment_status":"closed","ping_status":"closed","template":"","meta":{"_acf_changed":false},"product_brand":[2597],"product_cat":[2857],"product_tag":[],"class_list":{"0":"post-73832","1":"product","2":"type-product","3":"status-publish","4":"has-post-thumbnail","6":"product_brand-sirui-es","7":"product_cat-cabinas","9":"first","10":"outofstock","11":"taxable","12":"shipping-taxable","13":"purchasable","14":"product-type-simple"},"bundled_by":[],"bundle_stock_status":"outofstock","bundle_stock_quantity":null,"bundle_virtual":false,"bundle_layout":"","bundle_add_to_cart_form_location":"","bundle_editable_in_cart":false,"bundle_sold_individually_context":"","bundle_item_grouping":"","bundle_min_size":"","bundle_max_size":"","bundle_price":[],"bundled_items":[],"bundle_sell_ids":[],"acf":[],"_links":{"self":[{"href":"https:\/\/hi-techwonder.com\/es\/wp-json\/wp\/v2\/product\/73832","targetHints":{"allow":["GET"]}}],"collection":[{"href":"https:\/\/hi-techwonder.com\/es\/wp-json\/wp\/v2\/product"}],"about":[{"href":"https:\/\/hi-techwonder.com\/es\/wp-json\/wp\/v2\/types\/product"}],"replies":[{"embeddable":true,"href":"https:\/\/hi-techwonder.com\/es\/wp-json\/wp\/v2\/comments?post=73832"}],"wp:featuredmedia":[{"embeddable":true,"href":"https:\/\/hi-techwonder.com\/es\/wp-json\/wp\/v2\/media\/47400"}],"wp:attachment":[{"href":"https:\/\/hi-techwonder.com\/es\/wp-json\/wp\/v2\/media?parent=73832"}],"wp:term":[{"taxonomy":"product_brand","embeddable":true,"href":"https:\/\/hi-techwonder.com\/es\/wp-json\/wp\/v2\/product_brand?post=73832"},{"taxonomy":"product_cat","embeddable":true,"href":"https:\/\/hi-techwonder.com\/es\/wp-json\/wp\/v2\/product_cat?post=73832"},{"taxonomy":"product_tag","embeddable":true,"href":"https:\/\/hi-techwonder.com\/es\/wp-json\/wp\/v2\/product_tag?post=73832"}],"curies":[{"name":"wp","href":"https:\/\/api.w.org\/{rel}","templated":true}]}}