{"id":73833,"date":"2025-07-28T23:42:48","date_gmt":"2025-07-28T23:42:48","guid":{"rendered":"https:\/\/fv6qoy3ls0.wpdns.site\/product\/sirui-ha-77-brazo-extensible-77cm\/"},"modified":"2026-04-01T10:53:48","modified_gmt":"2026-04-01T09:53:48","slug":"sirui-ha-77-brazo-extensible-77cm","status":"publish","type":"product","link":"https:\/\/hi-techwonder.com\/es\/producto\/sirui-ha-77-brazo-extensible-77cm\/","title":{"rendered":"SIRUI HA-77 Brazo Extensible 77cm"},"content":{"rendered":"<p><strong>SIRUI HA-77 Brazo Extensible 77cm<\/strong><\/p>\n<p><strong>Funciones:<\/strong><\/p>\n<ul>\n<li>Cruceta telesc\u00f3pica de 50 a 77 cm<\/li>\n<li>Capacidad de carga: 5 kg<\/li>\n<li>Monte la c\u00e1mara perpendicular al tr\u00edpode<\/li>\n<li>\u00daselo como lanza de c\u00e1mara en miniatura<\/li>\n<\/ul>\n<p><strong>Contenido del paquete:<\/strong><\/p>\n<ul>\n<li>Brazo extensible 77cm<\/li>\n<li>Bolsa de transporte&nbsp;<\/li>\n<\/ul>\n<p>Un brazo es esencial para tomar fotos con la posici\u00f3n de la c\u00e1mara fuera del centro del tr\u00edpode, especialmente cuando se trata de fotograf\u00eda de arriba hacia abajo, macro, comida o reproducci\u00f3n, no hay forma de evitar el brazo horizontal.&nbsp;<\/p>\n<p>El aspecto especial del SIRUI HA-77 es su funci\u00f3n telesc\u00f3pica, se puede extender hasta 77 cm y, por lo tanto, es extremadamente flexible de usar.&nbsp;<\/p>\n<p>Casi cualquier posici\u00f3n de la c\u00e1mara se puede configurar con ella, girando 360\u00b0 e inclin\u00e1ndose 90\u00b0 en ambos lados.&nbsp;<\/p>\n<p>Gracias al mango de goma antideslizante de espuma, se puede operar de manera segura.&nbsp;<\/p>\n<p>Ajustable horizontalmente en 30,5 cm.&nbsp;<\/p>\n<p>Escala de longitud y \u00e1ngulo para la reproducibilidad.<\/p>\n<p>Se puede montar la segunda placa de montaje opcional.<\/p>\n<p><strong>Caracter\u00edsticas t\u00e9cnicas:<\/strong><\/p>\n<table border=\"0\" width=\"642\" cellspacing=\"0\" cellpadding=\"2\">\n<colgroup>\n<col width=\"299\">\n<col width=\"335\"> <\/colgroup>\n<tbody>\n<tr>\n<td width=\"299\"> Capacidad <\/td>\n<td width=\"335\"> 5 kg <\/td>\n<\/tr>\n<tr>\n<td width=\"299\"> Tipo de conexi\u00f3n hembra: <\/td>\n<td width=\"335\"> Una rosca de 3\/8&#8243; <\/td>\n<\/tr>\n<tr>\n<td width=\"299\"> Tipo de conexi\u00f3n macho: <\/td>\n<td width=\"335\"> 3\/8&#8243; &#8211; Reversible o 1\/4&#8243; &#8211; Montaje <\/td>\n<\/tr>\n<tr>\n<td width=\"299\"> Material de construcci\u00f3n: <\/td>\n<td width=\"335\"> Aluminio <\/td>\n<\/tr>\n<tr>\n<td width=\"299\"> Dimensiones abiertas: <\/td>\n<td width=\"335\"> De 50 x 20,1 cm a 77 x 20,1 cm <\/td>\n<\/tr>\n<tr>\n<td width=\"299\"> Dimensiones cerradas: <\/td>\n<td width=\"335\"> 37,1 x 13,5 cm <\/td>\n<\/tr>\n<tr>\n<td width=\"299\"> Peso: <\/td>\n<td width=\"335\"> 1,2 kg <\/td>\n<\/tr>\n<\/tbody>\n<\/table>\n","protected":false},"excerpt":{"rendered":"<p>SIRUI HA-77 Brazo Extensible 77cm Funciones: Cruceta telesc\u00f3pica de 50 a 77 cm Capacidad de carga: 5 kg Monte la<\/p>\n","protected":false},"featured_media":26631,"comment_status":"closed","ping_status":"open","template":"","meta":{"_acf_changed":false},"product_brand":[2597],"product_cat":[969],"product_tag":[],"class_list":{"0":"post-73833","1":"product","2":"type-product","3":"status-publish","4":"has-post-thumbnail","6":"product_brand-sirui-es","7":"product_cat-jirafas","9":"first","10":"pre-order","11":"taxable","12":"shipping-taxable","13":"purchasable","14":"product-type-simple"},"bundled_by":[],"bundle_stock_status":"pre-order","bundle_stock_quantity":null,"bundle_virtual":false,"bundle_layout":"","bundle_add_to_cart_form_location":"","bundle_editable_in_cart":false,"bundle_sold_individually_context":"","bundle_item_grouping":"","bundle_min_size":"","bundle_max_size":"","bundle_price":[],"bundled_items":[],"bundle_sell_ids":[],"acf":[],"_links":{"self":[{"href":"https:\/\/hi-techwonder.com\/es\/wp-json\/wp\/v2\/product\/73833","targetHints":{"allow":["GET"]}}],"collection":[{"href":"https:\/\/hi-techwonder.com\/es\/wp-json\/wp\/v2\/product"}],"about":[{"href":"https:\/\/hi-techwonder.com\/es\/wp-json\/wp\/v2\/types\/product"}],"replies":[{"embeddable":true,"href":"https:\/\/hi-techwonder.com\/es\/wp-json\/wp\/v2\/comments?post=73833"}],"wp:featuredmedia":[{"embeddable":true,"href":"https:\/\/hi-techwonder.com\/es\/wp-json\/wp\/v2\/media\/26631"}],"wp:attachment":[{"href":"https:\/\/hi-techwonder.com\/es\/wp-json\/wp\/v2\/media?parent=73833"}],"wp:term":[{"taxonomy":"product_brand","embeddable":true,"href":"https:\/\/hi-techwonder.com\/es\/wp-json\/wp\/v2\/product_brand?post=73833"},{"taxonomy":"product_cat","embeddable":true,"href":"https:\/\/hi-techwonder.com\/es\/wp-json\/wp\/v2\/product_cat?post=73833"},{"taxonomy":"product_tag","embeddable":true,"href":"https:\/\/hi-techwonder.com\/es\/wp-json\/wp\/v2\/product_tag?post=73833"}],"curies":[{"name":"wp","href":"https:\/\/api.w.org\/{rel}","templated":true}]}}