{"id":73834,"date":"2025-07-29T09:18:51","date_gmt":"2025-07-29T09:18:51","guid":{"rendered":"https:\/\/fv6qoy3ls0.wpdns.site\/product\/sirui-hc-70-controlador-de-humedad-cabina-70l-bulk\/"},"modified":"2026-02-15T16:30:05","modified_gmt":"2026-02-15T16:30:05","slug":"sirui-hc-70-controlador-de-humedad-cabina-70l-bulk","status":"publish","type":"product","link":"https:\/\/hi-techwonder.com\/es\/producto\/sirui-hc-70-controlador-de-humedad-cabina-70l-bulk\/","title":{"rendered":"SIRUI HC-70 Controlador de humedad Cabina 70L"},"content":{"rendered":"<p><strong>SIRUI HC-70 Controlador de humedad Cabina 70L<\/strong><\/p>\n<p><strong style=\"color: #b9b3a9;\" data-start=\"4\" data-end=\"43\"><strong style=\"color: #e34f40; font-size: 14.4px; --darkreader-inline-color: #e55b4d;\" data-darkreader-inline-color=\"\">\u00a0<\/strong><\/strong><\/p>\n<p><strong>Funciones:<\/strong><\/p>\n<ul>\n<li>Proteja su equipo de la humedad y el polvo<\/li>\n<li>Sistema de deshumidificaci\u00f3n controlable<\/li>\n<li>LCD para facilitar la lectura<\/li>\n<li>Estante ajustable<\/li>\n<li>Caja de acero soldado de 1,2 mm de espesor<\/li>\n<li>Puerta de vidrio templado con sello herm\u00e9tico<\/li>\n<li>Funcionamiento silencioso, eficiencia energ\u00e9tica<\/li>\n<\/ul>\n<p><strong>Contenido del paquete:<\/strong><\/p>\n<ul>\n<li>1 x Sirui HC-70 &#8211; Cabina de control de humedad &#8211; 70L<\/li>\n<\/ul>\n<p><strong>Cabina con control de humedad SIRUI HC-50<\/strong><\/p>\n<p>El c SIRUI HC-70 es un armario climatizable para el almacenamiento con humedad controlada de su equipo fotogr\u00e1fico y otros objetos de valor. Cuenta con un sistema de deshumidificaci\u00f3n autom\u00e1tica y una construcci\u00f3n duradera para el almacenamiento a largo plazo de art\u00edculos.<\/p>\n<p><strong>No m\u00e1s moho, \u00f3xido o deformaci\u00f3n<\/strong><\/p>\n<p>Para evitar el moho, el \u00f3xido, la deformaci\u00f3n, etc. de los art\u00edculos almacenados, el controlador de humedad adopta la deshumidificaci\u00f3n autom\u00e1tica, prolongando efectivamente la vida \u00fatil de sus art\u00edculos.<\/p>\n<p>Una pantalla LCD brillante muestra la humedad interna y la temperatura en \u00b0C y \u00b0F para monitorear las condiciones del chasis. La caja est\u00e1 construida con acero soldado de 1,2 mm de espesor y una puerta de vidrio templado equipada con sellos herm\u00e9ticos. De esta manera, el contenido del gabinete est\u00e1 bien protegido de la humedad, el polvo y la suciedad.<\/p>\n<p>El controlador de humedad HC-70 mide 68 x 40 x 33,5 cm y cuenta con un estante ajustable, que ofrece dos compartimentos. El piso se puede ajustar seg\u00fan el tama\u00f1o del equipo. El gabinete est\u00e1 forrado con material suave para proteger el contenido de ara\u00f1azos o golpes. El controlador de humedad regula las condiciones ambientales de sus delicados objetos de valor.<\/p>\n<p>El sistema de control mantendr\u00e1 el nivel de humedad relativa hasta 24 horas despu\u00e9s de que se apague la energ\u00eda.<\/p>\n<p><strong>NOTA:<\/strong> La humedad interna no se puede ajustar por debajo del 25% y no contiene control de temperatura.<\/p>\n<p><strong>El controlador de humedad regula las condiciones ambientales de sus delicados objetos de valor<\/strong><\/p>\n<p><img loading=\"lazy\" decoding=\"async\" src=\"https:\/\/cdn.shopifycdn.net\/s\/files\/1\/0449\/9344\/6037\/files\/HC40X__05.jpg?v=1629944649\" alt=\"Gabinete HC40X\" width=\"400\" height=\"317\" \/><\/p>\n<p><strong>Caracter\u00edsticas t\u00e9cnicas:<\/strong><\/p>\n<ul>\n<li style=\"box-sizing: inherit; list-style: inherit;\">Pantalla LCD<\/li>\n<li style=\"box-sizing: inherit; list-style: inherit;\">Control de humedad totalmente autom\u00e1tico y electr\u00f3nico<\/li>\n<li style=\"box-sizing: inherit; list-style: inherit;\">Marco de puerta de aluminio, vidrio templado con estampado de seda<\/li>\n<li style=\"box-sizing: inherit; list-style: inherit;\">Con cerradura (incl. dos llaves)<\/li>\n<li style=\"box-sizing: inherit; list-style: inherit;\">Acero con recubrimiento en polvo<\/li>\n<li style=\"box-sizing: inherit; list-style: inherit;\">Voltaje nominal: CA 110V ~ 240V 50 \/ 60Hz<\/li>\n<li style=\"box-sizing: inherit; list-style: inherit;\">Consumo de energ\u00eda: 1.3 ~ 3.4kW \/ mes<\/li>\n<li style=\"box-sizing: inherit; list-style: inherit;\">Temperatura ambiente de uso: 0 \u00b0C ~ 60 \u00b0C<\/li>\n<li style=\"box-sizing: inherit; list-style: inherit;\">Rango de ajuste de humedad: 25% HR ~ 65% HR<\/li>\n<li style=\"box-sizing: inherit; list-style: inherit;\">Rango de visualizaci\u00f3n de humedad: 20% RH ~ 99% RH<\/li>\n<li style=\"box-sizing: inherit; list-style: inherit;\">Rango de error de medici\u00f3n de humedad: \u00b1 5% HR<\/li>\n<li style=\"box-sizing: inherit; list-style: inherit;\">N\u00famero de estantes: 2<\/li>\n<li style=\"box-sizing: inherit; list-style: inherit;\">Dimensiones externas: 68 x 40 x 33,5 cm (alto x ancho x profundidad)<\/li>\n<li style=\"box-sizing: inherit; list-style: inherit;\">Dimensiones interiores: 61 x 36,5 x 29,5 cm (alto x ancho x profundidad)<\/li>\n<li style=\"box-sizing: inherit; list-style: inherit;\">Volumen: 70L<\/li>\n<li style=\"box-sizing: inherit; list-style: inherit; margin-bottom: 0px;\">Peso: 16,2 kg<\/li>\n<li>Consulta el manual<strong> <a href=\"https:\/\/cdn.shopify.com\/s\/files\/1\/0449\/9344\/6037\/files\/HC40X.pdf?v=1665649575\" target=\"_blank\" rel=\"noopener\">aqu\u00ed<\/a>.<\/strong><\/li>\n<\/ul>\n","protected":false},"excerpt":{"rendered":"<p>SIRUI HC-70 Controlador de humedad Cabina 70L \u00a0 Funciones: Proteja su equipo de la humedad y el polvo Sistema de<\/p>\n","protected":false},"featured_media":47394,"comment_status":"closed","ping_status":"closed","template":"","meta":{"_acf_changed":false},"product_brand":[2597],"product_cat":[2857],"product_tag":[],"class_list":{"0":"post-73834","1":"product","2":"type-product","3":"status-publish","4":"has-post-thumbnail","6":"product_brand-sirui-es","7":"product_cat-cabinas","9":"first","10":"outofstock","11":"taxable","12":"shipping-taxable","13":"purchasable","14":"product-type-simple"},"bundled_by":[],"bundle_stock_status":"outofstock","bundle_stock_quantity":null,"bundle_virtual":false,"bundle_layout":"","bundle_add_to_cart_form_location":"","bundle_editable_in_cart":false,"bundle_sold_individually_context":"","bundle_item_grouping":"","bundle_min_size":"","bundle_max_size":"","bundle_price":[],"bundled_items":[],"bundle_sell_ids":[],"acf":[],"_links":{"self":[{"href":"https:\/\/hi-techwonder.com\/es\/wp-json\/wp\/v2\/product\/73834","targetHints":{"allow":["GET"]}}],"collection":[{"href":"https:\/\/hi-techwonder.com\/es\/wp-json\/wp\/v2\/product"}],"about":[{"href":"https:\/\/hi-techwonder.com\/es\/wp-json\/wp\/v2\/types\/product"}],"replies":[{"embeddable":true,"href":"https:\/\/hi-techwonder.com\/es\/wp-json\/wp\/v2\/comments?post=73834"}],"wp:featuredmedia":[{"embeddable":true,"href":"https:\/\/hi-techwonder.com\/es\/wp-json\/wp\/v2\/media\/47394"}],"wp:attachment":[{"href":"https:\/\/hi-techwonder.com\/es\/wp-json\/wp\/v2\/media?parent=73834"}],"wp:term":[{"taxonomy":"product_brand","embeddable":true,"href":"https:\/\/hi-techwonder.com\/es\/wp-json\/wp\/v2\/product_brand?post=73834"},{"taxonomy":"product_cat","embeddable":true,"href":"https:\/\/hi-techwonder.com\/es\/wp-json\/wp\/v2\/product_cat?post=73834"},{"taxonomy":"product_tag","embeddable":true,"href":"https:\/\/hi-techwonder.com\/es\/wp-json\/wp\/v2\/product_tag?post=73834"}],"curies":[{"name":"wp","href":"https:\/\/api.w.org\/{rel}","templated":true}]}}