{"id":73837,"date":"2025-07-29T09:18:51","date_gmt":"2025-07-29T09:18:51","guid":{"rendered":"https:\/\/fv6qoy3ls0.wpdns.site\/product\/sirui-hc-30x-controlador-de-humedad-cabina-30l\/"},"modified":"2026-01-15T19:08:51","modified_gmt":"2026-01-15T19:08:51","slug":"sirui-hc-30x-controlador-de-humedad-cabina-30l","status":"publish","type":"product","link":"https:\/\/hi-techwonder.com\/es\/producto\/sirui-hc-30x-controlador-de-humedad-cabina-30l\/","title":{"rendered":"SIRUI HC-30X Controlador de humedad Cabina 30L"},"content":{"rendered":"<p><span style=\"font-size: small;\"><strong>RES\u00daMENES<\/strong><\/span><\/p>\n<ul>\n<li><span style=\"font-size: small;\">Proteja su equipo de la humedad y el polvo<br \/>\n<\/span><\/li>\n<li><span style=\"font-size: small;\">Sistema de deshumidificaci\u00f3n controlable<br \/>\n<\/span><\/li>\n<li><span style=\"font-size: small;\">LCD para facilitar la lectura<br \/>\n<\/span><\/li>\n<li><span style=\"font-size: small;\">Caja de acero soldado de 1,2 mm de espesor<br \/>\n<\/span><\/li>\n<li><span style=\"font-size: small;\">Puerta de vidrio templado con sello herm\u00e9tico<br \/>\n<\/span><\/li>\n<li><span style=\"font-size: small;\">Funcionamiento silencioso, eficiencia energ\u00e9tica<\/span><\/li>\n<\/ul>\n<p><span style=\"font-size: small;\">\u00a0<\/span><\/p>\n<p><span style=\"font-size: small;\">Un entorno controlable para almacenar su equipo de c\u00e1mara y otros objetos de valor, la cabina de control de humedad HC-30X de Sirui cuenta con un sistema de deshumidificaci\u00f3n autom\u00e1tica junto con una construcci\u00f3n duradera para el largo plazo del equipo.<br \/>\nUna pantalla LCD brillante muestra los niveles de humedad interior junto con la temperatura interior, en F\u00b0 y C\u00b0, para controlar r\u00e1pidamente las condiciones de la cabina. El exterior est\u00e1 construido con acero soldado de 1,2 mm de espesor y una puerta de vidrio templado, que tiene sellos herm\u00e9ticos para proteger tambi\u00e9n el contenido de la cabina de la humedad y el polvo del exterior.<br \/>\nEsta cabina HC-30 mide 32.5&#215;39.9&#215;33.5cm (HxWxD) y est\u00e1 dise\u00f1ada para crear las condiciones ideales para sus objetos de valor, esta cabina ayuda a eliminar la humedad y el polvo para el almacenamiento a largo plazo de una variedad de equipos.<\/p>\n<p><strong>NOTA: La humedad interior no se puede ajustar por debajo del 25% y no contiene control de temperatura.<\/strong><br \/>\n<strong><br \/>\n<\/strong><\/span><\/p>\n<ul>\n<li><span style=\"font-size: small;\"><strong>Peso de la cabina:<\/strong> 7.8Kg<\/span><\/li>\n<li><span style=\"font-size: small;\"><strong>Capacidad:<\/strong> 30L<\/span><\/li>\n<li><span style=\"font-size: small;\"><strong>Color: <\/strong>Negro<\/span><\/li>\n<\/ul>\n<p><span style=\"font-size: small;\"><br \/>\n<strong>Contenido del paquete:<\/strong><br \/>\n<\/span><\/p>\n<ul>\n<li><span style=\"font-size: small;\">1x Sirui HC-30X &#8211; Cabina de control de humedad &#8211; 30L<\/span><\/li>\n<\/ul>\n<p><span style=\"font-size: small;\">\u00a0<\/span><\/p>\n<div id=\"_mcePaste\" style=\"position: absolute; left: -10000px; top: 28px; width: 1px; height: 1px; overflow: hidden;\">\n<div id=\"yt_content\" class=\"yt-content wrap\" style=\"box-sizing: border-box; margin: 0px; padding: 0px; border: 0px none; outline: 0px none; font-size: 12px; background: #ffffff none repeat scroll 0% 0%; float: left; width: 1216px; position: relative; z-index: 1; color: #666666; font-style: normal; font-variant-ligatures: normal; font-variant-caps: normal; font-weight: normal; letter-spacing: normal; text-align: start; text-indent: 0px; text-transform: none; white-space: normal; word-spacing: 0px; -webkit-text-stroke-width: 0px; text-decoration-style: initial; text-decoration-color: initial;\">\n<div id=\"yt_main\" class=\"yt-main col-main\" style=\"box-sizing: border-box; margin: 0px; padding: 0px; border: 0px; outline: 0px; font-size: 12px; background: transparent;\">\n<div class=\"yt-main-inner yt-content-inner\" style=\"box-sizing: border-box; margin: 0px auto; padding: 0px; border: 0px; outline: 0px; font-size: 12px; background: transparent;\">\n<div class=\"container\" style=\"box-sizing: border-box; margin: 0px auto; padding: 0px 15px; border: 0px; outline: 0px; font-size: 12px; background: transparent; width: 1170px;\">\n<div class=\"row\" style=\"box-sizing: border-box; margin: 0px -15px; padding: 0px; border: 0px; outline: 0px; font-size: 12px; background: transparent;\">\n<div class=\"columns-w\" style=\"box-sizing: border-box; margin: 20px 0px 0px; padding: 0px; border: 0px; outline: 0px; font-size: 12px; background: transparent;\">\n<div class=\"yt-product-detail\" style=\"box-sizing: border-box; margin: 0px; padding: 0px; border: 0px; outline: 0px; font-size: 12px; background: transparent;\">\n<div class=\"yt-product-detail-inner\" style=\"box-sizing: border-box; margin: 0px; padding: 0px; border: 0px; outline: 0px; font-size: 12px; background: transparent;\">\n<div class=\"product-essential\" style=\"box-sizing: border-box; margin: 0px; padding: 0px; border: 0px; outline: 0px; font-size: 12px; background: transparent;\">\n<div id=\"yt_tab_products\" class=\"tab-product-detail\" style=\"box-sizing: border-box; margin: 10px 0px; padding: 0px; border: 1px solid #dddddd; outline: 0px; font-size: 12px; background: transparent; clear: both; float: left; width: 1170px;\">\n<div class=\"yt-tab-content tab-content\" style=\"box-sizing: border-box; margin: 0px 0px 0px 200px; padding: 25px 30px; border-width: 0px 0px 0px 1px; border-image: initial; outline: 0px; font-size: 12px; background: transparent; overflow: hidden; min-height: 250px; border-color: initial initial initial #dddddd; border-style: initial initial initial solid;\">\n<div id=\"yt_tab_decription\" class=\"tab-pane fade in active\" style=\"box-sizing: border-box; margin: 0px; padding: 0px; border: 0px; outline: 0px; font-size: 12px; background: transparent; opacity: 1; transition: opacity 0.15s linear; display: block;\">\n<div class=\"std\" style=\"box-sizing: border-box; margin: 0px; padding: 0px; border: 0px none; outline: 0px none; background: transparent none repeat scroll 0% 0%;\"><span style=\"font-size: small;\">Un entorno controlable para almacenar su equipo de c\u00e1mara y otros objetos de valor, la cabina de control de humedad HC-30 de Sirui cuenta con un sistema de deshumidificaci\u00f3n autom\u00e1tica junto con una construcci\u00f3n duradera para el largo plazo del equipo.<br style=\"box-sizing: border-box;\" \/>Una pantalla LCD brillante muestra los niveles de humedad interior junto con la temperatura interior, en F\u00b0 y C\u00b0, para controlar r\u00e1pidamente las condiciones de la cabina. El exterior est\u00e1 construido con acero soldado de 1,2 mm de espesor y una puerta de vidrio templado, que tiene sellos herm\u00e9ticos para proteger tambi\u00e9n el contenido de la cabina de la humedad y el polvo del exterior. \u00a0<br style=\"box-sizing: border-box;\" \/>Esta cabina HC-30 mide 32.5&#215;39.9&#215;33.5cm (HxWxD) y est\u00e1 dise\u00f1ada para crear las condiciones ideales para sus objetos de valor, esta cabina ayuda a eliminar la humedad y el polvo para el almacenamiento a largo plazo de una variedad de equipos.<strong style=\"box-sizing: border-box; font-weight: bold; margin: 0px; padding: 0px; border: 0px; outline: 0px; font-size: 12px; background: transparent;\"><br style=\"box-sizing: border-box;\" \/><br style=\"box-sizing: border-box;\" \/><span style=\"box-sizing: border-box; margin: 0px; padding: 0px; border: 0px none; outline: 0px none; background: transparent none repeat scroll 0% 0%;\">NOTA: La humedad interior no se puede ajustar por debajo del 25% y no contiene control de temperatura.<br style=\"box-sizing: border-box;\" \/><br style=\"box-sizing: border-box;\" \/>Peso de la cabina: <\/span><\/strong>7.8Kg<strong style=\"box-sizing: border-box; font-weight: bold; margin: 0px; padding: 0px; border: 0px; outline: 0px; font-size: 12px; background: transparent;\"><br style=\"box-sizing: border-box;\" \/>Capacidad: <\/strong>30L<strong style=\"box-sizing: border-box; font-weight: bold; margin: 0px; padding: 0px; border: 0px; outline: 0px; font-size: 12px; background: transparent;\"><br style=\"box-sizing: border-box;\" \/><br style=\"box-sizing: border-box;\" \/>Contenido del paquete:<br style=\"box-sizing: border-box;\" \/><\/strong>1x Sirui HC-30 &#8211; Cabina de control de humedad &#8211; 30L<\/span><\/div>\n<\/div>\n<\/div>\n<\/div>\n<\/div>\n<\/div>\n<\/div>\n<\/div>\n<\/div>\n<\/div>\n<\/div>\n<\/div>\n<\/div>\n<div id=\"yt_footer\" class=\"yt-footer wrap\" style=\"box-sizing: border-box; margin: 30px 0px 0px; padding: 0px; border: 0px none; outline: 0px none; font-size: 12px; background: #ffffff none repeat scroll 0% 0%; float: left; width: 1216px; position: relative; color: #666666; font-style: normal; font-variant-ligatures: normal; font-variant-caps: normal; font-weight: normal; letter-spacing: normal; text-align: start; text-indent: 0px; text-transform: none; white-space: normal; word-spacing: 0px; -webkit-text-stroke-width: 0px; text-decoration-style: initial; text-decoration-color: initial;\">\n<div class=\"social-fixed\" style=\"box-sizing: border-box; margin: 0px; padding: 0px; border: 0px; outline: 0px; font-size: 12px; background: transparent; position: fixed; right: 0px; top: 260px; z-index: 999;\">\n<div class=\"socials-wrap\" style=\"box-sizing: border-box; margin: 0px; padding: 0px; border: 0px; outline: 0px; font-size: 12px; background: transparent; float: left;\">\n<ul style=\"box-sizing: border-box; margin: 0px; padding: 0px; border: 0px; outline: 0px; font-size: 12px; background: transparent; list-style: none;\">\n<li style=\"box-sizing: border-box; margin: 0px; padding: 0px; border: 0px none; outline: 0px none; background: transparent none repeat scroll 0% 0%;\"><span style=\"font-size: small;\">\u00a0<\/span><\/li>\n<\/ul>\n<\/div>\n<\/div>\n<\/div>\n<\/div>\n","protected":false},"excerpt":{"rendered":"<p>RES\u00daMENES Proteja su equipo de la humedad y el polvo Sistema de deshumidificaci\u00f3n controlable LCD para facilitar la lectura Caja<\/p>\n","protected":false},"featured_media":47397,"comment_status":"closed","ping_status":"closed","template":"","meta":{"_acf_changed":false},"product_brand":[2597],"product_cat":[2857],"product_tag":[],"class_list":{"0":"post-73837","1":"product","2":"type-product","3":"status-publish","4":"has-post-thumbnail","6":"product_brand-sirui-es","7":"product_cat-cabinas","9":"first","10":"outofstock","11":"taxable","12":"shipping-taxable","13":"purchasable","14":"product-type-simple"},"bundled_by":[],"bundle_stock_status":"outofstock","bundle_stock_quantity":null,"bundle_virtual":false,"bundle_layout":"","bundle_add_to_cart_form_location":"","bundle_editable_in_cart":false,"bundle_sold_individually_context":"","bundle_item_grouping":"","bundle_min_size":"","bundle_max_size":"","bundle_price":[],"bundled_items":[],"bundle_sell_ids":[],"acf":[],"_links":{"self":[{"href":"https:\/\/hi-techwonder.com\/es\/wp-json\/wp\/v2\/product\/73837","targetHints":{"allow":["GET"]}}],"collection":[{"href":"https:\/\/hi-techwonder.com\/es\/wp-json\/wp\/v2\/product"}],"about":[{"href":"https:\/\/hi-techwonder.com\/es\/wp-json\/wp\/v2\/types\/product"}],"replies":[{"embeddable":true,"href":"https:\/\/hi-techwonder.com\/es\/wp-json\/wp\/v2\/comments?post=73837"}],"wp:featuredmedia":[{"embeddable":true,"href":"https:\/\/hi-techwonder.com\/es\/wp-json\/wp\/v2\/media\/47397"}],"wp:attachment":[{"href":"https:\/\/hi-techwonder.com\/es\/wp-json\/wp\/v2\/media?parent=73837"}],"wp:term":[{"taxonomy":"product_brand","embeddable":true,"href":"https:\/\/hi-techwonder.com\/es\/wp-json\/wp\/v2\/product_brand?post=73837"},{"taxonomy":"product_cat","embeddable":true,"href":"https:\/\/hi-techwonder.com\/es\/wp-json\/wp\/v2\/product_cat?post=73837"},{"taxonomy":"product_tag","embeddable":true,"href":"https:\/\/hi-techwonder.com\/es\/wp-json\/wp\/v2\/product_tag?post=73837"}],"curies":[{"name":"wp","href":"https:\/\/api.w.org\/{rel}","templated":true}]}}