{"id":73838,"date":"2025-07-29T09:18:57","date_gmt":"2025-07-29T09:18:57","guid":{"rendered":"https:\/\/fv6qoy3ls0.wpdns.site\/product\/sirui-hc-200-controlador-de-humedad-cabina-200l\/"},"modified":"2026-01-02T10:26:27","modified_gmt":"2026-01-02T10:26:27","slug":"sirui-hc-200-controlador-de-humedad-cabina-200l","status":"publish","type":"product","link":"https:\/\/hi-techwonder.com\/es\/producto\/sirui-hc-200-controlador-de-humedad-cabina-200l\/","title":{"rendered":"SIRUI HC-200 Controlador de humedad Cabina 200L"},"content":{"rendered":"<p><strong>SIRUI HC-200 Controlador de humedad Cabina 200L<\/strong><\/p>\n<p style=\"margin-bottom: 0cm;\"><strong>Contenido del paquete:<\/strong><\/p>\n<ul>\n<li>1 x HC-200 &#8211; Controlador de humedad Cabina 200L<\/li>\n<li>1 x Cable de alimentaci\u00f3n<\/li>\n<li>4 x Llaves<\/li>\n<li>4 x Estantes<\/li>\n<li>8 x Soportes de estante<\/li>\n<li>6 x Alfombrillas de estante<\/li>\n<\/ul>\n<p><iframe loading=\"lazy\" style=\"min-height: 500px;\" src=\"https:\/\/www.youtube.com\/embed\/yOlxD80hJx0\" width=\"560\" height=\"314\" allowfullscreen=\"allowfullscreen\"><\/iframe><\/p>\n<p>La caja de control de humedad de Sirui es un sistema electr\u00f3nico de control de humedad y es ideal para el almacenamiento a largo plazo, incluida la protecci\u00f3n de objetos de valor, joyas, lentes, equipos fotogr\u00e1ficos y \u00f3pticos, productos electr\u00f3nicos y m\u00e1s. El panel de control de botones le permite ingresar condiciones internas espec\u00edficas para el almacenamiento. La pantalla LCD de f\u00e1cil lectura muestra el porcentaje de humedad y la temperatura interna en \u00b0F\/\u00b0C. Se puede colocar un estante ajustable seg\u00fan el tama\u00f1o de los art\u00edculos almacenados.<\/p>\n<p>Interior forrado de espuma para mayor protecci\u00f3n al almacenar art\u00edculos delicados. Construido con acero laminado en fr\u00edo soldado de 1,2 mm de espesor y la puerta est\u00e1 hecha de vidrio templado. El sello herm\u00e9tico evita que el polvo o la humedad entren en la cabina. El sistema de control mantendr\u00e1 el nivel de humedad relativa hasta 24 horas despu\u00e9s de que se apague la energ\u00eda. El sistema de deshumidificaci\u00f3n controla r\u00e1pidamente los niveles de humedad y temperatura, es energ\u00e9ticamente eficiente y funciona silenciosamente.<\/p>\n<p><strong>Caracter\u00edsticas t\u00e9cnicas:<\/strong><\/p>\n<table border=\"0\" width=\"642\" cellspacing=\"0\" cellpadding=\"2\">\n<colgroup>\n<col width=\"299\" \/>\n<col width=\"335\" \/> <\/colgroup>\n<tbody>\n<tr>\n<td width=\"299\">Capacidad de volumen<\/td>\n<td width=\"335\">200 L<\/td>\n<\/tr>\n<tr>\n<td width=\"299\">Seguridad<\/td>\n<td width=\"335\">Cerradura de teclas<\/td>\n<\/tr>\n<tr>\n<td width=\"299\">Sistema de control<\/td>\n<td width=\"335\">Pantalla LCD<\/td>\n<\/tr>\n<tr>\n<td width=\"299\">Construcci\u00f3n<\/td>\n<td width=\"335\">Vidrio, Acero<\/td>\n<\/tr>\n<tr>\n<td width=\"299\">Dimensiones exteriores<\/td>\n<td width=\"335\">125 x 45 x 42 cm<\/td>\n<\/tr>\n<tr>\n<td width=\"299\">Peso<\/td>\n<td width=\"335\">36,5 kg<\/td>\n<\/tr>\n<\/tbody>\n<\/table>\n","protected":false},"excerpt":{"rendered":"<p>SIRUI HC-200 Controlador de humedad Cabina 200L Contenido del paquete: 1 x HC-200 &#8211; Controlador de humedad Cabina 200L 1<\/p>\n","protected":false},"featured_media":47405,"comment_status":"closed","ping_status":"closed","template":"","meta":{"_acf_changed":false},"product_brand":[2597],"product_cat":[2857],"product_tag":[],"class_list":{"0":"post-73838","1":"product","2":"type-product","3":"status-publish","4":"has-post-thumbnail","6":"product_brand-sirui-es","7":"product_cat-cabinas","9":"first","10":"pre-order","11":"taxable","12":"shipping-taxable","13":"purchasable","14":"product-type-simple"},"bundled_by":[],"bundle_stock_status":"pre-order","bundle_stock_quantity":null,"bundle_virtual":false,"bundle_layout":"","bundle_add_to_cart_form_location":"","bundle_editable_in_cart":false,"bundle_sold_individually_context":"","bundle_item_grouping":"","bundle_min_size":"","bundle_max_size":"","bundle_price":[],"bundled_items":[],"bundle_sell_ids":[],"acf":[],"_links":{"self":[{"href":"https:\/\/hi-techwonder.com\/es\/wp-json\/wp\/v2\/product\/73838","targetHints":{"allow":["GET"]}}],"collection":[{"href":"https:\/\/hi-techwonder.com\/es\/wp-json\/wp\/v2\/product"}],"about":[{"href":"https:\/\/hi-techwonder.com\/es\/wp-json\/wp\/v2\/types\/product"}],"replies":[{"embeddable":true,"href":"https:\/\/hi-techwonder.com\/es\/wp-json\/wp\/v2\/comments?post=73838"}],"wp:featuredmedia":[{"embeddable":true,"href":"https:\/\/hi-techwonder.com\/es\/wp-json\/wp\/v2\/media\/47405"}],"wp:attachment":[{"href":"https:\/\/hi-techwonder.com\/es\/wp-json\/wp\/v2\/media?parent=73838"}],"wp:term":[{"taxonomy":"product_brand","embeddable":true,"href":"https:\/\/hi-techwonder.com\/es\/wp-json\/wp\/v2\/product_brand?post=73838"},{"taxonomy":"product_cat","embeddable":true,"href":"https:\/\/hi-techwonder.com\/es\/wp-json\/wp\/v2\/product_cat?post=73838"},{"taxonomy":"product_tag","embeddable":true,"href":"https:\/\/hi-techwonder.com\/es\/wp-json\/wp\/v2\/product_tag?post=73838"}],"curies":[{"name":"wp","href":"https:\/\/api.w.org\/{rel}","templated":true}]}}