{"id":73846,"date":"2025-07-29T10:22:36","date_gmt":"2025-07-29T10:22:36","guid":{"rendered":"https:\/\/fv6qoy3ls0.wpdns.site\/product\/cabeza-de-varilla-sirui-k-40x\/"},"modified":"2026-03-28T22:59:54","modified_gmt":"2026-03-28T22:59:54","slug":"sirui-cabeza-de-varilla-sirui-k-40x","status":"publish","type":"product","link":"https:\/\/hi-techwonder.com\/es\/producto\/sirui-cabeza-de-varilla-sirui-k-40x\/","title":{"rendered":"Cabeza de varilla SIRUI K-40X"},"content":{"rendered":"<p><strong>Cabeza de varilla SIRUI K-40X<\/strong><\/p>\n<p><strong>Funciones:<\/strong><\/p>\n<ul>\n<li>Capacidad de carga: 35 kg<\/li>\n<li>Peso: 800 g<\/li>\n<li>Compatible con el sistema Arca-Swiss<\/li>\n<\/ul>\n<p><strong>Contenido del paquete:<\/strong><\/p>\n<ul>\n<li>Cabeza de varilla K-40X<\/li>\n<li>Zapata TY-70X<\/li>\n<li>Bolsa de almacenamiento<\/li>\n<\/ul>\n<p><iframe loading=\"lazy\" src=\"https:\/\/www.youtube.com\/embed\/11KOyiEilRc\" width=\"560\" height=\"314\" allowfullscreen=\"allowfullscreen\"><\/iframe><\/p>\n<p>Las r\u00f3tulas de la serie SIRUI KX est\u00e1n dise\u00f1adas y construidas con los m\u00e1s altos est\u00e1ndares. La tolerancia entre la bola y el rodamiento en las cabezas SIRUI es m\u00e1xima. 0,01 mil\u00edmetros. La calidad superior se logra mediante CNC de alta calidad y acabado superficial de alta calidad. La base se puede girar suavemente 360\u00b0, por lo que las tomas panor\u00e1micas son muy sencillas. El K-40X funciona con precisi\u00f3n y suavidad. Con una capacidad de carga de hasta 35 kg, tienes un agarre firme en tu c\u00e1mara. Con los tres niveles de burbuja, la cabeza se puede alinear perfectamente.   &nbsp;  El dispositivo es compatible con el sistema Arca-Swiss, lo que permite el uso de varias placas de liberaci\u00f3n r\u00e1pida.&nbsp;  El sistema de bloqueo de seguridad evita el deslizamiento accidental de la placa de liberaci\u00f3n r\u00e1pida.&nbsp;  El control preciso de los botones permite un bloqueo y desbloqueo muy suave y eficaz de los componentes individuales. La perilla para la fricci\u00f3n de la bola se puede limitar en la serie KX incluida es una escala l\u00edmite para una f\u00e1cil referencia. <\/p>\n<p><strong>Caracter\u00edsticas t\u00e9cnicas:<\/strong><\/p>\n<p><strong>General<\/strong><\/p>\n<table border=\"0\" width=\"100%\" cellspacing=\"0\" cellpadding=\"2\">\n<colgroup>\n<col width=\"121*\">\n<col width=\"135*\"><\/colgroup>\n<tbody>\n<tr>\n<td width=\"47%\">Tipo de<\/td>\n<p> cabeza<\/p>\n<td width=\"53%\">Cabeza de bola<\/td>\n<\/tr>\n<tr>\n<td width=\"47%\">Montaje en<\/td>\n<p> base<\/p>\n<td width=\"53%\">Rosca de 3\/8&#8243;<\/td>\n<\/tr>\n<tr>\nTornillo <\/p>\n<td width=\"47%\">de montaje de la c\u00e1mara<\/td>\n<td width=\"53%\">1\/4&#8243;- Macho<\/td>\n<\/tr>\n<tr>\nTipo <\/p>\n<td width=\"47%\">de placa de liberaci\u00f3n r\u00e1pida<\/td>\n<td width=\"53%\">Tipo Arca<\/td>\n<\/tr>\n<tr>\n<td width=\"47%\">Capacidad<\/td>\n<p> de carga<\/p>\n<td width=\"53%\">35 kg<\/td>\n<\/tr>\n<tr>\n<td width=\"47%\">N\u00famero de niveles<\/td>\n<p> de burbuja<\/p>\n<td width=\"53%\">n\u00famero ar\u00e1bigo<\/td>\n<\/tr>\n<tr>\n<td width=\"47%\">Control de<\/td>\n<p> fricci\u00f3n<\/p>\n<td width=\"53%\">S\u00ed<\/td>\n<\/tr>\n<tr>\nBloqueo <\/p>\n<td width=\"47%\">de bandeja independiente<\/td>\n<td width=\"53%\">S\u00ed<\/td>\n<\/tr>\n<\/tbody>\n<\/table>\n<p><strong>Rango de giro e inclinaci\u00f3n<\/strong><\/p>\n<table border=\"0\" width=\"642\" cellspacing=\"0\" cellpadding=\"2\">\n<colgroup>\n<col width=\"299\">\n<col width=\"335\"><\/colgroup>\n<tbody>\n<tr>\n<td width=\"299\">Rango<\/td>\n<p> de panor\u00e1mica<\/p>\n<td width=\"335\">360\u00b0<\/td>\n<\/tr>\n<\/tbody>\n<\/table>\n<p><strong>F\u00edsico<\/strong><\/p>\n<table border=\"0\" width=\"100%\" cellspacing=\"0\" cellpadding=\"2\">\n<colgroup>\n<col width=\"120*\">\n<col width=\"136*\"><\/colgroup>\n<tbody>\n<tr>\nDi\u00e1metro <\/p>\n<td width=\"47%\">de la esfera esf\u00e9rica<\/td>\n<td width=\"53%\">55 mil\u00edmetros<\/td>\n<\/tr>\n<tr>\n<td width=\"47%\">Dimensiones<\/td>\n<td width=\"53%\">Alto: 125,0 mm<\/td>\n<\/tr>\n<tr>\n<td width=\"47%\">Peso<\/td>\n<td width=\"53%\">0,8 kg<\/td>\n<\/tr>\n<\/tbody>\n<\/table>\n","protected":false},"excerpt":{"rendered":"<p>Cabeza de varilla SIRUI K-40X Funciones: Capacidad de carga: 35 kg Peso: 800 g Compatible con el sistema Arca-Swiss Contenido<\/p>\n","protected":false},"featured_media":62398,"comment_status":"closed","ping_status":"open","template":"","meta":{"_acf_changed":false},"product_brand":[2597],"product_cat":[1075],"product_tag":[],"class_list":{"0":"post-73846","1":"product","2":"type-product","3":"status-publish","4":"has-post-thumbnail","6":"product_brand-sirui-es","7":"product_cat-bola","9":"first","10":"instock","11":"taxable","12":"shipping-taxable","13":"purchasable","14":"product-type-simple"},"bundled_by":[],"bundle_stock_status":"instock","bundle_stock_quantity":1,"bundle_virtual":false,"bundle_layout":"","bundle_add_to_cart_form_location":"","bundle_editable_in_cart":false,"bundle_sold_individually_context":"","bundle_item_grouping":"","bundle_min_size":"","bundle_max_size":"","bundle_price":[],"bundled_items":[],"bundle_sell_ids":[],"acf":[],"_links":{"self":[{"href":"https:\/\/hi-techwonder.com\/es\/wp-json\/wp\/v2\/product\/73846","targetHints":{"allow":["GET"]}}],"collection":[{"href":"https:\/\/hi-techwonder.com\/es\/wp-json\/wp\/v2\/product"}],"about":[{"href":"https:\/\/hi-techwonder.com\/es\/wp-json\/wp\/v2\/types\/product"}],"replies":[{"embeddable":true,"href":"https:\/\/hi-techwonder.com\/es\/wp-json\/wp\/v2\/comments?post=73846"}],"wp:featuredmedia":[{"embeddable":true,"href":"https:\/\/hi-techwonder.com\/es\/wp-json\/wp\/v2\/media\/62398"}],"wp:attachment":[{"href":"https:\/\/hi-techwonder.com\/es\/wp-json\/wp\/v2\/media?parent=73846"}],"wp:term":[{"taxonomy":"product_brand","embeddable":true,"href":"https:\/\/hi-techwonder.com\/es\/wp-json\/wp\/v2\/product_brand?post=73846"},{"taxonomy":"product_cat","embeddable":true,"href":"https:\/\/hi-techwonder.com\/es\/wp-json\/wp\/v2\/product_cat?post=73846"},{"taxonomy":"product_tag","embeddable":true,"href":"https:\/\/hi-techwonder.com\/es\/wp-json\/wp\/v2\/product_tag?post=73846"}],"curies":[{"name":"wp","href":"https:\/\/api.w.org\/{rel}","templated":true}]}}