{"id":73847,"date":"2025-07-29T09:18:57","date_gmt":"2025-07-29T09:18:57","guid":{"rendered":"https:\/\/fv6qoy3ls0.wpdns.site\/product\/sirui-hs-110x-controlador-de-humedad-caja-fuerte-110l\/"},"modified":"2025-09-29T15:30:37","modified_gmt":"2025-09-29T15:30:37","slug":"sirui-hs-110x-controlador-de-humedad-caja-fuerte-110l","status":"publish","type":"product","link":"https:\/\/hi-techwonder.com\/es\/producto\/sirui-hs-110x-controlador-de-humedad-caja-fuerte-110l\/","title":{"rendered":"SIRUI HS-110X Controlador de humedad Caja fuerte 110L"},"content":{"rendered":"<p><strong>SIRUI HS-110X Controlador de humedad Caja fuerte 110L<\/strong><\/p>\n<p>El sistema de control electr\u00f3nico de humedad autom\u00e1tico construido con precisi\u00f3n est\u00e1 dise\u00f1ado para aplicaciones de almacenamiento a largo plazo.<\/p>\n<p>El sistema de deshumidificaci\u00f3n de alto rendimiento dise\u00f1ado por SIRUI controla los niveles de humedad, es altamente eficiente, ahorra energ\u00eda y no contamina.<\/p>\n<p>La colocaci\u00f3n interna del equipo lo protege de da\u00f1os.<\/p>\n<p>La cabina de control de humedad electr\u00f3nica inteligente SIRUI se puede controlar de forma remota a trav\u00e9s de la aplicaci\u00f3n SIRUI o la cuenta oficial SIRUI en Wechat.<\/p>\n<p>Construido en acero laminado en fr\u00edo de alta resistencia de 6 mm. Soldado con precisi\u00f3n para integridad estructural y larga vida \u00fatil. <\/p>\n<p>El n\u00famero de certificaci\u00f3n de producto obligatorio de China (certificaci\u00f3n 3C) es 2014031904000284.<\/p>\n<p>Mantiene la humedad relativa hasta 24 horas despu\u00e9s de apagar la alimentaci\u00f3n.<\/p>\n<p>El esc\u00e1ner de huellas dactilares garantiza la m\u00e1xima seguridad. Almacena hasta 100 huellas dactilares. <\/p>\n<p>El teclado electr\u00f3nico de contrase\u00f1a: no requiere la necesidad de una llave tradicional. La contrase\u00f1a puede tener hasta 12 d\u00edgitos. <\/p>\n<p>Memoria de contrase\u00f1a: no requiere un reinicio si hay un corte de energ\u00eda.<\/p>\n<p>La pantalla y el tono de confirmaci\u00f3n solicitan ingresar la contrase\u00f1a.<\/p>\n<p>Notificaci\u00f3n avanzada de bajo voltaje.<\/p>\n<p>Se\u00f1al de advertencia de alarma fuerte (&gt; 90dB).<\/p>\n<p><strong>Caracter\u00edsticas t\u00e9cnicas:<\/strong><\/p>\n<table style=\"height: 200px;\" border=\"0\" width=\"485\" cellspacing=\"0\" cellpadding=\"2\">\n<colgroup>\n<col width=\"180\">\n<col width=\"297\"><\/colgroup>\n<tbody>\n<tr style=\"height: 20px;\">\n<td style=\"height: 20px;\" width=\"180\"><span style=\"color: #666666;\">Marca:<\/span><\/td>\n<td style=\"height: 20px;\" width=\"297\"><span style=\"color: #666666;\">SIRUI<\/span><\/td>\n<\/tr>\n<tr style=\"height: 20px;\">\n<td style=\"height: 20px;\" width=\"180\"><span style=\"color: #666666;\">Modelo:<\/span><\/td>\n<td style=\"height: 20px;\" width=\"297\"><span style=\"color: #666666;\">HS-110X<\/span><\/td>\n<\/tr>\n<tr style=\"height: 20px;\">\n<td style=\"height: 20px;\" width=\"180\"><span style=\"color: #666666;\">Versi\u00f3n:<\/span><\/td>\n<td style=\"height: 20px;\" width=\"297\"><span style=\"color: #666666;\">Cofre<\/span><\/td>\n<\/tr>\n<tr style=\"height: 20px;\">\n<td style=\"height: 20px;\" width=\"180\"><span style=\"color: #666666;\">Construcci\u00f3n:<\/span><\/td>\n<td style=\"height: 20px;\" width=\"297\"><span style=\"color: #666666;\">Puerta de acero (6 mm de grosor) y metal<\/span><\/td>\n<\/tr>\n<tr style=\"height: 20px;\">\n<td style=\"height: 20px;\" width=\"180\"><span style=\"color: #666666;\">Se\u00f1al de advertencia de alarma<\/span><\/td>\n<td style=\"height: 20px;\" width=\"297\"><span style=\"color: #666666;\">&gt;90 dB<\/span><\/td>\n<\/tr>\n<tr style=\"height: 20px;\">\n<td style=\"height: 20px;\" width=\"180\"><span style=\"color: #666666;\">Capacidad<\/span><\/td>\n<td style=\"height: 20px;\" width=\"297\"><span style=\"color: #666666;\">110 L<\/span><\/td>\n<\/tr>\n<tr style=\"height: 20px;\">\n<td style=\"height: 20px;\" width=\"180\"><span style=\"color: #666666;\">Altura<\/span><\/td>\n<td style=\"height: 20px;\" width=\"297\"><span style=\"color: #666666;\">85,6 cm<\/span><\/td>\n<\/tr>\n<tr style=\"height: 20px;\">\n<td style=\"height: 20px;\" width=\"180\"><span style=\"color: #666666;\">Ancho<\/span><\/td>\n<td style=\"height: 20px;\" width=\"297\"><span style=\"color: #666666;\">45 cm<\/span><\/td>\n<\/tr>\n<tr style=\"height: 20px;\">\n<td style=\"height: 20px;\" width=\"180\"><span style=\"color: #666666;\">Profundidad:<\/span><\/td>\n<td style=\"height: 20px;\" width=\"297\"><span style=\"color: #666666;\">38 cm<\/span><\/td>\n<\/tr>\n<tr style=\"height: 20px;\">\n<td style=\"height: 20px;\" width=\"180\"><span style=\"color: #666666;\">Peso:<\/span><\/td>\n<td style=\"height: 20px;\" width=\"297\"><span style=\"color: #666666;\">70 kg<br \/><\/span><\/td>\n<\/tr>\n<\/tbody>\n<\/table>\n","protected":false},"excerpt":{"rendered":"<p>SIRUI HS-110X Controlador de humedad Caja fuerte 110L El sistema de control electr\u00f3nico de humedad autom\u00e1tico construido con precisi\u00f3n est\u00e1<\/p>\n","protected":false},"featured_media":47431,"comment_status":"closed","ping_status":"closed","template":"","meta":{"_acf_changed":false},"product_brand":[2597],"product_cat":[2861],"product_tag":[],"class_list":{"0":"post-73847","1":"product","2":"type-product","3":"status-publish","4":"has-post-thumbnail","6":"product_brand-sirui-es","7":"product_cat-cajas-fuertes","9":"first","10":"onbackorder","11":"taxable","12":"shipping-taxable","13":"purchasable","14":"product-type-simple"},"bundled_by":[],"bundle_stock_status":"onbackorder","bundle_stock_quantity":null,"bundle_virtual":false,"bundle_layout":"","bundle_add_to_cart_form_location":"","bundle_editable_in_cart":false,"bundle_sold_individually_context":"","bundle_item_grouping":"","bundle_min_size":"","bundle_max_size":"","bundle_price":[],"bundled_items":[],"bundle_sell_ids":[],"acf":[],"_links":{"self":[{"href":"https:\/\/hi-techwonder.com\/es\/wp-json\/wp\/v2\/product\/73847","targetHints":{"allow":["GET"]}}],"collection":[{"href":"https:\/\/hi-techwonder.com\/es\/wp-json\/wp\/v2\/product"}],"about":[{"href":"https:\/\/hi-techwonder.com\/es\/wp-json\/wp\/v2\/types\/product"}],"replies":[{"embeddable":true,"href":"https:\/\/hi-techwonder.com\/es\/wp-json\/wp\/v2\/comments?post=73847"}],"wp:featuredmedia":[{"embeddable":true,"href":"https:\/\/hi-techwonder.com\/es\/wp-json\/wp\/v2\/media\/47431"}],"wp:attachment":[{"href":"https:\/\/hi-techwonder.com\/es\/wp-json\/wp\/v2\/media?parent=73847"}],"wp:term":[{"taxonomy":"product_brand","embeddable":true,"href":"https:\/\/hi-techwonder.com\/es\/wp-json\/wp\/v2\/product_brand?post=73847"},{"taxonomy":"product_cat","embeddable":true,"href":"https:\/\/hi-techwonder.com\/es\/wp-json\/wp\/v2\/product_cat?post=73847"},{"taxonomy":"product_tag","embeddable":true,"href":"https:\/\/hi-techwonder.com\/es\/wp-json\/wp\/v2\/product_tag?post=73847"}],"curies":[{"name":"wp","href":"https:\/\/api.w.org\/{rel}","templated":true}]}}