{"id":73850,"date":"2025-07-29T09:45:27","date_gmt":"2025-07-29T09:45:27","guid":{"rendered":"https:\/\/fv6qoy3ls0.wpdns.site\/product\/kit-sirui-venus-t2-9-1-6x-3575150adapt-montura-l\/"},"modified":"2026-01-31T02:04:28","modified_gmt":"2026-01-31T02:04:28","slug":"sirui-kit-sirui-venus-t2-9-1-6x-3575150adapt-montura-l","status":"publish","type":"product","link":"https:\/\/hi-techwonder.com\/es\/producto\/sirui-kit-sirui-venus-t2-9-1-6x-3575150adapt-montura-l\/","title":{"rendered":"Kit SIRUI Venus T2.9 1.6x 35+75+150+Adapt. &#8211; Montura L"},"content":{"rendered":"<h4>Kit SIRUI Venus T2.9 1.6x 35mm+75mm+150mm+Adaptador 1.25x &#8211; Montura L<\/h4>\n<ul>\n<li>Lentes de fotograma completo T2.9 de 35, 75 y 150 mm<\/li>\n<li>Adaptador anam\u00f3rfico de 1,25x<\/li>\n<li>Compresi\u00f3n 2x con lentes de 1.6x + adaptador<\/li>\n<li>Relaci\u00f3n anam\u00f3rfica de 1,6x<\/li>\n<li>Incluye estuche r\u00edgido<\/li>\n<\/ul>\n<p>Obtenga una impresionante gama de looks anam\u00f3rficos anchos, medios y ajustados para su c\u00e1mara con montura L utilizando este kit de 3 lentes anam\u00f3rficos de fotograma completo Venus T2.9 1.6x de Sirui. El kit incluye 1,6x primes de 35, 75 y 150 mm que se pueden adaptar a una relaci\u00f3n anam\u00f3rfica de 2x utilizando el adaptador de 1,25x incluido. Este kit tambi\u00e9n incluye un estuche r\u00edgido.  &nbsp;<\/p>\n<h4>El kit incluye:<\/h4>\n<ul>\n<li><a href=\"https:\/\/hi-techwonder.com\/sirui-35mm-t2_9-full-frame-anamorfica-1_6x-l-mount\">SIRUI 35mm T2.9 Fotograma completo anam\u00f3rfico 1.6x Montura L<\/a><\/li>\n<li><a href=\"https:\/\/hi-techwonder.com\/sirui-75mm-t2_9-full-frame-anamorfica-1_6x---l-mount\">SIRUI 75mm T2.9 Fotograma completo anam\u00f3rfico 1.6x &#8211; Montura L<\/a><\/li>\n<li><a href=\"https:\/\/hi-techwonder.com\/sirui-150mm-t2_9-full-frame-anamorfica-1_6x---l-mount\">SIRUI 150mm T2.9 Full-frame Anam\u00f3rfico 1.6x &#8211; Montura L<\/a><\/li>\n<li><a href=\"https:\/\/hi-techwonder.com\/sirui-adaptador-anamorfico-1_25x\">Adaptador anam\u00f3rfico SIRUI 1.25x<\/a><\/li>\n<li>Estuche r\u00edgido<\/li>\n<\/ul>\n<p><img loading=\"lazy\" decoding=\"async\" src=\"https:\/\/store.sirui.com\/cdn\/shop\/products\/1680_1000.jpg?v=1691563359&amp;width=1214\" alt=\"\" width=\"600\" height=\"357\"><\/p>\n","protected":false},"excerpt":{"rendered":"<p>Kit SIRUI Venus T2.9 1.6x 35mm+75mm+150mm+Adaptador 1.25x &#8211; Montura L Lentes de fotograma completo T2.9 de 35, 75 y 150<\/p>\n","protected":false},"featured_media":53634,"comment_status":"closed","ping_status":"closed","template":"","meta":{"_acf_changed":false},"product_brand":[2597],"product_cat":[1042],"product_tag":[],"class_list":{"0":"post-73850","1":"product","2":"type-product","3":"status-publish","4":"has-post-thumbnail","6":"product_brand-sirui-es","7":"product_cat-cine","8":"pa_abertura-maxima-t2-9-es","10":"first","11":"onbackorder","12":"taxable","13":"shipping-taxable","14":"purchasable","15":"product-type-simple"},"bundled_by":[],"bundle_stock_status":"onbackorder","bundle_stock_quantity":null,"bundle_virtual":false,"bundle_layout":"","bundle_add_to_cart_form_location":"","bundle_editable_in_cart":false,"bundle_sold_individually_context":"","bundle_item_grouping":"","bundle_min_size":"","bundle_max_size":"","bundle_price":[],"bundled_items":[],"bundle_sell_ids":[],"acf":[],"_links":{"self":[{"href":"https:\/\/hi-techwonder.com\/es\/wp-json\/wp\/v2\/product\/73850","targetHints":{"allow":["GET"]}}],"collection":[{"href":"https:\/\/hi-techwonder.com\/es\/wp-json\/wp\/v2\/product"}],"about":[{"href":"https:\/\/hi-techwonder.com\/es\/wp-json\/wp\/v2\/types\/product"}],"replies":[{"embeddable":true,"href":"https:\/\/hi-techwonder.com\/es\/wp-json\/wp\/v2\/comments?post=73850"}],"wp:featuredmedia":[{"embeddable":true,"href":"https:\/\/hi-techwonder.com\/es\/wp-json\/wp\/v2\/media\/53634"}],"wp:attachment":[{"href":"https:\/\/hi-techwonder.com\/es\/wp-json\/wp\/v2\/media?parent=73850"}],"wp:term":[{"taxonomy":"product_brand","embeddable":true,"href":"https:\/\/hi-techwonder.com\/es\/wp-json\/wp\/v2\/product_brand?post=73850"},{"taxonomy":"product_cat","embeddable":true,"href":"https:\/\/hi-techwonder.com\/es\/wp-json\/wp\/v2\/product_cat?post=73850"},{"taxonomy":"product_tag","embeddable":true,"href":"https:\/\/hi-techwonder.com\/es\/wp-json\/wp\/v2\/product_tag?post=73850"}],"curies":[{"name":"wp","href":"https:\/\/api.w.org\/{rel}","templated":true}]}}